{"id":1497,"date":"2024-02-13T01:18:36","date_gmt":"2024-02-13T00:18:36","guid":{"rendered":"https:\/\/cottbus-crayfish.de\/shop\/impressum\/"},"modified":"2024-03-17T10:12:16","modified_gmt":"2024-03-17T09:12:16","slug":"impressum","status":"publish","type":"page","link":"https:\/\/cottbus-crayfish.de\/shop\/rechtshinweise\/impressum\/","title":{"rendered":"Impressum"},"content":{"rendered":"<div class=\"wpb-content-wrapper\"><p>[vc_row full_width=&#8220;stretch_row&#8220; content_placement=&#8220;top&#8220; css=&#8220;.vc_custom_1708013219758{padding-bottom: 25px !important;}&#8220;][vc_column width=&#8220;2\/3&#8243;][vc_column_text]<\/p>\n<h5><span style=\"color: #ad0000;\">Angaben gem\u00e4\u00df \u00a7 5 TMG:<\/span><\/h5>\n<p>1. American Sports Club Cottbus \u201eCottbus Crayfish\u201c e.V.<br \/>\nElisabeth-Wolf-Str. 5<br \/>\n03042 Cottbus<\/p>\n<h5><span style=\"color: #ad0000;\">Vertreten durch:<\/span><\/h5>\n<p>1. Vorsitzender: J\u00f6rg Steudtner<br \/>\n2. Vorsitzender: Marcel Engelmann<\/p>\n<h5><span style=\"color: #ad0000;\">Kontakt:<\/span><\/h5>\n<table>\n<tbody>\n<tr>\n<td style=\"background-color: #f0f0f0;\">Telefon:<\/td>\n<td style=\"background-color: #f0f0f0;\">+49 (0)176 &#8211; 432 559 23 (WhatsApp\/SMS\/Call)<\/td>\n<\/tr>\n<tr>\n<td>Email:<\/td>\n<td><a href=\"mailto:anfragen@cottbus-crayfish.de\"><span style=\"color: #ad0000;\">shop@cottbus-crayfish.de<\/span><\/a><\/td>\n<\/tr>\n<tr>\n<td style=\"background-color: #f0f0f0;\" colspan=\"2\">Weitere Kontaktm\u00f6glichkeiten findest du unter\u00a0<span style=\"color: #ad0000;\"><a href=\"https:\/\/cottbus-crayfish.de\/verein\/kontakt\/\" target=\"_blank\" rel=\"noopener\">Kontakt<\/a>.<\/span><\/td>\n<\/tr>\n<\/tbody>\n<\/table>\n<p>[\/vc_column_text][\/vc_column][vc_column width=&#8220;1\/3&#8243;][vc_single_image image=&#8220;1348&#8243; img_size=&#8220;medium&#8220; alignment=&#8220;right&#8220; css_animation=&#8220;right-to-left&#8220;][\/vc_column][\/vc_row][vc_row full_width=&#8220;stretch_row_content_no_spaces&#8220; css=&#8220;.vc_custom_1479677456715{margin-bottom: 40px !important;}&#8220;][vc_column css=&#8220;.vc_custom_1479677356051{padding-top: 0px !important;}&#8220;][vc_gmaps link=&#8220;#E-8_JTNDaWZyYW1lJTIwc3JjJTNEJTIyaHR0cHMlM0ElMkYlMkZ3d3cuZ29vZ2xlLmNvbSUyRm1hcHMlMkZlbWJlZCUzRnBiJTNEJTIxMW0xOCUyMTFtMTIlMjExbTMlMjExZDI0NjkuMjUyMTk0MDg3OTIxJTIxMmQxNC4zNDkxNzYwNzY4NTk2MTIlMjEzZDUxLjc2NDk5NjU5MTg1MjE2JTIxMm0zJTIxMWYwJTIxMmYwJTIxM2YwJTIxM20yJTIxMWkxMDI0JTIxMmk3NjglMjE0ZjEzLjElMjEzbTMlMjExbTIlMjExczB4NDcwODc0MzhkYTYwNGQ5NyUyNTNBMHgzMzFiODgwZDA3OTY2MDRiJTIxMnNFbGlzYWJldGgtV29sZi1TdHJhJTI1QzMlMjU5RmUlMjUyMDUlMjUyQyUyNTIwMDMwNDIlMjUyMENvdHRidXMlMjE1ZTAlMjEzbTIlMjExc2RlJTIxMnNkZSUyMTR2MTcwODAxMTM0MjI1OSUyMTVtMiUyMTFzZGUlMjEyc2RlJTIyJTIwd2lkdGglM0QlMjI2MDAlMjIlMjBoZWlnaHQlM0QlMjI0NTAlMjIlMjBzdHlsZSUzRCUyMmJvcmRlciUzQTAlM0IlMjIlMjBhbGxvd2Z1bGxzY3JlZW4lM0QlMjIlMjIlMjBsb2FkaW5nJTNEJTIybGF6eSUyMiUyMHJlZmVycmVycG9saWN5JTNEJTIybm8tcmVmZXJyZXItd2hlbi1kb3duZ3JhZGUlMjIlM0UlM0MlMkZpZnJhbWUlM0U=&#8220; size=&#8220;600&#8243;][\/vc_column][\/vc_row][vc_row equal_height=&#8220;yes&#8220; content_placement=&#8220;top&#8220; css=&#8220;.vc_custom_1708012889753{padding-bottom: 25px !important;}&#8220;][vc_column width=&#8220;1\/3&#8243;][vc_column_text]<\/p>\n<h5><span style=\"color: #ad0000;\">Registereintrag:<\/span><\/h5>\n<p>Eintragung im Vereinsregister.<br \/>\nRegistergericht: Amtsgericht Cottbus<br \/>\nRegisternummer: VR 5791 CB<\/p>\n<p>Quelle: <em><a href=\"https:\/\/www.e-recht24.de\/artikel\/datenschutz\/209.html\">https:\/\/www.e-recht24.de<\/a><\/em>[\/vc_column_text][\/vc_column][vc_column width=&#8220;1\/3&#8243;][vc_column_text]<\/p>\n<h5><span style=\"color: #ad0000;\">Aufsichtsbeh\u00f6rde:<\/span><\/h5>\n<p>Amtsgericht Cottbus[\/vc_column_text][\/vc_column][vc_column width=&#8220;1\/3&#8243;][vc_column_text]<\/p>\n<h5><span style=\"color: #ad0000;\">Verantwortlich f\u00fcr den Inhalt nach \u00a7 55 Abs. 2 RStV:<\/span><\/h5>\n<p>1. ASC Cottbus &#8222;Cottbus Crayfish&#8220;<br \/>\nRobert Burwitz (News)<br \/>\nBj\u00f6rn W\u00f6hrle (News)<br \/>\nElisabeth-Wolf-Str. 5<br \/>\n03042 Cottbus[\/vc_column_text][\/vc_column][\/vc_row][vc_row][vc_column css=&#8220;.vc_custom_1708012850370{padding-bottom: 25px !important;background-color: #ad0000 !important;}&#8220;][vc_column_text]<\/p>\n<h4><span style=\"color: #ffffff;\">Disclaimer<\/span><\/h4>\n<p>[\/vc_column_text][\/vc_column][\/vc_row][vc_row][vc_column][vc_column_text][\/vc_column_text][vc_column_text]<\/p>\n<h5><span style=\"color: #ad0000;\"><strong>Haftung f\u00fcr Inhalte<\/strong><\/span><\/h5>\n<p>Als Diensteanbieter sind wir gem\u00e4\u00df \u00a7 7 Abs.1 TMG f\u00fcr eigene Inhalte auf diesen Seiten nach den allgemeinen Gesetzen verantwortlich. Nach \u00a7\u00a7 8 bis 10 TMG sind wir als Diensteanbieter jedoch nicht verpflichtet, \u00fcbermittelte oder gespeicherte fremde Informationen zu \u00fcberwachen oder nach Umst\u00e4nden zu forschen, die auf eine rechtswidrige T\u00e4tigkeit hinweisen.<\/p>\n<p>Verpflichtungen zur Entfernung oder Sperrung der Nutzung von Informationen nach den allgemeinen Gesetzen bleiben hiervon unber\u00fchrt. Eine diesbez\u00fcgliche Haftung ist jedoch erst ab dem Zeitpunkt der Kenntnis einer konkreten Rechtsverletzung m\u00f6glich. Bei Bekanntwerden von entsprechenden Rechtsverletzungen werden wir diese Inhalte umgehend entfernen.<\/p>\n<h5><span style=\"color: #ad0000;\"><strong>Haftung f\u00fcr Links<\/strong><\/span><\/h5>\n<p>Unser Angebot enth\u00e4lt Links zu externen Webseiten Dritter, auf deren Inhalte wir keinen Einfluss haben. Deshalb k\u00f6nnen wir f\u00fcr diese fremden Inhalte auch keine Gew\u00e4hr \u00fcbernehmen. F\u00fcr die Inhalte der verlinkten Seiten ist stets der jeweilige Anbieter oder Betreiber der Seiten verantwortlich. Die verlinkten Seiten wurden zum Zeitpunkt der Verlinkung auf m\u00f6gliche Rechtsverst\u00f6\u00dfe \u00fcberpr\u00fcft. Rechtswidrige Inhalte waren zum Zeitpunkt der Verlinkung nicht erkennbar.<\/p>\n<p>Eine permanente inhaltliche Kontrolle der verlinkten Seiten ist jedoch ohne konkrete Anhaltspunkte einer Rechtsverletzung nicht zumutbar. Bei Bekanntwerden von Rechtsverletzungen werden wir derartige Links umgehend entfernen.<\/p>\n<h5><span style=\"color: #ad0000;\"><strong>Urheberrecht<\/strong><\/span><\/h5>\n<p>Die durch die Seitenbetreiber erstellten Inhalte und Werke auf diesen Seiten unterliegen dem deutschen Urheberrecht. Die Vervielf\u00e4ltigung, Bearbeitung, Verbreitung und jede Art der Verwertung au\u00dferhalb der Grenzen des Urheberrechtes bed\u00fcrfen der schriftlichen Zustimmung des jeweiligen Autors bzw. Erstellers. Downloads und Kopien dieser Seite sind nur f\u00fcr den privaten, nicht kommerziellen Gebrauch gestattet.<\/p>\n<p>Soweit die Inhalte auf dieser Seite nicht vom Betreiber erstellt wurden, werden die Urheberrechte Dritter beachtet. Insbesondere werden Inhalte Dritter als solche gekennzeichnet. Sollten Sie trotzdem auf eine Urheberrechtsverletzung aufmerksam werden, bitten wir um einen entsprechenden Hinweis. Bei Bekanntwerden von Rechtsverletzungen werden wir derartige Inhalte umgehend entfernen.[\/vc_column_text][\/vc_column][\/vc_row][vc_row][vc_column][vc_column_text]<\/p>\n<div class=\"woocommerce woocommerce-gzd woocommerce-gzd-complaints-shortcode\">\n\t\t\t<h3>Alternative Streitbeilegung gem\u00e4\u00df Art. 14 Abs. 1 ODR-VO und \u00a7 36 VSBG:<\/h3>\n\t\nZur Teilnahme an einem Streitbeilegungsverfahren vor einer Verbraucherschlichtungsstelle sind wir nicht verpflichtet und nicht bereit.<\/div>[\/vc_column_text][\/vc_column][\/vc_row]<\/p>\n<\/div>","protected":false},"excerpt":{"rendered":"<p>[vc_row full_width=&#8220;stretch_row&#8220; content_placement=&#8220;top&#8220; css=&#8220;.vc_custom_1708013219758{padding-bottom: 25px !important;}&#8220;][vc_column width=&#8220;2\/3&#8243;][vc_column_text] Angaben gem\u00e4\u00df \u00a7 5 TMG: 1. American Sports Club Cottbus \u201eCottbus Crayfish\u201c e.V. Elisabeth-Wolf-Str. 5 03042 Cottbus Vertreten durch: 1. Vorsitzender: J\u00f6rg Steudtner 2. Vorsitzender: Marcel Engelmann Kontakt: Telefon: +49 (0)176 &#8211; 432 559 23 (WhatsApp\/SMS\/Call) Email: shop@cottbus-crayfish.de Weitere Kontaktm\u00f6glichkeiten findest du unter\u00a0Kontakt. [\/vc_column_text][\/vc_column][vc_column width=&#8220;1\/3&#8243;][vc_single_image image=&#8220;1348&#8243; img_size=&#8220;medium&#8220; alignment=&#8220;right&#8220; [&hellip;]<\/p>\n","protected":false},"author":1,"featured_media":0,"parent":2452,"menu_order":5,"comment_status":"closed","ping_status":"closed","template":"","meta":{"_acf_changed":false,"footnotes":""},"class_list":["post-1497","page","type-page","status-publish","hentry","no-thumb"],"acf":[],"jetpack-related-posts":[{"id":1976,"url":"https:\/\/cottbus-crayfish.de\/shop\/kontakt\/","url_meta":{"origin":1497,"position":0},"title":"Kontakt","author":"Bj\u00f6rn W\u00f6hrle","date":"8. September 2022","format":false,"excerpt":"[vc_row css=\".vc_custom_1708423295490{margin-bottom: 30px !important;}\"][vc_column css=\".vc_custom_1476444006828{margin-bottom: 10px !important;padding-top: 25px !important;}\"][vc_column_text css=\".vc_custom_1708420931807{margin-bottom: 32px !important;}\"] Sie m\u00f6chten mit uns Kontakt aufnehmen? Kein Problem. Hier finden Sie die Kontaktdaten f\u00fcr unseren Onlineshop oder Sie nutzen einfach das Formular rechts und wir werden Ihr Anliegen umgehend bearbeiten.[\/vc_column_text][vc_row_inner][vc_column_inner width=\"1\/2\"][vc_single_image image=\"2220\" img_size=\"full\" style=\"vc_box_rounded\"][vc_column_text] 1.ASC Cottbus \" Cottbus\u2026","rel":"","context":"\u00c4hnlicher Beitrag","block_context":{"text":"\u00c4hnlicher Beitrag","link":""},"img":{"alt_text":"","src":"","width":0,"height":0},"classes":[]},{"id":1499,"url":"https:\/\/cottbus-crayfish.de\/shop\/rechtshinweise\/agb\/","url_meta":{"origin":1497,"position":1},"title":"Allgemeine Gesch\u00e4ftsbedingungen","author":"Robert Burwitz","date":"13. Februar 2024","format":false,"excerpt":"[vc_row][vc_column][vc_column_text]Allgemeine Gesch\u00e4ftsbedingungen des Cottbus Crayfish Shop f\u00fcr Saisontickets und Fantrikots \u00a71 Geltung gegen\u00fcber Unternehmern und Begriffsdefinitionen (1) Die nachfolgenden Allgemeinen Gesch\u00e4ftbedingungen gelten f\u00fcr alle Lieferungen zwischen uns und einem Verbraucher in ihrer zum Zeitpunkt der Bestellung g\u00fcltigen Fassung. Verbraucher ist jede nat\u00fcrliche Person, die ein Rechtsgesch\u00e4ft zu Zwecken abschlie\u00dft, die\u2026","rel":"","context":"\u00c4hnlicher Beitrag","block_context":{"text":"\u00c4hnlicher Beitrag","link":""},"img":{"alt_text":"","src":"","width":0,"height":0},"classes":[]},{"id":2267,"url":"https:\/\/cottbus-crayfish.de\/shop\/rechtshinweise\/zahlungs-und-versandinformationen\/","url_meta":{"origin":1497,"position":2},"title":"Zahlungs- und Versandinformationen","author":"Bj\u00f6rn W\u00f6hrle","date":"21. Februar 2024","format":false,"excerpt":"[vc_row][vc_column][vc_column_text css=\"\"] Es gelten folgende Zahlungs- und Versandinformationen Liefergebiet: Lieferung erfolgt nur im Inland (Deutschland) Versandarten: Standardversand (DHL) Versandkosten: Standardversand (Deutschland) Briefversand: 1,99 \u20ac Gro\u00dfbrief: 2,09 \u20ac Versandtasche (bis 1kg & max 5cm H\u00f6he): 4,09 \u20ac P\u00e4ckchen S (bis 2 kg - 35x25x10cm) - 5,09 \u20ac P\u00e4ckchen M (bis 2\u2026","rel":"","context":"\u00c4hnlicher Beitrag","block_context":{"text":"\u00c4hnlicher Beitrag","link":""},"img":{"alt_text":"","src":"","width":0,"height":0},"classes":[]},{"id":729,"url":"https:\/\/cottbus-crayfish.de\/shop\/rechtshinweise\/datenschutzerklaerung\/","url_meta":{"origin":1497,"position":3},"title":"Datenschutzerkl\u00e4rung","author":"Robert Burwitz","date":"12. Juni 2018","format":false,"excerpt":"[vc_row][vc_column][vc_column_text]Mit dieser Datenschutzerkl\u00e4rung m\u00f6chten wir Sie \u00fcber Art, Umfang und Zweck der Verarbeitung von personenbezogenen Daten (im Folgenden auch nur als \"Daten\" bezeichnet) aufkl\u00e4ren. Personenbezogene Daten sind alle Daten, die einen pers\u00f6nlichen Bezug zu Ihnen aufweisen, z. B. Name, Adresse, E-Mail-Adresse oder Ihr Nutzerverhalten. Die Datenschutzerkl\u00e4rung gilt f\u00fcr alle von\u2026","rel":"","context":"\u00c4hnlicher Beitrag","block_context":{"text":"\u00c4hnlicher Beitrag","link":""},"img":{"alt_text":"","src":"","width":0,"height":0},"classes":[]},{"id":1851,"url":"https:\/\/cottbus-crayfish.de\/shop\/rechtshinweise\/widerrufsbelehrung\/","url_meta":{"origin":1497,"position":4},"title":"Widerrufsbelehrung","author":"Bj\u00f6rn W\u00f6hrle","date":"12. Juni 2018","format":false,"excerpt":"[vc_row][vc_column][vc_column_text]Widerrufsrecht Sie haben das Recht, binnen vierzehn Tagen ohne Angabe von Gr\u00fcnden diesen Vertrag zu widerrufen. Die Widerrufsfrist betr\u00e4gt vierzehn Tage, ab dem Tag, an dem Sie oder ein von Ihnen benannter Dritter, der nicht der Bef\u00f6rderer ist, die Waren in Besitz genommen haben bzw. hat. Um Ihr Widerrufsrecht auszu\u00fcben,\u2026","rel":"","context":"\u00c4hnlicher Beitrag","block_context":{"text":"\u00c4hnlicher Beitrag","link":""},"img":{"alt_text":"","src":"https:\/\/i0.wp.com\/cottbus-crayfish.de\/shop\/wp-content\/uploads\/sites\/4\/2024\/02\/Vorschau-Widerrufsformular-scaled.webp?resize=350%2C200&ssl=1","width":350,"height":200},"classes":[]},{"id":1220,"url":"https:\/\/cottbus-crayfish.de\/shop\/","url_meta":{"origin":1497,"position":5},"title":"Home","author":"Bj\u00f6rn W\u00f6hrle","date":"27. Dezember 2022","format":false,"excerpt":"[vc_row full_width=\"stretch_row_content_no_spaces\" bg_type=\"image\" css=\".vc_custom_1772876904067{background-image: url(https:\/\/cottbus-crayfish.de\/shop\/wp-content\/uploads\/sites\/4\/2024\/10\/Head-2025.png?id=3901) !important;background-position: 0 0 !important;background-repeat: no-repeat !important;}\"][vc_column parallax=\"content-moving\"][\/vc_column][\/vc_row][vc_row el_class=\"supro-no-margin\"][vc_column css=\".vc_custom_1730194960640{padding-top: 25px !important;padding-bottom: 25px !important;}\"][\/vc_column][\/vc_row][vc_row bg_type=\"bg_color\" bg_override=\"full\" bg_color_value=\"#AD0000\" row_title=\"Shop-Kategorien\" css=\".vc_custom_1772882347697{margin-bottom: 15px !important;}\"][vc_column][\/vc_column][\/vc_row][vc_row][vc_column][\/vc_column][\/vc_row][vc_row overlay=\"#FFFFFFCF\"][vc_column][vc_custom_heading text=\"LETZTE CRAYFISH NEWS\" font_container=\"tag:h2|font_size:20|text_align:left|color:%23FFFFFF\" use_theme_fonts=\"yes\" css=\".vc_custom_1772889791395{margin-top: 0px !important;margin-bottom: 0px !important;padding-top: 5px !important;padding-bottom: 5px !important;padding-left: 10px !important;background-color: #AD0000 !important;border-radius: 10px !important;}\" t_supro_heading=\"\" m_supro_heading=\"\"][vc_column_text css=\".vc_custom_1772890018869{margin-top: 5px\u2026","rel":"","context":"\u00c4hnlicher Beitrag","block_context":{"text":"\u00c4hnlicher Beitrag","link":""},"img":{"alt_text":"","src":"","width":0,"height":0},"classes":[]}],"jetpack_sharing_enabled":false,"_links":{"self":[{"href":"https:\/\/cottbus-crayfish.de\/shop\/wp-json\/wp\/v2\/pages\/1497","targetHints":{"allow":["GET"]}}],"collection":[{"href":"https:\/\/cottbus-crayfish.de\/shop\/wp-json\/wp\/v2\/pages"}],"about":[{"href":"https:\/\/cottbus-crayfish.de\/shop\/wp-json\/wp\/v2\/types\/page"}],"author":[{"embeddable":true,"href":"https:\/\/cottbus-crayfish.de\/shop\/wp-json\/wp\/v2\/users\/1"}],"replies":[{"embeddable":true,"href":"https:\/\/cottbus-crayfish.de\/shop\/wp-json\/wp\/v2\/comments?post=1497"}],"version-history":[{"count":6,"href":"https:\/\/cottbus-crayfish.de\/shop\/wp-json\/wp\/v2\/pages\/1497\/revisions"}],"predecessor-version":[{"id":2358,"href":"https:\/\/cottbus-crayfish.de\/shop\/wp-json\/wp\/v2\/pages\/1497\/revisions\/2358"}],"up":[{"embeddable":true,"href":"https:\/\/cottbus-crayfish.de\/shop\/wp-json\/wp\/v2\/pages\/2452"}],"wp:attachment":[{"href":"https:\/\/cottbus-crayfish.de\/shop\/wp-json\/wp\/v2\/media?parent=1497"}],"curies":[{"name":"wp","href":"https:\/\/api.w.org\/{rel}","templated":true}]}}