{"id":1499,"date":"2024-02-13T01:18:36","date_gmt":"2024-02-13T00:18:36","guid":{"rendered":"https:\/\/cottbus-crayfish.de\/shop\/agb\/"},"modified":"2024-03-17T10:11:00","modified_gmt":"2024-03-17T09:11:00","slug":"agb","status":"publish","type":"page","link":"https:\/\/cottbus-crayfish.de\/shop\/rechtshinweise\/agb\/","title":{"rendered":"Allgemeine Gesch\u00e4ftsbedingungen"},"content":{"rendered":"<div class=\"wpb-content-wrapper\"><p>[vc_row][vc_column][vc_column_text]Allgemeine Gesch\u00e4ftsbedingungen des Cottbus Crayfish Shop f\u00fcr Saisontickets und Fantrikots<\/p>\n<p><strong>\u00a71 Geltung gegen\u00fcber Unternehmern und Begriffsdefinitionen<\/strong><\/p>\n<p>(1) Die nachfolgenden Allgemeinen Gesch\u00e4ftbedingungen gelten f\u00fcr alle Lieferungen zwischen uns und einem Verbraucher in ihrer zum Zeitpunkt der Bestellung g\u00fcltigen Fassung.<\/p>\n<p>Verbraucher ist jede nat\u00fcrliche Person, die ein Rechtsgesch\u00e4ft zu Zwecken abschlie\u00dft, die \u00fcberwiegend weder ihrer gewerblichen noch ihrer selbst\u00e4ndigen beruflichen T\u00e4tigkeit zugerechnet werden k\u00f6nnen (\u00a7 13 BGB).<\/p>\n<p><strong>\u00a72 Zustandekommen eines Vertrages, Speicherung des Vertragstextes<\/strong><\/p>\n<p>(1) Die folgenden Regelungen \u00fcber den Vertragsabschluss gelten f\u00fcr Bestellungen \u00fcber unseren Internetshop https:\/\/cottbus-crayfish.de\/shop<\/p>\n<p><b>(2) Im Falle des Vertragsschlusses kommt der Vertrag mit<br \/>\n<\/b><\/p>\n<div><strong>1.ASC Cottbus &#8222;Cottbus Crayfish&#8220; e.V.<\/strong><br \/>\nvertreten durch denVorstand J\u00f6rg Steudtner und Marcel Engelmann<br \/>\nElisabeth-Wolf Str. 5<br \/>\nD-03042 Cottbus<br \/>\nRegisternummer: VR 5791 CB<br \/>\nRegistergericht: Amtsgericht Cottbus<br \/>\nEintragung im Vereinsregister.<\/div>\n<p><b>zustande.<br \/>\n<\/b><br \/>\n(3) Die Pr\u00e4sentation der Waren in unserem Internetshop stellen kein rechtlich bindendes Vertragsangebot unsererseits dar, sondern sind nur eine unverbindliche Aufforderungen an den Verbraucher, Waren zu bestellen. Mit der Bestellung der gew\u00fcnschten Ware gibt der Verbraucher ein f\u00fcr ihn verbindliches Angebot auf Abschluss eines Kaufvertrages ab.<br \/>\n(4) Bei Eingang einer Bestellung in unserem Internetshop gelten folgende Regelungen: Der Verbraucher gibt ein bindendes Vertragsangebot ab, indem er die in unserem Internetshop vorgesehene Bestellprozedur erfolgreich durchl\u00e4uft.<\/p>\n<p>Die Bestellung erfolgt in folgenden Schritten:<\/p>\n<ol>\n<li>Auswahl der gew\u00fcnschten Ware<\/li>\n<li>Best\u00e4tigen durch Anklicken der Buttons \u201ein den Warenkorb\u201c<\/li>\n<li>Pr\u00fcfung der Angaben im Warenkorb<\/li>\n<li>Bet\u00e4tigung des Buttons \u201ezur Kasse\u201c<\/li>\n<li>Einkauf im Internetshop ohne Registrierung und Eingabe der Anmelderangaben (E-Mail-Adresse und Passwort) m\u00f6glich<\/li>\n<li>Nochmalige Pr\u00fcfung bzw. Berichtigung der jeweiligen eingegebenen Daten.<\/li>\n<li>Verbindliche Absendung der Bestellung durch Anklicken des Buttons \u201e jetzt kaufen\u201c<\/li>\n<\/ol>\n<p>Der Verbraucher kann vor dem verbindlichen Absenden der Bestellung durch Bet\u00e4tigen der in dem von ihm verwendeten Internet-Browser enthaltenen \u201eZur\u00fcck\u201c-Taste nach Kontrolle seiner Angaben wieder zu der Internetseite gelangen, auf der die Angaben des Kunden erfasst werden und Eingabefehler berichtigen bzw. durch Schlie\u00dfen des Internetbrowsers den Bestellvorgang abbrechen. Wir best\u00e4tigen den Eingang der Bestellung unmittelbar durch eine automatisch generierte E-Mail (\u201eAuftragsbest\u00e4tigung\u201c). Mit dieser nehmen wir Ihr Angebot an.<\/p>\n<p>(5) Speicherung des Vertragstextes bei Bestellungen \u00fcber unseren Internetshop : Wir senden Ihnen die Bestelldaten und unsere AGB per E-Mail zu. Die AGB k\u00f6nnen Sie jederzeit auch unter <a href=\"https:\/\/cottbus-crayfish.de\/shop\/agb\/\">https:\/\/cottbus-crayfish.de\/shop\/agb\/<\/a> einsehen. Ihre Bestelldaten sind aus Sicherheitsgr\u00fcnden nicht mehr \u00fcber das Internet zug\u00e4nglich.<\/p>\n<p><strong>\u00a73 Preise, Versandkosten, Zahlung, F\u00e4lligkeit<\/strong><\/p>\n<p>(1) Die angegebenen Preise enthalten die gesetzliche Umsatzsteuer und sonstige Preisbestandteile. Hinzu kommen etwaige Versandkosten.<\/p>\n<p>(2) Der Verbraucher hat die M\u00f6glichkeit der Zahlung per Bank\u00fcberweisung, PayPal .<\/p>\n<p>(3) Hat der Verbraucher die Zahlung per Bank\u00fcberweisung gew\u00e4hlt, so verpflichtet er sich, den Kaufpreis unverz\u00fcglich nach Vertragsschluss zu zahlen. Sollte der Kaufpreis nicht binnen 10 Tagen auf dem angegebenen Bankkonto eingegangen sein, wird die Bestellung storniert.<\/p>\n<p><strong>\u00a74 Lieferung<\/strong><\/p>\n<p>(1) Sofern wir dies in der Produktbeschreibung nicht deutlich anders angegeben haben, sind alle von uns angebotenen Artikel sofort versandfertig. Die Lieferung erfolgt hier sp\u00e4testen innerhalb von 7 Werktagen. Dabei beginnt die Frist f\u00fcr die Lieferung im Falle der Zahlung per Bank\u00fcberweisung am Tag nach Zahlungsauftrag an die mit der \u00dcberweisung beauftragte Bank und bei allen anderen Zahlungsarten am Tag nach Vertragsschluss zu laufen. F\u00e4llt das Fristende auf einen Samstag, Sonntag oder gesetzlichen Feiertag am Lieferort, so endet die Frist am n\u00e4chsten Werktag.<\/p>\n<p>(2) Die Gefahr des zuf\u00e4lligen Untergangs und der zuf\u00e4lligen Verschlechterung der verkauften Sache geht auch beim Versendungskauf erst mit der \u00dcbergabe der Sache an den K\u00e4ufer auf diesen \u00fcber.<\/p>\n<p><strong>\u00a75 Eigentumsvorbehalt<\/strong><\/p>\n<p>Wir behalten uns das Eigentum an der Ware bis zur vollst\u00e4ndigen Bezahlung des Kaufpreises vor.<br \/>\n<strong>\u00a76 Widerrufsrecht des Kunden als Verbraucher:<\/strong><\/p>\n<p><b> Widerrufsrecht f\u00fcr Verbraucher<\/b><\/p>\n<p>Verbrauchern steht ein Widerrufsrecht zu (siehe Widerrufsbelehrung unter <a href=\"https:\/\/cottbus-crayfish.de\/shop\/widerrufsbelehrung\/\">https:\/\/cottbus-crayfish.de\/shop\/widerrufsbelehrung\/<\/a>), wobei Verbraucher jede nat\u00fcrliche Person ist, die ein Rechtsgesch\u00e4ft zu Zwecken abschlie\u00dft, die \u00fcberwiegend weder ihrer gewerblichen noch ihrer selbst\u00e4ndigen beruflichen T\u00e4tigkeit zugerechnet werden k\u00f6nnen.<\/p>\n<p><strong>\u00a77 Gew\u00e4hrleistung<\/strong><\/p>\n<p>Es gelten die gesetzlichen Gew\u00e4hrleistungsregelungen.<\/p>\n<p><strong>\u00a78 Vertragssprache<\/strong><\/p>\n<p>Als Vertragssprache steht ausschlie\u00dflich Deutsch zur Verf\u00fcgung.<\/p>\n<p><em>Stand der AGB Feb.2024<\/em><\/p>\n<p><i><a href=\"http:\/\/www.agb.de\">Gratis AGB<\/a> erstellt von <a href=\"http:\/\/www.agb.de\">agb.de<\/a><\/i>[\/vc_column_text][\/vc_column][\/vc_row]<\/p>\n<\/div>","protected":false},"excerpt":{"rendered":"<p>[vc_row][vc_column][vc_column_text]Allgemeine Gesch\u00e4ftsbedingungen des Cottbus Crayfish Shop f\u00fcr Saisontickets und Fantrikots \u00a71 Geltung gegen\u00fcber Unternehmern und Begriffsdefinitionen (1) Die nachfolgenden Allgemeinen Gesch\u00e4ftbedingungen gelten f\u00fcr alle Lieferungen zwischen uns und einem Verbraucher in ihrer zum Zeitpunkt der Bestellung g\u00fcltigen Fassung. Verbraucher ist jede nat\u00fcrliche Person, die ein Rechtsgesch\u00e4ft zu Zwecken abschlie\u00dft, die \u00fcberwiegend weder ihrer gewerblichen noch [&hellip;]<\/p>\n","protected":false},"author":1,"featured_media":0,"parent":2452,"menu_order":1,"comment_status":"closed","ping_status":"closed","template":"","meta":{"_acf_changed":false,"footnotes":""},"class_list":["post-1499","page","type-page","status-publish","hentry","no-thumb"],"acf":[],"jetpack-related-posts":[{"id":729,"url":"https:\/\/cottbus-crayfish.de\/shop\/rechtshinweise\/datenschutzerklaerung\/","url_meta":{"origin":1499,"position":0},"title":"Datenschutzerkl\u00e4rung","author":"Robert Burwitz","date":"12. Juni 2018","format":false,"excerpt":"[vc_row][vc_column][vc_column_text]Mit dieser Datenschutzerkl\u00e4rung m\u00f6chten wir Sie \u00fcber Art, Umfang und Zweck der Verarbeitung von personenbezogenen Daten (im Folgenden auch nur als \"Daten\" bezeichnet) aufkl\u00e4ren. Personenbezogene Daten sind alle Daten, die einen pers\u00f6nlichen Bezug zu Ihnen aufweisen, z. B. Name, Adresse, E-Mail-Adresse oder Ihr Nutzerverhalten. Die Datenschutzerkl\u00e4rung gilt f\u00fcr alle von\u2026","rel":"","context":"\u00c4hnlicher Beitrag","block_context":{"text":"\u00c4hnlicher Beitrag","link":""},"img":{"alt_text":"","src":"","width":0,"height":0},"classes":[]},{"id":1851,"url":"https:\/\/cottbus-crayfish.de\/shop\/rechtshinweise\/widerrufsbelehrung\/","url_meta":{"origin":1499,"position":1},"title":"Widerrufsbelehrung","author":"Bj\u00f6rn W\u00f6hrle","date":"12. Juni 2018","format":false,"excerpt":"[vc_row][vc_column][vc_column_text]Widerrufsrecht Sie haben das Recht, binnen vierzehn Tagen ohne Angabe von Gr\u00fcnden diesen Vertrag zu widerrufen. Die Widerrufsfrist betr\u00e4gt vierzehn Tage, ab dem Tag, an dem Sie oder ein von Ihnen benannter Dritter, der nicht der Bef\u00f6rderer ist, die Waren in Besitz genommen haben bzw. hat. Um Ihr Widerrufsrecht auszu\u00fcben,\u2026","rel":"","context":"\u00c4hnlicher Beitrag","block_context":{"text":"\u00c4hnlicher Beitrag","link":""},"img":{"alt_text":"","src":"https:\/\/i0.wp.com\/cottbus-crayfish.de\/shop\/wp-content\/uploads\/sites\/4\/2024\/02\/Vorschau-Widerrufsformular-scaled.webp?resize=350%2C200&ssl=1","width":350,"height":200},"classes":[]},{"id":2267,"url":"https:\/\/cottbus-crayfish.de\/shop\/rechtshinweise\/zahlungs-und-versandinformationen\/","url_meta":{"origin":1499,"position":2},"title":"Zahlungs- und Versandinformationen","author":"Bj\u00f6rn W\u00f6hrle","date":"21. Februar 2024","format":false,"excerpt":"[vc_row][vc_column][vc_column_text css=\"\"] Es gelten folgende Zahlungs- und Versandinformationen Liefergebiet: Lieferung erfolgt nur im Inland (Deutschland) Versandarten: Standardversand (DHL) Versandkosten: Standardversand (Deutschland) Briefversand: 1,99 \u20ac Gro\u00dfbrief: 2,09 \u20ac Versandtasche (bis 1kg & max 5cm H\u00f6he): 4,09 \u20ac P\u00e4ckchen S (bis 2 kg - 35x25x10cm) - 5,09 \u20ac P\u00e4ckchen M (bis 2\u2026","rel":"","context":"\u00c4hnlicher Beitrag","block_context":{"text":"\u00c4hnlicher Beitrag","link":""},"img":{"alt_text":"","src":"","width":0,"height":0},"classes":[]},{"id":1497,"url":"https:\/\/cottbus-crayfish.de\/shop\/rechtshinweise\/impressum\/","url_meta":{"origin":1499,"position":3},"title":"Impressum","author":"Robert Burwitz","date":"13. Februar 2024","format":false,"excerpt":"[vc_row full_width=\"stretch_row\" content_placement=\"top\" css=\".vc_custom_1708013219758{padding-bottom: 25px !important;}\"][vc_column width=\"2\/3\"][vc_column_text] Angaben gem\u00e4\u00df \u00a7 5 TMG: 1. American Sports Club Cottbus \u201eCottbus Crayfish\u201c e.V. Elisabeth-Wolf-Str. 5 03042 Cottbus Vertreten durch: 1. Vorsitzender: J\u00f6rg Steudtner 2. Vorsitzender: Marcel Engelmann Kontakt: Telefon: +49 (0)176 - 432 559 23 (WhatsApp\/SMS\/Call) Email: shop@cottbus-crayfish.de Weitere Kontaktm\u00f6glichkeiten findest du unter\u00a0Kontakt.\u2026","rel":"","context":"\u00c4hnlicher Beitrag","block_context":{"text":"\u00c4hnlicher Beitrag","link":""},"img":{"alt_text":"","src":"","width":0,"height":0},"classes":[]},{"id":2450,"url":"https:\/\/cottbus-crayfish.de\/shop\/bestellverwaltung\/","url_meta":{"origin":1499,"position":4},"title":"Bestellverwaltung","author":"Bj\u00f6rn W\u00f6hrle","date":"17. M\u00e4rz 2024","format":false,"excerpt":"","rel":"","context":"\u00c4hnlicher Beitrag","block_context":{"text":"\u00c4hnlicher Beitrag","link":""},"img":{"alt_text":"","src":"","width":0,"height":0},"classes":[]},{"id":6,"url":"https:\/\/cottbus-crayfish.de\/shop\/bestellverwaltung\/warenkorb\/","url_meta":{"origin":1499,"position":5},"title":"Warenkorb","author":"Robert Burwitz","date":"8. April 2023","format":false,"excerpt":"","rel":"","context":"\u00c4hnlicher Beitrag","block_context":{"text":"\u00c4hnlicher Beitrag","link":""},"img":{"alt_text":"","src":"","width":0,"height":0},"classes":[]}],"jetpack_sharing_enabled":false,"_links":{"self":[{"href":"https:\/\/cottbus-crayfish.de\/shop\/wp-json\/wp\/v2\/pages\/1499","targetHints":{"allow":["GET"]}}],"collection":[{"href":"https:\/\/cottbus-crayfish.de\/shop\/wp-json\/wp\/v2\/pages"}],"about":[{"href":"https:\/\/cottbus-crayfish.de\/shop\/wp-json\/wp\/v2\/types\/page"}],"author":[{"embeddable":true,"href":"https:\/\/cottbus-crayfish.de\/shop\/wp-json\/wp\/v2\/users\/1"}],"replies":[{"embeddable":true,"href":"https:\/\/cottbus-crayfish.de\/shop\/wp-json\/wp\/v2\/comments?post=1499"}],"version-history":[{"count":2,"href":"https:\/\/cottbus-crayfish.de\/shop\/wp-json\/wp\/v2\/pages\/1499\/revisions"}],"predecessor-version":[{"id":2194,"href":"https:\/\/cottbus-crayfish.de\/shop\/wp-json\/wp\/v2\/pages\/1499\/revisions\/2194"}],"up":[{"embeddable":true,"href":"https:\/\/cottbus-crayfish.de\/shop\/wp-json\/wp\/v2\/pages\/2452"}],"wp:attachment":[{"href":"https:\/\/cottbus-crayfish.de\/shop\/wp-json\/wp\/v2\/media?parent=1499"}],"curies":[{"name":"wp","href":"https:\/\/api.w.org\/{rel}","templated":true}]}}