{"id":1851,"date":"2018-06-12T06:51:49","date_gmt":"2018-06-12T06:51:49","guid":{"rendered":"http:\/\/demo3.drfuri.com\/supro\/?page_id=729"},"modified":"2025-08-16T01:12:39","modified_gmt":"2025-08-15T23:12:39","slug":"widerrufsbelehrung","status":"publish","type":"page","link":"https:\/\/cottbus-crayfish.de\/shop\/rechtshinweise\/widerrufsbelehrung\/","title":{"rendered":"Widerrufsbelehrung"},"content":{"rendered":"<div class=\"wpb-content-wrapper\"><p>[vc_row][vc_column][vc_column_text]<b>Widerrufsrecht<\/b><\/p>\n<p>Sie haben das Recht, binnen vierzehn Tagen ohne Angabe von Gr\u00fcnden diesen Vertrag zu widerrufen.<\/p>\n<p>Die Widerrufsfrist betr\u00e4gt vierzehn Tage, ab dem Tag, an dem Sie oder ein von Ihnen benannter Dritter, der nicht der Bef\u00f6rderer ist, die Waren in Besitz genommen haben bzw. hat.<\/p>\n<p>Um Ihr Widerrufsrecht auszu\u00fcben, m\u00fcssen Sie uns<\/p>\n<div>1. ASC Cottbus &#8222;Cottbus Crayfish&#8220; e.V.<br \/>\nvertreten durch den Vorstand J\u00f6rg Steudtner und Marcel Engelmann<br \/>\nElisabeth-Wolf Str. 5<br \/>\nD-03042 Cottbus<br \/>\nE-Mail <a href=\"mailto:anfragen@cottbus-crayfish.de\">shop@cottbus-crayfish.de<\/a><\/div>\n<p>mittels einer eindeutigen Erkl\u00e4rung (z.B. ein mit der Post versandter Brief oder E-Mail) \u00fcber Ihren Entschluss, diesen Vertrag zu widerrufen, informieren. Sie k\u00f6nnen daf\u00fcr das beigef\u00fcgte Muster-Widerrufsformular verwenden, das jedoch nicht vorgeschrieben ist.<\/p>\n<p><b>Widerrufsfolgen<\/b><\/p>\n<p>Wenn Sie diesen Vertrag widerrufen, haben wir Ihnen alle Zahlungen, die wir von Ihnen erhalten haben, einschlie\u00dflich der Lieferkosten (mit Ausnahme der zus\u00e4tzlichen Kosten, die sich daraus ergeben, dass Sie eine andere Art der Lieferung als die von uns angebotene, g\u00fcnstigste Standardlieferung gew\u00e4hlt haben), unverz\u00fcglich und sp\u00e4testens binnen vierzehn Tagen ab dem Tag zur\u00fcckzuzahlen, an dem die Mitteilung \u00fcber Ihren Widerruf dieses Vertrags bei uns eingegangen ist. F\u00fcr diese R\u00fcckzahlung verwenden wir dasselbe Zahlungsmittel, das Sie bei der urspr\u00fcnglichen Transaktion eingesetzt haben, es sei denn, mit Ihnen wurde ausdr\u00fccklich etwas anderes vereinbart; in keinem Fall werden Ihnen wegen dieser R\u00fcckzahlung Entgelte berechnet.<\/p>\n<p>Wir k\u00f6nnen die R\u00fcckzahlung verweigern, bis wir die Waren wieder zur\u00fcckerhalten haben oder bis Sie den Nachweis erbracht haben, dass Sie die Waren zur\u00fcckgesandt haben, je nachdem, welches der fr\u00fchere Zeitpunkt ist.<\/p>\n<p>Sie haben die Waren unverz\u00fcglich und in jedem Fall sp\u00e4testens binnen vierzehn Tagen ab dem Tag, an dem Sie uns \u00fcber den Widerruf dieses Vertrages unterrichten, an uns zur\u00fcckzusenden oder zu \u00fcbergeben. Die Frist ist gewahrt, wenn Sie die Waren vor Ablauf der Frist von vierzehn Tagen absenden.<\/p>\n<p>Sie tragen die unmittelbaren Kosten der R\u00fccksendung der Waren.<\/p>\n<p><b>Ende der Widerrufsbelehrung<\/b><\/p>\n<p>&nbsp;<\/p>\n<p><strong>Widerrufsformular<\/strong><\/p>\n<p><a href=\"https:\/\/cottbus-crayfish.de\/shop\/wp-content\/uploads\/sites\/4\/2024\/02\/Widerrufsformular.pdf\">&gt;&gt; Download &#8211; Widerrufsformular &lt;&lt;<\/a><br \/>\n<em>(Wenn Sie den Vertrag widerrufen wollen, dann f\u00fcllen Sie bitte dieses Formular aus und senden Sie es zur\u00fcck.)<\/em><\/p>\n<p><img data-recalc-dims=\"1\" loading=\"lazy\" decoding=\"async\" class=\"alignnone wp-image-2199\" src=\"https:\/\/i0.wp.com\/cottbus-crayfish.de\/shop\/wp-content\/uploads\/sites\/4\/2024\/02\/Vorschau-Widerrufsformular-scaled.webp?resize=400%2C566&#038;ssl=1\" alt=\"\" width=\"400\" height=\"566\" srcset=\"https:\/\/i0.wp.com\/cottbus-crayfish.de\/shop\/wp-content\/uploads\/sites\/4\/2024\/02\/Vorschau-Widerrufsformular-scaled.webp?w=1810&amp;ssl=1 1810w, https:\/\/i0.wp.com\/cottbus-crayfish.de\/shop\/wp-content\/uploads\/sites\/4\/2024\/02\/Vorschau-Widerrufsformular-scaled.webp?w=1680&amp;ssl=1 1680w\" sizes=\"auto, (max-width: 400px) 100vw, 400px\" \/>[\/vc_column_text][\/vc_column][\/vc_row]<\/p>\n<\/div>","protected":false},"excerpt":{"rendered":"<p>[vc_row][vc_column][vc_column_text]Widerrufsrecht Sie haben das Recht, binnen vierzehn Tagen ohne Angabe von Gr\u00fcnden diesen Vertrag zu widerrufen. Die Widerrufsfrist betr\u00e4gt vierzehn Tage, ab dem Tag, an dem Sie oder ein von Ihnen benannter Dritter, der nicht der Bef\u00f6rderer ist, die Waren in Besitz genommen haben bzw. hat. Um Ihr Widerrufsrecht auszu\u00fcben, m\u00fcssen Sie uns 1. ASC [&hellip;]<\/p>\n","protected":false},"author":2,"featured_media":0,"parent":2452,"menu_order":3,"comment_status":"closed","ping_status":"closed","template":"template-fullwidth.php","meta":{"_acf_changed":false,"footnotes":""},"class_list":["post-1851","page","type-page","status-publish","hentry","no-thumb"],"acf":[],"jetpack-related-posts":[{"id":1499,"url":"https:\/\/cottbus-crayfish.de\/shop\/rechtshinweise\/agb\/","url_meta":{"origin":1851,"position":0},"title":"Allgemeine Gesch\u00e4ftsbedingungen","author":"Robert Burwitz","date":"13. Februar 2024","format":false,"excerpt":"[vc_row][vc_column][vc_column_text]Allgemeine Gesch\u00e4ftsbedingungen des Cottbus Crayfish Shop f\u00fcr Saisontickets und Fantrikots \u00a71 Geltung gegen\u00fcber Unternehmern und Begriffsdefinitionen (1) Die nachfolgenden Allgemeinen Gesch\u00e4ftbedingungen gelten f\u00fcr alle Lieferungen zwischen uns und einem Verbraucher in ihrer zum Zeitpunkt der Bestellung g\u00fcltigen Fassung. Verbraucher ist jede nat\u00fcrliche Person, die ein Rechtsgesch\u00e4ft zu Zwecken abschlie\u00dft, die\u2026","rel":"","context":"\u00c4hnlicher Beitrag","block_context":{"text":"\u00c4hnlicher Beitrag","link":""},"img":{"alt_text":"","src":"","width":0,"height":0},"classes":[]},{"id":729,"url":"https:\/\/cottbus-crayfish.de\/shop\/rechtshinweise\/datenschutzerklaerung\/","url_meta":{"origin":1851,"position":1},"title":"Datenschutzerkl\u00e4rung","author":"Robert Burwitz","date":"12. Juni 2018","format":false,"excerpt":"[vc_row][vc_column][vc_column_text]Mit dieser Datenschutzerkl\u00e4rung m\u00f6chten wir Sie \u00fcber Art, Umfang und Zweck der Verarbeitung von personenbezogenen Daten (im Folgenden auch nur als \"Daten\" bezeichnet) aufkl\u00e4ren. Personenbezogene Daten sind alle Daten, die einen pers\u00f6nlichen Bezug zu Ihnen aufweisen, z. B. Name, Adresse, E-Mail-Adresse oder Ihr Nutzerverhalten. Die Datenschutzerkl\u00e4rung gilt f\u00fcr alle von\u2026","rel":"","context":"\u00c4hnlicher Beitrag","block_context":{"text":"\u00c4hnlicher Beitrag","link":""},"img":{"alt_text":"","src":"","width":0,"height":0},"classes":[]},{"id":1497,"url":"https:\/\/cottbus-crayfish.de\/shop\/rechtshinweise\/impressum\/","url_meta":{"origin":1851,"position":2},"title":"Impressum","author":"Robert Burwitz","date":"13. Februar 2024","format":false,"excerpt":"[vc_row full_width=\"stretch_row\" content_placement=\"top\" css=\".vc_custom_1708013219758{padding-bottom: 25px !important;}\"][vc_column width=\"2\/3\"][vc_column_text] Angaben gem\u00e4\u00df \u00a7 5 TMG: 1. American Sports Club Cottbus \u201eCottbus Crayfish\u201c e.V. Elisabeth-Wolf-Str. 5 03042 Cottbus Vertreten durch: 1. Vorsitzender: J\u00f6rg Steudtner 2. Vorsitzender: Marcel Engelmann Kontakt: Telefon: +49 (0)176 - 432 559 23 (WhatsApp\/SMS\/Call) Email: shop@cottbus-crayfish.de Weitere Kontaktm\u00f6glichkeiten findest du unter\u00a0Kontakt.\u2026","rel":"","context":"\u00c4hnlicher Beitrag","block_context":{"text":"\u00c4hnlicher Beitrag","link":""},"img":{"alt_text":"","src":"","width":0,"height":0},"classes":[]},{"id":1976,"url":"https:\/\/cottbus-crayfish.de\/shop\/kontakt\/","url_meta":{"origin":1851,"position":3},"title":"Kontakt","author":"Bj\u00f6rn W\u00f6hrle","date":"8. September 2022","format":false,"excerpt":"[vc_row css=\".vc_custom_1708423295490{margin-bottom: 30px !important;}\"][vc_column css=\".vc_custom_1476444006828{margin-bottom: 10px !important;padding-top: 25px !important;}\"][vc_column_text css=\".vc_custom_1708420931807{margin-bottom: 32px !important;}\"] Sie m\u00f6chten mit uns Kontakt aufnehmen? Kein Problem. Hier finden Sie die Kontaktdaten f\u00fcr unseren Onlineshop oder Sie nutzen einfach das Formular rechts und wir werden Ihr Anliegen umgehend bearbeiten.[\/vc_column_text][vc_row_inner][vc_column_inner width=\"1\/2\"][vc_single_image image=\"2220\" img_size=\"full\" style=\"vc_box_rounded\"][vc_column_text] 1.ASC Cottbus \" Cottbus\u2026","rel":"","context":"\u00c4hnlicher Beitrag","block_context":{"text":"\u00c4hnlicher Beitrag","link":""},"img":{"alt_text":"","src":"","width":0,"height":0},"classes":[]},{"id":2452,"url":"https:\/\/cottbus-crayfish.de\/shop\/rechtshinweise\/","url_meta":{"origin":1851,"position":4},"title":"Rechtshinweise","author":"Bj\u00f6rn W\u00f6hrle","date":"17. M\u00e4rz 2024","format":false,"excerpt":"","rel":"","context":"\u00c4hnlicher Beitrag","block_context":{"text":"\u00c4hnlicher Beitrag","link":""},"img":{"alt_text":"","src":"","width":0,"height":0},"classes":[]},{"id":2267,"url":"https:\/\/cottbus-crayfish.de\/shop\/rechtshinweise\/zahlungs-und-versandinformationen\/","url_meta":{"origin":1851,"position":5},"title":"Zahlungs- und Versandinformationen","author":"Bj\u00f6rn W\u00f6hrle","date":"21. Februar 2024","format":false,"excerpt":"[vc_row][vc_column][vc_column_text css=\"\"] Es gelten folgende Zahlungs- und Versandinformationen Liefergebiet: Lieferung erfolgt nur im Inland (Deutschland) Versandarten: Standardversand (DHL) Versandkosten: Standardversand (Deutschland) Briefversand: 1,99 \u20ac Gro\u00dfbrief: 2,09 \u20ac Versandtasche (bis 1kg & max 5cm H\u00f6he): 4,09 \u20ac P\u00e4ckchen S (bis 2 kg - 35x25x10cm) - 5,09 \u20ac P\u00e4ckchen M (bis 2\u2026","rel":"","context":"\u00c4hnlicher Beitrag","block_context":{"text":"\u00c4hnlicher Beitrag","link":""},"img":{"alt_text":"","src":"","width":0,"height":0},"classes":[]}],"jetpack_sharing_enabled":true,"_links":{"self":[{"href":"https:\/\/cottbus-crayfish.de\/shop\/wp-json\/wp\/v2\/pages\/1851","targetHints":{"allow":["GET"]}}],"collection":[{"href":"https:\/\/cottbus-crayfish.de\/shop\/wp-json\/wp\/v2\/pages"}],"about":[{"href":"https:\/\/cottbus-crayfish.de\/shop\/wp-json\/wp\/v2\/types\/page"}],"author":[{"embeddable":true,"href":"https:\/\/cottbus-crayfish.de\/shop\/wp-json\/wp\/v2\/users\/2"}],"replies":[{"embeddable":true,"href":"https:\/\/cottbus-crayfish.de\/shop\/wp-json\/wp\/v2\/comments?post=1851"}],"version-history":[{"count":5,"href":"https:\/\/cottbus-crayfish.de\/shop\/wp-json\/wp\/v2\/pages\/1851\/revisions"}],"predecessor-version":[{"id":5823,"href":"https:\/\/cottbus-crayfish.de\/shop\/wp-json\/wp\/v2\/pages\/1851\/revisions\/5823"}],"up":[{"embeddable":true,"href":"https:\/\/cottbus-crayfish.de\/shop\/wp-json\/wp\/v2\/pages\/2452"}],"wp:attachment":[{"href":"https:\/\/cottbus-crayfish.de\/shop\/wp-json\/wp\/v2\/media?parent=1851"}],"curies":[{"name":"wp","href":"https:\/\/api.w.org\/{rel}","templated":true}]}}