{"id":1976,"date":"2022-09-08T05:33:01","date_gmt":"2022-09-08T05:33:01","guid":{"rendered":"https:\/\/themegenix.net\/wp\/suxnix\/?page_id=87"},"modified":"2024-03-17T10:09:10","modified_gmt":"2024-03-17T09:09:10","slug":"kontakt","status":"publish","type":"page","link":"https:\/\/cottbus-crayfish.de\/shop\/kontakt\/","title":{"rendered":"Kontakt"},"content":{"rendered":"<div class=\"wpb-content-wrapper\"><p>[vc_row css=&#8220;.vc_custom_1708423295490{margin-bottom: 30px !important;}&#8220;][vc_column css=&#8220;.vc_custom_1476444006828{margin-bottom: 10px !important;padding-top: 25px !important;}&#8220;][vc_column_text css=&#8220;.vc_custom_1708420931807{margin-bottom: 32px !important;}&#8220;]<\/p>\n<h3><span style=\"color: #000000;\">Sie m\u00f6chten mit uns Kontakt aufnehmen?<\/span><\/h3>\n<p><span style=\"color: #000000;\">Kein Problem. Hier finden Sie die Kontaktdaten f\u00fcr unseren Onlineshop oder Sie nutzen einfach das Formular rechts und wir werden Ihr Anliegen umgehend bearbeiten.<\/span>[\/vc_column_text][vc_row_inner][vc_column_inner width=&#8220;1\/2&#8243;][vc_single_image image=&#8220;2220&#8243; img_size=&#8220;full&#8220; style=&#8220;vc_box_rounded&#8220;]<div class=\"supro-empty-space \" style=\"\"><div class=\"supro_empty_space_lg\"  style=\"height: 15px\"><\/div><div class=\"supro_empty_space_md\"  style=\"height: 15px\"><\/div><div class=\"supro_empty_space_xs\"  style=\"height: 15px\"><\/div><\/div>[vc_column_text]<\/p>\n<h3><span style=\"color: #ad0000;\">1.ASC Cottbus &#8220; Cottbus Crayfish&#8220; e.V.<\/span><\/h3>\n<p>[\/vc_column_text][vc_column_text]<strong>Adresse:<\/strong><br \/>\nElisabeth-Wolf Str. 5<br \/>\n03042 Cottbus<br \/>\nGermany<\/p>\n<p><strong>Telefon:<\/strong><br \/>\n+49 (0) 176 &#8211; 432 559 23<\/p>\n<p><strong>E-Mail:<\/strong><br \/>\n<a href=\"mailto:shop@cottbus-crayfish.de\">shop@cottbus-crayfish.de<\/a>[\/vc_column_text][\/vc_column_inner][vc_column_inner width=&#8220;1\/2&#8243; css=&#8220;.vc_custom_1708420871252{background-color: #ad0000 !important;}&#8220;][vc_column_text css=&#8220;.vc_custom_1708420883435{margin-bottom: 15px !important;}&#8220;]<\/p>\n<h4 style=\"letter-spacing: 1.2px;\"><span style=\"color: #ffffff;\"><strong>Kontaktiere uns!<\/strong><\/span><\/h4>\n<p>[\/vc_column_text]\n<div class=\"wpcf7 no-js\" id=\"wpcf7-f2213-o1\" lang=\"de-DE\" dir=\"ltr\" data-wpcf7-id=\"2213\">\n<div class=\"screen-reader-response\"><p role=\"status\" aria-live=\"polite\" aria-atomic=\"true\"><\/p> <ul><\/ul><\/div>\n<form action=\"\/shop\/wp-json\/wp\/v2\/pages\/1976#wpcf7-f2213-o1\" method=\"post\" class=\"wpcf7-form init\" aria-label=\"Kontaktformular\" novalidate=\"novalidate\" data-status=\"init\">\n<fieldset class=\"hidden-fields-container\"><input type=\"hidden\" name=\"_wpcf7\" value=\"2213\" \/><input type=\"hidden\" name=\"_wpcf7_version\" value=\"6.1.5\" \/><input type=\"hidden\" name=\"_wpcf7_locale\" value=\"de_DE_formal\" \/><input type=\"hidden\" name=\"_wpcf7_unit_tag\" value=\"wpcf7-f2213-o1\" \/><input type=\"hidden\" name=\"_wpcf7_container_post\" value=\"0\" \/><input type=\"hidden\" name=\"_wpcf7_posted_data_hash\" value=\"\" \/>\n<\/fieldset>\n<p><span class=\"wpcf7-form-control-wrap\" data-name=\"Betreff\"><input size=\"40\" maxlength=\"400\" class=\"wpcf7-form-control wpcf7-text\" aria-invalid=\"false\" placeholder=\"Betreff\" value=\"\" type=\"text\" name=\"Betreff\" \/><\/span>\n<\/p>\n<p><span class=\"wpcf7-form-control-wrap\" data-name=\"Dein-Name\"><input size=\"40\" maxlength=\"400\" class=\"wpcf7-form-control wpcf7-text wpcf7-validates-as-required\" aria-required=\"true\" aria-invalid=\"false\" placeholder=\"Name\" value=\"\" type=\"text\" name=\"Dein-Name\" \/><\/span>\n<\/p>\n<p><span class=\"wpcf7-form-control-wrap\" data-name=\"Deine-email\"><input size=\"40\" maxlength=\"400\" class=\"wpcf7-form-control wpcf7-email wpcf7-validates-as-required wpcf7-text wpcf7-validates-as-email\" aria-required=\"true\" aria-invalid=\"false\" placeholder=\"E-mail\" value=\"\" type=\"email\" name=\"Deine-email\" \/><\/span>\n<\/p>\n<p><span class=\"wpcf7-form-control-wrap\" data-name=\"Nachricht\"><textarea cols=\"40\" rows=\"10\" maxlength=\"2000\" class=\"wpcf7-form-control wpcf7-textarea\" aria-invalid=\"false\" placeholder=\"Nachricht\" name=\"Nachricht\"><\/textarea><\/span>\n<\/p>\n<p><span class='button btn-md'><input class=\"wpcf7-form-control wpcf7-submit has-spinner\" type=\"submit\" value=\"Senden\" \/><\/span>\n<\/p><div class=\"wpcf7-response-output\" aria-hidden=\"true\"><\/div>\n<\/form>\n<\/div>\n[\/vc_column_inner][\/vc_row_inner][\/vc_column][\/vc_row][vc_row][vc_column][vc_column_text]Bei einer Kontaktaufnahme an unsere Emailadressen werden die abgesendeten Daten nur zum Zweck der Bearbeitung Ihres Anliegens verarbeitet. Weitere Informationen finden Sie in unserer <a href=\"https:\/\/cottbus-crayfish.de\/shop\/datenschutzerklaerung\/\" target=\"_blank\" rel=\"noopener\">Datenschutzerkl\u00e4rung.<\/a>[\/vc_column_text]<div class=\"supro-empty-space \" style=\"\"><div class=\"supro_empty_space_lg\"  style=\"height: 30px\"><\/div><div class=\"supro_empty_space_md\"  style=\"height: 15px\"><\/div><div class=\"supro_empty_space_xs\"  style=\"height: 5px\"><\/div><\/div>[\/vc_column][\/vc_row][vc_row full_width=&#8220;stretch_row_content&#8220;][vc_column][vc_gmaps link=&#8220;#E-8_JTNDaWZyYW1lJTIwc3JjJTNEJTIyaHR0cHMlM0ElMkYlMkZ3d3cuZ29vZ2xlLmNvbSUyRm1hcHMlMkZlbWJlZCUzRnBiJTNEJTIxMW0xOCUyMTFtMTIlMjExbTMlMjExZDE4NDkuODUwMjgwNTU1MzAzNyUyMTJkMTQuMzQ5ODU3MzkzMzU2ODA3JTIxM2Q1MS43NjQ5NjUxNzA2NjI1NiUyMTJtMyUyMTFmMCUyMTJmMCUyMTNmMCUyMTNtMiUyMTFpMTAyNCUyMTJpNzY4JTIxNGYxMy4xJTIxM20zJTIxMW0yJTIxMXMweDQ3MDg3NDM4ZGE2MDRkOTclMjUzQTB4MzMxYjg4MGQwNzk2NjA0YiUyMTJzRWxpc2FiZXRoLVdvbGYtU3RyYSUyNUMzJTI1OUZlJTI1MjA1JTI1MkMlMjUyMDAzMDQyJTI1MjBDb3R0YnVzJTIxNWUwJTIxM20yJTIxMXNkZSUyMTJzZGUlMjE0djE2Nzg2OTkxODM2MTElMjE1bTIlMjExc2RlJTIxMnNkZSUyMiUyMHdpZHRoJTNEJTIyODAwJTIyJTIwaGVpZ2h0JTNEJTIyNjAwJTIyJTIwc3R5bGUlM0QlMjJib3JkZXIlM0EwJTNCJTIyJTIwYWxsb3dmdWxsc2NyZWVuJTNEJTIyJTIyJTIwbG9hZGluZyUzRCUyMmxhenklMjIlMjByZWZlcnJlcnBvbGljeSUzRCUyMm5vLXJlZmVycmVyLXdoZW4tZG93bmdyYWRlJTIyJTNFJTNDJTJGaWZyYW1lJTNF&#8220; size=&#8220;500&#8243;][\/vc_column][\/vc_row]<\/p>\n<\/div>","protected":false},"excerpt":{"rendered":"<p>[vc_row css=&#8220;.vc_custom_1708423295490{margin-bottom: 30px !important;}&#8220;][vc_column css=&#8220;.vc_custom_1476444006828{margin-bottom: 10px !important;padding-top: 25px !important;}&#8220;][vc_column_text css=&#8220;.vc_custom_1708420931807{margin-bottom: 32px !important;}&#8220;] Sie m\u00f6chten mit uns Kontakt aufnehmen? Kein Problem. Hier finden Sie die Kontaktdaten f\u00fcr unseren Onlineshop oder Sie nutzen einfach das Formular rechts und wir werden Ihr Anliegen umgehend bearbeiten.[\/vc_column_text][vc_row_inner][vc_column_inner width=&#8220;1\/2&#8243;][vc_single_image image=&#8220;2220&#8243; img_size=&#8220;full&#8220; style=&#8220;vc_box_rounded&#8220;][vc_column_text] 1.ASC Cottbus &#8220; Cottbus Crayfish&#8220; e.V. [\/vc_column_text][vc_column_text]Adresse: Elisabeth-Wolf Str. [&hellip;]<\/p>\n","protected":false},"author":2,"featured_media":0,"parent":0,"menu_order":5,"comment_status":"closed","ping_status":"closed","template":"","meta":{"_acf_changed":false,"footnotes":""},"class_list":["post-1976","page","type-page","status-publish","hentry","no-thumb"],"acf":[],"jetpack-related-posts":[{"id":1220,"url":"https:\/\/cottbus-crayfish.de\/shop\/","url_meta":{"origin":1976,"position":0},"title":"Home","author":"Bj\u00f6rn W\u00f6hrle","date":"27. Dezember 2022","format":false,"excerpt":"[vc_row full_width=\"stretch_row_content_no_spaces\" bg_type=\"image\" css=\".vc_custom_1772876904067{background-image: url(https:\/\/cottbus-crayfish.de\/shop\/wp-content\/uploads\/sites\/4\/2024\/10\/Head-2025.png?id=3901) !important;background-position: 0 0 !important;background-repeat: no-repeat !important;}\"][vc_column parallax=\"content-moving\"][\/vc_column][\/vc_row][vc_row el_class=\"supro-no-margin\"][vc_column css=\".vc_custom_1730194960640{padding-top: 25px !important;padding-bottom: 25px !important;}\"][\/vc_column][\/vc_row][vc_row bg_type=\"bg_color\" bg_override=\"full\" bg_color_value=\"#AD0000\" row_title=\"Shop-Kategorien\" css=\".vc_custom_1772882347697{margin-bottom: 15px !important;}\"][vc_column][\/vc_column][\/vc_row][vc_row][vc_column][\/vc_column][\/vc_row][vc_row overlay=\"#FFFFFFCF\"][vc_column][vc_custom_heading text=\"LETZTE CRAYFISH NEWS\" font_container=\"tag:h2|font_size:20|text_align:left|color:%23FFFFFF\" use_theme_fonts=\"yes\" css=\".vc_custom_1772889791395{margin-top: 0px !important;margin-bottom: 0px !important;padding-top: 5px !important;padding-bottom: 5px !important;padding-left: 10px !important;background-color: #AD0000 !important;border-radius: 10px !important;}\" t_supro_heading=\"\" m_supro_heading=\"\"][vc_column_text css=\".vc_custom_1772890018869{margin-top: 5px\u2026","rel":"","context":"\u00c4hnlicher Beitrag","block_context":{"text":"\u00c4hnlicher Beitrag","link":""},"img":{"alt_text":"","src":"","width":0,"height":0},"classes":[]},{"id":1497,"url":"https:\/\/cottbus-crayfish.de\/shop\/rechtshinweise\/impressum\/","url_meta":{"origin":1976,"position":1},"title":"Impressum","author":"Robert Burwitz","date":"13. Februar 2024","format":false,"excerpt":"[vc_row full_width=\"stretch_row\" content_placement=\"top\" css=\".vc_custom_1708013219758{padding-bottom: 25px !important;}\"][vc_column width=\"2\/3\"][vc_column_text] Angaben gem\u00e4\u00df \u00a7 5 TMG: 1. American Sports Club Cottbus \u201eCottbus Crayfish\u201c e.V. Elisabeth-Wolf-Str. 5 03042 Cottbus Vertreten durch: 1. Vorsitzender: J\u00f6rg Steudtner 2. Vorsitzender: Marcel Engelmann Kontakt: Telefon: +49 (0)176 - 432 559 23 (WhatsApp\/SMS\/Call) Email: shop@cottbus-crayfish.de Weitere Kontaktm\u00f6glichkeiten findest du unter\u00a0Kontakt.\u2026","rel":"","context":"\u00c4hnlicher Beitrag","block_context":{"text":"\u00c4hnlicher Beitrag","link":""},"img":{"alt_text":"","src":"","width":0,"height":0},"classes":[]},{"id":729,"url":"https:\/\/cottbus-crayfish.de\/shop\/rechtshinweise\/datenschutzerklaerung\/","url_meta":{"origin":1976,"position":2},"title":"Datenschutzerkl\u00e4rung","author":"Robert Burwitz","date":"12. Juni 2018","format":false,"excerpt":"[vc_row][vc_column][vc_column_text]Mit dieser Datenschutzerkl\u00e4rung m\u00f6chten wir Sie \u00fcber Art, Umfang und Zweck der Verarbeitung von personenbezogenen Daten (im Folgenden auch nur als \"Daten\" bezeichnet) aufkl\u00e4ren. Personenbezogene Daten sind alle Daten, die einen pers\u00f6nlichen Bezug zu Ihnen aufweisen, z. B. Name, Adresse, E-Mail-Adresse oder Ihr Nutzerverhalten. Die Datenschutzerkl\u00e4rung gilt f\u00fcr alle von\u2026","rel":"","context":"\u00c4hnlicher Beitrag","block_context":{"text":"\u00c4hnlicher Beitrag","link":""},"img":{"alt_text":"","src":"","width":0,"height":0},"classes":[]},{"id":345,"url":"https:\/\/cottbus-crayfish.de\/shop\/coming-soon\/","url_meta":{"origin":1976,"position":3},"title":"Coming Soon","author":"Robert Burwitz","date":"1. Juni 2018","format":false,"excerpt":"[vc_row][vc_column][\/vc_column][\/vc_row]","rel":"","context":"\u00c4hnlicher Beitrag","block_context":{"text":"\u00c4hnlicher Beitrag","link":""},"img":{"alt_text":"","src":"","width":0,"height":0},"classes":[]},{"id":2267,"url":"https:\/\/cottbus-crayfish.de\/shop\/rechtshinweise\/zahlungs-und-versandinformationen\/","url_meta":{"origin":1976,"position":4},"title":"Zahlungs- und Versandinformationen","author":"Bj\u00f6rn W\u00f6hrle","date":"21. Februar 2024","format":false,"excerpt":"[vc_row][vc_column][vc_column_text css=\"\"] Es gelten folgende Zahlungs- und Versandinformationen Liefergebiet: Lieferung erfolgt nur im Inland (Deutschland) Versandarten: Standardversand (DHL) Versandkosten: Standardversand (Deutschland) Briefversand: 1,99 \u20ac Gro\u00dfbrief: 2,09 \u20ac Versandtasche (bis 1kg & max 5cm H\u00f6he): 4,09 \u20ac P\u00e4ckchen S (bis 2 kg - 35x25x10cm) - 5,09 \u20ac P\u00e4ckchen M (bis 2\u2026","rel":"","context":"\u00c4hnlicher Beitrag","block_context":{"text":"\u00c4hnlicher Beitrag","link":""},"img":{"alt_text":"","src":"","width":0,"height":0},"classes":[]},{"id":1499,"url":"https:\/\/cottbus-crayfish.de\/shop\/rechtshinweise\/agb\/","url_meta":{"origin":1976,"position":5},"title":"Allgemeine Gesch\u00e4ftsbedingungen","author":"Robert Burwitz","date":"13. Februar 2024","format":false,"excerpt":"[vc_row][vc_column][vc_column_text]Allgemeine Gesch\u00e4ftsbedingungen des Cottbus Crayfish Shop f\u00fcr Saisontickets und Fantrikots \u00a71 Geltung gegen\u00fcber Unternehmern und Begriffsdefinitionen (1) Die nachfolgenden Allgemeinen Gesch\u00e4ftbedingungen gelten f\u00fcr alle Lieferungen zwischen uns und einem Verbraucher in ihrer zum Zeitpunkt der Bestellung g\u00fcltigen Fassung. Verbraucher ist jede nat\u00fcrliche Person, die ein Rechtsgesch\u00e4ft zu Zwecken abschlie\u00dft, die\u2026","rel":"","context":"\u00c4hnlicher Beitrag","block_context":{"text":"\u00c4hnlicher Beitrag","link":""},"img":{"alt_text":"","src":"","width":0,"height":0},"classes":[]}],"jetpack_sharing_enabled":false,"_links":{"self":[{"href":"https:\/\/cottbus-crayfish.de\/shop\/wp-json\/wp\/v2\/pages\/1976","targetHints":{"allow":["GET"]}}],"collection":[{"href":"https:\/\/cottbus-crayfish.de\/shop\/wp-json\/wp\/v2\/pages"}],"about":[{"href":"https:\/\/cottbus-crayfish.de\/shop\/wp-json\/wp\/v2\/types\/page"}],"author":[{"embeddable":true,"href":"https:\/\/cottbus-crayfish.de\/shop\/wp-json\/wp\/v2\/users\/2"}],"replies":[{"embeddable":true,"href":"https:\/\/cottbus-crayfish.de\/shop\/wp-json\/wp\/v2\/comments?post=1976"}],"version-history":[{"count":11,"href":"https:\/\/cottbus-crayfish.de\/shop\/wp-json\/wp\/v2\/pages\/1976\/revisions"}],"predecessor-version":[{"id":2359,"href":"https:\/\/cottbus-crayfish.de\/shop\/wp-json\/wp\/v2\/pages\/1976\/revisions\/2359"}],"wp:attachment":[{"href":"https:\/\/cottbus-crayfish.de\/shop\/wp-json\/wp\/v2\/media?parent=1976"}],"curies":[{"name":"wp","href":"https:\/\/api.w.org\/{rel}","templated":true}]}}