{"id":2267,"date":"2024-02-21T23:36:48","date_gmt":"2024-02-21T22:36:48","guid":{"rendered":"https:\/\/cottbus-crayfish.de\/shop\/?page_id=2267"},"modified":"2025-11-07T21:37:30","modified_gmt":"2025-11-07T20:37:30","slug":"zahlungs-und-versandinformationen","status":"publish","type":"page","link":"https:\/\/cottbus-crayfish.de\/shop\/rechtshinweise\/zahlungs-und-versandinformationen\/","title":{"rendered":"Zahlungs- und Versandinformationen"},"content":{"rendered":"<div class=\"wpb-content-wrapper\"><p>[vc_row][vc_column][vc_column_text css=&#8220;&#8220;]<\/p>\n<h4>Es gelten folgende Zahlungs- und Versandinformationen<\/h4>\n<p><strong>Liefergebiet:<\/strong><\/p>\n<ul>\n<li>Lieferung erfolgt nur im Inland (Deutschland)<\/li>\n<\/ul>\n<p><strong>Versandarten:<\/strong><\/p>\n<ul>\n<li><strong>Standardversand <\/strong><em>(DHL)<\/em><\/li>\n<\/ul>\n<p><strong>Versandkosten:<\/strong><\/p>\n<ul>\n<li><strong>Standardversand<\/strong> <em>(Deutschland)<\/em><br \/>\nBriefversand: 1,99 \u20ac<em><br \/>\nGro\u00dfbrief: 2,09 \u20ac<br \/>\nVersandtasche (bis 1kg &amp; max 5cm H\u00f6he): 4,09 \u20ac<\/em><br \/>\nP\u00e4ckchen S <em>(bis 2 kg &#8211; 35x25x10cm)<\/em> &#8211; 5,09 \u20ac<br \/>\nP\u00e4ckchen M <em>(bis 2 kg &#8211; 60x30x15cm)<\/em> &#8211; 6,49 \u20ac<\/li>\n<\/ul>\n<p><strong>Lieferzeiten:<br \/>\n<\/strong>Alle Produkte sind Lagerwaren oder mit nicht Verf\u00fcgbar gekennzeichnet. Sammel- oder Vorbestellungen werden beim Hersteller angefertigt. F\u00fcr die Fertigungszeit beim Hersteller gibt es keine festen Produktionszeitr\u00e4ume. Nach dem Erhalt der Ware, werden wir diese umgehend an den Kunden versenden.<\/p>\n<ul>\n<li><strong>Briefversand<\/strong> <em>(Deutschland)<\/em><br \/>\n1-2 Werktage<\/li>\n<li><strong>Warensendung<\/strong> <em>(Deutschland)<br \/>\n1-4 Werktage<br \/>\n<\/em><\/li>\n<li><strong>Paketversand<\/strong> <em>(Deutschland)<br \/>\n1 &#8211; 3 Werktage<\/em><\/li>\n<\/ul>\n<p><strong>Zahlungsarten:<br \/>\n<\/strong>Alle angebotenen Zahlungsmethoden sind Vorkasse, da wir Sammelbestellungen t\u00e4tigen mit Lieferzeiten zu einem Datum an welchem die Ware sp\u00e4testens bei Ihnen eintrifft.[\/vc_column_text][\/vc_column][\/vc_row][vc_row][vc_column][vc_column_text]<div class=\"woocommerce woocommerce-gzd\">\n\t<ul class=\"payment_methods methods\">\n\t\t\t\t\t<li class=\"payment_method_ppcp-bancontact\">\n\t\t\t\t<label>Bancontact<img decoding=\"async\" src=\"https:\/\/www.paypalobjects.com\/images\/checkout\/alternative_payments\/paypal_bancontact_color.svg\" alt=\"Bancontact\" \/><\/label>\n\t\t\t\t\t\t\t<\/li>\n\t\t\t\t\t<li class=\"payment_method_ppcp-blik\">\n\t\t\t\t<label>Blik<img decoding=\"async\" src=\"https:\/\/www.paypalobjects.com\/images\/checkout\/alternative_payments\/paypal_blik_color.svg\" alt=\"Blik\" \/><\/label>\n\t\t\t\t\t\t\t<\/li>\n\t\t\t\t\t<li class=\"payment_method_ppcp-eps\">\n\t\t\t\t<label>EPS<img decoding=\"async\" src=\"https:\/\/www.paypalobjects.com\/images\/checkout\/alternative_payments\/paypal_eps_color.svg\" alt=\"EPS\" \/><\/label>\n\t\t\t\t\t\t\t<\/li>\n\t\t\t\t\t<li class=\"payment_method_ppcp-ideal\">\n\t\t\t\t<label>iDeal<img decoding=\"async\" src=\"https:\/\/www.paypalobjects.com\/images\/checkout\/alternative_payments\/paypal_ideal_color.svg\" alt=\"iDeal\" \/><\/label>\n\t\t\t\t\t\t\t<\/li>\n\t\t\t\t\t<li class=\"payment_method_ppcp-mybank\">\n\t\t\t\t<label>MyBank<img decoding=\"async\" src=\"https:\/\/www.paypalobjects.com\/images\/checkout\/alternative_payments\/paypal_mybank_color.svg\" alt=\"MyBank\" \/><\/label>\n\t\t\t\t\t\t\t<\/li>\n\t\t\t\t\t<li class=\"payment_method_ppcp-p24\">\n\t\t\t\t<label>Przelewy24<img decoding=\"async\" src=\"https:\/\/www.paypalobjects.com\/images\/checkout\/alternative_payments\/paypal_przelewy24_color.svg\" alt=\"Przelewy24\" \/><\/label>\n\t\t\t\t\t\t\t<\/li>\n\t\t\t\t\t<li class=\"payment_method_ppcp-trustly\">\n\t\t\t\t<label>Trustly<img decoding=\"async\" src=\"https:\/\/www.paypalobjects.com\/images\/checkout\/alternative_payments\/paypal_trustly_color.svg\" alt=\"Trustly\" \/><\/label>\n\t\t\t\t\t\t\t<\/li>\n\t\t\t\t\t<li class=\"payment_method_ppcp-multibanco\">\n\t\t\t\t<label>Multibanco<img decoding=\"async\" src=\"https:\/\/www.paypalobjects.com\/images\/checkout\/alternative_payments\/paypal_multibanco_color.svg\" alt=\"Multibanco\" \/><\/label>\n\t\t\t\t\t\t\t<\/li>\n\t\t\t\t\t<li class=\"payment_method_ppcp-gateway\">\n\t\t\t\t<label>PayPal (bevorzugt)<\/label>\n\t\t\t\t\t\t\t\t\t<div class=\"payment_box payment_method_ppcp-gateway\">\n\t\t\t\t\t\t<p>PayPal ist ein Online-Zahlungssystem. PayPal ist die sicherste Art, online zu bezahlen, ohne Ihre Daten preiszugeben. Mit nur wenigen Klicks k\u00f6nnen Sie mit Ihrem Bankkonto oder Ihrer Kreditkarte kaufen und bezahlen. PayPal-Bestellungen werden nur akzeptiert, wenn sie von einem verifizierten PayPal-Konto aus bezahlt werden.<\/p>\n\t\t\t\t\t<\/div>\n\t\t\t\t\t\t\t<\/li>\n\t\t\t<\/ul>\n<\/div>[\/vc_column_text][\/vc_column][\/vc_row]<\/p>\n<\/div>","protected":false},"excerpt":{"rendered":"<p>[vc_row][vc_column][vc_column_text css=&#8220;&#8220;] Es gelten folgende Zahlungs- und Versandinformationen Liefergebiet: Lieferung erfolgt nur im Inland (Deutschland) Versandarten: Standardversand (DHL) Versandkosten: Standardversand (Deutschland) Briefversand: 1,99 \u20ac Gro\u00dfbrief: 2,09 \u20ac Versandtasche (bis 1kg &amp; max 5cm H\u00f6he): 4,09 \u20ac P\u00e4ckchen S (bis 2 kg &#8211; 35x25x10cm) &#8211; 5,09 \u20ac P\u00e4ckchen M (bis 2 kg &#8211; 60x30x15cm) &#8211; 6,49 [&hellip;]<\/p>\n","protected":false},"author":2,"featured_media":0,"parent":2452,"menu_order":2,"comment_status":"closed","ping_status":"closed","template":"","meta":{"_acf_changed":false,"footnotes":""},"class_list":["post-2267","page","type-page","status-publish","hentry","no-thumb"],"acf":[],"jetpack-related-posts":[{"id":1499,"url":"https:\/\/cottbus-crayfish.de\/shop\/rechtshinweise\/agb\/","url_meta":{"origin":2267,"position":0},"title":"Allgemeine Gesch\u00e4ftsbedingungen","author":"Robert Burwitz","date":"13. Februar 2024","format":false,"excerpt":"[vc_row][vc_column][vc_column_text]Allgemeine Gesch\u00e4ftsbedingungen des Cottbus Crayfish Shop f\u00fcr Saisontickets und Fantrikots \u00a71 Geltung gegen\u00fcber Unternehmern und Begriffsdefinitionen (1) Die nachfolgenden Allgemeinen Gesch\u00e4ftbedingungen gelten f\u00fcr alle Lieferungen zwischen uns und einem Verbraucher in ihrer zum Zeitpunkt der Bestellung g\u00fcltigen Fassung. Verbraucher ist jede nat\u00fcrliche Person, die ein Rechtsgesch\u00e4ft zu Zwecken abschlie\u00dft, die\u2026","rel":"","context":"\u00c4hnlicher Beitrag","block_context":{"text":"\u00c4hnlicher Beitrag","link":""},"img":{"alt_text":"","src":"","width":0,"height":0},"classes":[]},{"id":1851,"url":"https:\/\/cottbus-crayfish.de\/shop\/rechtshinweise\/widerrufsbelehrung\/","url_meta":{"origin":2267,"position":1},"title":"Widerrufsbelehrung","author":"Bj\u00f6rn W\u00f6hrle","date":"12. Juni 2018","format":false,"excerpt":"[vc_row][vc_column][vc_column_text]Widerrufsrecht Sie haben das Recht, binnen vierzehn Tagen ohne Angabe von Gr\u00fcnden diesen Vertrag zu widerrufen. Die Widerrufsfrist betr\u00e4gt vierzehn Tage, ab dem Tag, an dem Sie oder ein von Ihnen benannter Dritter, der nicht der Bef\u00f6rderer ist, die Waren in Besitz genommen haben bzw. hat. Um Ihr Widerrufsrecht auszu\u00fcben,\u2026","rel":"","context":"\u00c4hnlicher Beitrag","block_context":{"text":"\u00c4hnlicher Beitrag","link":""},"img":{"alt_text":"","src":"https:\/\/i0.wp.com\/cottbus-crayfish.de\/shop\/wp-content\/uploads\/sites\/4\/2024\/02\/Vorschau-Widerrufsformular-scaled.webp?resize=350%2C200&ssl=1","width":350,"height":200},"classes":[]},{"id":729,"url":"https:\/\/cottbus-crayfish.de\/shop\/rechtshinweise\/datenschutzerklaerung\/","url_meta":{"origin":2267,"position":2},"title":"Datenschutzerkl\u00e4rung","author":"Robert Burwitz","date":"12. Juni 2018","format":false,"excerpt":"[vc_row][vc_column][vc_column_text]Mit dieser Datenschutzerkl\u00e4rung m\u00f6chten wir Sie \u00fcber Art, Umfang und Zweck der Verarbeitung von personenbezogenen Daten (im Folgenden auch nur als \"Daten\" bezeichnet) aufkl\u00e4ren. Personenbezogene Daten sind alle Daten, die einen pers\u00f6nlichen Bezug zu Ihnen aufweisen, z. B. Name, Adresse, E-Mail-Adresse oder Ihr Nutzerverhalten. Die Datenschutzerkl\u00e4rung gilt f\u00fcr alle von\u2026","rel":"","context":"\u00c4hnlicher Beitrag","block_context":{"text":"\u00c4hnlicher Beitrag","link":""},"img":{"alt_text":"","src":"","width":0,"height":0},"classes":[]},{"id":1497,"url":"https:\/\/cottbus-crayfish.de\/shop\/rechtshinweise\/impressum\/","url_meta":{"origin":2267,"position":3},"title":"Impressum","author":"Robert Burwitz","date":"13. Februar 2024","format":false,"excerpt":"[vc_row full_width=\"stretch_row\" content_placement=\"top\" css=\".vc_custom_1708013219758{padding-bottom: 25px !important;}\"][vc_column width=\"2\/3\"][vc_column_text] Angaben gem\u00e4\u00df \u00a7 5 TMG: 1. American Sports Club Cottbus \u201eCottbus Crayfish\u201c e.V. Elisabeth-Wolf-Str. 5 03042 Cottbus Vertreten durch: 1. Vorsitzender: J\u00f6rg Steudtner 2. Vorsitzender: Marcel Engelmann Kontakt: Telefon: +49 (0)176 - 432 559 23 (WhatsApp\/SMS\/Call) Email: shop@cottbus-crayfish.de Weitere Kontaktm\u00f6glichkeiten findest du unter\u00a0Kontakt.\u2026","rel":"","context":"\u00c4hnlicher Beitrag","block_context":{"text":"\u00c4hnlicher Beitrag","link":""},"img":{"alt_text":"","src":"","width":0,"height":0},"classes":[]},{"id":1976,"url":"https:\/\/cottbus-crayfish.de\/shop\/kontakt\/","url_meta":{"origin":2267,"position":4},"title":"Kontakt","author":"Bj\u00f6rn W\u00f6hrle","date":"8. September 2022","format":false,"excerpt":"[vc_row css=\".vc_custom_1708423295490{margin-bottom: 30px !important;}\"][vc_column css=\".vc_custom_1476444006828{margin-bottom: 10px !important;padding-top: 25px !important;}\"][vc_column_text css=\".vc_custom_1708420931807{margin-bottom: 32px !important;}\"] Sie m\u00f6chten mit uns Kontakt aufnehmen? Kein Problem. Hier finden Sie die Kontaktdaten f\u00fcr unseren Onlineshop oder Sie nutzen einfach das Formular rechts und wir werden Ihr Anliegen umgehend bearbeiten.[\/vc_column_text][vc_row_inner][vc_column_inner width=\"1\/2\"][vc_single_image image=\"2220\" img_size=\"full\" style=\"vc_box_rounded\"][vc_column_text] 1.ASC Cottbus \" Cottbus\u2026","rel":"","context":"\u00c4hnlicher Beitrag","block_context":{"text":"\u00c4hnlicher Beitrag","link":""},"img":{"alt_text":"","src":"","width":0,"height":0},"classes":[]},{"id":1220,"url":"https:\/\/cottbus-crayfish.de\/shop\/","url_meta":{"origin":2267,"position":5},"title":"Home","author":"Bj\u00f6rn W\u00f6hrle","date":"27. Dezember 2022","format":false,"excerpt":"[vc_row full_width=\"stretch_row_content_no_spaces\" bg_type=\"image\" css=\".vc_custom_1772876904067{background-image: url(https:\/\/cottbus-crayfish.de\/shop\/wp-content\/uploads\/sites\/4\/2024\/10\/Head-2025.png?id=3901) !important;background-position: 0 0 !important;background-repeat: no-repeat !important;}\"][vc_column parallax=\"content-moving\"][\/vc_column][\/vc_row][vc_row el_class=\"supro-no-margin\"][vc_column css=\".vc_custom_1730194960640{padding-top: 25px !important;padding-bottom: 25px !important;}\"][\/vc_column][\/vc_row][vc_row bg_type=\"bg_color\" bg_override=\"full\" bg_color_value=\"#AD0000\" row_title=\"Shop-Kategorien\" css=\".vc_custom_1772882347697{margin-bottom: 15px !important;}\"][vc_column][\/vc_column][\/vc_row][vc_row][vc_column][\/vc_column][\/vc_row][vc_row overlay=\"#FFFFFFCF\"][vc_column][vc_custom_heading text=\"LETZTE CRAYFISH NEWS\" font_container=\"tag:h2|font_size:20|text_align:left|color:%23FFFFFF\" use_theme_fonts=\"yes\" css=\".vc_custom_1772889791395{margin-top: 0px !important;margin-bottom: 0px !important;padding-top: 5px !important;padding-bottom: 5px !important;padding-left: 10px !important;background-color: #AD0000 !important;border-radius: 10px !important;}\" t_supro_heading=\"\" m_supro_heading=\"\"][vc_column_text css=\".vc_custom_1772890018869{margin-top: 5px\u2026","rel":"","context":"\u00c4hnlicher Beitrag","block_context":{"text":"\u00c4hnlicher Beitrag","link":""},"img":{"alt_text":"","src":"","width":0,"height":0},"classes":[]}],"jetpack_sharing_enabled":false,"_links":{"self":[{"href":"https:\/\/cottbus-crayfish.de\/shop\/wp-json\/wp\/v2\/pages\/2267","targetHints":{"allow":["GET"]}}],"collection":[{"href":"https:\/\/cottbus-crayfish.de\/shop\/wp-json\/wp\/v2\/pages"}],"about":[{"href":"https:\/\/cottbus-crayfish.de\/shop\/wp-json\/wp\/v2\/types\/page"}],"author":[{"embeddable":true,"href":"https:\/\/cottbus-crayfish.de\/shop\/wp-json\/wp\/v2\/users\/2"}],"replies":[{"embeddable":true,"href":"https:\/\/cottbus-crayfish.de\/shop\/wp-json\/wp\/v2\/comments?post=2267"}],"version-history":[{"count":8,"href":"https:\/\/cottbus-crayfish.de\/shop\/wp-json\/wp\/v2\/pages\/2267\/revisions"}],"predecessor-version":[{"id":5954,"href":"https:\/\/cottbus-crayfish.de\/shop\/wp-json\/wp\/v2\/pages\/2267\/revisions\/5954"}],"up":[{"embeddable":true,"href":"https:\/\/cottbus-crayfish.de\/shop\/wp-json\/wp\/v2\/pages\/2452"}],"wp:attachment":[{"href":"https:\/\/cottbus-crayfish.de\/shop\/wp-json\/wp\/v2\/media?parent=2267"}],"curies":[{"name":"wp","href":"https:\/\/api.w.org\/{rel}","templated":true}]}}