{"id":8,"date":"2023-04-08T20:53:44","date_gmt":"2023-04-08T18:53:44","guid":{"rendered":"https:\/\/cottbus-crayfish.de\/teamshop\/mein-konto\/"},"modified":"2024-03-17T10:14:18","modified_gmt":"2024-03-17T09:14:18","slug":"mein-konto","status":"publish","type":"page","link":"https:\/\/cottbus-crayfish.de\/shop\/bestellverwaltung\/mein-konto\/","title":{"rendered":"Mein Konto"},"content":{"rendered":"<div class=\"woocommerce\"><\/div>\n","protected":false},"excerpt":{"rendered":"","protected":false},"author":1,"featured_media":0,"parent":2450,"menu_order":3,"comment_status":"closed","ping_status":"closed","template":"","meta":{"_acf_changed":false,"footnotes":""},"class_list":["post-8","page","type-page","status-publish","hentry","no-thumb"],"acf":[],"jetpack-related-posts":[{"id":729,"url":"https:\/\/cottbus-crayfish.de\/shop\/rechtshinweise\/datenschutzerklaerung\/","url_meta":{"origin":8,"position":0},"title":"Datenschutzerkl\u00e4rung","author":"Robert Burwitz","date":"12. Juni 2018","format":false,"excerpt":"[vc_row][vc_column][vc_column_text]Mit dieser Datenschutzerkl\u00e4rung m\u00f6chten wir Sie \u00fcber Art, Umfang und Zweck der Verarbeitung von personenbezogenen Daten (im Folgenden auch nur als \"Daten\" bezeichnet) aufkl\u00e4ren. Personenbezogene Daten sind alle Daten, die einen pers\u00f6nlichen Bezug zu Ihnen aufweisen, z. B. Name, Adresse, E-Mail-Adresse oder Ihr Nutzerverhalten. Die Datenschutzerkl\u00e4rung gilt f\u00fcr alle von\u2026","rel":"","context":"\u00c4hnlicher Beitrag","block_context":{"text":"\u00c4hnlicher Beitrag","link":""},"img":{"alt_text":"","src":"","width":0,"height":0},"classes":[]},{"id":1499,"url":"https:\/\/cottbus-crayfish.de\/shop\/rechtshinweise\/agb\/","url_meta":{"origin":8,"position":1},"title":"Allgemeine Gesch\u00e4ftsbedingungen","author":"Robert Burwitz","date":"13. Februar 2024","format":false,"excerpt":"[vc_row][vc_column][vc_column_text]Allgemeine Gesch\u00e4ftsbedingungen des Cottbus Crayfish Shop f\u00fcr Saisontickets und Fantrikots \u00a71 Geltung gegen\u00fcber Unternehmern und Begriffsdefinitionen (1) Die nachfolgenden Allgemeinen Gesch\u00e4ftbedingungen gelten f\u00fcr alle Lieferungen zwischen uns und einem Verbraucher in ihrer zum Zeitpunkt der Bestellung g\u00fcltigen Fassung. Verbraucher ist jede nat\u00fcrliche Person, die ein Rechtsgesch\u00e4ft zu Zwecken abschlie\u00dft, die\u2026","rel":"","context":"\u00c4hnlicher Beitrag","block_context":{"text":"\u00c4hnlicher Beitrag","link":""},"img":{"alt_text":"","src":"","width":0,"height":0},"classes":[]}],"jetpack_sharing_enabled":false,"_links":{"self":[{"href":"https:\/\/cottbus-crayfish.de\/shop\/wp-json\/wp\/v2\/pages\/8","targetHints":{"allow":["GET"]}}],"collection":[{"href":"https:\/\/cottbus-crayfish.de\/shop\/wp-json\/wp\/v2\/pages"}],"about":[{"href":"https:\/\/cottbus-crayfish.de\/shop\/wp-json\/wp\/v2\/types\/page"}],"author":[{"embeddable":true,"href":"https:\/\/cottbus-crayfish.de\/shop\/wp-json\/wp\/v2\/users\/1"}],"replies":[{"embeddable":true,"href":"https:\/\/cottbus-crayfish.de\/shop\/wp-json\/wp\/v2\/comments?post=8"}],"version-history":[{"count":3,"href":"https:\/\/cottbus-crayfish.de\/shop\/wp-json\/wp\/v2\/pages\/8\/revisions"}],"predecessor-version":[{"id":2180,"href":"https:\/\/cottbus-crayfish.de\/shop\/wp-json\/wp\/v2\/pages\/8\/revisions\/2180"}],"up":[{"embeddable":true,"href":"https:\/\/cottbus-crayfish.de\/shop\/wp-json\/wp\/v2\/pages\/2450"}],"wp:attachment":[{"href":"https:\/\/cottbus-crayfish.de\/shop\/wp-json\/wp\/v2\/media?parent=8"}],"curies":[{"name":"wp","href":"https:\/\/api.w.org\/{rel}","templated":true}]}}