{"id":1039,"date":"2017-12-15T03:56:53","date_gmt":"2017-12-15T02:56:53","guid":{"rendered":"https:\/\/woocommercecore.mystagingwebsite.com\/?product=beanie-with-logo"},"modified":"2026-04-25T18:39:56","modified_gmt":"2026-04-25T16:39:56","slug":"fantrikot-unisex","status":"publish","type":"product","link":"https:\/\/cottbus-crayfish.de\/shop\/produkt\/fantrikot-unisex\/","title":{"rendered":"Fan-Trikot mit der Nr.12 &#8211; Saison 2024 (Unisex)"},"content":{"rendered":"<div class=\"wpb-content-wrapper\"><p>[vc_row][vc_column width=&#8220;1\/2&#8243; offset=&#8220;vc_col-lg-6 vc_col-md-5&#8243;][vc_custom_heading text=&#8220;Hinweise&#8220; font_container=&#8220;tag:h2|font_size:24px|text_align:left&#8220; use_theme_fonts=&#8220;yes&#8220; css=&#8220;.vc_custom_1730202588522{margin-top: 0px !important;margin-bottom: 0px !important;}&#8220; font_weight=&#8220;400&#8243; t_supro_heading=&#8220;&#8220; m_supro_heading=&#8220;&#8220;][vc_column_text css=&#8220;&#8220;]<span style=\"color: #000000;\"><strong>Nummer:<\/strong> <em>Die 12 ist f\u00fcr die Fans reserviert und auf das Fan-Shirt aufgedruckt.<br \/>\n<\/em><\/span><span style=\"color: #000000;\"><strong>Individuelle Namen:<\/strong> Ist bei diesem Fan-Shirt nicht m\u00f6glich.<br \/>\n<\/span><\/p>\n<p><span style=\"color: #000000;\"><strong>Lieferung:<\/strong> Die Fan-Shirts werden binnen 2 Tagen versendet, solange der Vorrat reicht.<br \/>\n<\/span><\/p>\n<p><span style=\"color: #ff0000;\"><strong>Hinweis: Da die <em>Fan-Trikots etwas kleiner ausfallen, bitte eine Nummer gr\u00f6\u00dfer bestellen!<br \/>\n<\/em><\/strong><em>Individuallisierte Fan-Shirts sind Aktionen und kommen von Zeit zu Zeit immer mal wieder ins Programm.<\/em><\/span>[\/vc_column_text]<div class=\"supro-empty-space \" style=\"\"><div class=\"supro_empty_space_lg\"  style=\"height: 55px\"><\/div><div class=\"supro_empty_space_md\"  style=\"height: 55px\"><\/div><div class=\"supro_empty_space_xs\"  style=\"height: 55px\"><\/div><\/div>[\/vc_column][vc_column width=&#8220;1\/2&#8243;][vc_custom_heading text=&#8220;Sonstiges&#8220; font_container=&#8220;tag:h2|font_size:24px|text_align:left&#8220; use_theme_fonts=&#8220;yes&#8220; css=&#8220;.vc_custom_1682107113226{margin-top: 0px !important;margin-bottom: 0px !important;}&#8220; font_weight=&#8220;400&#8243; t_supro_heading=&#8220;&#8220; m_supro_heading=&#8220;&#8220;][vc_column_text]Unisex, Herren und Damen<\/p>\n<p>Material: Trikotstoff, T-Shirt-Schnitt[\/vc_column_text]<div class=\"supro-empty-space \" style=\"\"><div class=\"supro_empty_space_lg\"  style=\"height: 0px\"><\/div><div class=\"supro_empty_space_md\"  style=\"height: 40px\"><\/div><div class=\"supro_empty_space_xs\"  style=\"height: 40px\"><\/div><\/div>[\/vc_column][\/vc_row]<\/p>\n<\/div>","protected":false},"excerpt":{"rendered":"<div class=\"woocommerce-product-details__short-description\">\n<p><span style=\"color: #000000;\">Fan-Trikot mit der Nr.12 im T-Shirt-Schnitt und Optik der Saison 2024. Die Trikots sind Unisex, also sowohl f\u00fcr Damen und Herren.<\/span><\/p>\n<\/div>\n<p><span style=\"color: #000000;\">Bitte beachten Sie die<\/span> <a href=\"https:\/\/cottbus-crayfish.de\/shop\/groessenuebersicht\/\">Gr\u00f6\u00dfentabelle<\/a>.<\/p>\n<form class=\"variations_form cart swatches-support\" action=\"https:\/\/cottbus-crayfish.de\/teamshop\/produkt\/fantrikot-30-jahre-kids\/\" enctype=\"multipart\/form-data\" method=\"post\" data-product_id=\"1268\" data-product_variations=\"[{&quot;attributes&quot;:{&quot;attribute_pa_size-child&quot;:&quot;size-child-128&quot;,&quot;attribute_indiv-nummer&quot;:&quot;&quot;},&quot;availability_html&quot;:&quot;&quot;,&quot;backorders_allowed&quot;:false,&quot;dimensions&quot;:{&quot;length&quot;:&quot;99&quot;,&quot;width&quot;:&quot;99&quot;,&quot;height&quot;:&quot;99&quot;},&quot;dimensions_html&quot;:&quot;99 &amp;times; 99 &amp;times; 99 cm&quot;,&quot;display_price&quot;:50,&quot;display_regular_price&quot;:50,&quot;image&quot;:{&quot;title&quot;:&quot;Fan-Trikot-front&quot;,&quot;caption&quot;:&quot;&quot;,&quot;url&quot;:&quot;https:\\\/\\\/cottbus-crayfish.de\\\/teamshop\\\/wp-content\\\/uploads\\\/sites\\\/4\\\/2023\\\/04\\\/Fan-Trikot-front.png&quot;,&quot;alt&quot;:&quot;Fan-Trikot-front&quot;,&quot;src&quot;:&quot;https:\\\/\\\/i0.wp.com\\\/cottbus-crayfish.de\\\/teamshop\\\/wp-content\\\/uploads\\\/sites\\\/4\\\/2023\\\/04\\\/Fan-Trikot-front.png?fit=600%2C585&amp;ssl=1&quot;,&quot;srcset&quot;:&quot;https:\\\/\\\/i0.wp.com\\\/cottbus-crayfish.de\\\/teamshop\\\/wp-content\\\/uploads\\\/sites\\\/4\\\/2023\\\/04\\\/Fan-Trikot-front.png?w=1170&amp;ssl=1 1170w, https:\\\/\\\/i0.wp.com\\\/cottbus-crayfish.de\\\/teamshop\\\/wp-content\\\/uploads\\\/sites\\\/4\\\/2023\\\/04\\\/Fan-Trikot-front.png?resize=300%2C293&amp;ssl=1 300w, https:\\\/\\\/i0.wp.com\\\/cottbus-crayfish.de\\\/teamshop\\\/wp-content\\\/uploads\\\/sites\\\/4\\\/2023\\\/04\\\/Fan-Trikot-front.png?resize=1024%2C999&amp;ssl=1 1024w, https:\\\/\\\/i0.wp.com\\\/cottbus-crayfish.de\\\/teamshop\\\/wp-content\\\/uploads\\\/sites\\\/4\\\/2023\\\/04\\\/Fan-Trikot-front.png?resize=768%2C749&amp;ssl=1 768w, https:\\\/\\\/i0.wp.com\\\/cottbus-crayfish.de\\\/teamshop\\\/wp-content\\\/uploads\\\/sites\\\/4\\\/2023\\\/04\\\/Fan-Trikot-front.png?resize=600%2C585&amp;ssl=1 600w&quot;,&quot;sizes&quot;:&quot;(max-width: 600px) 100vw, 600px&quot;,&quot;full_src&quot;:&quot;https:\\\/\\\/i0.wp.com\\\/cottbus-crayfish.de\\\/teamshop\\\/wp-content\\\/uploads\\\/sites\\\/4\\\/2023\\\/04\\\/Fan-Trikot-front.png?fit=1170%2C1141&amp;ssl=1&quot;,&quot;full_src_w&quot;:1170,&quot;full_src_h&quot;:1141,&quot;gallery_thumbnail_src&quot;:&quot;https:\\\/\\\/i0.wp.com\\\/cottbus-crayfish.de\\\/teamshop\\\/wp-content\\\/uploads\\\/sites\\\/4\\\/2023\\\/04\\\/Fan-Trikot-front.png?fit=100%2C98&amp;ssl=1&quot;,&quot;gallery_thumbnail_src_w&quot;:100,&quot;gallery_thumbnail_src_h&quot;:98,&quot;thumb_src&quot;:&quot;https:\\\/\\\/i0.wp.com\\\/cottbus-crayfish.de\\\/teamshop\\\/wp-content\\\/uploads\\\/sites\\\/4\\\/2023\\\/04\\\/Fan-Trikot-front.png?resize=400%2C400&amp;ssl=1&quot;,&quot;thumb_src_w&quot;:400,&quot;thumb_src_h&quot;:400,&quot;src_w&quot;:600,&quot;src_h&quot;:585},&quot;image_id&quot;:1335,&quot;is_downloadable&quot;:false,&quot;is_in_stock&quot;:true,&quot;is_purchasable&quot;:true,&quot;is_sold_individually&quot;:&quot;no&quot;,&quot;is_virtual&quot;:false,&quot;max_qty&quot;:&quot;&quot;,&quot;min_qty&quot;:1,&quot;price_html&quot;:&quot;&quot;,&quot;sku&quot;:&quot;fantrikot-kids&quot;,&quot;variation_description&quot;:&quot;&quot;,&quot;variation_id&quot;:1277,&quot;variation_is_active&quot;:true,&quot;variation_is_visible&quot;:true,&quot;weight&quot;:&quot;.2&quot;,&quot;weight_html&quot;:&quot;,2 kg&quot;},{&quot;attributes&quot;:{&quot;attribute_pa_size-child&quot;:&quot;size-child-140&quot;,&quot;attribute_indiv-nummer&quot;:&quot;&quot;},&quot;availability_html&quot;:&quot;&quot;,&quot;backorders_allowed&quot;:false,&quot;dimensions&quot;:{&quot;length&quot;:&quot;99&quot;,&quot;width&quot;:&quot;99&quot;,&quot;height&quot;:&quot;99&quot;},&quot;dimensions_html&quot;:&quot;99 &amp;times; 99 &amp;times; 99 cm&quot;,&quot;display_price&quot;:50,&quot;display_regular_price&quot;:50,&quot;image&quot;:{&quot;title&quot;:&quot;Fan-Trikot-front&quot;,&quot;caption&quot;:&quot;&quot;,&quot;url&quot;:&quot;https:\\\/\\\/cottbus-crayfish.de\\\/teamshop\\\/wp-content\\\/uploads\\\/sites\\\/4\\\/2023\\\/04\\\/Fan-Trikot-front.png&quot;,&quot;alt&quot;:&quot;Fan-Trikot-front&quot;,&quot;src&quot;:&quot;https:\\\/\\\/i0.wp.com\\\/cottbus-crayfish.de\\\/teamshop\\\/wp-content\\\/uploads\\\/sites\\\/4\\\/2023\\\/04\\\/Fan-Trikot-front.png?fit=600%2C585&amp;ssl=1&quot;,&quot;srcset&quot;:&quot;https:\\\/\\\/i0.wp.com\\\/cottbus-crayfish.de\\\/teamshop\\\/wp-content\\\/uploads\\\/sites\\\/4\\\/2023\\\/04\\\/Fan-Trikot-front.png?w=1170&amp;ssl=1 1170w, https:\\\/\\\/i0.wp.com\\\/cottbus-crayfish.de\\\/teamshop\\\/wp-content\\\/uploads\\\/sites\\\/4\\\/2023\\\/04\\\/Fan-Trikot-front.png?resize=300%2C293&amp;ssl=1 300w, https:\\\/\\\/i0.wp.com\\\/cottbus-crayfish.de\\\/teamshop\\\/wp-content\\\/uploads\\\/sites\\\/4\\\/2023\\\/04\\\/Fan-Trikot-front.png?resize=1024%2C999&amp;ssl=1 1024w, https:\\\/\\\/i0.wp.com\\\/cottbus-crayfish.de\\\/teamshop\\\/wp-content\\\/uploads\\\/sites\\\/4\\\/2023\\\/04\\\/Fan-Trikot-front.png?resize=768%2C749&amp;ssl=1 768w, https:\\\/\\\/i0.wp.com\\\/cottbus-crayfish.de\\\/teamshop\\\/wp-content\\\/uploads\\\/sites\\\/4\\\/2023\\\/04\\\/Fan-Trikot-front.png?resize=600%2C585&amp;ssl=1 600w&quot;,&quot;sizes&quot;:&quot;(max-width: 600px) 100vw, 600px&quot;,&quot;full_src&quot;:&quot;https:\\\/\\\/i0.wp.com\\\/cottbus-crayfish.de\\\/teamshop\\\/wp-content\\\/uploads\\\/sites\\\/4\\\/2023\\\/04\\\/Fan-Trikot-front.png?fit=1170%2C1141&amp;ssl=1&quot;,&quot;full_src_w&quot;:1170,&quot;full_src_h&quot;:1141,&quot;gallery_thumbnail_src&quot;:&quot;https:\\\/\\\/i0.wp.com\\\/cottbus-crayfish.de\\\/teamshop\\\/wp-content\\\/uploads\\\/sites\\\/4\\\/2023\\\/04\\\/Fan-Trikot-front.png?fit=100%2C98&amp;ssl=1&quot;,&quot;gallery_thumbnail_src_w&quot;:100,&quot;gallery_thumbnail_src_h&quot;:98,&quot;thumb_src&quot;:&quot;https:\\\/\\\/i0.wp.com\\\/cottbus-crayfish.de\\\/teamshop\\\/wp-content\\\/uploads\\\/sites\\\/4\\\/2023\\\/04\\\/Fan-Trikot-front.png?resize=400%2C400&amp;ssl=1&quot;,&quot;thumb_src_w&quot;:400,&quot;thumb_src_h&quot;:400,&quot;src_w&quot;:600,&quot;src_h&quot;:585},&quot;image_id&quot;:1335,&quot;is_downloadable&quot;:false,&quot;is_in_stock&quot;:true,&quot;is_purchasable&quot;:true,&quot;is_sold_individually&quot;:&quot;no&quot;,&quot;is_virtual&quot;:false,&quot;max_qty&quot;:&quot;&quot;,&quot;min_qty&quot;:1,&quot;price_html&quot;:&quot;&quot;,&quot;sku&quot;:&quot;fantrikot-kids&quot;,&quot;variation_description&quot;:&quot;&quot;,&quot;variation_id&quot;:1278,&quot;variation_is_active&quot;:true,&quot;variation_is_visible&quot;:true,&quot;weight&quot;:&quot;.2&quot;,&quot;weight_html&quot;:&quot;,2 kg&quot;},{&quot;attributes&quot;:{&quot;attribute_pa_size-child&quot;:&quot;size-child-152&quot;,&quot;attribute_indiv-nummer&quot;:&quot;&quot;},&quot;availability_html&quot;:&quot;&quot;,&quot;backorders_allowed&quot;:false,&quot;dimensions&quot;:{&quot;length&quot;:&quot;99&quot;,&quot;width&quot;:&quot;99&quot;,&quot;height&quot;:&quot;99&quot;},&quot;dimensions_html&quot;:&quot;99 &amp;times; 99 &amp;times; 99 cm&quot;,&quot;display_price&quot;:50,&quot;display_regular_price&quot;:50,&quot;image&quot;:{&quot;title&quot;:&quot;Fan-Trikot-front&quot;,&quot;caption&quot;:&quot;&quot;,&quot;url&quot;:&quot;https:\\\/\\\/cottbus-crayfish.de\\\/teamshop\\\/wp-content\\\/uploads\\\/sites\\\/4\\\/2023\\\/04\\\/Fan-Trikot-front.png&quot;,&quot;alt&quot;:&quot;Fan-Trikot-front&quot;,&quot;src&quot;:&quot;https:\\\/\\\/i0.wp.com\\\/cottbus-crayfish.de\\\/teamshop\\\/wp-content\\\/uploads\\\/sites\\\/4\\\/2023\\\/04\\\/Fan-Trikot-front.png?fit=600%2C585&amp;ssl=1&quot;,&quot;srcset&quot;:&quot;https:\\\/\\\/i0.wp.com\\\/cottbus-crayfish.de\\\/teamshop\\\/wp-content\\\/uploads\\\/sites\\\/4\\\/2023\\\/04\\\/Fan-Trikot-front.png?w=1170&amp;ssl=1 1170w, https:\\\/\\\/i0.wp.com\\\/cottbus-crayfish.de\\\/teamshop\\\/wp-content\\\/uploads\\\/sites\\\/4\\\/2023\\\/04\\\/Fan-Trikot-front.png?resize=300%2C293&amp;ssl=1 300w, https:\\\/\\\/i0.wp.com\\\/cottbus-crayfish.de\\\/teamshop\\\/wp-content\\\/uploads\\\/sites\\\/4\\\/2023\\\/04\\\/Fan-Trikot-front.png?resize=1024%2C999&amp;ssl=1 1024w, https:\\\/\\\/i0.wp.com\\\/cottbus-crayfish.de\\\/teamshop\\\/wp-content\\\/uploads\\\/sites\\\/4\\\/2023\\\/04\\\/Fan-Trikot-front.png?resize=768%2C749&amp;ssl=1 768w, https:\\\/\\\/i0.wp.com\\\/cottbus-crayfish.de\\\/teamshop\\\/wp-content\\\/uploads\\\/sites\\\/4\\\/2023\\\/04\\\/Fan-Trikot-front.png?resize=600%2C585&amp;ssl=1 600w&quot;,&quot;sizes&quot;:&quot;(max-width: 600px) 100vw, 600px&quot;,&quot;full_src&quot;:&quot;https:\\\/\\\/i0.wp.com\\\/cottbus-crayfish.de\\\/teamshop\\\/wp-content\\\/uploads\\\/sites\\\/4\\\/2023\\\/04\\\/Fan-Trikot-front.png?fit=1170%2C1141&amp;ssl=1&quot;,&quot;full_src_w&quot;:1170,&quot;full_src_h&quot;:1141,&quot;gallery_thumbnail_src&quot;:&quot;https:\\\/\\\/i0.wp.com\\\/cottbus-crayfish.de\\\/teamshop\\\/wp-content\\\/uploads\\\/sites\\\/4\\\/2023\\\/04\\\/Fan-Trikot-front.png?fit=100%2C98&amp;ssl=1&quot;,&quot;gallery_thumbnail_src_w&quot;:100,&quot;gallery_thumbnail_src_h&quot;:98,&quot;thumb_src&quot;:&quot;https:\\\/\\\/i0.wp.com\\\/cottbus-crayfish.de\\\/teamshop\\\/wp-content\\\/uploads\\\/sites\\\/4\\\/2023\\\/04\\\/Fan-Trikot-front.png?resize=400%2C400&amp;ssl=1&quot;,&quot;thumb_src_w&quot;:400,&quot;thumb_src_h&quot;:400,&quot;src_w&quot;:600,&quot;src_h&quot;:585},&quot;image_id&quot;:1335,&quot;is_downloadable&quot;:false,&quot;is_in_stock&quot;:true,&quot;is_purchasable&quot;:true,&quot;is_sold_individually&quot;:&quot;no&quot;,&quot;is_virtual&quot;:false,&quot;max_qty&quot;:&quot;&quot;,&quot;min_qty&quot;:1,&quot;price_html&quot;:&quot;&quot;,&quot;sku&quot;:&quot;fantrikot-kids&quot;,&quot;variation_description&quot;:&quot;&quot;,&quot;variation_id&quot;:1279,&quot;variation_is_active&quot;:true,&quot;variation_is_visible&quot;:true,&quot;weight&quot;:&quot;.2&quot;,&quot;weight_html&quot;:&quot;,2 kg&quot;},{&quot;attributes&quot;:{&quot;attribute_pa_size-child&quot;:&quot;size-child-164&quot;,&quot;attribute_indiv-nummer&quot;:&quot;&quot;},&quot;availability_html&quot;:&quot;&quot;,&quot;backorders_allowed&quot;:false,&quot;dimensions&quot;:{&quot;length&quot;:&quot;99&quot;,&quot;width&quot;:&quot;99&quot;,&quot;height&quot;:&quot;99&quot;},&quot;dimensions_html&quot;:&quot;99 &amp;times; 99 &amp;times; 99 cm&quot;,&quot;display_price&quot;:50,&quot;display_regular_price&quot;:50,&quot;image&quot;:{&quot;title&quot;:&quot;Fan-Trikot-front&quot;,&quot;caption&quot;:&quot;&quot;,&quot;url&quot;:&quot;https:\\\/\\\/cottbus-crayfish.de\\\/teamshop\\\/wp-content\\\/uploads\\\/sites\\\/4\\\/2023\\\/04\\\/Fan-Trikot-front.png&quot;,&quot;alt&quot;:&quot;Fan-Trikot-front&quot;,&quot;src&quot;:&quot;https:\\\/\\\/i0.wp.com\\\/cottbus-crayfish.de\\\/teamshop\\\/wp-content\\\/uploads\\\/sites\\\/4\\\/2023\\\/04\\\/Fan-Trikot-front.png?fit=600%2C585&amp;ssl=1&quot;,&quot;srcset&quot;:&quot;https:\\\/\\\/i0.wp.com\\\/cottbus-crayfish.de\\\/teamshop\\\/wp-content\\\/uploads\\\/sites\\\/4\\\/2023\\\/04\\\/Fan-Trikot-front.png?w=1170&amp;ssl=1 1170w, https:\\\/\\\/i0.wp.com\\\/cottbus-crayfish.de\\\/teamshop\\\/wp-content\\\/uploads\\\/sites\\\/4\\\/2023\\\/04\\\/Fan-Trikot-front.png?resize=300%2C293&amp;ssl=1 300w, https:\\\/\\\/i0.wp.com\\\/cottbus-crayfish.de\\\/teamshop\\\/wp-content\\\/uploads\\\/sites\\\/4\\\/2023\\\/04\\\/Fan-Trikot-front.png?resize=1024%2C999&amp;ssl=1 1024w, https:\\\/\\\/i0.wp.com\\\/cottbus-crayfish.de\\\/teamshop\\\/wp-content\\\/uploads\\\/sites\\\/4\\\/2023\\\/04\\\/Fan-Trikot-front.png?resize=768%2C749&amp;ssl=1 768w, https:\\\/\\\/i0.wp.com\\\/cottbus-crayfish.de\\\/teamshop\\\/wp-content\\\/uploads\\\/sites\\\/4\\\/2023\\\/04\\\/Fan-Trikot-front.png?resize=600%2C585&amp;ssl=1 600w&quot;,&quot;sizes&quot;:&quot;(max-width: 600px) 100vw, 600px&quot;,&quot;full_src&quot;:&quot;https:\\\/\\\/i0.wp.com\\\/cottbus-crayfish.de\\\/teamshop\\\/wp-content\\\/uploads\\\/sites\\\/4\\\/2023\\\/04\\\/Fan-Trikot-front.png?fit=1170%2C1141&amp;ssl=1&quot;,&quot;full_src_w&quot;:1170,&quot;full_src_h&quot;:1141,&quot;gallery_thumbnail_src&quot;:&quot;https:\\\/\\\/i0.wp.com\\\/cottbus-crayfish.de\\\/teamshop\\\/wp-content\\\/uploads\\\/sites\\\/4\\\/2023\\\/04\\\/Fan-Trikot-front.png?fit=100%2C98&amp;ssl=1&quot;,&quot;gallery_thumbnail_src_w&quot;:100,&quot;gallery_thumbnail_src_h&quot;:98,&quot;thumb_src&quot;:&quot;https:\\\/\\\/i0.wp.com\\\/cottbus-crayfish.de\\\/teamshop\\\/wp-content\\\/uploads\\\/sites\\\/4\\\/2023\\\/04\\\/Fan-Trikot-front.png?resize=400%2C400&amp;ssl=1&quot;,&quot;thumb_src_w&quot;:400,&quot;thumb_src_h&quot;:400,&quot;src_w&quot;:600,&quot;src_h&quot;:585},&quot;image_id&quot;:1335,&quot;is_downloadable&quot;:false,&quot;is_in_stock&quot;:true,&quot;is_purchasable&quot;:true,&quot;is_sold_individually&quot;:&quot;no&quot;,&quot;is_virtual&quot;:false,&quot;max_qty&quot;:&quot;&quot;,&quot;min_qty&quot;:1,&quot;price_html&quot;:&quot;&quot;,&quot;sku&quot;:&quot;fantrikot-kids&quot;,&quot;variation_description&quot;:&quot;&quot;,&quot;variation_id&quot;:1280,&quot;variation_is_active&quot;:true,&quot;variation_is_visible&quot;:true,&quot;weight&quot;:&quot;.2&quot;,&quot;weight_html&quot;:&quot;,2 kg&quot;}]\"><\/form>\n","protected":false},"author":1,"featured_media":3931,"template":"","meta":{"_acf_changed":false},"product_brand":[],"product_cat":[528],"product_tag":[74,75,76,77,78,79,80],"class_list":{"0":"post-1039","1":"product","2":"type-product","3":"status-publish","4":"has-post-thumbnail","6":"product_cat-kleidung","7":"product_tag-herren","8":"product_tag-damen","9":"product_tag-unisex","10":"product_tag-trikot","11":"product_tag-shirt","12":"product_tag-fantrikot","13":"product_tag-fanshirt","14":"product_shipping_class-versandtasche-1000","15":"","17":"first","18":"outofstock","19":"taxable","20":"shipping-taxable","21":"product-type-variable","22":"has-default-attributes"},"acf":[],"jetpack-related-posts":[{"id":5173,"url":"https:\/\/cottbus-crayfish.de\/shop\/produkt\/t-shirt-schwarz-mit-krebs-und-nr-12\/","url_meta":{"origin":1039,"position":0},"title":"T-Shirt schwarz mit Krebs und Nr. 12","author":"Bj\u00f6rn W\u00f6hrle","date":"6. Juni 2025","format":false,"excerpt":"Schwarzes T-Shirt mit Logo Krebs in weiss und Nr. 12 Krebs-Logo in weiss und der Nummer 12 f\u00fcr die Fans","rel":"","context":"\u00c4hnlicher Beitrag","block_context":{"text":"\u00c4hnlicher Beitrag","link":""},"img":{"alt_text":"","src":"https:\/\/i0.wp.com\/cottbus-crayfish.de\/shop\/wp-content\/uploads\/sites\/4\/2025\/06\/T-Shirt_Black_12er-Krebs.webp?fit=1200%2C1170&ssl=1&resize=350%2C200","width":350,"height":200,"srcset":"https:\/\/i0.wp.com\/cottbus-crayfish.de\/shop\/wp-content\/uploads\/sites\/4\/2025\/06\/T-Shirt_Black_12er-Krebs.webp?fit=1200%2C1170&ssl=1&resize=350%2C200 1x, https:\/\/i0.wp.com\/cottbus-crayfish.de\/shop\/wp-content\/uploads\/sites\/4\/2025\/06\/T-Shirt_Black_12er-Krebs.webp?fit=1200%2C1170&ssl=1&resize=525%2C300 1.5x, https:\/\/i0.wp.com\/cottbus-crayfish.de\/shop\/wp-content\/uploads\/sites\/4\/2025\/06\/T-Shirt_Black_12er-Krebs.webp?fit=1200%2C1170&ssl=1&resize=700%2C400 2x, https:\/\/i0.wp.com\/cottbus-crayfish.de\/shop\/wp-content\/uploads\/sites\/4\/2025\/06\/T-Shirt_Black_12er-Krebs.webp?fit=1200%2C1170&ssl=1&resize=1050%2C600 3x"},"classes":[]},{"id":3919,"url":"https:\/\/cottbus-crayfish.de\/shop\/produkt\/cottbus-crayfish-mini-trikot\/","url_meta":{"origin":1039,"position":1},"title":"Mini-Heimtrikot","author":"Bj\u00f6rn W\u00f6hrle","date":"29. Oktober 2024","format":false,"excerpt":"Cottbus Crayfish Mini-Trikot mit\u00a0 Saugnapf.","rel":"","context":"\u00c4hnlicher Beitrag","block_context":{"text":"\u00c4hnlicher Beitrag","link":""},"img":{"alt_text":"","src":"https:\/\/i0.wp.com\/cottbus-crayfish.de\/shop\/wp-content\/uploads\/sites\/4\/2024\/10\/Mini_Trikot_Auto_Front.webp?fit=1000%2C863&ssl=1&resize=350%2C200","width":350,"height":200,"srcset":"https:\/\/i0.wp.com\/cottbus-crayfish.de\/shop\/wp-content\/uploads\/sites\/4\/2024\/10\/Mini_Trikot_Auto_Front.webp?fit=1000%2C863&ssl=1&resize=350%2C200 1x, https:\/\/i0.wp.com\/cottbus-crayfish.de\/shop\/wp-content\/uploads\/sites\/4\/2024\/10\/Mini_Trikot_Auto_Front.webp?fit=1000%2C863&ssl=1&resize=525%2C300 1.5x, https:\/\/i0.wp.com\/cottbus-crayfish.de\/shop\/wp-content\/uploads\/sites\/4\/2024\/10\/Mini_Trikot_Auto_Front.webp?fit=1000%2C863&ssl=1&resize=700%2C400 2x"},"classes":[]},{"id":5967,"url":"https:\/\/cottbus-crayfish.de\/shop\/produkt\/t-shirt-rot-mit-schrift-schnipp-schnapp-saison-2024\/","url_meta":{"origin":1039,"position":2},"title":"T-Shirt rot mit Schrift &#8222;Schnipp Schnapp&#8220; Saison 2024","author":"Bj\u00f6rn W\u00f6hrle","date":"20. November 2025","format":false,"excerpt":"T-Shirt rot mit Schrift \"Schnipp Schnapp\" und Logo GFL 2 \/ Saison 2024 Schrift Schnipp-Schnapp inkl. Logo und Logo GFL 2 \/ Saison 2024","rel":"","context":"\u00c4hnlicher Beitrag","block_context":{"text":"\u00c4hnlicher Beitrag","link":""},"img":{"alt_text":"","src":"https:\/\/i0.wp.com\/cottbus-crayfish.de\/shop\/wp-content\/uploads\/sites\/4\/2025\/11\/Schnipp-Schnapp-2024.webp?fit=1200%2C1109&ssl=1&resize=350%2C200","width":350,"height":200,"srcset":"https:\/\/i0.wp.com\/cottbus-crayfish.de\/shop\/wp-content\/uploads\/sites\/4\/2025\/11\/Schnipp-Schnapp-2024.webp?fit=1200%2C1109&ssl=1&resize=350%2C200 1x, https:\/\/i0.wp.com\/cottbus-crayfish.de\/shop\/wp-content\/uploads\/sites\/4\/2025\/11\/Schnipp-Schnapp-2024.webp?fit=1200%2C1109&ssl=1&resize=525%2C300 1.5x, https:\/\/i0.wp.com\/cottbus-crayfish.de\/shop\/wp-content\/uploads\/sites\/4\/2025\/11\/Schnipp-Schnapp-2024.webp?fit=1200%2C1109&ssl=1&resize=700%2C400 2x, https:\/\/i0.wp.com\/cottbus-crayfish.de\/shop\/wp-content\/uploads\/sites\/4\/2025\/11\/Schnipp-Schnapp-2024.webp?fit=1200%2C1109&ssl=1&resize=1050%2C600 3x"},"classes":[]},{"id":7206,"url":"https:\/\/cottbus-crayfish.de\/shop\/produkt\/t-shirt-beige\/","url_meta":{"origin":1039,"position":3},"title":"T-Shirt Vintage mit Logo &#038; Schrift","author":"Bj\u00f6rn W\u00f6hrle","date":"24. April 2026","format":false,"excerpt":"Beiges T-Shirt mit Logo & schwarzer Schrift die Schrift ist farblich leicht abgesetzt","rel":"","context":"\u00c4hnlicher Beitrag","block_context":{"text":"\u00c4hnlicher Beitrag","link":""},"img":{"alt_text":"","src":"https:\/\/i0.wp.com\/cottbus-crayfish.de\/shop\/wp-content\/uploads\/sites\/4\/2026\/04\/T-Shirt_TSH-26-01-BEI_1.webp?fit=831%2C1200&ssl=1&resize=350%2C200","width":350,"height":200,"srcset":"https:\/\/i0.wp.com\/cottbus-crayfish.de\/shop\/wp-content\/uploads\/sites\/4\/2026\/04\/T-Shirt_TSH-26-01-BEI_1.webp?fit=831%2C1200&ssl=1&resize=350%2C200 1x, https:\/\/i0.wp.com\/cottbus-crayfish.de\/shop\/wp-content\/uploads\/sites\/4\/2026\/04\/T-Shirt_TSH-26-01-BEI_1.webp?fit=831%2C1200&ssl=1&resize=525%2C300 1.5x, https:\/\/i0.wp.com\/cottbus-crayfish.de\/shop\/wp-content\/uploads\/sites\/4\/2026\/04\/T-Shirt_TSH-26-01-BEI_1.webp?fit=831%2C1200&ssl=1&resize=700%2C400 2x"},"classes":[]},{"id":5163,"url":"https:\/\/cottbus-crayfish.de\/shop\/produkt\/t-shirt-mit-schwarzem-schriftzug\/","url_meta":{"origin":1039,"position":4},"title":"T-Shirt mit schwarzem Schriftzug","author":"Bj\u00f6rn W\u00f6hrle","date":"6. Juni 2025","format":false,"excerpt":"Schwarzes T-Shirt mit schwarzer Schrift \"Cottbus Crayfish - American Football\" die Schrift ist farblich leicht abgesetzt","rel":"","context":"\u00c4hnlicher Beitrag","block_context":{"text":"\u00c4hnlicher Beitrag","link":""},"img":{"alt_text":"","src":"https:\/\/i0.wp.com\/cottbus-crayfish.de\/shop\/wp-content\/uploads\/sites\/4\/2025\/06\/Bildschirmfoto-2025-04-25-um-22.56.59.webp?fit=1200%2C1102&ssl=1&resize=350%2C200","width":350,"height":200,"srcset":"https:\/\/i0.wp.com\/cottbus-crayfish.de\/shop\/wp-content\/uploads\/sites\/4\/2025\/06\/Bildschirmfoto-2025-04-25-um-22.56.59.webp?fit=1200%2C1102&ssl=1&resize=350%2C200 1x, https:\/\/i0.wp.com\/cottbus-crayfish.de\/shop\/wp-content\/uploads\/sites\/4\/2025\/06\/Bildschirmfoto-2025-04-25-um-22.56.59.webp?fit=1200%2C1102&ssl=1&resize=525%2C300 1.5x, https:\/\/i0.wp.com\/cottbus-crayfish.de\/shop\/wp-content\/uploads\/sites\/4\/2025\/06\/Bildschirmfoto-2025-04-25-um-22.56.59.webp?fit=1200%2C1102&ssl=1&resize=700%2C400 2x, https:\/\/i0.wp.com\/cottbus-crayfish.de\/shop\/wp-content\/uploads\/sites\/4\/2025\/06\/Bildschirmfoto-2025-04-25-um-22.56.59.webp?fit=1200%2C1102&ssl=1&resize=1050%2C600 3x"},"classes":[]},{"id":5981,"url":"https:\/\/cottbus-crayfish.de\/shop\/produkt\/t-shirt-mit-weissem-schriftzug\/","url_meta":{"origin":1039,"position":5},"title":"T-Shirt mit wei\u00dfem Schriftzug","author":"Bj\u00f6rn W\u00f6hrle","date":"20. November 2025","format":false,"excerpt":"Schwarzes T-Shirt mit weisser Schrift \"Cottbus Crayfish - American Football\" Saison 2024 runder Nackenschnitt","rel":"","context":"\u00c4hnlicher Beitrag","block_context":{"text":"\u00c4hnlicher Beitrag","link":""},"img":{"alt_text":"","src":"https:\/\/i0.wp.com\/cottbus-crayfish.de\/shop\/wp-content\/uploads\/sites\/4\/2025\/11\/Crayfish-Amer_Football-weiss.webp?fit=1200%2C1102&ssl=1&resize=350%2C200","width":350,"height":200,"srcset":"https:\/\/i0.wp.com\/cottbus-crayfish.de\/shop\/wp-content\/uploads\/sites\/4\/2025\/11\/Crayfish-Amer_Football-weiss.webp?fit=1200%2C1102&ssl=1&resize=350%2C200 1x, https:\/\/i0.wp.com\/cottbus-crayfish.de\/shop\/wp-content\/uploads\/sites\/4\/2025\/11\/Crayfish-Amer_Football-weiss.webp?fit=1200%2C1102&ssl=1&resize=525%2C300 1.5x, https:\/\/i0.wp.com\/cottbus-crayfish.de\/shop\/wp-content\/uploads\/sites\/4\/2025\/11\/Crayfish-Amer_Football-weiss.webp?fit=1200%2C1102&ssl=1&resize=700%2C400 2x, https:\/\/i0.wp.com\/cottbus-crayfish.de\/shop\/wp-content\/uploads\/sites\/4\/2025\/11\/Crayfish-Amer_Football-weiss.webp?fit=1200%2C1102&ssl=1&resize=1050%2C600 3x"},"classes":[]}],"jetpack_sharing_enabled":false,"_links":{"self":[{"href":"https:\/\/cottbus-crayfish.de\/shop\/wp-json\/wp\/v2\/product\/1039","targetHints":{"allow":["GET"]}}],"collection":[{"href":"https:\/\/cottbus-crayfish.de\/shop\/wp-json\/wp\/v2\/product"}],"about":[{"href":"https:\/\/cottbus-crayfish.de\/shop\/wp-json\/wp\/v2\/types\/product"}],"author":[{"embeddable":true,"href":"https:\/\/cottbus-crayfish.de\/shop\/wp-json\/wp\/v2\/users\/1"}],"wp:featuredmedia":[{"embeddable":true,"href":"https:\/\/cottbus-crayfish.de\/shop\/wp-json\/wp\/v2\/media\/3931"}],"wp:attachment":[{"href":"https:\/\/cottbus-crayfish.de\/shop\/wp-json\/wp\/v2\/media?parent=1039"}],"wp:term":[{"taxonomy":"product_brand","embeddable":true,"href":"https:\/\/cottbus-crayfish.de\/shop\/wp-json\/wp\/v2\/product_brand?post=1039"},{"taxonomy":"product_cat","embeddable":true,"href":"https:\/\/cottbus-crayfish.de\/shop\/wp-json\/wp\/v2\/product_cat?post=1039"},{"taxonomy":"product_tag","embeddable":true,"href":"https:\/\/cottbus-crayfish.de\/shop\/wp-json\/wp\/v2\/product_tag?post=1039"}],"curies":[{"name":"wp","href":"https:\/\/api.w.org\/{rel}","templated":true}]}}