{"id":3803,"date":"2024-10-29T21:42:12","date_gmt":"2024-10-29T20:42:12","guid":{"rendered":"https:\/\/cottbus-crayfish.de\/shop\/?post_type=product&#038;p=3803"},"modified":"2026-04-25T15:45:55","modified_gmt":"2026-04-25T13:45:55","slug":"cottbus-crayfish-fanschal-rot-weiss-145-x-17cm","status":"publish","type":"product","link":"https:\/\/cottbus-crayfish.de\/shop\/produkt\/cottbus-crayfish-fanschal-rot-weiss-145-x-17cm\/","title":{"rendered":"Cottbus Crayfish Fanschal rot-weiss | 145 x 17cm"},"content":{"rendered":"<div class=\"wpb-content-wrapper\"><p>[vc_row][vc_column][vc_column_text css=&#8220;&#8220;]<span style=\"color: #000000;\">Cottbus Crayfish Fanschal in den Vereinsfarben rot-wei\u00df.<\/span><\/p>\n<p><span style=\"color: #000000;\">Der gewebte Fanschal ist in den Vereinsfarben rot-wei\u00df gestaltet.<\/span><br \/>\n<span style=\"color: #000000;\">Die beiden Seiten des Schals weisen dabei die folgenden Motive auf:<\/span><\/p>\n<ul>\n<li><span style=\"color: #000000;\">Logo Cottbus Crayfish<\/span><\/li>\n<li><span style=\"color: #000000;\">Logo des Verbands des AFCVBB <em>(American Football und Cheerleading Verband Berlin-Brandenburg e.V.)<br \/>\n<\/em><\/span><\/li>\n<\/ul>\n<p>[\/vc_column_text][\/vc_column][\/vc_row]<\/p>\n<\/div>","protected":false},"excerpt":{"rendered":"<p><span style=\"color: #000000;\">Cottbus Crayfish Fanschal in den Vereinsfarben rot-wei\u00df.<br \/>\n<\/span><\/p>\n","protected":false},"author":2,"featured_media":4171,"template":"","meta":{"_acf_changed":false},"product_brand":[],"product_cat":[528],"product_tag":[416,417,418],"class_list":{"0":"post-3803","1":"product","2":"type-product","3":"status-publish","4":"has-post-thumbnail","6":"product_cat-kleidung","7":"product_tag-fan-schal","8":"product_tag-rot-weiss","9":"product_tag-fanwear","10":"product_shipping_class-versandtasche-1000","11":"","13":"first","14":"instock","15":"taxable","16":"shipping-taxable","17":"purchasable","18":"product-type-simple"},"acf":[],"jetpack-related-posts":[{"id":7233,"url":"https:\/\/cottbus-crayfish.de\/shop\/produkt\/hoodie-schwarz-2026\/","url_meta":{"origin":3803,"position":0},"title":"Hoodie schwarz &#8211; invertierte Schrift &#038; Logo","author":"Bj\u00f6rn W\u00f6hrle","date":"24. April 2026","format":false,"excerpt":"Schwarzer Hoodie mit Logo & Schrift das Logo in Vereinsfarben, Schrift Crayfish in Wei\u00df","rel":"","context":"\u00c4hnlicher Beitrag","block_context":{"text":"\u00c4hnlicher Beitrag","link":""},"img":{"alt_text":"","src":"https:\/\/i0.wp.com\/cottbus-crayfish.de\/shop\/wp-content\/uploads\/sites\/4\/2026\/04\/Hoodie_HOD-26-02-BLK_1.webp?fit=831%2C1200&ssl=1&resize=350%2C200","width":350,"height":200,"srcset":"https:\/\/i0.wp.com\/cottbus-crayfish.de\/shop\/wp-content\/uploads\/sites\/4\/2026\/04\/Hoodie_HOD-26-02-BLK_1.webp?fit=831%2C1200&ssl=1&resize=350%2C200 1x, https:\/\/i0.wp.com\/cottbus-crayfish.de\/shop\/wp-content\/uploads\/sites\/4\/2026\/04\/Hoodie_HOD-26-02-BLK_1.webp?fit=831%2C1200&ssl=1&resize=525%2C300 1.5x, https:\/\/i0.wp.com\/cottbus-crayfish.de\/shop\/wp-content\/uploads\/sites\/4\/2026\/04\/Hoodie_HOD-26-02-BLK_1.webp?fit=831%2C1200&ssl=1&resize=700%2C400 2x"},"classes":[]},{"id":7164,"url":"https:\/\/cottbus-crayfish.de\/shop\/produkt\/crayfish-pin-beige\/","url_meta":{"origin":3803,"position":1},"title":"Crayfish Pin beige mit Glasaufsatz","author":"Bj\u00f6rn W\u00f6hrle","date":"23. April 2026","format":false,"excerpt":"Metall Pin, beiger Hintergrund mit Logo & Schrift in Vereinsfarben","rel":"","context":"\u00c4hnlicher Beitrag","block_context":{"text":"\u00c4hnlicher Beitrag","link":""},"img":{"alt_text":"","src":"https:\/\/i0.wp.com\/cottbus-crayfish.de\/shop\/wp-content\/uploads\/sites\/4\/2026\/04\/20260423_161138.webp?fit=1200%2C1200&ssl=1&resize=350%2C200","width":350,"height":200,"srcset":"https:\/\/i0.wp.com\/cottbus-crayfish.de\/shop\/wp-content\/uploads\/sites\/4\/2026\/04\/20260423_161138.webp?fit=1200%2C1200&ssl=1&resize=350%2C200 1x, https:\/\/i0.wp.com\/cottbus-crayfish.de\/shop\/wp-content\/uploads\/sites\/4\/2026\/04\/20260423_161138.webp?fit=1200%2C1200&ssl=1&resize=525%2C300 1.5x, https:\/\/i0.wp.com\/cottbus-crayfish.de\/shop\/wp-content\/uploads\/sites\/4\/2026\/04\/20260423_161138.webp?fit=1200%2C1200&ssl=1&resize=700%2C400 2x, https:\/\/i0.wp.com\/cottbus-crayfish.de\/shop\/wp-content\/uploads\/sites\/4\/2026\/04\/20260423_161138.webp?fit=1200%2C1200&ssl=1&resize=1050%2C600 3x"},"classes":[]},{"id":7220,"url":"https:\/\/cottbus-crayfish.de\/shop\/produkt\/hoodie-beige\/","url_meta":{"origin":3803,"position":2},"title":"Hoodie Vintage mit Logo &#038; Schrift","author":"Bj\u00f6rn W\u00f6hrle","date":"24. April 2026","format":false,"excerpt":"Beiger Hoodie mit Logo & Schrift das Logo in Vereinsfarben, Schrift in Schwarz","rel":"","context":"\u00c4hnlicher Beitrag","block_context":{"text":"\u00c4hnlicher Beitrag","link":""},"img":{"alt_text":"","src":"https:\/\/i0.wp.com\/cottbus-crayfish.de\/shop\/wp-content\/uploads\/sites\/4\/2026\/04\/Hoodie_HOD-26-01-BEI_1.webp?fit=831%2C1200&ssl=1&resize=350%2C200","width":350,"height":200,"srcset":"https:\/\/i0.wp.com\/cottbus-crayfish.de\/shop\/wp-content\/uploads\/sites\/4\/2026\/04\/Hoodie_HOD-26-01-BEI_1.webp?fit=831%2C1200&ssl=1&resize=350%2C200 1x, https:\/\/i0.wp.com\/cottbus-crayfish.de\/shop\/wp-content\/uploads\/sites\/4\/2026\/04\/Hoodie_HOD-26-01-BEI_1.webp?fit=831%2C1200&ssl=1&resize=525%2C300 1.5x, https:\/\/i0.wp.com\/cottbus-crayfish.de\/shop\/wp-content\/uploads\/sites\/4\/2026\/04\/Hoodie_HOD-26-01-BEI_1.webp?fit=831%2C1200&ssl=1&resize=700%2C400 2x"},"classes":[]},{"id":7156,"url":"https:\/\/cottbus-crayfish.de\/shop\/produkt\/stoffbeutel-beige\/","url_meta":{"origin":3803,"position":3},"title":"Stoffbeutel beige &#8211; Logo &#038; Schrift","author":"Bj\u00f6rn W\u00f6hrle","date":"23. April 2026","format":false,"excerpt":"Beiger Stoffbeutel mit Logo & Schrift in Vereinsfarben einseitig bedruckt","rel":"","context":"\u00c4hnlicher Beitrag","block_context":{"text":"\u00c4hnlicher Beitrag","link":""},"img":{"alt_text":"","src":"https:\/\/i0.wp.com\/cottbus-crayfish.de\/shop\/wp-content\/uploads\/sites\/4\/2026\/04\/20260423_143232.webp?fit=1200%2C1200&ssl=1&resize=350%2C200","width":350,"height":200,"srcset":"https:\/\/i0.wp.com\/cottbus-crayfish.de\/shop\/wp-content\/uploads\/sites\/4\/2026\/04\/20260423_143232.webp?fit=1200%2C1200&ssl=1&resize=350%2C200 1x, https:\/\/i0.wp.com\/cottbus-crayfish.de\/shop\/wp-content\/uploads\/sites\/4\/2026\/04\/20260423_143232.webp?fit=1200%2C1200&ssl=1&resize=525%2C300 1.5x, https:\/\/i0.wp.com\/cottbus-crayfish.de\/shop\/wp-content\/uploads\/sites\/4\/2026\/04\/20260423_143232.webp?fit=1200%2C1200&ssl=1&resize=700%2C400 2x, https:\/\/i0.wp.com\/cottbus-crayfish.de\/shop\/wp-content\/uploads\/sites\/4\/2026\/04\/20260423_143232.webp?fit=1200%2C1200&ssl=1&resize=1050%2C600 3x"},"classes":[]},{"id":3915,"url":"https:\/\/cottbus-crayfish.de\/shop\/produkt\/cottbus-crayfish-mini-schal\/","url_meta":{"origin":3803,"position":4},"title":"Mini-Schal (Auto)","author":"Bj\u00f6rn W\u00f6hrle","date":"29. Oktober 2024","format":false,"excerpt":"Cottbus Crayfish Mini-Fanschal mit 2 Saugn\u00e4pfen.","rel":"","context":"\u00c4hnlicher Beitrag","block_context":{"text":"\u00c4hnlicher Beitrag","link":""},"img":{"alt_text":"","src":"https:\/\/i0.wp.com\/cottbus-crayfish.de\/shop\/wp-content\/uploads\/sites\/4\/2024\/10\/Mini_Schal_Auto_Rueck.webp?fit=1000%2C863&ssl=1&resize=350%2C200","width":350,"height":200,"srcset":"https:\/\/i0.wp.com\/cottbus-crayfish.de\/shop\/wp-content\/uploads\/sites\/4\/2024\/10\/Mini_Schal_Auto_Rueck.webp?fit=1000%2C863&ssl=1&resize=350%2C200 1x, https:\/\/i0.wp.com\/cottbus-crayfish.de\/shop\/wp-content\/uploads\/sites\/4\/2024\/10\/Mini_Schal_Auto_Rueck.webp?fit=1000%2C863&ssl=1&resize=525%2C300 1.5x, https:\/\/i0.wp.com\/cottbus-crayfish.de\/shop\/wp-content\/uploads\/sites\/4\/2024\/10\/Mini_Schal_Auto_Rueck.webp?fit=1000%2C863&ssl=1&resize=700%2C400 2x"},"classes":[]},{"id":5233,"url":"https:\/\/cottbus-crayfish.de\/shop\/produkt\/schluesselband-cottbus-crayfish-rot-weiss\/","url_meta":{"origin":3803,"position":5},"title":"Schl\u00fcsselband Cottbus Crayfish (rot-wei\u00df)","author":"Bj\u00f6rn W\u00f6hrle","date":"18. Juni 2025","format":false,"excerpt":"Schl\u00fcsselband mit Schriftzug Cottbus Crayfish & Logo Rotes-wei\u00dfes Band","rel":"","context":"\u00c4hnlicher Beitrag","block_context":{"text":"\u00c4hnlicher Beitrag","link":""},"img":{"alt_text":"","src":"https:\/\/i0.wp.com\/cottbus-crayfish.de\/shop\/wp-content\/uploads\/sites\/4\/2025\/06\/Schluesselband-rot-weiss.webp?fit=1000%2C1000&ssl=1&resize=350%2C200","width":350,"height":200,"srcset":"https:\/\/i0.wp.com\/cottbus-crayfish.de\/shop\/wp-content\/uploads\/sites\/4\/2025\/06\/Schluesselband-rot-weiss.webp?fit=1000%2C1000&ssl=1&resize=350%2C200 1x, https:\/\/i0.wp.com\/cottbus-crayfish.de\/shop\/wp-content\/uploads\/sites\/4\/2025\/06\/Schluesselband-rot-weiss.webp?fit=1000%2C1000&ssl=1&resize=525%2C300 1.5x, https:\/\/i0.wp.com\/cottbus-crayfish.de\/shop\/wp-content\/uploads\/sites\/4\/2025\/06\/Schluesselband-rot-weiss.webp?fit=1000%2C1000&ssl=1&resize=700%2C400 2x"},"classes":[]}],"jetpack_sharing_enabled":false,"_links":{"self":[{"href":"https:\/\/cottbus-crayfish.de\/shop\/wp-json\/wp\/v2\/product\/3803","targetHints":{"allow":["GET"]}}],"collection":[{"href":"https:\/\/cottbus-crayfish.de\/shop\/wp-json\/wp\/v2\/product"}],"about":[{"href":"https:\/\/cottbus-crayfish.de\/shop\/wp-json\/wp\/v2\/types\/product"}],"author":[{"embeddable":true,"href":"https:\/\/cottbus-crayfish.de\/shop\/wp-json\/wp\/v2\/users\/2"}],"wp:featuredmedia":[{"embeddable":true,"href":"https:\/\/cottbus-crayfish.de\/shop\/wp-json\/wp\/v2\/media\/4171"}],"wp:attachment":[{"href":"https:\/\/cottbus-crayfish.de\/shop\/wp-json\/wp\/v2\/media?parent=3803"}],"wp:term":[{"taxonomy":"product_brand","embeddable":true,"href":"https:\/\/cottbus-crayfish.de\/shop\/wp-json\/wp\/v2\/product_brand?post=3803"},{"taxonomy":"product_cat","embeddable":true,"href":"https:\/\/cottbus-crayfish.de\/shop\/wp-json\/wp\/v2\/product_cat?post=3803"},{"taxonomy":"product_tag","embeddable":true,"href":"https:\/\/cottbus-crayfish.de\/shop\/wp-json\/wp\/v2\/product_tag?post=3803"}],"curies":[{"name":"wp","href":"https:\/\/api.w.org\/{rel}","templated":true}]}}