{"id":3955,"date":"2024-10-30T11:22:48","date_gmt":"2024-10-30T10:22:48","guid":{"rendered":"https:\/\/cottbus-crayfish.de\/shop\/?post_type=product&#038;p=3955"},"modified":"2026-03-21T16:31:03","modified_gmt":"2026-03-21T15:31:03","slug":"schluesselanhaenger-cottbus-crayfish-aus-kunststoff-rund","status":"publish","type":"product","link":"https:\/\/cottbus-crayfish.de\/shop\/produkt\/schluesselanhaenger-cottbus-crayfish-aus-kunststoff-rund\/","title":{"rendered":"Schl\u00fcsselanh\u00e4nger Cottbus Crayfish aus Acryl &#8211; rund"},"content":{"rendered":"<p><span style=\"color: #000000;\">Schl\u00fcsselanh\u00e4nger aus Acryl mit Logo Cottbus Crayfish Krebse, kleiner Kette und Schl\u00fcsselring<\/span><br \/>\n<span style=\"color: #000000;\">Durchsichtiger Acryl mit rotem Logo bedruckt<br \/>\n<\/span><\/p>\n<p>Lieferzeit: Bestellungen werden binnen 48 Stunden nach Eingang versendet<\/p>\n","protected":false},"excerpt":{"rendered":"<p><span style=\"color: #000000;\">Schl\u00fcsselanh\u00e4nger aus Acryl mit Logo Cottbus Crayfish Krebs<\/span><\/p>\n<p><span style=\"color: #000000;\">durchsichtiger Acryl mit rotem Krebse bedruckt<\/span><\/p>\n","protected":false},"author":2,"featured_media":4003,"template":"","meta":{"_acf_changed":false},"product_brand":[],"product_cat":[577],"product_tag":[274,418,434,439,440],"class_list":{"0":"post-3955","1":"product","2":"type-product","3":"status-publish","4":"has-post-thumbnail","6":"product_cat-fanartikel","7":"product_tag-crayfish","8":"product_tag-fanwear","9":"product_tag-team","10":"product_tag-schluesselanhaenger","11":"product_tag-anhaenger","12":"product_shipping_class-standardbrief","13":"","15":"first","16":"instock","17":"taxable","18":"shipping-taxable","19":"purchasable","20":"product-type-simple"},"acf":[],"jetpack-related-posts":[{"id":3957,"url":"https:\/\/cottbus-crayfish.de\/shop\/produkt\/schluesselanhaenger-cottbus-crayfish-aus-kunststoff-rechteckig\/","url_meta":{"origin":3955,"position":0},"title":"Schl\u00fcsselanh\u00e4nger Cottbus Crayfish aus Acryl &#8211; rechteckig","author":"Bj\u00f6rn W\u00f6hrle","date":"30. Oktober 2024","format":false,"excerpt":"Schl\u00fcsselanh\u00e4nger aus Acryl mit Schriftzug Cottbus Crayfish durchsichtiger Acryl mit rotem Schriftzug bedruckt","rel":"","context":"\u00c4hnlicher Beitrag","block_context":{"text":"\u00c4hnlicher Beitrag","link":""},"img":{"alt_text":"","src":"https:\/\/i0.wp.com\/cottbus-crayfish.de\/shop\/wp-content\/uploads\/sites\/4\/2024\/10\/Schluesselanhaenger_Acyrl_eckig_full.webp?fit=1000%2C1000&ssl=1&resize=350%2C200","width":350,"height":200,"srcset":"https:\/\/i0.wp.com\/cottbus-crayfish.de\/shop\/wp-content\/uploads\/sites\/4\/2024\/10\/Schluesselanhaenger_Acyrl_eckig_full.webp?fit=1000%2C1000&ssl=1&resize=350%2C200 1x, https:\/\/i0.wp.com\/cottbus-crayfish.de\/shop\/wp-content\/uploads\/sites\/4\/2024\/10\/Schluesselanhaenger_Acyrl_eckig_full.webp?fit=1000%2C1000&ssl=1&resize=525%2C300 1.5x, https:\/\/i0.wp.com\/cottbus-crayfish.de\/shop\/wp-content\/uploads\/sites\/4\/2024\/10\/Schluesselanhaenger_Acyrl_eckig_full.webp?fit=1000%2C1000&ssl=1&resize=700%2C400 2x"},"classes":[]},{"id":4024,"url":"https:\/\/cottbus-crayfish.de\/shop\/produkt\/schluesselanhaenger-sub-cottbus-crayfish-rund\/","url_meta":{"origin":3955,"position":1},"title":"Schl\u00fcsselanh\u00e4nger Krebs (rund)","author":"Bj\u00f6rn W\u00f6hrle","date":"5. November 2024","format":false,"excerpt":"Schl\u00fcsselanh\u00e4nger mit Sublimationsdruck - beidseitig - rund Kunstoffhalterung mit Schl\u00fcsselring","rel":"","context":"\u00c4hnlicher Beitrag","block_context":{"text":"\u00c4hnlicher Beitrag","link":""},"img":{"alt_text":"","src":"https:\/\/i0.wp.com\/cottbus-crayfish.de\/shop\/wp-content\/uploads\/sites\/4\/2024\/11\/Schluesselanhaenger_MDF_SUB_rund_front.webp?fit=1000%2C1000&ssl=1&resize=350%2C200","width":350,"height":200,"srcset":"https:\/\/i0.wp.com\/cottbus-crayfish.de\/shop\/wp-content\/uploads\/sites\/4\/2024\/11\/Schluesselanhaenger_MDF_SUB_rund_front.webp?fit=1000%2C1000&ssl=1&resize=350%2C200 1x, https:\/\/i0.wp.com\/cottbus-crayfish.de\/shop\/wp-content\/uploads\/sites\/4\/2024\/11\/Schluesselanhaenger_MDF_SUB_rund_front.webp?fit=1000%2C1000&ssl=1&resize=525%2C300 1.5x, https:\/\/i0.wp.com\/cottbus-crayfish.de\/shop\/wp-content\/uploads\/sites\/4\/2024\/11\/Schluesselanhaenger_MDF_SUB_rund_front.webp?fit=1000%2C1000&ssl=1&resize=700%2C400 2x"},"classes":[]},{"id":4013,"url":"https:\/\/cottbus-crayfish.de\/shop\/produkt\/schluesselanhaenger-pluesch-krebs\/","url_meta":{"origin":3955,"position":2},"title":"Schl\u00fcsselanh\u00e4nger Pl\u00fcsch-Krebs","author":"Bj\u00f6rn W\u00f6hrle","date":"5. November 2024","format":false,"excerpt":"Schl\u00fcsselanh\u00e4nger Pl\u00fcsch-Krebs mit Schriftzug Cottbus Crayfish Roter Krebs mit weissem Schriftzug","rel":"","context":"\u00c4hnlicher Beitrag","block_context":{"text":"\u00c4hnlicher Beitrag","link":""},"img":{"alt_text":"","src":"https:\/\/i0.wp.com\/cottbus-crayfish.de\/shop\/wp-content\/uploads\/sites\/4\/2024\/11\/Schluesselanhaenger_Pluesch_Krebse_Front.webp?fit=1000%2C1000&ssl=1&resize=350%2C200","width":350,"height":200,"srcset":"https:\/\/i0.wp.com\/cottbus-crayfish.de\/shop\/wp-content\/uploads\/sites\/4\/2024\/11\/Schluesselanhaenger_Pluesch_Krebse_Front.webp?fit=1000%2C1000&ssl=1&resize=350%2C200 1x, https:\/\/i0.wp.com\/cottbus-crayfish.de\/shop\/wp-content\/uploads\/sites\/4\/2024\/11\/Schluesselanhaenger_Pluesch_Krebse_Front.webp?fit=1000%2C1000&ssl=1&resize=525%2C300 1.5x, https:\/\/i0.wp.com\/cottbus-crayfish.de\/shop\/wp-content\/uploads\/sites\/4\/2024\/11\/Schluesselanhaenger_Pluesch_Krebse_Front.webp?fit=1000%2C1000&ssl=1&resize=700%2C400 2x"},"classes":[]},{"id":5927,"url":"https:\/\/cottbus-crayfish.de\/shop\/produkt\/schluesselanhaenger-cottbus-crayfish-3d-helm\/","url_meta":{"origin":3955,"position":3},"title":"Schl\u00fcsselanh\u00e4nger Cottbus Crayfish &#8211; 3D-Helm","author":"Bj\u00f6rn W\u00f6hrle","date":"5. November 2025","format":false,"excerpt":"Schl\u00fcsselanh\u00e4nger Cottbus Crayfish 3D\u00a0- Helm Kunstoffhelm mit Schl\u00fcsselring","rel":"","context":"\u00c4hnlicher Beitrag","block_context":{"text":"\u00c4hnlicher Beitrag","link":""},"img":{"alt_text":"","src":"https:\/\/i0.wp.com\/cottbus-crayfish.de\/shop\/wp-content\/uploads\/sites\/4\/2025\/11\/Schluesselanhaenger_3D_Helm_front.webp?fit=1000%2C863&ssl=1&resize=350%2C200","width":350,"height":200,"srcset":"https:\/\/i0.wp.com\/cottbus-crayfish.de\/shop\/wp-content\/uploads\/sites\/4\/2025\/11\/Schluesselanhaenger_3D_Helm_front.webp?fit=1000%2C863&ssl=1&resize=350%2C200 1x, https:\/\/i0.wp.com\/cottbus-crayfish.de\/shop\/wp-content\/uploads\/sites\/4\/2025\/11\/Schluesselanhaenger_3D_Helm_front.webp?fit=1000%2C863&ssl=1&resize=525%2C300 1.5x, https:\/\/i0.wp.com\/cottbus-crayfish.de\/shop\/wp-content\/uploads\/sites\/4\/2025\/11\/Schluesselanhaenger_3D_Helm_front.webp?fit=1000%2C863&ssl=1&resize=700%2C400 2x"},"classes":[]},{"id":4027,"url":"https:\/\/cottbus-crayfish.de\/shop\/produkt\/schluesselanhaenger-sub-cottbus-crayfish-helm\/","url_meta":{"origin":3955,"position":4},"title":"Schl\u00fcsselanh\u00e4nger 2D-Mini-Helm","author":"Bj\u00f6rn W\u00f6hrle","date":"5. November 2024","format":false,"excerpt":"Schl\u00fcsselanh\u00e4nger mit Sublimationsdruck - beidseitig - Helm Kunstoffhalterung mit Schl\u00fcsselring","rel":"","context":"\u00c4hnlicher Beitrag","block_context":{"text":"\u00c4hnlicher Beitrag","link":""},"img":{"alt_text":"","src":"https:\/\/i0.wp.com\/cottbus-crayfish.de\/shop\/wp-content\/uploads\/sites\/4\/2024\/11\/Schluesselanhaenger_MDF_SUB_Helm_front.webp?fit=1000%2C1000&ssl=1&resize=350%2C200","width":350,"height":200,"srcset":"https:\/\/i0.wp.com\/cottbus-crayfish.de\/shop\/wp-content\/uploads\/sites\/4\/2024\/11\/Schluesselanhaenger_MDF_SUB_Helm_front.webp?fit=1000%2C1000&ssl=1&resize=350%2C200 1x, https:\/\/i0.wp.com\/cottbus-crayfish.de\/shop\/wp-content\/uploads\/sites\/4\/2024\/11\/Schluesselanhaenger_MDF_SUB_Helm_front.webp?fit=1000%2C1000&ssl=1&resize=525%2C300 1.5x, https:\/\/i0.wp.com\/cottbus-crayfish.de\/shop\/wp-content\/uploads\/sites\/4\/2024\/11\/Schluesselanhaenger_MDF_SUB_Helm_front.webp?fit=1000%2C1000&ssl=1&resize=700%2C400 2x"},"classes":[]},{"id":4977,"url":"https:\/\/cottbus-crayfish.de\/shop\/produkt\/rote-krebs-umhaengetasche-mit-crayfish-aufdruck\/","url_meta":{"origin":3955,"position":5},"title":"Rote Krebs Umh\u00e4ngetasche mit Crayfish Aufdruck","author":"Bj\u00f6rn W\u00f6hrle","date":"30. Mai 2025","format":false,"excerpt":"Rucksack Krebs-Look, zum umh\u00e4ngen mit verstellbaren Band in rot","rel":"","context":"\u00c4hnlicher Beitrag","block_context":{"text":"\u00c4hnlicher Beitrag","link":""},"img":{"alt_text":"","src":"https:\/\/i0.wp.com\/cottbus-crayfish.de\/shop\/wp-content\/uploads\/sites\/4\/2025\/05\/Crayfish-Rucksack_Front-scaled.webp?fit=900%2C1200&ssl=1&resize=350%2C200","width":350,"height":200,"srcset":"https:\/\/i0.wp.com\/cottbus-crayfish.de\/shop\/wp-content\/uploads\/sites\/4\/2025\/05\/Crayfish-Rucksack_Front-scaled.webp?fit=900%2C1200&ssl=1&resize=350%2C200 1x, https:\/\/i0.wp.com\/cottbus-crayfish.de\/shop\/wp-content\/uploads\/sites\/4\/2025\/05\/Crayfish-Rucksack_Front-scaled.webp?fit=900%2C1200&ssl=1&resize=525%2C300 1.5x, https:\/\/i0.wp.com\/cottbus-crayfish.de\/shop\/wp-content\/uploads\/sites\/4\/2025\/05\/Crayfish-Rucksack_Front-scaled.webp?fit=900%2C1200&ssl=1&resize=700%2C400 2x"},"classes":[]}],"jetpack_sharing_enabled":false,"_links":{"self":[{"href":"https:\/\/cottbus-crayfish.de\/shop\/wp-json\/wp\/v2\/product\/3955","targetHints":{"allow":["GET"]}}],"collection":[{"href":"https:\/\/cottbus-crayfish.de\/shop\/wp-json\/wp\/v2\/product"}],"about":[{"href":"https:\/\/cottbus-crayfish.de\/shop\/wp-json\/wp\/v2\/types\/product"}],"author":[{"embeddable":true,"href":"https:\/\/cottbus-crayfish.de\/shop\/wp-json\/wp\/v2\/users\/2"}],"wp:featuredmedia":[{"embeddable":true,"href":"https:\/\/cottbus-crayfish.de\/shop\/wp-json\/wp\/v2\/media\/4003"}],"wp:attachment":[{"href":"https:\/\/cottbus-crayfish.de\/shop\/wp-json\/wp\/v2\/media?parent=3955"}],"wp:term":[{"taxonomy":"product_brand","embeddable":true,"href":"https:\/\/cottbus-crayfish.de\/shop\/wp-json\/wp\/v2\/product_brand?post=3955"},{"taxonomy":"product_cat","embeddable":true,"href":"https:\/\/cottbus-crayfish.de\/shop\/wp-json\/wp\/v2\/product_cat?post=3955"},{"taxonomy":"product_tag","embeddable":true,"href":"https:\/\/cottbus-crayfish.de\/shop\/wp-json\/wp\/v2\/product_tag?post=3955"}],"curies":[{"name":"wp","href":"https:\/\/api.w.org\/{rel}","templated":true}]}}