{"id":3961,"date":"2024-10-30T14:48:39","date_gmt":"2024-10-30T13:48:39","guid":{"rendered":"https:\/\/cottbus-crayfish.de\/shop\/?post_type=product&#038;p=3961"},"modified":"2026-04-11T11:49:38","modified_gmt":"2026-04-11T09:49:38","slug":"schluesselband-cottbus-crayfish-rot","status":"publish","type":"product","link":"https:\/\/cottbus-crayfish.de\/shop\/produkt\/schluesselband-cottbus-crayfish-rot\/","title":{"rendered":"Schl\u00fcsselband Cottbus Crayfish (rot)"},"content":{"rendered":"<div class=\"wpb-content-wrapper\"><p>[vc_row][vc_column][vc_column_text css=&#8220;&#8220;]<span style=\"color: #000000;\">Schl\u00fcsselband mit Schriftzug Cottbus Crayfish, Metallkarabiner und Sicherungsschlaufe<\/span><br \/>\n<span style=\"color: #000000;\">Rotes Band mit weissem Schriftzug<\/span><\/p>\n<p>Lieferzeit: Bestellungen werden binnen 48 Stunden nach Eingang versendet[\/vc_column_text][\/vc_column][\/vc_row]<\/p>\n<\/div>","protected":false},"excerpt":{"rendered":"<p><span style=\"color: #000000;\">Schl\u00fcsselband mit Schriftzug Cottbus Crayfish<\/span><br \/>\n<span style=\"color: #000000;\">Rotes Band mit weissem Schriftzug<\/span><\/p>\n","protected":false},"author":2,"featured_media":4007,"template":"","meta":{"_acf_changed":false},"product_brand":[],"product_cat":[577],"product_tag":[274,418,434,439,440,441],"class_list":{"0":"post-3961","1":"product","2":"type-product","3":"status-publish","4":"has-post-thumbnail","6":"product_cat-fanartikel","7":"product_tag-crayfish","8":"product_tag-fanwear","9":"product_tag-team","10":"product_tag-schluesselanhaenger","11":"product_tag-anhaenger","12":"product_tag-schluesselband","13":"product_shipping_class-standardbrief","14":"","16":"first","17":"instock","18":"taxable","19":"shipping-taxable","20":"purchasable","21":"product-type-simple"},"acf":[],"jetpack-related-posts":[{"id":5233,"url":"https:\/\/cottbus-crayfish.de\/shop\/produkt\/schluesselband-cottbus-crayfish-rot-weiss\/","url_meta":{"origin":3961,"position":0},"title":"Schl\u00fcsselband Cottbus Crayfish (rot-wei\u00df)","author":"Bj\u00f6rn W\u00f6hrle","date":"18. Juni 2025","format":false,"excerpt":"Schl\u00fcsselband mit Schriftzug Cottbus Crayfish & Logo Rotes-wei\u00dfes Band","rel":"","context":"\u00c4hnlicher Beitrag","block_context":{"text":"\u00c4hnlicher Beitrag","link":""},"img":{"alt_text":"","src":"https:\/\/i0.wp.com\/cottbus-crayfish.de\/shop\/wp-content\/uploads\/sites\/4\/2025\/06\/Schluesselband-rot-weiss.webp?fit=1000%2C1000&ssl=1&resize=350%2C200","width":350,"height":200,"srcset":"https:\/\/i0.wp.com\/cottbus-crayfish.de\/shop\/wp-content\/uploads\/sites\/4\/2025\/06\/Schluesselband-rot-weiss.webp?fit=1000%2C1000&ssl=1&resize=350%2C200 1x, https:\/\/i0.wp.com\/cottbus-crayfish.de\/shop\/wp-content\/uploads\/sites\/4\/2025\/06\/Schluesselband-rot-weiss.webp?fit=1000%2C1000&ssl=1&resize=525%2C300 1.5x, https:\/\/i0.wp.com\/cottbus-crayfish.de\/shop\/wp-content\/uploads\/sites\/4\/2025\/06\/Schluesselband-rot-weiss.webp?fit=1000%2C1000&ssl=1&resize=700%2C400 2x"},"classes":[]},{"id":4977,"url":"https:\/\/cottbus-crayfish.de\/shop\/produkt\/rote-krebs-umhaengetasche-mit-crayfish-aufdruck\/","url_meta":{"origin":3961,"position":1},"title":"Rote Krebs Umh\u00e4ngetasche mit Crayfish Aufdruck","author":"Bj\u00f6rn W\u00f6hrle","date":"30. Mai 2025","format":false,"excerpt":"Rucksack Krebs-Look, zum umh\u00e4ngen mit verstellbaren Band in rot","rel":"","context":"\u00c4hnlicher Beitrag","block_context":{"text":"\u00c4hnlicher Beitrag","link":""},"img":{"alt_text":"","src":"https:\/\/i0.wp.com\/cottbus-crayfish.de\/shop\/wp-content\/uploads\/sites\/4\/2025\/05\/Crayfish-Rucksack_Front-scaled.webp?fit=900%2C1200&ssl=1&resize=350%2C200","width":350,"height":200,"srcset":"https:\/\/i0.wp.com\/cottbus-crayfish.de\/shop\/wp-content\/uploads\/sites\/4\/2025\/05\/Crayfish-Rucksack_Front-scaled.webp?fit=900%2C1200&ssl=1&resize=350%2C200 1x, https:\/\/i0.wp.com\/cottbus-crayfish.de\/shop\/wp-content\/uploads\/sites\/4\/2025\/05\/Crayfish-Rucksack_Front-scaled.webp?fit=900%2C1200&ssl=1&resize=525%2C300 1.5x, https:\/\/i0.wp.com\/cottbus-crayfish.de\/shop\/wp-content\/uploads\/sites\/4\/2025\/05\/Crayfish-Rucksack_Front-scaled.webp?fit=900%2C1200&ssl=1&resize=700%2C400 2x"},"classes":[]},{"id":5153,"url":"https:\/\/cottbus-crayfish.de\/shop\/produkt\/schwarzer-hoodie-mit-schrift-und-logo\/","url_meta":{"origin":3961,"position":2},"title":"Schwarzer Hoodie mit Schrift und Logo","author":"Bj\u00f6rn W\u00f6hrle","date":"6. Juni 2025","format":false,"excerpt":"Schwarzer Hoodie mit weisser Schrift \"Cottbus Crayfish\" und rot\/wei\u00dfem Crayfish-Logo mit Kapuze und Zugb\u00e4ndern","rel":"","context":"\u00c4hnlicher Beitrag","block_context":{"text":"\u00c4hnlicher Beitrag","link":""},"img":{"alt_text":"","src":"https:\/\/i0.wp.com\/cottbus-crayfish.de\/shop\/wp-content\/uploads\/sites\/4\/2025\/06\/Bildschirmfoto-2025-04-25-um-23.48.29.webp?fit=1200%2C1110&ssl=1&resize=350%2C200","width":350,"height":200,"srcset":"https:\/\/i0.wp.com\/cottbus-crayfish.de\/shop\/wp-content\/uploads\/sites\/4\/2025\/06\/Bildschirmfoto-2025-04-25-um-23.48.29.webp?fit=1200%2C1110&ssl=1&resize=350%2C200 1x, https:\/\/i0.wp.com\/cottbus-crayfish.de\/shop\/wp-content\/uploads\/sites\/4\/2025\/06\/Bildschirmfoto-2025-04-25-um-23.48.29.webp?fit=1200%2C1110&ssl=1&resize=525%2C300 1.5x, https:\/\/i0.wp.com\/cottbus-crayfish.de\/shop\/wp-content\/uploads\/sites\/4\/2025\/06\/Bildschirmfoto-2025-04-25-um-23.48.29.webp?fit=1200%2C1110&ssl=1&resize=700%2C400 2x, https:\/\/i0.wp.com\/cottbus-crayfish.de\/shop\/wp-content\/uploads\/sites\/4\/2025\/06\/Bildschirmfoto-2025-04-25-um-23.48.29.webp?fit=1200%2C1110&ssl=1&resize=1050%2C600 3x"},"classes":[]},{"id":3973,"url":"https:\/\/cottbus-crayfish.de\/shop\/produkt\/cottbus-crayfish-armband\/","url_meta":{"origin":3961,"position":3},"title":"Cottbus Crayfish Armband","author":"Bj\u00f6rn W\u00f6hrle","date":"30. Oktober 2024","format":false,"excerpt":"Cottbus Crayfish Armband aus Silicon","rel":"","context":"\u00c4hnlicher Beitrag","block_context":{"text":"\u00c4hnlicher Beitrag","link":""},"img":{"alt_text":"","src":"https:\/\/i0.wp.com\/cottbus-crayfish.de\/shop\/wp-content\/uploads\/sites\/4\/2024\/10\/Armband_Silikon_Front.webp?fit=1000%2C1000&ssl=1&resize=350%2C200","width":350,"height":200,"srcset":"https:\/\/i0.wp.com\/cottbus-crayfish.de\/shop\/wp-content\/uploads\/sites\/4\/2024\/10\/Armband_Silikon_Front.webp?fit=1000%2C1000&ssl=1&resize=350%2C200 1x, https:\/\/i0.wp.com\/cottbus-crayfish.de\/shop\/wp-content\/uploads\/sites\/4\/2024\/10\/Armband_Silikon_Front.webp?fit=1000%2C1000&ssl=1&resize=525%2C300 1.5x, https:\/\/i0.wp.com\/cottbus-crayfish.de\/shop\/wp-content\/uploads\/sites\/4\/2024\/10\/Armband_Silikon_Front.webp?fit=1000%2C1000&ssl=1&resize=700%2C400 2x"},"classes":[]},{"id":4021,"url":"https:\/\/cottbus-crayfish.de\/shop\/produkt\/aufkleber-krebs-mit-schriftzug\/","url_meta":{"origin":3961,"position":4},"title":"Aufkleber Cottbus Crayfish","author":"Bj\u00f6rn W\u00f6hrle","date":"5. November 2024","format":false,"excerpt":"Aufkleber Krebs mit Schriftzug, rot, weiss. schwarz","rel":"","context":"\u00c4hnlicher Beitrag","block_context":{"text":"\u00c4hnlicher Beitrag","link":""},"img":{"alt_text":"","src":"https:\/\/i0.wp.com\/cottbus-crayfish.de\/shop\/wp-content\/uploads\/sites\/4\/2024\/11\/Aufkleber_Krebs_mitSchrift.webp?fit=1000%2C1000&ssl=1&resize=350%2C200","width":350,"height":200,"srcset":"https:\/\/i0.wp.com\/cottbus-crayfish.de\/shop\/wp-content\/uploads\/sites\/4\/2024\/11\/Aufkleber_Krebs_mitSchrift.webp?fit=1000%2C1000&ssl=1&resize=350%2C200 1x, https:\/\/i0.wp.com\/cottbus-crayfish.de\/shop\/wp-content\/uploads\/sites\/4\/2024\/11\/Aufkleber_Krebs_mitSchrift.webp?fit=1000%2C1000&ssl=1&resize=525%2C300 1.5x, https:\/\/i0.wp.com\/cottbus-crayfish.de\/shop\/wp-content\/uploads\/sites\/4\/2024\/11\/Aufkleber_Krebs_mitSchrift.webp?fit=1000%2C1000&ssl=1&resize=700%2C400 2x"},"classes":[]},{"id":4017,"url":"https:\/\/cottbus-crayfish.de\/shop\/produkt\/haarreif-mit-pluesch-krebs-und-weissem-schriftzug\/","url_meta":{"origin":3961,"position":5},"title":"Haarreif mit Pl\u00fcsch-Krebs und Crayfish-Schriftzug","author":"Bj\u00f6rn W\u00f6hrle","date":"5. November 2024","format":false,"excerpt":"Schwarzer Haarreif mit Pl\u00fcsch-Krebs und Schriftzug Cottbus Crayfish Roter Krebs und weisser Schriftzug","rel":"","context":"\u00c4hnlicher Beitrag","block_context":{"text":"\u00c4hnlicher Beitrag","link":""},"img":{"alt_text":"","src":"https:\/\/i0.wp.com\/cottbus-crayfish.de\/shop\/wp-content\/uploads\/sites\/4\/2024\/11\/Haarreif_mit_Krebs_Front.webp?fit=1000%2C1000&ssl=1&resize=350%2C200","width":350,"height":200,"srcset":"https:\/\/i0.wp.com\/cottbus-crayfish.de\/shop\/wp-content\/uploads\/sites\/4\/2024\/11\/Haarreif_mit_Krebs_Front.webp?fit=1000%2C1000&ssl=1&resize=350%2C200 1x, https:\/\/i0.wp.com\/cottbus-crayfish.de\/shop\/wp-content\/uploads\/sites\/4\/2024\/11\/Haarreif_mit_Krebs_Front.webp?fit=1000%2C1000&ssl=1&resize=525%2C300 1.5x, https:\/\/i0.wp.com\/cottbus-crayfish.de\/shop\/wp-content\/uploads\/sites\/4\/2024\/11\/Haarreif_mit_Krebs_Front.webp?fit=1000%2C1000&ssl=1&resize=700%2C400 2x"},"classes":[]}],"jetpack_sharing_enabled":false,"_links":{"self":[{"href":"https:\/\/cottbus-crayfish.de\/shop\/wp-json\/wp\/v2\/product\/3961","targetHints":{"allow":["GET"]}}],"collection":[{"href":"https:\/\/cottbus-crayfish.de\/shop\/wp-json\/wp\/v2\/product"}],"about":[{"href":"https:\/\/cottbus-crayfish.de\/shop\/wp-json\/wp\/v2\/types\/product"}],"author":[{"embeddable":true,"href":"https:\/\/cottbus-crayfish.de\/shop\/wp-json\/wp\/v2\/users\/2"}],"wp:featuredmedia":[{"embeddable":true,"href":"https:\/\/cottbus-crayfish.de\/shop\/wp-json\/wp\/v2\/media\/4007"}],"wp:attachment":[{"href":"https:\/\/cottbus-crayfish.de\/shop\/wp-json\/wp\/v2\/media?parent=3961"}],"wp:term":[{"taxonomy":"product_brand","embeddable":true,"href":"https:\/\/cottbus-crayfish.de\/shop\/wp-json\/wp\/v2\/product_brand?post=3961"},{"taxonomy":"product_cat","embeddable":true,"href":"https:\/\/cottbus-crayfish.de\/shop\/wp-json\/wp\/v2\/product_cat?post=3961"},{"taxonomy":"product_tag","embeddable":true,"href":"https:\/\/cottbus-crayfish.de\/shop\/wp-json\/wp\/v2\/product_tag?post=3961"}],"curies":[{"name":"wp","href":"https:\/\/api.w.org\/{rel}","templated":true}]}}