{"id":3964,"date":"2024-10-30T15:29:04","date_gmt":"2024-10-30T14:29:04","guid":{"rendered":"https:\/\/cottbus-crayfish.de\/shop\/?post_type=product&#038;p=3964"},"modified":"2026-03-21T23:15:49","modified_gmt":"2026-03-21T22:15:49","slug":"kaffeetasse-skyline-cottbus-mit-cottbus-crayfish","status":"publish","type":"product","link":"https:\/\/cottbus-crayfish.de\/shop\/produkt\/kaffeetasse-skyline-cottbus-mit-cottbus-crayfish\/","title":{"rendered":"Kaffeetasse Skyline Cottbus mit Cottbus Crayfish"},"content":{"rendered":"<p><span style=\"color: #000000;\">Cottbus Crayfish Kaffeetasse in rot und weiss<\/span><br \/>\n<span style=\"color: #000000;\">Roter Henkel, weisse Tasse mit Aufdruck Crayfish Logo und Schriftzug auf derGegenseite.<br \/>\nTassenrand komplett unten mit Silhouette von Cottbus<\/span><\/p>\n<p><span style=\"color: #000000;\">Innenseite der Tasse ist rot<\/span><\/p>\n<p>Lieferzeit: Bestellungen werden binnen 48 Stunden nach Eingang versendet<\/p>\n","protected":false},"excerpt":{"rendered":"<p><span style=\"color: #000000;\">Cottbus Crayfish Kaffeetasse in rot und weiss<br \/>\n<\/span><\/p>\n","protected":false},"author":2,"featured_media":4908,"template":"","meta":{"_acf_changed":false},"product_brand":[],"product_cat":[578],"product_tag":[274,418,434,443,444,445,446,502],"class_list":{"0":"post-3964","1":"product","2":"type-product","3":"status-publish","4":"has-post-thumbnail","6":"product_cat-home-lifestyle","7":"product_tag-crayfish","8":"product_tag-fanwear","9":"product_tag-team","10":"product_tag-kaffeetasse","11":"product_tag-tasse","12":"product_tag-kaffee","13":"product_tag-rot-und-weiss","14":"product_tag-saison-2025","15":"product_shipping_class-paeckchen-200","16":"","18":"first","19":"instock","20":"taxable","21":"shipping-taxable","22":"purchasable","23":"product-type-simple"},"acf":[],"jetpack-related-posts":[{"id":3803,"url":"https:\/\/cottbus-crayfish.de\/shop\/produkt\/cottbus-crayfish-fanschal-rot-weiss-145-x-17cm\/","url_meta":{"origin":3964,"position":0},"title":"Cottbus Crayfish Fanschal rot-weiss | 145 x 17cm","author":"Bj\u00f6rn W\u00f6hrle","date":"29. Oktober 2024","format":false,"excerpt":"Cottbus Crayfish Fanschal in den Vereinsfarben rot-wei\u00df.","rel":"","context":"\u00c4hnlicher Beitrag","block_context":{"text":"\u00c4hnlicher Beitrag","link":""},"img":{"alt_text":"","src":"https:\/\/i0.wp.com\/cottbus-crayfish.de\/shop\/wp-content\/uploads\/sites\/4\/2024\/10\/20250102_092128.webp?fit=1200%2C1200&ssl=1&resize=350%2C200","width":350,"height":200,"srcset":"https:\/\/i0.wp.com\/cottbus-crayfish.de\/shop\/wp-content\/uploads\/sites\/4\/2024\/10\/20250102_092128.webp?fit=1200%2C1200&ssl=1&resize=350%2C200 1x, https:\/\/i0.wp.com\/cottbus-crayfish.de\/shop\/wp-content\/uploads\/sites\/4\/2024\/10\/20250102_092128.webp?fit=1200%2C1200&ssl=1&resize=525%2C300 1.5x, https:\/\/i0.wp.com\/cottbus-crayfish.de\/shop\/wp-content\/uploads\/sites\/4\/2024\/10\/20250102_092128.webp?fit=1200%2C1200&ssl=1&resize=700%2C400 2x, https:\/\/i0.wp.com\/cottbus-crayfish.de\/shop\/wp-content\/uploads\/sites\/4\/2024\/10\/20250102_092128.webp?fit=1200%2C1200&ssl=1&resize=1050%2C600 3x"},"classes":[]},{"id":5233,"url":"https:\/\/cottbus-crayfish.de\/shop\/produkt\/schluesselband-cottbus-crayfish-rot-weiss\/","url_meta":{"origin":3964,"position":1},"title":"Schl\u00fcsselband Cottbus Crayfish (rot-wei\u00df)","author":"Bj\u00f6rn W\u00f6hrle","date":"18. Juni 2025","format":false,"excerpt":"Schl\u00fcsselband mit Schriftzug Cottbus Crayfish & Logo Rotes-wei\u00dfes Band","rel":"","context":"\u00c4hnlicher Beitrag","block_context":{"text":"\u00c4hnlicher Beitrag","link":""},"img":{"alt_text":"","src":"https:\/\/i0.wp.com\/cottbus-crayfish.de\/shop\/wp-content\/uploads\/sites\/4\/2025\/06\/Schluesselband-rot-weiss.webp?fit=1000%2C1000&ssl=1&resize=350%2C200","width":350,"height":200,"srcset":"https:\/\/i0.wp.com\/cottbus-crayfish.de\/shop\/wp-content\/uploads\/sites\/4\/2025\/06\/Schluesselband-rot-weiss.webp?fit=1000%2C1000&ssl=1&resize=350%2C200 1x, https:\/\/i0.wp.com\/cottbus-crayfish.de\/shop\/wp-content\/uploads\/sites\/4\/2025\/06\/Schluesselband-rot-weiss.webp?fit=1000%2C1000&ssl=1&resize=525%2C300 1.5x, https:\/\/i0.wp.com\/cottbus-crayfish.de\/shop\/wp-content\/uploads\/sites\/4\/2025\/06\/Schluesselband-rot-weiss.webp?fit=1000%2C1000&ssl=1&resize=700%2C400 2x"},"classes":[]},{"id":4021,"url":"https:\/\/cottbus-crayfish.de\/shop\/produkt\/aufkleber-krebs-mit-schriftzug\/","url_meta":{"origin":3964,"position":2},"title":"Aufkleber Cottbus Crayfish","author":"Bj\u00f6rn W\u00f6hrle","date":"5. November 2024","format":false,"excerpt":"Aufkleber Krebs mit Schriftzug, rot, weiss. schwarz","rel":"","context":"\u00c4hnlicher Beitrag","block_context":{"text":"\u00c4hnlicher Beitrag","link":""},"img":{"alt_text":"","src":"https:\/\/i0.wp.com\/cottbus-crayfish.de\/shop\/wp-content\/uploads\/sites\/4\/2024\/11\/Aufkleber_Krebs_mitSchrift.webp?fit=1000%2C1000&ssl=1&resize=350%2C200","width":350,"height":200,"srcset":"https:\/\/i0.wp.com\/cottbus-crayfish.de\/shop\/wp-content\/uploads\/sites\/4\/2024\/11\/Aufkleber_Krebs_mitSchrift.webp?fit=1000%2C1000&ssl=1&resize=350%2C200 1x, https:\/\/i0.wp.com\/cottbus-crayfish.de\/shop\/wp-content\/uploads\/sites\/4\/2024\/11\/Aufkleber_Krebs_mitSchrift.webp?fit=1000%2C1000&ssl=1&resize=525%2C300 1.5x, https:\/\/i0.wp.com\/cottbus-crayfish.de\/shop\/wp-content\/uploads\/sites\/4\/2024\/11\/Aufkleber_Krebs_mitSchrift.webp?fit=1000%2C1000&ssl=1&resize=700%2C400 2x"},"classes":[]},{"id":4930,"url":"https:\/\/cottbus-crayfish.de\/shop\/produkt\/umhaengetasche-mit-branding-schwarz-o-rot\/","url_meta":{"origin":3964,"position":3},"title":"Umh\u00e4ngetasche mit Crayfish (schwarz o. rot)","author":"Bj\u00f6rn W\u00f6hrle","date":"23. Mai 2025","format":false,"excerpt":"Umh\u00e4ngetasche schwarz o. rot mit Logo & Branding","rel":"","context":"\u00c4hnlicher Beitrag","block_context":{"text":"\u00c4hnlicher Beitrag","link":""},"img":{"alt_text":"","src":"https:\/\/i0.wp.com\/cottbus-crayfish.de\/shop\/wp-content\/uploads\/sites\/4\/2025\/05\/Umhaengetasche-schwarz-Front-scaled.webp?fit=900%2C1200&ssl=1&resize=350%2C200","width":350,"height":200,"srcset":"https:\/\/i0.wp.com\/cottbus-crayfish.de\/shop\/wp-content\/uploads\/sites\/4\/2025\/05\/Umhaengetasche-schwarz-Front-scaled.webp?fit=900%2C1200&ssl=1&resize=350%2C200 1x, https:\/\/i0.wp.com\/cottbus-crayfish.de\/shop\/wp-content\/uploads\/sites\/4\/2025\/05\/Umhaengetasche-schwarz-Front-scaled.webp?fit=900%2C1200&ssl=1&resize=525%2C300 1.5x, https:\/\/i0.wp.com\/cottbus-crayfish.de\/shop\/wp-content\/uploads\/sites\/4\/2025\/05\/Umhaengetasche-schwarz-Front-scaled.webp?fit=900%2C1200&ssl=1&resize=700%2C400 2x"},"classes":[]},{"id":4030,"url":"https:\/\/cottbus-crayfish.de\/shop\/produkt\/cottbus-crayfish-metall-pin\/","url_meta":{"origin":3964,"position":4},"title":"Runder Crayfish Pin (metall)","author":"Bj\u00f6rn W\u00f6hrle","date":"5. November 2024","format":false,"excerpt":"Metall Pin mit Logo Cottbus Crayfish Krebs in rot oder weiss","rel":"","context":"\u00c4hnlicher Beitrag","block_context":{"text":"\u00c4hnlicher Beitrag","link":""},"img":{"alt_text":"","src":"https:\/\/i0.wp.com\/cottbus-crayfish.de\/shop\/wp-content\/uploads\/sites\/4\/2024\/11\/Metal-Pin-rot.webp?fit=1000%2C1000&ssl=1&resize=350%2C200","width":350,"height":200,"srcset":"https:\/\/i0.wp.com\/cottbus-crayfish.de\/shop\/wp-content\/uploads\/sites\/4\/2024\/11\/Metal-Pin-rot.webp?fit=1000%2C1000&ssl=1&resize=350%2C200 1x, https:\/\/i0.wp.com\/cottbus-crayfish.de\/shop\/wp-content\/uploads\/sites\/4\/2024\/11\/Metal-Pin-rot.webp?fit=1000%2C1000&ssl=1&resize=525%2C300 1.5x, https:\/\/i0.wp.com\/cottbus-crayfish.de\/shop\/wp-content\/uploads\/sites\/4\/2024\/11\/Metal-Pin-rot.webp?fit=1000%2C1000&ssl=1&resize=700%2C400 2x"},"classes":[]},{"id":5935,"url":"https:\/\/cottbus-crayfish.de\/shop\/produkt\/magnete-mit-logo-cottbus-crayfish\/","url_meta":{"origin":3964,"position":5},"title":"Magnet mit Crayfish (rund)","author":"Bj\u00f6rn W\u00f6hrle","date":"6. November 2025","format":false,"excerpt":"Magnet rund mit Logo Cottbus Crayfish rot & weiss mit Durchmesser 5cm","rel":"","context":"\u00c4hnlicher Beitrag","block_context":{"text":"\u00c4hnlicher Beitrag","link":""},"img":{"alt_text":"","src":"https:\/\/i0.wp.com\/cottbus-crayfish.de\/shop\/wp-content\/uploads\/sites\/4\/2025\/11\/Magnete-rund-5cm.webp?fit=1000%2C863&ssl=1&resize=350%2C200","width":350,"height":200,"srcset":"https:\/\/i0.wp.com\/cottbus-crayfish.de\/shop\/wp-content\/uploads\/sites\/4\/2025\/11\/Magnete-rund-5cm.webp?fit=1000%2C863&ssl=1&resize=350%2C200 1x, https:\/\/i0.wp.com\/cottbus-crayfish.de\/shop\/wp-content\/uploads\/sites\/4\/2025\/11\/Magnete-rund-5cm.webp?fit=1000%2C863&ssl=1&resize=525%2C300 1.5x, https:\/\/i0.wp.com\/cottbus-crayfish.de\/shop\/wp-content\/uploads\/sites\/4\/2025\/11\/Magnete-rund-5cm.webp?fit=1000%2C863&ssl=1&resize=700%2C400 2x"},"classes":[]}],"jetpack_sharing_enabled":false,"_links":{"self":[{"href":"https:\/\/cottbus-crayfish.de\/shop\/wp-json\/wp\/v2\/product\/3964","targetHints":{"allow":["GET"]}}],"collection":[{"href":"https:\/\/cottbus-crayfish.de\/shop\/wp-json\/wp\/v2\/product"}],"about":[{"href":"https:\/\/cottbus-crayfish.de\/shop\/wp-json\/wp\/v2\/types\/product"}],"author":[{"embeddable":true,"href":"https:\/\/cottbus-crayfish.de\/shop\/wp-json\/wp\/v2\/users\/2"}],"wp:featuredmedia":[{"embeddable":true,"href":"https:\/\/cottbus-crayfish.de\/shop\/wp-json\/wp\/v2\/media\/4908"}],"wp:attachment":[{"href":"https:\/\/cottbus-crayfish.de\/shop\/wp-json\/wp\/v2\/media?parent=3964"}],"wp:term":[{"taxonomy":"product_brand","embeddable":true,"href":"https:\/\/cottbus-crayfish.de\/shop\/wp-json\/wp\/v2\/product_brand?post=3964"},{"taxonomy":"product_cat","embeddable":true,"href":"https:\/\/cottbus-crayfish.de\/shop\/wp-json\/wp\/v2\/product_cat?post=3964"},{"taxonomy":"product_tag","embeddable":true,"href":"https:\/\/cottbus-crayfish.de\/shop\/wp-json\/wp\/v2\/product_tag?post=3964"}],"curies":[{"name":"wp","href":"https:\/\/api.w.org\/{rel}","templated":true}]}}