{"id":4058,"date":"2024-11-07T15:22:20","date_gmt":"2024-11-07T14:22:20","guid":{"rendered":"https:\/\/cottbus-crayfish.de\/shop\/?post_type=product&#038;p=4058"},"modified":"2026-04-25T18:49:23","modified_gmt":"2026-04-25T16:49:23","slug":"ohrclips-cottbus-crayfish-rund","status":"publish","type":"product","link":"https:\/\/cottbus-crayfish.de\/shop\/produkt\/ohrclips-cottbus-crayfish-rund\/","title":{"rendered":"Ohrclips Crayfish (rund)"},"content":{"rendered":"<p><span style=\"color: #000000;\">Ohrclips mit <span class=\"BxUVEf ILfuVd\" lang=\"de\"><span class=\"hgKElc\"><span tabindex=\"0\" role=\"tooltip\"><span class=\"c5aZPb\" tabindex=\"0\" role=\"button\" data-enable-toggle-animation=\"true\" data-extra-container-classes=\"ZLo7Eb\" data-hover-hide-delay=\"1000\" data-hover-open-delay=\"500\" data-send-open-event=\"true\" data-theme=\"0\" data-width=\"250\" data-ved=\"2ahUKEwiZ9KSpksWJAxWWxQIHHaoGOysQmpgGegQILRAD\"><span class=\"JPfdse\" data-bubble-link=\"\" data-segment-text=\"Sublimationsdruck\">Logo Cottbus Crayfish<\/span><\/span><\/span> &#8211; rund<br \/>\n<\/span><\/span><span class=\"BxUVEf ILfuVd\" lang=\"de\"><span class=\"hgKElc\"><span tabindex=\"0\" role=\"tooltip\"><span class=\"c5aZPb\" tabindex=\"0\" role=\"button\" data-enable-toggle-animation=\"true\" data-extra-container-classes=\"ZLo7Eb\" data-hover-hide-delay=\"1000\" data-hover-open-delay=\"500\" data-send-open-event=\"true\" data-theme=\"0\" data-width=\"250\" data-ved=\"2ahUKEwiZ9KSpksWJAxWWxQIHHaoGOysQmpgGegQILRAD\"><span class=\"JPfdse\" data-bubble-link=\"\" data-segment-text=\"Sublimationsdruck\">Metallclips<em> (keine L\u00f6cher notwendig), Metallpl\u00e4ttchen<\/em> mit<\/span><\/span><\/span><\/span><\/span> Logo Cottbus Crayfish Krebs und aufgesetztem Glasstein<br \/>\n2 unterschiedliche Gr\u00f6\u00dfem<br \/>\n<\/span><span style=\"color: #000000;\"><br \/>\n<\/span><\/p>\n<p>Lieferzeit: Bestellungen werden binnen 48 Stunden nach Eingang versendet<\/p>\n","protected":false},"excerpt":{"rendered":"<p><span style=\"color: #000000;\"><span class=\"BxUVEf ILfuVd\" lang=\"de\"><span class=\"hgKElc\">Ohrclips mit <span tabindex=\"0\" role=\"tooltip\"><span class=\"c5aZPb\" tabindex=\"0\" role=\"button\" data-enable-toggle-animation=\"true\" data-extra-container-classes=\"ZLo7Eb\" data-hover-hide-delay=\"1000\" data-hover-open-delay=\"500\" data-send-open-event=\"true\" data-theme=\"0\" data-width=\"250\" data-ved=\"2ahUKEwiZ9KSpksWJAxWWxQIHHaoGOysQmpgGegQILRAD\"><span class=\"JPfdse\" data-bubble-link=\"\" data-segment-text=\"Sublimationsdruck\">Logo Cottbus Crayfish<\/span><\/span><\/span> &#8211; rund<br \/>\n<span tabindex=\"0\" role=\"tooltip\"><span class=\"c5aZPb\" tabindex=\"0\" role=\"button\" data-enable-toggle-animation=\"true\" data-extra-container-classes=\"ZLo7Eb\" data-hover-hide-delay=\"1000\" data-hover-open-delay=\"500\" data-send-open-event=\"true\" data-theme=\"0\" data-width=\"250\" data-ved=\"2ahUKEwiZ9KSpksWJAxWWxQIHHaoGOysQmpgGegQILRAD\"><span class=\"JPfdse\" data-bubble-link=\"\" data-segment-text=\"Sublimationsdruck\">Metallclips<em> (keine L\u00f6cher notwendig)<\/em><\/span><\/span><\/span><br \/>\n<\/span><\/span><\/span><\/p>\n","protected":false},"author":2,"featured_media":4061,"template":"","meta":{"_acf_changed":false},"product_brand":[],"product_cat":[576],"product_tag":[274,418,434,452,465,470,471,472],"class_list":{"0":"post-4058","1":"product","2":"type-product","3":"status-publish","4":"has-post-thumbnail","6":"product_cat-accessoires","7":"product_tag-crayfish","8":"product_tag-fanwear","9":"product_tag-team","10":"product_tag-schmuck","11":"product_tag-ohrschmuck","12":"product_tag-logo","13":"product_tag-ohrclips-2-groessen","14":"product_tag-glasstein","15":"product_shipping_class-standardbrief","16":"","18":"first","19":"instock","20":"taxable","21":"shipping-taxable","22":"purchasable","23":"product-type-variable"},"acf":[],"jetpack-related-posts":[{"id":4055,"url":"https:\/\/cottbus-crayfish.de\/shop\/produkt\/ohrstecker-cottbus-crayfish-rund\/","url_meta":{"origin":4058,"position":0},"title":"Ohrstecker Cottbus Crayfish &#8211; rund","author":"Bj\u00f6rn W\u00f6hrle","date":"7. November 2024","format":false,"excerpt":"Ohrstecker mit Logo Cottbus Crayfish - rund Metalstecker mit Verschluss","rel":"","context":"\u00c4hnlicher Beitrag","block_context":{"text":"\u00c4hnlicher Beitrag","link":""},"img":{"alt_text":"","src":"https:\/\/i0.wp.com\/cottbus-crayfish.de\/shop\/wp-content\/uploads\/sites\/4\/2024\/11\/Ohrstecker-Metall-rund_1.webp?fit=1000%2C1000&ssl=1&resize=350%2C200","width":350,"height":200,"srcset":"https:\/\/i0.wp.com\/cottbus-crayfish.de\/shop\/wp-content\/uploads\/sites\/4\/2024\/11\/Ohrstecker-Metall-rund_1.webp?fit=1000%2C1000&ssl=1&resize=350%2C200 1x, https:\/\/i0.wp.com\/cottbus-crayfish.de\/shop\/wp-content\/uploads\/sites\/4\/2024\/11\/Ohrstecker-Metall-rund_1.webp?fit=1000%2C1000&ssl=1&resize=525%2C300 1.5x, https:\/\/i0.wp.com\/cottbus-crayfish.de\/shop\/wp-content\/uploads\/sites\/4\/2024\/11\/Ohrstecker-Metall-rund_1.webp?fit=1000%2C1000&ssl=1&resize=700%2C400 2x"},"classes":[]},{"id":7189,"url":"https:\/\/cottbus-crayfish.de\/shop\/produkt\/ohranhaenger-crayfish-rund-mit-logo-glasoptik\/","url_meta":{"origin":4058,"position":1},"title":"Ohranh\u00e4nger Crayfish rund mit Logo &#038; Glasoptik","author":"Bj\u00f6rn W\u00f6hrle","date":"23. April 2026","format":false,"excerpt":"Ohranh\u00e4nger mit Sublimationsdruck und Glasoptik - rund Metalring und Metallhacken f\u00fcr Ohrloch","rel":"","context":"\u00c4hnlicher Beitrag","block_context":{"text":"\u00c4hnlicher Beitrag","link":""},"img":{"alt_text":"","src":"https:\/\/i0.wp.com\/cottbus-crayfish.de\/shop\/wp-content\/uploads\/sites\/4\/2026\/04\/20260423_211857.webp?fit=1200%2C1200&ssl=1&resize=350%2C200","width":350,"height":200,"srcset":"https:\/\/i0.wp.com\/cottbus-crayfish.de\/shop\/wp-content\/uploads\/sites\/4\/2026\/04\/20260423_211857.webp?fit=1200%2C1200&ssl=1&resize=350%2C200 1x, https:\/\/i0.wp.com\/cottbus-crayfish.de\/shop\/wp-content\/uploads\/sites\/4\/2026\/04\/20260423_211857.webp?fit=1200%2C1200&ssl=1&resize=525%2C300 1.5x, https:\/\/i0.wp.com\/cottbus-crayfish.de\/shop\/wp-content\/uploads\/sites\/4\/2026\/04\/20260423_211857.webp?fit=1200%2C1200&ssl=1&resize=700%2C400 2x, https:\/\/i0.wp.com\/cottbus-crayfish.de\/shop\/wp-content\/uploads\/sites\/4\/2026\/04\/20260423_211857.webp?fit=1200%2C1200&ssl=1&resize=1050%2C600 3x"},"classes":[]},{"id":5935,"url":"https:\/\/cottbus-crayfish.de\/shop\/produkt\/magnete-mit-logo-cottbus-crayfish\/","url_meta":{"origin":4058,"position":2},"title":"Magnet mit Crayfish (rund)","author":"Bj\u00f6rn W\u00f6hrle","date":"6. November 2025","format":false,"excerpt":"Magnet rund mit Logo Cottbus Crayfish rot & weiss mit Durchmesser 5cm","rel":"","context":"\u00c4hnlicher Beitrag","block_context":{"text":"\u00c4hnlicher Beitrag","link":""},"img":{"alt_text":"","src":"https:\/\/i0.wp.com\/cottbus-crayfish.de\/shop\/wp-content\/uploads\/sites\/4\/2025\/11\/Magnete-rund-5cm.webp?fit=1000%2C863&ssl=1&resize=350%2C200","width":350,"height":200,"srcset":"https:\/\/i0.wp.com\/cottbus-crayfish.de\/shop\/wp-content\/uploads\/sites\/4\/2025\/11\/Magnete-rund-5cm.webp?fit=1000%2C863&ssl=1&resize=350%2C200 1x, https:\/\/i0.wp.com\/cottbus-crayfish.de\/shop\/wp-content\/uploads\/sites\/4\/2025\/11\/Magnete-rund-5cm.webp?fit=1000%2C863&ssl=1&resize=525%2C300 1.5x, https:\/\/i0.wp.com\/cottbus-crayfish.de\/shop\/wp-content\/uploads\/sites\/4\/2025\/11\/Magnete-rund-5cm.webp?fit=1000%2C863&ssl=1&resize=700%2C400 2x"},"classes":[]},{"id":3955,"url":"https:\/\/cottbus-crayfish.de\/shop\/produkt\/schluesselanhaenger-cottbus-crayfish-aus-kunststoff-rund\/","url_meta":{"origin":4058,"position":3},"title":"Schl\u00fcsselanh\u00e4nger Cottbus Crayfish aus Acryl &#8211; rund","author":"Bj\u00f6rn W\u00f6hrle","date":"30. Oktober 2024","format":false,"excerpt":"Schl\u00fcsselanh\u00e4nger aus Acryl mit Logo Cottbus Crayfish Krebs durchsichtiger Acryl mit rotem Krebse bedruckt","rel":"","context":"\u00c4hnlicher Beitrag","block_context":{"text":"\u00c4hnlicher Beitrag","link":""},"img":{"alt_text":"","src":"https:\/\/i0.wp.com\/cottbus-crayfish.de\/shop\/wp-content\/uploads\/sites\/4\/2024\/10\/Schluesselanhaenger_Acyrl_rund_full.webp?fit=1000%2C1000&ssl=1&resize=350%2C200","width":350,"height":200,"srcset":"https:\/\/i0.wp.com\/cottbus-crayfish.de\/shop\/wp-content\/uploads\/sites\/4\/2024\/10\/Schluesselanhaenger_Acyrl_rund_full.webp?fit=1000%2C1000&ssl=1&resize=350%2C200 1x, https:\/\/i0.wp.com\/cottbus-crayfish.de\/shop\/wp-content\/uploads\/sites\/4\/2024\/10\/Schluesselanhaenger_Acyrl_rund_full.webp?fit=1000%2C1000&ssl=1&resize=525%2C300 1.5x, https:\/\/i0.wp.com\/cottbus-crayfish.de\/shop\/wp-content\/uploads\/sites\/4\/2024\/10\/Schluesselanhaenger_Acyrl_rund_full.webp?fit=1000%2C1000&ssl=1&resize=700%2C400 2x"},"classes":[]},{"id":4024,"url":"https:\/\/cottbus-crayfish.de\/shop\/produkt\/schluesselanhaenger-sub-cottbus-crayfish-rund\/","url_meta":{"origin":4058,"position":4},"title":"Schl\u00fcsselanh\u00e4nger Krebs (rund)","author":"Bj\u00f6rn W\u00f6hrle","date":"5. November 2024","format":false,"excerpt":"Schl\u00fcsselanh\u00e4nger mit Sublimationsdruck - beidseitig - rund Kunstoffhalterung mit Schl\u00fcsselring","rel":"","context":"\u00c4hnlicher Beitrag","block_context":{"text":"\u00c4hnlicher Beitrag","link":""},"img":{"alt_text":"","src":"https:\/\/i0.wp.com\/cottbus-crayfish.de\/shop\/wp-content\/uploads\/sites\/4\/2024\/11\/Schluesselanhaenger_MDF_SUB_rund_front.webp?fit=1000%2C1000&ssl=1&resize=350%2C200","width":350,"height":200,"srcset":"https:\/\/i0.wp.com\/cottbus-crayfish.de\/shop\/wp-content\/uploads\/sites\/4\/2024\/11\/Schluesselanhaenger_MDF_SUB_rund_front.webp?fit=1000%2C1000&ssl=1&resize=350%2C200 1x, https:\/\/i0.wp.com\/cottbus-crayfish.de\/shop\/wp-content\/uploads\/sites\/4\/2024\/11\/Schluesselanhaenger_MDF_SUB_rund_front.webp?fit=1000%2C1000&ssl=1&resize=525%2C300 1.5x, https:\/\/i0.wp.com\/cottbus-crayfish.de\/shop\/wp-content\/uploads\/sites\/4\/2024\/11\/Schluesselanhaenger_MDF_SUB_rund_front.webp?fit=1000%2C1000&ssl=1&resize=700%2C400 2x"},"classes":[]},{"id":4038,"url":"https:\/\/cottbus-crayfish.de\/shop\/produkt\/ohranhaenger-sub-cottbus-crayfish-rund\/","url_meta":{"origin":4058,"position":5},"title":"Ohranh\u00e4nger Crayfish (rund)","author":"Bj\u00f6rn W\u00f6hrle","date":"5. November 2024","format":false,"excerpt":"Ohranh\u00e4nger mit Sublimationsdruck - beidseitig - rund Metalring und Metallhacken f\u00fcr Ohrloch","rel":"","context":"\u00c4hnlicher Beitrag","block_context":{"text":"\u00c4hnlicher Beitrag","link":""},"img":{"alt_text":"","src":"https:\/\/i0.wp.com\/cottbus-crayfish.de\/shop\/wp-content\/uploads\/sites\/4\/2024\/11\/Ohranhaenger_SUB-rund_uebersicht.webp?fit=1000%2C1000&ssl=1&resize=350%2C200","width":350,"height":200,"srcset":"https:\/\/i0.wp.com\/cottbus-crayfish.de\/shop\/wp-content\/uploads\/sites\/4\/2024\/11\/Ohranhaenger_SUB-rund_uebersicht.webp?fit=1000%2C1000&ssl=1&resize=350%2C200 1x, https:\/\/i0.wp.com\/cottbus-crayfish.de\/shop\/wp-content\/uploads\/sites\/4\/2024\/11\/Ohranhaenger_SUB-rund_uebersicht.webp?fit=1000%2C1000&ssl=1&resize=525%2C300 1.5x, https:\/\/i0.wp.com\/cottbus-crayfish.de\/shop\/wp-content\/uploads\/sites\/4\/2024\/11\/Ohranhaenger_SUB-rund_uebersicht.webp?fit=1000%2C1000&ssl=1&resize=700%2C400 2x"},"classes":[]}],"jetpack_sharing_enabled":false,"_links":{"self":[{"href":"https:\/\/cottbus-crayfish.de\/shop\/wp-json\/wp\/v2\/product\/4058","targetHints":{"allow":["GET"]}}],"collection":[{"href":"https:\/\/cottbus-crayfish.de\/shop\/wp-json\/wp\/v2\/product"}],"about":[{"href":"https:\/\/cottbus-crayfish.de\/shop\/wp-json\/wp\/v2\/types\/product"}],"author":[{"embeddable":true,"href":"https:\/\/cottbus-crayfish.de\/shop\/wp-json\/wp\/v2\/users\/2"}],"wp:featuredmedia":[{"embeddable":true,"href":"https:\/\/cottbus-crayfish.de\/shop\/wp-json\/wp\/v2\/media\/4061"}],"wp:attachment":[{"href":"https:\/\/cottbus-crayfish.de\/shop\/wp-json\/wp\/v2\/media?parent=4058"}],"wp:term":[{"taxonomy":"product_brand","embeddable":true,"href":"https:\/\/cottbus-crayfish.de\/shop\/wp-json\/wp\/v2\/product_brand?post=4058"},{"taxonomy":"product_cat","embeddable":true,"href":"https:\/\/cottbus-crayfish.de\/shop\/wp-json\/wp\/v2\/product_cat?post=4058"},{"taxonomy":"product_tag","embeddable":true,"href":"https:\/\/cottbus-crayfish.de\/shop\/wp-json\/wp\/v2\/product_tag?post=4058"}],"curies":[{"name":"wp","href":"https:\/\/api.w.org\/{rel}","templated":true}]}}