{"id":4063,"date":"2024-11-07T15:39:15","date_gmt":"2024-11-07T14:39:15","guid":{"rendered":"https:\/\/cottbus-crayfish.de\/shop\/?post_type=product&#038;p=4063"},"modified":"2026-04-23T10:01:59","modified_gmt":"2026-04-23T08:01:59","slug":"silikonhandschuh-cottbus-crayfish-schnipp-schnapp","status":"publish","type":"product","link":"https:\/\/cottbus-crayfish.de\/shop\/produkt\/silikonhandschuh-cottbus-crayfish-schnipp-schnapp\/","title":{"rendered":"Silikonhandschuh Crayfish schnipp schnapp"},"content":{"rendered":"<p><span style=\"color: #000000;\">Silikonhandschuh in Krebscherenform<br \/>\n<\/span><span style=\"color: #000000;\">mit <span class=\"BxUVEf ILfuVd\" lang=\"de\"><span class=\"hgKElc\"><span tabindex=\"0\" role=\"tooltip\"><span class=\"c5aZPb\" tabindex=\"0\" role=\"button\" data-enable-toggle-animation=\"true\" data-extra-container-classes=\"ZLo7Eb\" data-hover-hide-delay=\"1000\" data-hover-open-delay=\"500\" data-send-open-event=\"true\" data-theme=\"0\" data-width=\"250\" data-ved=\"2ahUKEwiZ9KSpksWJAxWWxQIHHaoGOysQmpgGegQILRAD\"><span class=\"JPfdse\" data-bubble-link=\"\" data-segment-text=\"Sublimationsdruck\">Logo Cottbus Crayfish<\/span><\/span><\/span> und Schriftzug &#8222;schnipp &#8230; schnapp &#8230; Offense&#8220;<br \/>\nrot\/orange mit weisser Schrift<br \/>\n<\/span><\/span><br \/>\n<\/span><span style=\"color: #000000;\"><br \/>\n<\/span><\/p>\n<p>Lieferzeit: Bestellungen werden binnen 48 Stunden nach Eingang versendet<\/p>\n","protected":false},"excerpt":{"rendered":"<p><span style=\"color: #000000;\"><span class=\"BxUVEf ILfuVd\" lang=\"de\"><span class=\"hgKElc\">Silikonhandschuh in Krebscherenform mit Logo und Schrift<br \/>\nrot\/orange mit weisser Schrift<br \/>\n<\/span><\/span><\/span><\/p>\n","protected":false},"author":2,"featured_media":4066,"template":"","meta":{"_acf_changed":false},"product_brand":[],"product_cat":[577],"product_tag":[477,274,418,434,470,473,474,475,476],"class_list":{"0":"post-4063","1":"product","2":"type-product","3":"status-publish","4":"has-post-thumbnail","6":"product_cat-fanartikel","7":"product_tag-sonstiges","8":"product_tag-crayfish","9":"product_tag-fanwear","10":"product_tag-team","11":"product_tag-logo","12":"product_tag-handschuh","13":"product_tag-krebsschere","14":"product_tag-fanutensil","15":"product_tag-schnipp-schnapp","16":"product_shipping_class-versandtasche-1000","17":"","19":"first","20":"instock","21":"taxable","22":"shipping-taxable","23":"purchasable","24":"product-type-simple"},"acf":[],"jetpack-related-posts":[{"id":5184,"url":"https:\/\/cottbus-crayfish.de\/shop\/produkt\/t-shirt-rot-mit-schrift-schnipp-schnapp-und-liga-logo\/","url_meta":{"origin":4063,"position":0},"title":"T-Shirt rot mit Schrift &#8222;Schnipp Schnapp&#8220;","author":"Bj\u00f6rn W\u00f6hrle","date":"6. Juni 2025","format":false,"excerpt":"T-Shirt rot mit Schrift \"Schnipp Schnapp\" und Liga Logo Schrift Schnipp-Schnapp inkl. Logo und Logo Regionalliga Ost","rel":"","context":"\u00c4hnlicher Beitrag","block_context":{"text":"\u00c4hnlicher Beitrag","link":""},"img":{"alt_text":"T-Shirt, rot, unisex, \"Schnipp Schnapp\"","src":"https:\/\/i0.wp.com\/cottbus-crayfish.de\/shop\/wp-content\/uploads\/sites\/4\/2025\/06\/Bildschirmfoto-2025-04-25-um-23.41.21.webp?fit=1200%2C1109&ssl=1&resize=350%2C200","width":350,"height":200,"srcset":"https:\/\/i0.wp.com\/cottbus-crayfish.de\/shop\/wp-content\/uploads\/sites\/4\/2025\/06\/Bildschirmfoto-2025-04-25-um-23.41.21.webp?fit=1200%2C1109&ssl=1&resize=350%2C200 1x, https:\/\/i0.wp.com\/cottbus-crayfish.de\/shop\/wp-content\/uploads\/sites\/4\/2025\/06\/Bildschirmfoto-2025-04-25-um-23.41.21.webp?fit=1200%2C1109&ssl=1&resize=525%2C300 1.5x, https:\/\/i0.wp.com\/cottbus-crayfish.de\/shop\/wp-content\/uploads\/sites\/4\/2025\/06\/Bildschirmfoto-2025-04-25-um-23.41.21.webp?fit=1200%2C1109&ssl=1&resize=700%2C400 2x, https:\/\/i0.wp.com\/cottbus-crayfish.de\/shop\/wp-content\/uploads\/sites\/4\/2025\/06\/Bildschirmfoto-2025-04-25-um-23.41.21.webp?fit=1200%2C1109&ssl=1&resize=1050%2C600 3x"},"classes":[]},{"id":5967,"url":"https:\/\/cottbus-crayfish.de\/shop\/produkt\/t-shirt-rot-mit-schrift-schnipp-schnapp-saison-2024\/","url_meta":{"origin":4063,"position":1},"title":"T-Shirt rot mit Schrift &#8222;Schnipp Schnapp&#8220; Saison 2024","author":"Bj\u00f6rn W\u00f6hrle","date":"20. November 2025","format":false,"excerpt":"T-Shirt rot mit Schrift \"Schnipp Schnapp\" und Logo GFL 2 \/ Saison 2024 Schrift Schnipp-Schnapp inkl. Logo und Logo GFL 2 \/ Saison 2024","rel":"","context":"\u00c4hnlicher Beitrag","block_context":{"text":"\u00c4hnlicher Beitrag","link":""},"img":{"alt_text":"","src":"https:\/\/i0.wp.com\/cottbus-crayfish.de\/shop\/wp-content\/uploads\/sites\/4\/2025\/11\/Schnipp-Schnapp-2024.webp?fit=1200%2C1109&ssl=1&resize=350%2C200","width":350,"height":200,"srcset":"https:\/\/i0.wp.com\/cottbus-crayfish.de\/shop\/wp-content\/uploads\/sites\/4\/2025\/11\/Schnipp-Schnapp-2024.webp?fit=1200%2C1109&ssl=1&resize=350%2C200 1x, https:\/\/i0.wp.com\/cottbus-crayfish.de\/shop\/wp-content\/uploads\/sites\/4\/2025\/11\/Schnipp-Schnapp-2024.webp?fit=1200%2C1109&ssl=1&resize=525%2C300 1.5x, https:\/\/i0.wp.com\/cottbus-crayfish.de\/shop\/wp-content\/uploads\/sites\/4\/2025\/11\/Schnipp-Schnapp-2024.webp?fit=1200%2C1109&ssl=1&resize=700%2C400 2x, https:\/\/i0.wp.com\/cottbus-crayfish.de\/shop\/wp-content\/uploads\/sites\/4\/2025\/11\/Schnipp-Schnapp-2024.webp?fit=1200%2C1109&ssl=1&resize=1050%2C600 3x"},"classes":[]},{"id":5153,"url":"https:\/\/cottbus-crayfish.de\/shop\/produkt\/schwarzer-hoodie-mit-schrift-und-logo\/","url_meta":{"origin":4063,"position":2},"title":"Schwarzer Hoodie mit Schrift und Logo","author":"Bj\u00f6rn W\u00f6hrle","date":"6. Juni 2025","format":false,"excerpt":"Schwarzer Hoodie mit weisser Schrift \"Cottbus Crayfish\" und rot\/wei\u00dfem Crayfish-Logo mit Kapuze und Zugb\u00e4ndern","rel":"","context":"\u00c4hnlicher Beitrag","block_context":{"text":"\u00c4hnlicher Beitrag","link":""},"img":{"alt_text":"","src":"https:\/\/i0.wp.com\/cottbus-crayfish.de\/shop\/wp-content\/uploads\/sites\/4\/2025\/06\/Bildschirmfoto-2025-04-25-um-23.48.29.webp?fit=1200%2C1110&ssl=1&resize=350%2C200","width":350,"height":200,"srcset":"https:\/\/i0.wp.com\/cottbus-crayfish.de\/shop\/wp-content\/uploads\/sites\/4\/2025\/06\/Bildschirmfoto-2025-04-25-um-23.48.29.webp?fit=1200%2C1110&ssl=1&resize=350%2C200 1x, https:\/\/i0.wp.com\/cottbus-crayfish.de\/shop\/wp-content\/uploads\/sites\/4\/2025\/06\/Bildschirmfoto-2025-04-25-um-23.48.29.webp?fit=1200%2C1110&ssl=1&resize=525%2C300 1.5x, https:\/\/i0.wp.com\/cottbus-crayfish.de\/shop\/wp-content\/uploads\/sites\/4\/2025\/06\/Bildschirmfoto-2025-04-25-um-23.48.29.webp?fit=1200%2C1110&ssl=1&resize=700%2C400 2x, https:\/\/i0.wp.com\/cottbus-crayfish.de\/shop\/wp-content\/uploads\/sites\/4\/2025\/06\/Bildschirmfoto-2025-04-25-um-23.48.29.webp?fit=1200%2C1110&ssl=1&resize=1050%2C600 3x"},"classes":[]},{"id":4942,"url":"https:\/\/cottbus-crayfish.de\/shop\/produkt\/baseball-cap-rot-mit-logo-krebs\/","url_meta":{"origin":4063,"position":3},"title":"Baseball Cap rot mit Logo Krebs","author":"Bj\u00f6rn W\u00f6hrle","date":"23. Mai 2025","format":false,"excerpt":"Baseball Cap rot mit rot\/wei\u00dfem Logo","rel":"","context":"\u00c4hnlicher Beitrag","block_context":{"text":"\u00c4hnlicher Beitrag","link":""},"img":{"alt_text":"","src":"https:\/\/i0.wp.com\/cottbus-crayfish.de\/shop\/wp-content\/uploads\/sites\/4\/2025\/05\/Base-Cap-rot-Krebs_Front-scaled.webp?fit=1200%2C1200&ssl=1&resize=350%2C200","width":350,"height":200,"srcset":"https:\/\/i0.wp.com\/cottbus-crayfish.de\/shop\/wp-content\/uploads\/sites\/4\/2025\/05\/Base-Cap-rot-Krebs_Front-scaled.webp?fit=1200%2C1200&ssl=1&resize=350%2C200 1x, https:\/\/i0.wp.com\/cottbus-crayfish.de\/shop\/wp-content\/uploads\/sites\/4\/2025\/05\/Base-Cap-rot-Krebs_Front-scaled.webp?fit=1200%2C1200&ssl=1&resize=525%2C300 1.5x, https:\/\/i0.wp.com\/cottbus-crayfish.de\/shop\/wp-content\/uploads\/sites\/4\/2025\/05\/Base-Cap-rot-Krebs_Front-scaled.webp?fit=1200%2C1200&ssl=1&resize=700%2C400 2x, https:\/\/i0.wp.com\/cottbus-crayfish.de\/shop\/wp-content\/uploads\/sites\/4\/2025\/05\/Base-Cap-rot-Krebs_Front-scaled.webp?fit=1200%2C1200&ssl=1&resize=1050%2C600 3x"},"classes":[]},{"id":7159,"url":"https:\/\/cottbus-crayfish.de\/shop\/produkt\/baseball-cap-beige-mit-logo-krebs\/","url_meta":{"origin":4063,"position":4},"title":"Baseball Cap beige mit Logo Krebs","author":"Bj\u00f6rn W\u00f6hrle","date":"23. April 2026","format":false,"excerpt":"Baseball Cap beige mit rot\/wei\u00dfem Logo","rel":"","context":"\u00c4hnlicher Beitrag","block_context":{"text":"\u00c4hnlicher Beitrag","link":""},"img":{"alt_text":"","src":"https:\/\/i0.wp.com\/cottbus-crayfish.de\/shop\/wp-content\/uploads\/sites\/4\/2026\/04\/20260423_155114.webp?fit=1200%2C1200&ssl=1&resize=350%2C200","width":350,"height":200,"srcset":"https:\/\/i0.wp.com\/cottbus-crayfish.de\/shop\/wp-content\/uploads\/sites\/4\/2026\/04\/20260423_155114.webp?fit=1200%2C1200&ssl=1&resize=350%2C200 1x, https:\/\/i0.wp.com\/cottbus-crayfish.de\/shop\/wp-content\/uploads\/sites\/4\/2026\/04\/20260423_155114.webp?fit=1200%2C1200&ssl=1&resize=525%2C300 1.5x, https:\/\/i0.wp.com\/cottbus-crayfish.de\/shop\/wp-content\/uploads\/sites\/4\/2026\/04\/20260423_155114.webp?fit=1200%2C1200&ssl=1&resize=700%2C400 2x, https:\/\/i0.wp.com\/cottbus-crayfish.de\/shop\/wp-content\/uploads\/sites\/4\/2026\/04\/20260423_155114.webp?fit=1200%2C1200&ssl=1&resize=1050%2C600 3x"},"classes":[]},{"id":5122,"url":"https:\/\/cottbus-crayfish.de\/shop\/produkt\/luftdruck-fanfare-air-horn\/","url_meta":{"origin":4063,"position":5},"title":"Luftdruck-Fanfare Air Horn (klein)","author":"Bj\u00f6rn W\u00f6hrle","date":"5. Juni 2025","format":false,"excerpt":"Luftdruck-Fanfare Air Horn Extrem Laut bedruckt mit Logo und schwarzem Schriftzug","rel":"","context":"\u00c4hnlicher Beitrag","block_context":{"text":"\u00c4hnlicher Beitrag","link":""},"img":{"alt_text":"","src":"https:\/\/i0.wp.com\/cottbus-crayfish.de\/shop\/wp-content\/uploads\/sites\/4\/2025\/06\/Luftdruck-Fanfare-Air-Horn.webp?fit=1200%2C1200&ssl=1&resize=350%2C200","width":350,"height":200,"srcset":"https:\/\/i0.wp.com\/cottbus-crayfish.de\/shop\/wp-content\/uploads\/sites\/4\/2025\/06\/Luftdruck-Fanfare-Air-Horn.webp?fit=1200%2C1200&ssl=1&resize=350%2C200 1x, https:\/\/i0.wp.com\/cottbus-crayfish.de\/shop\/wp-content\/uploads\/sites\/4\/2025\/06\/Luftdruck-Fanfare-Air-Horn.webp?fit=1200%2C1200&ssl=1&resize=525%2C300 1.5x, https:\/\/i0.wp.com\/cottbus-crayfish.de\/shop\/wp-content\/uploads\/sites\/4\/2025\/06\/Luftdruck-Fanfare-Air-Horn.webp?fit=1200%2C1200&ssl=1&resize=700%2C400 2x, https:\/\/i0.wp.com\/cottbus-crayfish.de\/shop\/wp-content\/uploads\/sites\/4\/2025\/06\/Luftdruck-Fanfare-Air-Horn.webp?fit=1200%2C1200&ssl=1&resize=1050%2C600 3x"},"classes":[]}],"jetpack_sharing_enabled":false,"_links":{"self":[{"href":"https:\/\/cottbus-crayfish.de\/shop\/wp-json\/wp\/v2\/product\/4063","targetHints":{"allow":["GET"]}}],"collection":[{"href":"https:\/\/cottbus-crayfish.de\/shop\/wp-json\/wp\/v2\/product"}],"about":[{"href":"https:\/\/cottbus-crayfish.de\/shop\/wp-json\/wp\/v2\/types\/product"}],"author":[{"embeddable":true,"href":"https:\/\/cottbus-crayfish.de\/shop\/wp-json\/wp\/v2\/users\/2"}],"wp:featuredmedia":[{"embeddable":true,"href":"https:\/\/cottbus-crayfish.de\/shop\/wp-json\/wp\/v2\/media\/4066"}],"wp:attachment":[{"href":"https:\/\/cottbus-crayfish.de\/shop\/wp-json\/wp\/v2\/media?parent=4063"}],"wp:term":[{"taxonomy":"product_brand","embeddable":true,"href":"https:\/\/cottbus-crayfish.de\/shop\/wp-json\/wp\/v2\/product_brand?post=4063"},{"taxonomy":"product_cat","embeddable":true,"href":"https:\/\/cottbus-crayfish.de\/shop\/wp-json\/wp\/v2\/product_cat?post=4063"},{"taxonomy":"product_tag","embeddable":true,"href":"https:\/\/cottbus-crayfish.de\/shop\/wp-json\/wp\/v2\/product_tag?post=4063"}],"curies":[{"name":"wp","href":"https:\/\/api.w.org\/{rel}","templated":true}]}}