{"id":4067,"date":"2024-11-07T15:52:53","date_gmt":"2024-11-07T14:52:53","guid":{"rendered":"https:\/\/cottbus-crayfish.de\/shop\/?post_type=product&#038;p=4067"},"modified":"2026-04-25T18:02:13","modified_gmt":"2026-04-25T16:02:13","slug":"autofahne-cottbus-crayfish-logo","status":"publish","type":"product","link":"https:\/\/cottbus-crayfish.de\/shop\/produkt\/autofahne-cottbus-crayfish-logo\/","title":{"rendered":"Autofahne Crayfish"},"content":{"rendered":"<p><span style=\"color: #000000;\">Autofahne mit Cottbus Crayfish Logo Krebs<\/span><br \/>\n<span style=\"color: #000000;\">F\u00fcr den PKW oder LKW.<\/span><\/p>\n<p><span style=\"color: #000000;\">Wei\u00dfe Autofahne mit Krebs-Logo in Rot und schwarzer Umrandung, Stoff durchscheinend, Logo auf beiden Seiten sichtbar<br \/>\nAuto-Fensterhalterung aus Kunststoff zum aufstecken<\/span><\/p>\n<p>Lieferzeit: Bestellungen werden binnen 48 Stunden nach Eingang versendet<\/p>\n","protected":false},"excerpt":{"rendered":"<p><span style=\"color: #000000;\">Autofahne mit Cottbus Crayfish Logo Krebs<br \/>\nF\u00fcr den PKW oder LKW<\/span><\/p>\n","protected":false},"author":2,"featured_media":4068,"template":"","meta":{"_acf_changed":false},"product_brand":[],"product_cat":[577],"product_tag":[479,77,418,425,429,430,450,470,478],"class_list":{"0":"post-4067","1":"product","2":"type-product","3":"status-publish","4":"has-post-thumbnail","6":"product_cat-fanartikel","7":"product_tag-fahne","8":"product_tag-trikot","9":"product_tag-fanwear","10":"product_tag-auto","11":"product_tag-scheibe","12":"product_tag-430","13":"product_tag-krebs","14":"product_tag-logo","15":"product_tag-autofahne","16":"product_shipping_class-versandtasche-1000","17":"","19":"first","20":"instock","21":"taxable","22":"shipping-taxable","23":"purchasable","24":"product-type-simple"},"acf":[],"jetpack-related-posts":[{"id":3919,"url":"https:\/\/cottbus-crayfish.de\/shop\/produkt\/cottbus-crayfish-mini-trikot\/","url_meta":{"origin":4067,"position":0},"title":"Mini-Heimtrikot","author":"Bj\u00f6rn W\u00f6hrle","date":"29. Oktober 2024","format":false,"excerpt":"Cottbus Crayfish Mini-Trikot mit\u00a0 Saugnapf.","rel":"","context":"\u00c4hnlicher Beitrag","block_context":{"text":"\u00c4hnlicher Beitrag","link":""},"img":{"alt_text":"","src":"https:\/\/i0.wp.com\/cottbus-crayfish.de\/shop\/wp-content\/uploads\/sites\/4\/2024\/10\/Mini_Trikot_Auto_Front.webp?fit=1000%2C863&ssl=1&resize=350%2C200","width":350,"height":200,"srcset":"https:\/\/i0.wp.com\/cottbus-crayfish.de\/shop\/wp-content\/uploads\/sites\/4\/2024\/10\/Mini_Trikot_Auto_Front.webp?fit=1000%2C863&ssl=1&resize=350%2C200 1x, https:\/\/i0.wp.com\/cottbus-crayfish.de\/shop\/wp-content\/uploads\/sites\/4\/2024\/10\/Mini_Trikot_Auto_Front.webp?fit=1000%2C863&ssl=1&resize=525%2C300 1.5x, https:\/\/i0.wp.com\/cottbus-crayfish.de\/shop\/wp-content\/uploads\/sites\/4\/2024\/10\/Mini_Trikot_Auto_Front.webp?fit=1000%2C863&ssl=1&resize=700%2C400 2x"},"classes":[]},{"id":3915,"url":"https:\/\/cottbus-crayfish.de\/shop\/produkt\/cottbus-crayfish-mini-schal\/","url_meta":{"origin":4067,"position":1},"title":"Mini-Schal (Auto)","author":"Bj\u00f6rn W\u00f6hrle","date":"29. Oktober 2024","format":false,"excerpt":"Cottbus Crayfish Mini-Fanschal mit 2 Saugn\u00e4pfen.","rel":"","context":"\u00c4hnlicher Beitrag","block_context":{"text":"\u00c4hnlicher Beitrag","link":""},"img":{"alt_text":"","src":"https:\/\/i0.wp.com\/cottbus-crayfish.de\/shop\/wp-content\/uploads\/sites\/4\/2024\/10\/Mini_Schal_Auto_Rueck.webp?fit=1000%2C863&ssl=1&resize=350%2C200","width":350,"height":200,"srcset":"https:\/\/i0.wp.com\/cottbus-crayfish.de\/shop\/wp-content\/uploads\/sites\/4\/2024\/10\/Mini_Schal_Auto_Rueck.webp?fit=1000%2C863&ssl=1&resize=350%2C200 1x, https:\/\/i0.wp.com\/cottbus-crayfish.de\/shop\/wp-content\/uploads\/sites\/4\/2024\/10\/Mini_Schal_Auto_Rueck.webp?fit=1000%2C863&ssl=1&resize=525%2C300 1.5x, https:\/\/i0.wp.com\/cottbus-crayfish.de\/shop\/wp-content\/uploads\/sites\/4\/2024\/10\/Mini_Schal_Auto_Rueck.webp?fit=1000%2C863&ssl=1&resize=700%2C400 2x"},"classes":[]},{"id":4973,"url":"https:\/\/cottbus-crayfish.de\/shop\/produkt\/mini-hoodie-cottbus-crayfish\/","url_meta":{"origin":4067,"position":2},"title":"Mini-Hoodie Crayfish f\u00fcr Schaltknauf","author":"Bj\u00f6rn W\u00f6hrle","date":"30. Mai 2025","format":false,"excerpt":"Mini-Hoodie Cottbus Crayfish rot, mit Logo und Schriftzug","rel":"","context":"\u00c4hnlicher Beitrag","block_context":{"text":"\u00c4hnlicher Beitrag","link":""},"img":{"alt_text":"","src":"https:\/\/i0.wp.com\/cottbus-crayfish.de\/shop\/wp-content\/uploads\/sites\/4\/2025\/05\/Ueberzieher-Schaltknauf_Front-scaled.webp?fit=1200%2C1200&ssl=1&resize=350%2C200","width":350,"height":200,"srcset":"https:\/\/i0.wp.com\/cottbus-crayfish.de\/shop\/wp-content\/uploads\/sites\/4\/2025\/05\/Ueberzieher-Schaltknauf_Front-scaled.webp?fit=1200%2C1200&ssl=1&resize=350%2C200 1x, https:\/\/i0.wp.com\/cottbus-crayfish.de\/shop\/wp-content\/uploads\/sites\/4\/2025\/05\/Ueberzieher-Schaltknauf_Front-scaled.webp?fit=1200%2C1200&ssl=1&resize=525%2C300 1.5x, https:\/\/i0.wp.com\/cottbus-crayfish.de\/shop\/wp-content\/uploads\/sites\/4\/2025\/05\/Ueberzieher-Schaltknauf_Front-scaled.webp?fit=1200%2C1200&ssl=1&resize=700%2C400 2x, https:\/\/i0.wp.com\/cottbus-crayfish.de\/shop\/wp-content\/uploads\/sites\/4\/2025\/05\/Ueberzieher-Schaltknauf_Front-scaled.webp?fit=1200%2C1200&ssl=1&resize=1050%2C600 3x"},"classes":[]},{"id":4071,"url":"https:\/\/cottbus-crayfish.de\/shop\/produkt\/stoffbeutel-rot-mit-cottbus-crayfish-logo-und-schrift\/","url_meta":{"origin":4067,"position":3},"title":"Stoffbeutel mit Crayfish Logo und Schrift","author":"Bj\u00f6rn W\u00f6hrle","date":"7. November 2024","format":false,"excerpt":"Roter Stoffbeutel mit Logo Krebs Schrift Cottbus Crayfish - wei\u00df einseitig bedruckt","rel":"","context":"\u00c4hnlicher Beitrag","block_context":{"text":"\u00c4hnlicher Beitrag","link":""},"img":{"alt_text":"","src":"https:\/\/i0.wp.com\/cottbus-crayfish.de\/shop\/wp-content\/uploads\/sites\/4\/2024\/11\/Stoffbeutel_Ansicht.webp?fit=1000%2C1000&ssl=1&resize=350%2C200","width":350,"height":200,"srcset":"https:\/\/i0.wp.com\/cottbus-crayfish.de\/shop\/wp-content\/uploads\/sites\/4\/2024\/11\/Stoffbeutel_Ansicht.webp?fit=1000%2C1000&ssl=1&resize=350%2C200 1x, https:\/\/i0.wp.com\/cottbus-crayfish.de\/shop\/wp-content\/uploads\/sites\/4\/2024\/11\/Stoffbeutel_Ansicht.webp?fit=1000%2C1000&ssl=1&resize=525%2C300 1.5x, https:\/\/i0.wp.com\/cottbus-crayfish.de\/shop\/wp-content\/uploads\/sites\/4\/2024\/11\/Stoffbeutel_Ansicht.webp?fit=1000%2C1000&ssl=1&resize=700%2C400 2x"},"classes":[]},{"id":7173,"url":"https:\/\/cottbus-crayfish.de\/shop\/produkt\/duftbaum-logo-mit-sommerfrische\/","url_meta":{"origin":4067,"position":4},"title":"Duftbaum Logo mit Sommerfrische","author":"Bj\u00f6rn W\u00f6hrle","date":"23. April 2026","format":false,"excerpt":"Duftbaum\u00a0","rel":"","context":"\u00c4hnlicher Beitrag","block_context":{"text":"\u00c4hnlicher Beitrag","link":""},"img":{"alt_text":"","src":"https:\/\/i0.wp.com\/cottbus-crayfish.de\/shop\/wp-content\/uploads\/sites\/4\/2026\/04\/20260423_165701.webp?fit=1200%2C1200&ssl=1&resize=350%2C200","width":350,"height":200,"srcset":"https:\/\/i0.wp.com\/cottbus-crayfish.de\/shop\/wp-content\/uploads\/sites\/4\/2026\/04\/20260423_165701.webp?fit=1200%2C1200&ssl=1&resize=350%2C200 1x, https:\/\/i0.wp.com\/cottbus-crayfish.de\/shop\/wp-content\/uploads\/sites\/4\/2026\/04\/20260423_165701.webp?fit=1200%2C1200&ssl=1&resize=525%2C300 1.5x, https:\/\/i0.wp.com\/cottbus-crayfish.de\/shop\/wp-content\/uploads\/sites\/4\/2026\/04\/20260423_165701.webp?fit=1200%2C1200&ssl=1&resize=700%2C400 2x, https:\/\/i0.wp.com\/cottbus-crayfish.de\/shop\/wp-content\/uploads\/sites\/4\/2026\/04\/20260423_165701.webp?fit=1200%2C1200&ssl=1&resize=1050%2C600 3x"},"classes":[]},{"id":3955,"url":"https:\/\/cottbus-crayfish.de\/shop\/produkt\/schluesselanhaenger-cottbus-crayfish-aus-kunststoff-rund\/","url_meta":{"origin":4067,"position":5},"title":"Schl\u00fcsselanh\u00e4nger Cottbus Crayfish aus Acryl &#8211; rund","author":"Bj\u00f6rn W\u00f6hrle","date":"30. Oktober 2024","format":false,"excerpt":"Schl\u00fcsselanh\u00e4nger aus Acryl mit Logo Cottbus Crayfish Krebs durchsichtiger Acryl mit rotem Krebse bedruckt","rel":"","context":"\u00c4hnlicher Beitrag","block_context":{"text":"\u00c4hnlicher Beitrag","link":""},"img":{"alt_text":"","src":"https:\/\/i0.wp.com\/cottbus-crayfish.de\/shop\/wp-content\/uploads\/sites\/4\/2024\/10\/Schluesselanhaenger_Acyrl_rund_full.webp?fit=1000%2C1000&ssl=1&resize=350%2C200","width":350,"height":200,"srcset":"https:\/\/i0.wp.com\/cottbus-crayfish.de\/shop\/wp-content\/uploads\/sites\/4\/2024\/10\/Schluesselanhaenger_Acyrl_rund_full.webp?fit=1000%2C1000&ssl=1&resize=350%2C200 1x, https:\/\/i0.wp.com\/cottbus-crayfish.de\/shop\/wp-content\/uploads\/sites\/4\/2024\/10\/Schluesselanhaenger_Acyrl_rund_full.webp?fit=1000%2C1000&ssl=1&resize=525%2C300 1.5x, https:\/\/i0.wp.com\/cottbus-crayfish.de\/shop\/wp-content\/uploads\/sites\/4\/2024\/10\/Schluesselanhaenger_Acyrl_rund_full.webp?fit=1000%2C1000&ssl=1&resize=700%2C400 2x"},"classes":[]}],"jetpack_sharing_enabled":false,"_links":{"self":[{"href":"https:\/\/cottbus-crayfish.de\/shop\/wp-json\/wp\/v2\/product\/4067","targetHints":{"allow":["GET"]}}],"collection":[{"href":"https:\/\/cottbus-crayfish.de\/shop\/wp-json\/wp\/v2\/product"}],"about":[{"href":"https:\/\/cottbus-crayfish.de\/shop\/wp-json\/wp\/v2\/types\/product"}],"author":[{"embeddable":true,"href":"https:\/\/cottbus-crayfish.de\/shop\/wp-json\/wp\/v2\/users\/2"}],"wp:featuredmedia":[{"embeddable":true,"href":"https:\/\/cottbus-crayfish.de\/shop\/wp-json\/wp\/v2\/media\/4068"}],"wp:attachment":[{"href":"https:\/\/cottbus-crayfish.de\/shop\/wp-json\/wp\/v2\/media?parent=4067"}],"wp:term":[{"taxonomy":"product_brand","embeddable":true,"href":"https:\/\/cottbus-crayfish.de\/shop\/wp-json\/wp\/v2\/product_brand?post=4067"},{"taxonomy":"product_cat","embeddable":true,"href":"https:\/\/cottbus-crayfish.de\/shop\/wp-json\/wp\/v2\/product_cat?post=4067"},{"taxonomy":"product_tag","embeddable":true,"href":"https:\/\/cottbus-crayfish.de\/shop\/wp-json\/wp\/v2\/product_tag?post=4067"}],"curies":[{"name":"wp","href":"https:\/\/api.w.org\/{rel}","templated":true}]}}