{"id":4102,"date":"2024-11-17T11:27:08","date_gmt":"2024-11-17T10:27:08","guid":{"rendered":"https:\/\/cottbus-crayfish.de\/shop\/?post_type=product&#038;p=4102"},"modified":"2026-03-21T23:20:44","modified_gmt":"2026-03-21T22:20:44","slug":"weihnachtsbaumkugel-silber","status":"publish","type":"product","link":"https:\/\/cottbus-crayfish.de\/shop\/produkt\/weihnachtsbaumkugel-silber\/","title":{"rendered":"Weihnachtsbaumkugel (silber)"},"content":{"rendered":"<p><span style=\"color: #000000;\">Weihnachtsbaumkugel im Cottbus Crayfish Design in silber <\/span><br \/>\n<span style=\"color: #000000;\">Kunststoffkugel mit Ring und silberner Nylonschnur zum anh\u00e4ngen (bruchsicher)<\/span><\/p>\n<p><span style=\"color: #000000;\">Silberne Kugel mit Crayfish Krebs und Schriftzug Crayfish<\/span><\/p>\n<p><span style=\"color: #000000;\">Beide Kugeln auch im Bundle erh\u00e4ltlich und beinhaltet eine silberne und eine rote Kugel<\/span><\/p>\n<p><span style=\"color: #808080;\">Lieferzeit: Bestellungen werden binnen 48 Stunden nach Eingang versendet<\/span><\/p>\n","protected":false},"excerpt":{"rendered":"<p><span style=\"color: #000000;\">Weihnachtsbaumkugel im Cottbus Crayfish Design in silber<br \/>\nmit Cottbus Crayfish Logo und Schriftzug Crayfish<br \/>\n<\/span><\/p>\n","protected":false},"author":2,"featured_media":4095,"template":"","meta":{"_acf_changed":false},"product_brand":[],"product_cat":[578],"product_tag":[484,485,274,486,418,487,430,434,450,458,470,477],"class_list":{"0":"post-4102","1":"product","2":"type-product","3":"status-publish","4":"has-post-thumbnail","6":"product_cat-home-lifestyle","7":"product_tag-silber","8":"product_tag-bundle","9":"product_tag-crayfish","10":"product_tag-weihnachten","11":"product_tag-fanwear","12":"product_tag-kugeln","13":"product_tag-430","14":"product_tag-team","15":"product_tag-krebs","16":"product_tag-rot","17":"product_tag-logo","18":"product_tag-sonstiges","19":"product_shipping_class-paeckchen-200","20":"","22":"first","23":"instock","24":"taxable","25":"shipping-taxable","26":"purchasable","27":"product-type-simple"},"acf":[],"jetpack-related-posts":[{"id":4103,"url":"https:\/\/cottbus-crayfish.de\/shop\/produkt\/weihnachtsbaumkugeln-bundle\/","url_meta":{"origin":4102,"position":0},"title":"Weihnachtsbaumkugeln (Bundle)","author":"Bj\u00f6rn W\u00f6hrle","date":"17. November 2024","format":false,"excerpt":"Weihnachtsbaumkugeln Bundle im Cottbus Crayfish Design in rot und silber mit Cottbus Crayfish Logo und Schriftzug","rel":"","context":"\u00c4hnlicher Beitrag","block_context":{"text":"\u00c4hnlicher Beitrag","link":""},"img":{"alt_text":"","src":"https:\/\/i0.wp.com\/cottbus-crayfish.de\/shop\/wp-content\/uploads\/sites\/4\/2024\/11\/Weihnachtskugel_bundle_1.webp?fit=1000%2C863&ssl=1&resize=350%2C200","width":350,"height":200,"srcset":"https:\/\/i0.wp.com\/cottbus-crayfish.de\/shop\/wp-content\/uploads\/sites\/4\/2024\/11\/Weihnachtskugel_bundle_1.webp?fit=1000%2C863&ssl=1&resize=350%2C200 1x, https:\/\/i0.wp.com\/cottbus-crayfish.de\/shop\/wp-content\/uploads\/sites\/4\/2024\/11\/Weihnachtskugel_bundle_1.webp?fit=1000%2C863&ssl=1&resize=525%2C300 1.5x, https:\/\/i0.wp.com\/cottbus-crayfish.de\/shop\/wp-content\/uploads\/sites\/4\/2024\/11\/Weihnachtskugel_bundle_1.webp?fit=1000%2C863&ssl=1&resize=700%2C400 2x"},"classes":[]},{"id":4093,"url":"https:\/\/cottbus-crayfish.de\/shop\/produkt\/weihnachtsbaumkugel-rot\/","url_meta":{"origin":4102,"position":1},"title":"Weihnachtsbaumkugel (rot)","author":"Bj\u00f6rn W\u00f6hrle","date":"17. November 2024","format":false,"excerpt":"Weihnachtsbaumkugel im Cottbus Crayfish Design in rot mit Cottbus Crayfish Logo","rel":"","context":"\u00c4hnlicher Beitrag","block_context":{"text":"\u00c4hnlicher Beitrag","link":""},"img":{"alt_text":"","src":"https:\/\/i0.wp.com\/cottbus-crayfish.de\/shop\/wp-content\/uploads\/sites\/4\/2024\/11\/Weihnachtskugel_rot.webp?fit=1000%2C863&ssl=1&resize=350%2C200","width":350,"height":200,"srcset":"https:\/\/i0.wp.com\/cottbus-crayfish.de\/shop\/wp-content\/uploads\/sites\/4\/2024\/11\/Weihnachtskugel_rot.webp?fit=1000%2C863&ssl=1&resize=350%2C200 1x, https:\/\/i0.wp.com\/cottbus-crayfish.de\/shop\/wp-content\/uploads\/sites\/4\/2024\/11\/Weihnachtskugel_rot.webp?fit=1000%2C863&ssl=1&resize=525%2C300 1.5x, https:\/\/i0.wp.com\/cottbus-crayfish.de\/shop\/wp-content\/uploads\/sites\/4\/2024\/11\/Weihnachtskugel_rot.webp?fit=1000%2C863&ssl=1&resize=700%2C400 2x"},"classes":[]},{"id":5937,"url":"https:\/\/cottbus-crayfish.de\/shop\/produkt\/cottbus-crayfish-mini-helm\/","url_meta":{"origin":4102,"position":2},"title":"Mini-Helm Cottbus Crayfish","author":"Bj\u00f6rn W\u00f6hrle","date":"6. November 2025","format":false,"excerpt":"Mini-Helm Cottbus Crayfish (Sammlerst\u00fcck - begrenzte St\u00fcckzahl) Silbener Helm mit Branding Cottbus Crayfish","rel":"","context":"\u00c4hnlicher Beitrag","block_context":{"text":"\u00c4hnlicher Beitrag","link":""},"img":{"alt_text":"","src":"https:\/\/i0.wp.com\/cottbus-crayfish.de\/shop\/wp-content\/uploads\/sites\/4\/2025\/11\/Mini-Helm-Head.webp?fit=1000%2C863&ssl=1&resize=350%2C200","width":350,"height":200,"srcset":"https:\/\/i0.wp.com\/cottbus-crayfish.de\/shop\/wp-content\/uploads\/sites\/4\/2025\/11\/Mini-Helm-Head.webp?fit=1000%2C863&ssl=1&resize=350%2C200 1x, https:\/\/i0.wp.com\/cottbus-crayfish.de\/shop\/wp-content\/uploads\/sites\/4\/2025\/11\/Mini-Helm-Head.webp?fit=1000%2C863&ssl=1&resize=525%2C300 1.5x, https:\/\/i0.wp.com\/cottbus-crayfish.de\/shop\/wp-content\/uploads\/sites\/4\/2025\/11\/Mini-Helm-Head.webp?fit=1000%2C863&ssl=1&resize=700%2C400 2x"},"classes":[]},{"id":5900,"url":"https:\/\/cottbus-crayfish.de\/shop\/produkt\/cottbus-crayfish-bommelmuetze-2025\/","url_meta":{"origin":4102,"position":3},"title":"Cottbus Crayfish Bommelm\u00fctze 2025","author":"Bj\u00f6rn W\u00f6hrle","date":"21. Oktober 2025","format":false,"excerpt":"Bommelm\u00fctze Cottbus Crayfish 2025 rot \/ weiss mit Schriftzug und Logo aus 100% Baumwolle","rel":"","context":"\u00c4hnlicher Beitrag","block_context":{"text":"\u00c4hnlicher Beitrag","link":""},"img":{"alt_text":"","src":"https:\/\/i0.wp.com\/cottbus-crayfish.de\/shop\/wp-content\/uploads\/sites\/4\/2025\/10\/Bommelmuetze-2026.webp?fit=1000%2C863&ssl=1&resize=350%2C200","width":350,"height":200,"srcset":"https:\/\/i0.wp.com\/cottbus-crayfish.de\/shop\/wp-content\/uploads\/sites\/4\/2025\/10\/Bommelmuetze-2026.webp?fit=1000%2C863&ssl=1&resize=350%2C200 1x, https:\/\/i0.wp.com\/cottbus-crayfish.de\/shop\/wp-content\/uploads\/sites\/4\/2025\/10\/Bommelmuetze-2026.webp?fit=1000%2C863&ssl=1&resize=525%2C300 1.5x, https:\/\/i0.wp.com\/cottbus-crayfish.de\/shop\/wp-content\/uploads\/sites\/4\/2025\/10\/Bommelmuetze-2026.webp?fit=1000%2C863&ssl=1&resize=700%2C400 2x"},"classes":[]},{"id":4938,"url":"https:\/\/cottbus-crayfish.de\/shop\/produkt\/baseball-cap-schwarz-mit-schwarzem-schriftzug\/","url_meta":{"origin":4102,"position":4},"title":"Baseball Cap schwarz mit schwarzem Schriftzug","author":"Bj\u00f6rn W\u00f6hrle","date":"23. Mai 2025","format":false,"excerpt":"Baseball Cap schwarz mit schwarzem Schriftzug","rel":"","context":"\u00c4hnlicher Beitrag","block_context":{"text":"\u00c4hnlicher Beitrag","link":""},"img":{"alt_text":"","src":"https:\/\/i0.wp.com\/cottbus-crayfish.de\/shop\/wp-content\/uploads\/sites\/4\/2025\/05\/Base-Cap-schwarz_Schrift_Front-scaled.webp?fit=1200%2C1200&ssl=1&resize=350%2C200","width":350,"height":200,"srcset":"https:\/\/i0.wp.com\/cottbus-crayfish.de\/shop\/wp-content\/uploads\/sites\/4\/2025\/05\/Base-Cap-schwarz_Schrift_Front-scaled.webp?fit=1200%2C1200&ssl=1&resize=350%2C200 1x, https:\/\/i0.wp.com\/cottbus-crayfish.de\/shop\/wp-content\/uploads\/sites\/4\/2025\/05\/Base-Cap-schwarz_Schrift_Front-scaled.webp?fit=1200%2C1200&ssl=1&resize=525%2C300 1.5x, https:\/\/i0.wp.com\/cottbus-crayfish.de\/shop\/wp-content\/uploads\/sites\/4\/2025\/05\/Base-Cap-schwarz_Schrift_Front-scaled.webp?fit=1200%2C1200&ssl=1&resize=700%2C400 2x, https:\/\/i0.wp.com\/cottbus-crayfish.de\/shop\/wp-content\/uploads\/sites\/4\/2025\/05\/Base-Cap-schwarz_Schrift_Front-scaled.webp?fit=1200%2C1200&ssl=1&resize=1050%2C600 3x"},"classes":[]},{"id":5163,"url":"https:\/\/cottbus-crayfish.de\/shop\/produkt\/t-shirt-mit-schwarzem-schriftzug\/","url_meta":{"origin":4102,"position":5},"title":"T-Shirt mit schwarzem Schriftzug","author":"Bj\u00f6rn W\u00f6hrle","date":"6. Juni 2025","format":false,"excerpt":"Schwarzes T-Shirt mit schwarzer Schrift \"Cottbus Crayfish - American Football\" die Schrift ist farblich leicht abgesetzt","rel":"","context":"\u00c4hnlicher Beitrag","block_context":{"text":"\u00c4hnlicher Beitrag","link":""},"img":{"alt_text":"","src":"https:\/\/i0.wp.com\/cottbus-crayfish.de\/shop\/wp-content\/uploads\/sites\/4\/2025\/06\/Bildschirmfoto-2025-04-25-um-22.56.59.webp?fit=1200%2C1102&ssl=1&resize=350%2C200","width":350,"height":200,"srcset":"https:\/\/i0.wp.com\/cottbus-crayfish.de\/shop\/wp-content\/uploads\/sites\/4\/2025\/06\/Bildschirmfoto-2025-04-25-um-22.56.59.webp?fit=1200%2C1102&ssl=1&resize=350%2C200 1x, https:\/\/i0.wp.com\/cottbus-crayfish.de\/shop\/wp-content\/uploads\/sites\/4\/2025\/06\/Bildschirmfoto-2025-04-25-um-22.56.59.webp?fit=1200%2C1102&ssl=1&resize=525%2C300 1.5x, https:\/\/i0.wp.com\/cottbus-crayfish.de\/shop\/wp-content\/uploads\/sites\/4\/2025\/06\/Bildschirmfoto-2025-04-25-um-22.56.59.webp?fit=1200%2C1102&ssl=1&resize=700%2C400 2x, https:\/\/i0.wp.com\/cottbus-crayfish.de\/shop\/wp-content\/uploads\/sites\/4\/2025\/06\/Bildschirmfoto-2025-04-25-um-22.56.59.webp?fit=1200%2C1102&ssl=1&resize=1050%2C600 3x"},"classes":[]}],"jetpack_sharing_enabled":false,"_links":{"self":[{"href":"https:\/\/cottbus-crayfish.de\/shop\/wp-json\/wp\/v2\/product\/4102","targetHints":{"allow":["GET"]}}],"collection":[{"href":"https:\/\/cottbus-crayfish.de\/shop\/wp-json\/wp\/v2\/product"}],"about":[{"href":"https:\/\/cottbus-crayfish.de\/shop\/wp-json\/wp\/v2\/types\/product"}],"author":[{"embeddable":true,"href":"https:\/\/cottbus-crayfish.de\/shop\/wp-json\/wp\/v2\/users\/2"}],"wp:featuredmedia":[{"embeddable":true,"href":"https:\/\/cottbus-crayfish.de\/shop\/wp-json\/wp\/v2\/media\/4095"}],"wp:attachment":[{"href":"https:\/\/cottbus-crayfish.de\/shop\/wp-json\/wp\/v2\/media?parent=4102"}],"wp:term":[{"taxonomy":"product_brand","embeddable":true,"href":"https:\/\/cottbus-crayfish.de\/shop\/wp-json\/wp\/v2\/product_brand?post=4102"},{"taxonomy":"product_cat","embeddable":true,"href":"https:\/\/cottbus-crayfish.de\/shop\/wp-json\/wp\/v2\/product_cat?post=4102"},{"taxonomy":"product_tag","embeddable":true,"href":"https:\/\/cottbus-crayfish.de\/shop\/wp-json\/wp\/v2\/product_tag?post=4102"}],"curies":[{"name":"wp","href":"https:\/\/api.w.org\/{rel}","templated":true}]}}