{"id":4921,"date":"2025-05-23T09:47:37","date_gmt":"2025-05-23T07:47:37","guid":{"rendered":"https:\/\/cottbus-crayfish.de\/shop\/?post_type=product&#038;p=4921"},"modified":"2026-04-25T16:23:18","modified_gmt":"2026-04-25T14:23:18","slug":"ratsche-mit-griff-aus-holz","status":"publish","type":"product","link":"https:\/\/cottbus-crayfish.de\/shop\/produkt\/ratsche-mit-griff-aus-holz\/","title":{"rendered":"Ratsche mit Griff &#8211; aus Holz"},"content":{"rendered":"<div class=\"wpb-content-wrapper\"><p>[vc_row][vc_column][vc_column_text css=&#8220;&#8220;]<strong><span style=\"color: #000000;\">#Defense Go &#8211; Defense Go<\/span><\/strong><br \/>\n<span style=\"color: #000000;\">Ratsche mit Griff aus Holz<br \/>\n<\/span><br \/>\n<span style=\"color: #000000;\"><strong>Gro\u00dfe Ratsche:<\/strong><br \/>\nmit 2 Zahnr\u00e4der und Holzfeder erzeugen den L\u00e4rn<br \/>\nMit Logo in rot und wei\u00df<\/span><\/p>\n<p><span style=\"color: #333333;\">Lieferung erfogt in 2-3 Tagen nach Bestellung<\/span>[\/vc_column_text][\/vc_column][\/vc_row]<\/p>\n<\/div>","protected":false},"excerpt":{"rendered":"<p><span style=\"color: #000000;\">Ratsche mit Griff aus Holz und Logo<\/span><\/p>\n","protected":false},"author":2,"featured_media":4922,"template":"","meta":{"_acf_changed":false},"product_brand":[],"product_cat":[577],"product_tag":[505,507,508,271,509,274,417,418,450,470,492,504],"class_list":{"0":"post-4921","1":"product","2":"type-product","3":"status-publish","4":"has-post-thumbnail","6":"product_cat-fanartikel","7":"product_tag-krach","8":"product_tag-griff","9":"product_tag-ratsche","10":"product_tag-gameday","11":"product_tag-holz","12":"product_tag-crayfish","13":"product_tag-rot-weiss","14":"product_tag-fanwear","15":"product_tag-krebs","16":"product_tag-logo","17":"product_tag-saison2025","18":"product_tag-laerm","19":"product_shipping_class-versandtasche-1000","20":"","22":"first","23":"instock","24":"taxable","25":"shipping-taxable","26":"purchasable","27":"product-type-simple"},"acf":[],"jetpack-related-posts":[{"id":4915,"url":"https:\/\/cottbus-crayfish.de\/shop\/produkt\/hand-glocke-mit-griff-rot\/","url_meta":{"origin":4921,"position":0},"title":"Hand Glocke mit Griff &#8211; rot","author":"Bj\u00f6rn W\u00f6hrle","date":"22. Mai 2025","format":false,"excerpt":"Handglocke rot, mit Griff und Logo","rel":"","context":"\u00c4hnlicher Beitrag","block_context":{"text":"\u00c4hnlicher Beitrag","link":""},"img":{"alt_text":"","src":"https:\/\/i0.wp.com\/cottbus-crayfish.de\/shop\/wp-content\/uploads\/sites\/4\/2025\/05\/Handglocke_rot_Seite-scaled.webp?fit=900%2C1200&ssl=1&resize=350%2C200","width":350,"height":200,"srcset":"https:\/\/i0.wp.com\/cottbus-crayfish.de\/shop\/wp-content\/uploads\/sites\/4\/2025\/05\/Handglocke_rot_Seite-scaled.webp?fit=900%2C1200&ssl=1&resize=350%2C200 1x, https:\/\/i0.wp.com\/cottbus-crayfish.de\/shop\/wp-content\/uploads\/sites\/4\/2025\/05\/Handglocke_rot_Seite-scaled.webp?fit=900%2C1200&ssl=1&resize=525%2C300 1.5x, https:\/\/i0.wp.com\/cottbus-crayfish.de\/shop\/wp-content\/uploads\/sites\/4\/2025\/05\/Handglocke_rot_Seite-scaled.webp?fit=900%2C1200&ssl=1&resize=700%2C400 2x"},"classes":[]},{"id":4911,"url":"https:\/\/cottbus-crayfish.de\/shop\/produkt\/kleine-glocke-weiss\/","url_meta":{"origin":4921,"position":1},"title":"Kleine Glocke &#8211; wei\u00df","author":"Bj\u00f6rn W\u00f6hrle","date":"22. Mai 2025","format":false,"excerpt":"Kleine Fingerglocke, wei\u00df mit Logo","rel":"","context":"\u00c4hnlicher Beitrag","block_context":{"text":"\u00c4hnlicher Beitrag","link":""},"img":{"alt_text":"","src":"https:\/\/i0.wp.com\/cottbus-crayfish.de\/shop\/wp-content\/uploads\/sites\/4\/2025\/05\/Glocke_klein_weiss_Front-scaled.webp?fit=1200%2C1200&ssl=1&resize=350%2C200","width":350,"height":200,"srcset":"https:\/\/i0.wp.com\/cottbus-crayfish.de\/shop\/wp-content\/uploads\/sites\/4\/2025\/05\/Glocke_klein_weiss_Front-scaled.webp?fit=1200%2C1200&ssl=1&resize=350%2C200 1x, https:\/\/i0.wp.com\/cottbus-crayfish.de\/shop\/wp-content\/uploads\/sites\/4\/2025\/05\/Glocke_klein_weiss_Front-scaled.webp?fit=1200%2C1200&ssl=1&resize=525%2C300 1.5x, https:\/\/i0.wp.com\/cottbus-crayfish.de\/shop\/wp-content\/uploads\/sites\/4\/2025\/05\/Glocke_klein_weiss_Front-scaled.webp?fit=1200%2C1200&ssl=1&resize=700%2C400 2x, https:\/\/i0.wp.com\/cottbus-crayfish.de\/shop\/wp-content\/uploads\/sites\/4\/2025\/05\/Glocke_klein_weiss_Front-scaled.webp?fit=1200%2C1200&ssl=1&resize=1050%2C600 3x"},"classes":[]},{"id":5122,"url":"https:\/\/cottbus-crayfish.de\/shop\/produkt\/luftdruck-fanfare-air-horn\/","url_meta":{"origin":4921,"position":2},"title":"Luftdruck-Fanfare Air Horn (klein)","author":"Bj\u00f6rn W\u00f6hrle","date":"5. Juni 2025","format":false,"excerpt":"Luftdruck-Fanfare Air Horn Extrem Laut bedruckt mit Logo und schwarzem Schriftzug","rel":"","context":"\u00c4hnlicher Beitrag","block_context":{"text":"\u00c4hnlicher Beitrag","link":""},"img":{"alt_text":"","src":"https:\/\/i0.wp.com\/cottbus-crayfish.de\/shop\/wp-content\/uploads\/sites\/4\/2025\/06\/Luftdruck-Fanfare-Air-Horn.webp?fit=1200%2C1200&ssl=1&resize=350%2C200","width":350,"height":200,"srcset":"https:\/\/i0.wp.com\/cottbus-crayfish.de\/shop\/wp-content\/uploads\/sites\/4\/2025\/06\/Luftdruck-Fanfare-Air-Horn.webp?fit=1200%2C1200&ssl=1&resize=350%2C200 1x, https:\/\/i0.wp.com\/cottbus-crayfish.de\/shop\/wp-content\/uploads\/sites\/4\/2025\/06\/Luftdruck-Fanfare-Air-Horn.webp?fit=1200%2C1200&ssl=1&resize=525%2C300 1.5x, https:\/\/i0.wp.com\/cottbus-crayfish.de\/shop\/wp-content\/uploads\/sites\/4\/2025\/06\/Luftdruck-Fanfare-Air-Horn.webp?fit=1200%2C1200&ssl=1&resize=700%2C400 2x, https:\/\/i0.wp.com\/cottbus-crayfish.de\/shop\/wp-content\/uploads\/sites\/4\/2025\/06\/Luftdruck-Fanfare-Air-Horn.webp?fit=1200%2C1200&ssl=1&resize=1050%2C600 3x"},"classes":[]},{"id":4973,"url":"https:\/\/cottbus-crayfish.de\/shop\/produkt\/mini-hoodie-cottbus-crayfish\/","url_meta":{"origin":4921,"position":3},"title":"Mini-Hoodie Crayfish f\u00fcr Schaltknauf","author":"Bj\u00f6rn W\u00f6hrle","date":"30. Mai 2025","format":false,"excerpt":"Mini-Hoodie Cottbus Crayfish rot, mit Logo und Schriftzug","rel":"","context":"\u00c4hnlicher Beitrag","block_context":{"text":"\u00c4hnlicher Beitrag","link":""},"img":{"alt_text":"","src":"https:\/\/i0.wp.com\/cottbus-crayfish.de\/shop\/wp-content\/uploads\/sites\/4\/2025\/05\/Ueberzieher-Schaltknauf_Front-scaled.webp?fit=1200%2C1200&ssl=1&resize=350%2C200","width":350,"height":200,"srcset":"https:\/\/i0.wp.com\/cottbus-crayfish.de\/shop\/wp-content\/uploads\/sites\/4\/2025\/05\/Ueberzieher-Schaltknauf_Front-scaled.webp?fit=1200%2C1200&ssl=1&resize=350%2C200 1x, https:\/\/i0.wp.com\/cottbus-crayfish.de\/shop\/wp-content\/uploads\/sites\/4\/2025\/05\/Ueberzieher-Schaltknauf_Front-scaled.webp?fit=1200%2C1200&ssl=1&resize=525%2C300 1.5x, https:\/\/i0.wp.com\/cottbus-crayfish.de\/shop\/wp-content\/uploads\/sites\/4\/2025\/05\/Ueberzieher-Schaltknauf_Front-scaled.webp?fit=1200%2C1200&ssl=1&resize=700%2C400 2x, https:\/\/i0.wp.com\/cottbus-crayfish.de\/shop\/wp-content\/uploads\/sites\/4\/2025\/05\/Ueberzieher-Schaltknauf_Front-scaled.webp?fit=1200%2C1200&ssl=1&resize=1050%2C600 3x"},"classes":[]},{"id":5967,"url":"https:\/\/cottbus-crayfish.de\/shop\/produkt\/t-shirt-rot-mit-schrift-schnipp-schnapp-saison-2024\/","url_meta":{"origin":4921,"position":4},"title":"T-Shirt rot mit Schrift &#8222;Schnipp Schnapp&#8220; Saison 2024","author":"Bj\u00f6rn W\u00f6hrle","date":"20. November 2025","format":false,"excerpt":"T-Shirt rot mit Schrift \"Schnipp Schnapp\" und Logo GFL 2 \/ Saison 2024 Schrift Schnipp-Schnapp inkl. Logo und Logo GFL 2 \/ Saison 2024","rel":"","context":"\u00c4hnlicher Beitrag","block_context":{"text":"\u00c4hnlicher Beitrag","link":""},"img":{"alt_text":"","src":"https:\/\/i0.wp.com\/cottbus-crayfish.de\/shop\/wp-content\/uploads\/sites\/4\/2025\/11\/Schnipp-Schnapp-2024.webp?fit=1200%2C1109&ssl=1&resize=350%2C200","width":350,"height":200,"srcset":"https:\/\/i0.wp.com\/cottbus-crayfish.de\/shop\/wp-content\/uploads\/sites\/4\/2025\/11\/Schnipp-Schnapp-2024.webp?fit=1200%2C1109&ssl=1&resize=350%2C200 1x, https:\/\/i0.wp.com\/cottbus-crayfish.de\/shop\/wp-content\/uploads\/sites\/4\/2025\/11\/Schnipp-Schnapp-2024.webp?fit=1200%2C1109&ssl=1&resize=525%2C300 1.5x, https:\/\/i0.wp.com\/cottbus-crayfish.de\/shop\/wp-content\/uploads\/sites\/4\/2025\/11\/Schnipp-Schnapp-2024.webp?fit=1200%2C1109&ssl=1&resize=700%2C400 2x, https:\/\/i0.wp.com\/cottbus-crayfish.de\/shop\/wp-content\/uploads\/sites\/4\/2025\/11\/Schnipp-Schnapp-2024.webp?fit=1200%2C1109&ssl=1&resize=1050%2C600 3x"},"classes":[]},{"id":7233,"url":"https:\/\/cottbus-crayfish.de\/shop\/produkt\/hoodie-schwarz-2026\/","url_meta":{"origin":4921,"position":5},"title":"Hoodie schwarz &#8211; invertierte Schrift &#038; Logo","author":"Bj\u00f6rn W\u00f6hrle","date":"24. April 2026","format":false,"excerpt":"Schwarzer Hoodie mit Logo & Schrift das Logo in Vereinsfarben, Schrift Crayfish in Wei\u00df","rel":"","context":"\u00c4hnlicher Beitrag","block_context":{"text":"\u00c4hnlicher Beitrag","link":""},"img":{"alt_text":"","src":"https:\/\/i0.wp.com\/cottbus-crayfish.de\/shop\/wp-content\/uploads\/sites\/4\/2026\/04\/Hoodie_HOD-26-02-BLK_1.webp?fit=831%2C1200&ssl=1&resize=350%2C200","width":350,"height":200,"srcset":"https:\/\/i0.wp.com\/cottbus-crayfish.de\/shop\/wp-content\/uploads\/sites\/4\/2026\/04\/Hoodie_HOD-26-02-BLK_1.webp?fit=831%2C1200&ssl=1&resize=350%2C200 1x, https:\/\/i0.wp.com\/cottbus-crayfish.de\/shop\/wp-content\/uploads\/sites\/4\/2026\/04\/Hoodie_HOD-26-02-BLK_1.webp?fit=831%2C1200&ssl=1&resize=525%2C300 1.5x, https:\/\/i0.wp.com\/cottbus-crayfish.de\/shop\/wp-content\/uploads\/sites\/4\/2026\/04\/Hoodie_HOD-26-02-BLK_1.webp?fit=831%2C1200&ssl=1&resize=700%2C400 2x"},"classes":[]}],"jetpack_sharing_enabled":false,"_links":{"self":[{"href":"https:\/\/cottbus-crayfish.de\/shop\/wp-json\/wp\/v2\/product\/4921","targetHints":{"allow":["GET"]}}],"collection":[{"href":"https:\/\/cottbus-crayfish.de\/shop\/wp-json\/wp\/v2\/product"}],"about":[{"href":"https:\/\/cottbus-crayfish.de\/shop\/wp-json\/wp\/v2\/types\/product"}],"author":[{"embeddable":true,"href":"https:\/\/cottbus-crayfish.de\/shop\/wp-json\/wp\/v2\/users\/2"}],"wp:featuredmedia":[{"embeddable":true,"href":"https:\/\/cottbus-crayfish.de\/shop\/wp-json\/wp\/v2\/media\/4922"}],"wp:attachment":[{"href":"https:\/\/cottbus-crayfish.de\/shop\/wp-json\/wp\/v2\/media?parent=4921"}],"wp:term":[{"taxonomy":"product_brand","embeddable":true,"href":"https:\/\/cottbus-crayfish.de\/shop\/wp-json\/wp\/v2\/product_brand?post=4921"},{"taxonomy":"product_cat","embeddable":true,"href":"https:\/\/cottbus-crayfish.de\/shop\/wp-json\/wp\/v2\/product_cat?post=4921"},{"taxonomy":"product_tag","embeddable":true,"href":"https:\/\/cottbus-crayfish.de\/shop\/wp-json\/wp\/v2\/product_tag?post=4921"}],"curies":[{"name":"wp","href":"https:\/\/api.w.org\/{rel}","templated":true}]}}