{"id":4930,"date":"2025-05-23T11:02:31","date_gmt":"2025-05-23T09:02:31","guid":{"rendered":"https:\/\/cottbus-crayfish.de\/shop\/?post_type=product&#038;p=4930"},"modified":"2026-04-25T20:10:02","modified_gmt":"2026-04-25T18:10:02","slug":"umhaengetasche-mit-branding-schwarz-o-rot","status":"publish","type":"product","link":"https:\/\/cottbus-crayfish.de\/shop\/produkt\/umhaengetasche-mit-branding-schwarz-o-rot\/","title":{"rendered":"Umh\u00e4ngetasche mit Crayfish (schwarz o. rot)"},"content":{"rendered":"<div class=\"wpb-content-wrapper\"><p>[vc_row][vc_column][vc_column_text css=&#8220;&#8220;]<span style=\"color: #000000;\"><strong>Umh\u00e4ngetasche in schwarz oder rot<\/strong><\/span><br \/>\n<span style=\"color: #000000;\">Crayfish-Logo im wei\u00df<\/span><br \/>\n<span style=\"color: #000000;\">Branding: Crayfish EST 1993 in wei\u00df<\/span><\/p>\n<ul>\n<li><span style=\"color: #000000;\">Au\u00dfentasche mit Rei\u00dfverschluss<\/span><\/li>\n<li><span style=\"color: #000000;\">Haupttasche mit Rei\u00dfverschluss<\/span><\/li>\n<li><span style=\"color: #000000;\">eine Innentasche<\/span><\/li>\n<\/ul>\n<p>Lieferung 2-3 Tage[\/vc_column_text][\/vc_column][\/vc_row]<\/p>\n<\/div>","protected":false},"excerpt":{"rendered":"<p><span style=\"color: #000000;\">Umh\u00e4ngetasche schwarz o. rot <\/span><br \/>\n<span style=\"color: #000000;\">mit Logo &amp; Branding<\/span><\/p>\n","protected":false},"author":2,"featured_media":4931,"template":"","meta":{"_acf_changed":false},"product_brand":[],"product_cat":[577],"product_tag":[492,510,511,271,274,417,418,457,458,477,480],"class_list":{"0":"post-4930","1":"product","2":"type-product","3":"status-publish","4":"has-post-thumbnail","6":"product_cat-fanartikel","7":"product_tag-saison2025","8":"product_tag-umhaengetasche","9":"product_tag-branding","10":"product_tag-gameday","11":"product_tag-crayfish","12":"product_tag-rot-weiss","13":"product_tag-fanwear","14":"product_tag-schwarz","15":"product_tag-rot","16":"product_tag-sonstiges","17":"product_tag-tasche","18":"product_shipping_class-versandtasche-1000","19":"","21":"first","22":"instock","23":"taxable","24":"shipping-taxable","25":"purchasable","26":"product-type-variable","27":"has-default-attributes"},"acf":[],"jetpack-related-posts":[{"id":7150,"url":"https:\/\/cottbus-crayfish.de\/shop\/produkt\/umhaengetasche-mit-crayfish-beige\/","url_meta":{"origin":4930,"position":0},"title":"Umh\u00e4ngetasche mit Crayfish &#8211; beige","author":"Bj\u00f6rn W\u00f6hrle","date":"23. April 2026","format":false,"excerpt":"Umh\u00e4ngetasche beige mit Logo & Branding","rel":"","context":"\u00c4hnlicher Beitrag","block_context":{"text":"\u00c4hnlicher Beitrag","link":""},"img":{"alt_text":"","src":"https:\/\/i0.wp.com\/cottbus-crayfish.de\/shop\/wp-content\/uploads\/sites\/4\/2026\/04\/20260423_141539.webp?fit=1200%2C1200&ssl=1&resize=350%2C200","width":350,"height":200,"srcset":"https:\/\/i0.wp.com\/cottbus-crayfish.de\/shop\/wp-content\/uploads\/sites\/4\/2026\/04\/20260423_141539.webp?fit=1200%2C1200&ssl=1&resize=350%2C200 1x, https:\/\/i0.wp.com\/cottbus-crayfish.de\/shop\/wp-content\/uploads\/sites\/4\/2026\/04\/20260423_141539.webp?fit=1200%2C1200&ssl=1&resize=525%2C300 1.5x, https:\/\/i0.wp.com\/cottbus-crayfish.de\/shop\/wp-content\/uploads\/sites\/4\/2026\/04\/20260423_141539.webp?fit=1200%2C1200&ssl=1&resize=700%2C400 2x, https:\/\/i0.wp.com\/cottbus-crayfish.de\/shop\/wp-content\/uploads\/sites\/4\/2026\/04\/20260423_141539.webp?fit=1200%2C1200&ssl=1&resize=1050%2C600 3x"},"classes":[]},{"id":4977,"url":"https:\/\/cottbus-crayfish.de\/shop\/produkt\/rote-krebs-umhaengetasche-mit-crayfish-aufdruck\/","url_meta":{"origin":4930,"position":1},"title":"Rote Krebs Umh\u00e4ngetasche mit Crayfish Aufdruck","author":"Bj\u00f6rn W\u00f6hrle","date":"30. Mai 2025","format":false,"excerpt":"Rucksack Krebs-Look, zum umh\u00e4ngen mit verstellbaren Band in rot","rel":"","context":"\u00c4hnlicher Beitrag","block_context":{"text":"\u00c4hnlicher Beitrag","link":""},"img":{"alt_text":"","src":"https:\/\/i0.wp.com\/cottbus-crayfish.de\/shop\/wp-content\/uploads\/sites\/4\/2025\/05\/Crayfish-Rucksack_Front-scaled.webp?fit=900%2C1200&ssl=1&resize=350%2C200","width":350,"height":200,"srcset":"https:\/\/i0.wp.com\/cottbus-crayfish.de\/shop\/wp-content\/uploads\/sites\/4\/2025\/05\/Crayfish-Rucksack_Front-scaled.webp?fit=900%2C1200&ssl=1&resize=350%2C200 1x, https:\/\/i0.wp.com\/cottbus-crayfish.de\/shop\/wp-content\/uploads\/sites\/4\/2025\/05\/Crayfish-Rucksack_Front-scaled.webp?fit=900%2C1200&ssl=1&resize=525%2C300 1.5x, https:\/\/i0.wp.com\/cottbus-crayfish.de\/shop\/wp-content\/uploads\/sites\/4\/2025\/05\/Crayfish-Rucksack_Front-scaled.webp?fit=900%2C1200&ssl=1&resize=700%2C400 2x"},"classes":[]},{"id":4945,"url":"https:\/\/cottbus-crayfish.de\/shop\/produkt\/baseball-cap-mit-12er-krebs-schwarz-o-rot\/","url_meta":{"origin":4930,"position":2},"title":"Baseball Cap mit 12er-Krebs &#8211; schwarz o. rot","author":"Bj\u00f6rn W\u00f6hrle","date":"23. Mai 2025","format":false,"excerpt":"Baseball Cap mit Krebs & Nr.12 - 2 Farben","rel":"","context":"\u00c4hnlicher Beitrag","block_context":{"text":"\u00c4hnlicher Beitrag","link":""},"img":{"alt_text":"","src":"https:\/\/i0.wp.com\/cottbus-crayfish.de\/shop\/wp-content\/uploads\/sites\/4\/2025\/05\/Base-Cap-schwarz-12_Front-scaled.webp?fit=1200%2C1200&ssl=1&resize=350%2C200","width":350,"height":200,"srcset":"https:\/\/i0.wp.com\/cottbus-crayfish.de\/shop\/wp-content\/uploads\/sites\/4\/2025\/05\/Base-Cap-schwarz-12_Front-scaled.webp?fit=1200%2C1200&ssl=1&resize=350%2C200 1x, https:\/\/i0.wp.com\/cottbus-crayfish.de\/shop\/wp-content\/uploads\/sites\/4\/2025\/05\/Base-Cap-schwarz-12_Front-scaled.webp?fit=1200%2C1200&ssl=1&resize=525%2C300 1.5x, https:\/\/i0.wp.com\/cottbus-crayfish.de\/shop\/wp-content\/uploads\/sites\/4\/2025\/05\/Base-Cap-schwarz-12_Front-scaled.webp?fit=1200%2C1200&ssl=1&resize=700%2C400 2x, https:\/\/i0.wp.com\/cottbus-crayfish.de\/shop\/wp-content\/uploads\/sites\/4\/2025\/05\/Base-Cap-schwarz-12_Front-scaled.webp?fit=1200%2C1200&ssl=1&resize=1050%2C600 3x"},"classes":[]},{"id":5937,"url":"https:\/\/cottbus-crayfish.de\/shop\/produkt\/cottbus-crayfish-mini-helm\/","url_meta":{"origin":4930,"position":3},"title":"Mini-Helm Cottbus Crayfish","author":"Bj\u00f6rn W\u00f6hrle","date":"6. November 2025","format":false,"excerpt":"Mini-Helm Cottbus Crayfish (Sammlerst\u00fcck - begrenzte St\u00fcckzahl) Silbener Helm mit Branding Cottbus Crayfish","rel":"","context":"\u00c4hnlicher Beitrag","block_context":{"text":"\u00c4hnlicher Beitrag","link":""},"img":{"alt_text":"","src":"https:\/\/i0.wp.com\/cottbus-crayfish.de\/shop\/wp-content\/uploads\/sites\/4\/2025\/11\/Mini-Helm-Head.webp?fit=1000%2C863&ssl=1&resize=350%2C200","width":350,"height":200,"srcset":"https:\/\/i0.wp.com\/cottbus-crayfish.de\/shop\/wp-content\/uploads\/sites\/4\/2025\/11\/Mini-Helm-Head.webp?fit=1000%2C863&ssl=1&resize=350%2C200 1x, https:\/\/i0.wp.com\/cottbus-crayfish.de\/shop\/wp-content\/uploads\/sites\/4\/2025\/11\/Mini-Helm-Head.webp?fit=1000%2C863&ssl=1&resize=525%2C300 1.5x, https:\/\/i0.wp.com\/cottbus-crayfish.de\/shop\/wp-content\/uploads\/sites\/4\/2025\/11\/Mini-Helm-Head.webp?fit=1000%2C863&ssl=1&resize=700%2C400 2x"},"classes":[]},{"id":4953,"url":"https:\/\/cottbus-crayfish.de\/shop\/produkt\/schirmmuetze-mit-krebs-schrift-schwarz-o-weiss\/","url_meta":{"origin":4930,"position":4},"title":"Schirmm\u00fctze mit Krebs &#038; Schrift &#8211; schwarz o. wei\u00df","author":"Bj\u00f6rn W\u00f6hrle","date":"23. Mai 2025","format":false,"excerpt":"Schirmm\u00fctze mit Krebs & Schriftzug - 2 Farben","rel":"","context":"\u00c4hnlicher Beitrag","block_context":{"text":"\u00c4hnlicher Beitrag","link":""},"img":{"alt_text":"","src":"https:\/\/i0.wp.com\/cottbus-crayfish.de\/shop\/wp-content\/uploads\/sites\/4\/2025\/05\/Schild-Cap-weiss_Front-scaled.webp?fit=1200%2C1200&ssl=1&resize=350%2C200","width":350,"height":200,"srcset":"https:\/\/i0.wp.com\/cottbus-crayfish.de\/shop\/wp-content\/uploads\/sites\/4\/2025\/05\/Schild-Cap-weiss_Front-scaled.webp?fit=1200%2C1200&ssl=1&resize=350%2C200 1x, https:\/\/i0.wp.com\/cottbus-crayfish.de\/shop\/wp-content\/uploads\/sites\/4\/2025\/05\/Schild-Cap-weiss_Front-scaled.webp?fit=1200%2C1200&ssl=1&resize=525%2C300 1.5x, https:\/\/i0.wp.com\/cottbus-crayfish.de\/shop\/wp-content\/uploads\/sites\/4\/2025\/05\/Schild-Cap-weiss_Front-scaled.webp?fit=1200%2C1200&ssl=1&resize=700%2C400 2x, https:\/\/i0.wp.com\/cottbus-crayfish.de\/shop\/wp-content\/uploads\/sites\/4\/2025\/05\/Schild-Cap-weiss_Front-scaled.webp?fit=1200%2C1200&ssl=1&resize=1050%2C600 3x"},"classes":[]},{"id":4961,"url":"https:\/\/cottbus-crayfish.de\/shop\/produkt\/anglerhut-schwarz-mit-logo-schrift\/","url_meta":{"origin":4930,"position":5},"title":"Anglerhut Cottbus Crayfish","author":"Bj\u00f6rn W\u00f6hrle","date":"5. Juni 2025","format":false,"excerpt":"Angler- o. Campinghut, schwarz mit Logo & Schrift wei\u00df","rel":"","context":"\u00c4hnlicher Beitrag","block_context":{"text":"\u00c4hnlicher Beitrag","link":""},"img":{"alt_text":"","src":"https:\/\/i0.wp.com\/cottbus-crayfish.de\/shop\/wp-content\/uploads\/sites\/4\/2025\/06\/Anglerhut_Schwarz.webp?fit=758%2C759&ssl=1&resize=350%2C200","width":350,"height":200,"srcset":"https:\/\/i0.wp.com\/cottbus-crayfish.de\/shop\/wp-content\/uploads\/sites\/4\/2025\/06\/Anglerhut_Schwarz.webp?fit=758%2C759&ssl=1&resize=350%2C200 1x, https:\/\/i0.wp.com\/cottbus-crayfish.de\/shop\/wp-content\/uploads\/sites\/4\/2025\/06\/Anglerhut_Schwarz.webp?fit=758%2C759&ssl=1&resize=525%2C300 1.5x, https:\/\/i0.wp.com\/cottbus-crayfish.de\/shop\/wp-content\/uploads\/sites\/4\/2025\/06\/Anglerhut_Schwarz.webp?fit=758%2C759&ssl=1&resize=700%2C400 2x"},"classes":[]}],"jetpack_sharing_enabled":false,"_links":{"self":[{"href":"https:\/\/cottbus-crayfish.de\/shop\/wp-json\/wp\/v2\/product\/4930","targetHints":{"allow":["GET"]}}],"collection":[{"href":"https:\/\/cottbus-crayfish.de\/shop\/wp-json\/wp\/v2\/product"}],"about":[{"href":"https:\/\/cottbus-crayfish.de\/shop\/wp-json\/wp\/v2\/types\/product"}],"author":[{"embeddable":true,"href":"https:\/\/cottbus-crayfish.de\/shop\/wp-json\/wp\/v2\/users\/2"}],"wp:featuredmedia":[{"embeddable":true,"href":"https:\/\/cottbus-crayfish.de\/shop\/wp-json\/wp\/v2\/media\/4931"}],"wp:attachment":[{"href":"https:\/\/cottbus-crayfish.de\/shop\/wp-json\/wp\/v2\/media?parent=4930"}],"wp:term":[{"taxonomy":"product_brand","embeddable":true,"href":"https:\/\/cottbus-crayfish.de\/shop\/wp-json\/wp\/v2\/product_brand?post=4930"},{"taxonomy":"product_cat","embeddable":true,"href":"https:\/\/cottbus-crayfish.de\/shop\/wp-json\/wp\/v2\/product_cat?post=4930"},{"taxonomy":"product_tag","embeddable":true,"href":"https:\/\/cottbus-crayfish.de\/shop\/wp-json\/wp\/v2\/product_tag?post=4930"}],"curies":[{"name":"wp","href":"https:\/\/api.w.org\/{rel}","templated":true}]}}