{"id":4938,"date":"2025-05-23T11:38:00","date_gmt":"2025-05-23T09:38:00","guid":{"rendered":"https:\/\/cottbus-crayfish.de\/shop\/?post_type=product&#038;p=4938"},"modified":"2026-04-25T18:41:53","modified_gmt":"2026-04-25T16:41:53","slug":"baseball-cap-schwarz-mit-schwarzem-schriftzug","status":"publish","type":"product","link":"https:\/\/cottbus-crayfish.de\/shop\/produkt\/baseball-cap-schwarz-mit-schwarzem-schriftzug\/","title":{"rendered":"Baseball Cap schwarz mit schwarzem Schriftzug"},"content":{"rendered":"<div class=\"wpb-content-wrapper\"><p>[vc_row][vc_column][vc_column_text css=&#8220;&#8220;]<span style=\"color: #000000;\">Baseball Cap in schwarz mit schwarzem Schriftzug<\/span><\/p>\n<ul>\n<li><span style=\"color: #000000;\">Schwarzer Crayfish Schriftzug auf der Vorderseite<\/span><\/li>\n<li><span style=\"color: #000000;\">Verschluss auf der R\u00fcckseite aus Kunststoff<\/span><\/li>\n<li><span style=\"color: #000000;\">Gr\u00f6\u00dfe verstellbar<\/span><\/li>\n<li><span style=\"color: #000000;\">Kindergr\u00f6\u00dfe und Erwachsenengr\u00f6\u00dfe<\/span><\/li>\n<\/ul>\n<p>Klassiker reloaded \u2013 die Curved Classic Snapback kommt mit dem typischen Snapback Shape,<br \/>\nverst\u00e4rkter Front und tonalem PlasSk-Verschluss daher. Der vorgebogene Schirm bringt<br \/>\nfrischen Wind in das bew\u00e4hrte Design und verleiht der Cap einen entspannten Look \u2013<br \/>\nschlicht und sportlich.<\/p>\n<p>Lieferung: 2-3 Tage[\/vc_column_text][\/vc_column][\/vc_row]<\/p>\n<\/div>","protected":false},"excerpt":{"rendered":"<p><span style=\"color: #000000;\">Baseball Cap schwarz mit schwarzem Schriftzug<\/span><\/p>\n","protected":false},"author":2,"featured_media":4939,"template":"","meta":{"_acf_changed":false},"product_brand":[],"product_cat":[528],"product_tag":[514,271,274,418,457,470,477,512,513],"class_list":{"0":"post-4938","1":"product","2":"type-product","3":"status-publish","4":"has-post-thumbnail","6":"product_cat-kleidung","7":"product_tag-schriftzug","8":"product_tag-gameday","9":"product_tag-crayfish","10":"product_tag-fanwear","11":"product_tag-schwarz","12":"product_tag-logo","13":"product_tag-sonstiges","14":"product_tag-caps","15":"product_tag-baseball-cap","16":"product_shipping_class-paeckchen-200","17":"","19":"first","20":"instock","21":"taxable","22":"shipping-taxable","23":"purchasable","24":"product-type-variable","25":"has-default-attributes"},"acf":[],"jetpack-related-posts":[{"id":4945,"url":"https:\/\/cottbus-crayfish.de\/shop\/produkt\/baseball-cap-mit-12er-krebs-schwarz-o-rot\/","url_meta":{"origin":4938,"position":0},"title":"Baseball Cap mit 12er-Krebs &#8211; schwarz o. rot","author":"Bj\u00f6rn W\u00f6hrle","date":"23. Mai 2025","format":false,"excerpt":"Baseball Cap mit Krebs & Nr.12 - 2 Farben","rel":"","context":"\u00c4hnlicher Beitrag","block_context":{"text":"\u00c4hnlicher Beitrag","link":""},"img":{"alt_text":"","src":"https:\/\/i0.wp.com\/cottbus-crayfish.de\/shop\/wp-content\/uploads\/sites\/4\/2025\/05\/Base-Cap-schwarz-12_Front-scaled.webp?fit=1200%2C1200&ssl=1&resize=350%2C200","width":350,"height":200,"srcset":"https:\/\/i0.wp.com\/cottbus-crayfish.de\/shop\/wp-content\/uploads\/sites\/4\/2025\/05\/Base-Cap-schwarz-12_Front-scaled.webp?fit=1200%2C1200&ssl=1&resize=350%2C200 1x, https:\/\/i0.wp.com\/cottbus-crayfish.de\/shop\/wp-content\/uploads\/sites\/4\/2025\/05\/Base-Cap-schwarz-12_Front-scaled.webp?fit=1200%2C1200&ssl=1&resize=525%2C300 1.5x, https:\/\/i0.wp.com\/cottbus-crayfish.de\/shop\/wp-content\/uploads\/sites\/4\/2025\/05\/Base-Cap-schwarz-12_Front-scaled.webp?fit=1200%2C1200&ssl=1&resize=700%2C400 2x, https:\/\/i0.wp.com\/cottbus-crayfish.de\/shop\/wp-content\/uploads\/sites\/4\/2025\/05\/Base-Cap-schwarz-12_Front-scaled.webp?fit=1200%2C1200&ssl=1&resize=1050%2C600 3x"},"classes":[]},{"id":7159,"url":"https:\/\/cottbus-crayfish.de\/shop\/produkt\/baseball-cap-beige-mit-logo-krebs\/","url_meta":{"origin":4938,"position":1},"title":"Baseball Cap beige mit Logo Krebs","author":"Bj\u00f6rn W\u00f6hrle","date":"23. April 2026","format":false,"excerpt":"Baseball Cap beige mit rot\/wei\u00dfem Logo","rel":"","context":"\u00c4hnlicher Beitrag","block_context":{"text":"\u00c4hnlicher Beitrag","link":""},"img":{"alt_text":"","src":"https:\/\/i0.wp.com\/cottbus-crayfish.de\/shop\/wp-content\/uploads\/sites\/4\/2026\/04\/20260423_155114.webp?fit=1200%2C1200&ssl=1&resize=350%2C200","width":350,"height":200,"srcset":"https:\/\/i0.wp.com\/cottbus-crayfish.de\/shop\/wp-content\/uploads\/sites\/4\/2026\/04\/20260423_155114.webp?fit=1200%2C1200&ssl=1&resize=350%2C200 1x, https:\/\/i0.wp.com\/cottbus-crayfish.de\/shop\/wp-content\/uploads\/sites\/4\/2026\/04\/20260423_155114.webp?fit=1200%2C1200&ssl=1&resize=525%2C300 1.5x, https:\/\/i0.wp.com\/cottbus-crayfish.de\/shop\/wp-content\/uploads\/sites\/4\/2026\/04\/20260423_155114.webp?fit=1200%2C1200&ssl=1&resize=700%2C400 2x, https:\/\/i0.wp.com\/cottbus-crayfish.de\/shop\/wp-content\/uploads\/sites\/4\/2026\/04\/20260423_155114.webp?fit=1200%2C1200&ssl=1&resize=1050%2C600 3x"},"classes":[]},{"id":4942,"url":"https:\/\/cottbus-crayfish.de\/shop\/produkt\/baseball-cap-rot-mit-logo-krebs\/","url_meta":{"origin":4938,"position":2},"title":"Baseball Cap rot mit Logo Krebs","author":"Bj\u00f6rn W\u00f6hrle","date":"23. Mai 2025","format":false,"excerpt":"Baseball Cap rot mit rot\/wei\u00dfem Logo","rel":"","context":"\u00c4hnlicher Beitrag","block_context":{"text":"\u00c4hnlicher Beitrag","link":""},"img":{"alt_text":"","src":"https:\/\/i0.wp.com\/cottbus-crayfish.de\/shop\/wp-content\/uploads\/sites\/4\/2025\/05\/Base-Cap-rot-Krebs_Front-scaled.webp?fit=1200%2C1200&ssl=1&resize=350%2C200","width":350,"height":200,"srcset":"https:\/\/i0.wp.com\/cottbus-crayfish.de\/shop\/wp-content\/uploads\/sites\/4\/2025\/05\/Base-Cap-rot-Krebs_Front-scaled.webp?fit=1200%2C1200&ssl=1&resize=350%2C200 1x, https:\/\/i0.wp.com\/cottbus-crayfish.de\/shop\/wp-content\/uploads\/sites\/4\/2025\/05\/Base-Cap-rot-Krebs_Front-scaled.webp?fit=1200%2C1200&ssl=1&resize=525%2C300 1.5x, https:\/\/i0.wp.com\/cottbus-crayfish.de\/shop\/wp-content\/uploads\/sites\/4\/2025\/05\/Base-Cap-rot-Krebs_Front-scaled.webp?fit=1200%2C1200&ssl=1&resize=700%2C400 2x, https:\/\/i0.wp.com\/cottbus-crayfish.de\/shop\/wp-content\/uploads\/sites\/4\/2025\/05\/Base-Cap-rot-Krebs_Front-scaled.webp?fit=1200%2C1200&ssl=1&resize=1050%2C600 3x"},"classes":[]},{"id":4953,"url":"https:\/\/cottbus-crayfish.de\/shop\/produkt\/schirmmuetze-mit-krebs-schrift-schwarz-o-weiss\/","url_meta":{"origin":4938,"position":3},"title":"Schirmm\u00fctze mit Krebs &#038; Schrift &#8211; schwarz o. wei\u00df","author":"Bj\u00f6rn W\u00f6hrle","date":"23. Mai 2025","format":false,"excerpt":"Schirmm\u00fctze mit Krebs & Schriftzug - 2 Farben","rel":"","context":"\u00c4hnlicher Beitrag","block_context":{"text":"\u00c4hnlicher Beitrag","link":""},"img":{"alt_text":"","src":"https:\/\/i0.wp.com\/cottbus-crayfish.de\/shop\/wp-content\/uploads\/sites\/4\/2025\/05\/Schild-Cap-weiss_Front-scaled.webp?fit=1200%2C1200&ssl=1&resize=350%2C200","width":350,"height":200,"srcset":"https:\/\/i0.wp.com\/cottbus-crayfish.de\/shop\/wp-content\/uploads\/sites\/4\/2025\/05\/Schild-Cap-weiss_Front-scaled.webp?fit=1200%2C1200&ssl=1&resize=350%2C200 1x, https:\/\/i0.wp.com\/cottbus-crayfish.de\/shop\/wp-content\/uploads\/sites\/4\/2025\/05\/Schild-Cap-weiss_Front-scaled.webp?fit=1200%2C1200&ssl=1&resize=525%2C300 1.5x, https:\/\/i0.wp.com\/cottbus-crayfish.de\/shop\/wp-content\/uploads\/sites\/4\/2025\/05\/Schild-Cap-weiss_Front-scaled.webp?fit=1200%2C1200&ssl=1&resize=700%2C400 2x, https:\/\/i0.wp.com\/cottbus-crayfish.de\/shop\/wp-content\/uploads\/sites\/4\/2025\/05\/Schild-Cap-weiss_Front-scaled.webp?fit=1200%2C1200&ssl=1&resize=1050%2C600 3x"},"classes":[]},{"id":4961,"url":"https:\/\/cottbus-crayfish.de\/shop\/produkt\/anglerhut-schwarz-mit-logo-schrift\/","url_meta":{"origin":4938,"position":4},"title":"Anglerhut Cottbus Crayfish","author":"Bj\u00f6rn W\u00f6hrle","date":"5. Juni 2025","format":false,"excerpt":"Angler- o. Campinghut, schwarz mit Logo & Schrift wei\u00df","rel":"","context":"\u00c4hnlicher Beitrag","block_context":{"text":"\u00c4hnlicher Beitrag","link":""},"img":{"alt_text":"","src":"https:\/\/i0.wp.com\/cottbus-crayfish.de\/shop\/wp-content\/uploads\/sites\/4\/2025\/06\/Anglerhut_Schwarz.webp?fit=758%2C759&ssl=1&resize=350%2C200","width":350,"height":200,"srcset":"https:\/\/i0.wp.com\/cottbus-crayfish.de\/shop\/wp-content\/uploads\/sites\/4\/2025\/06\/Anglerhut_Schwarz.webp?fit=758%2C759&ssl=1&resize=350%2C200 1x, https:\/\/i0.wp.com\/cottbus-crayfish.de\/shop\/wp-content\/uploads\/sites\/4\/2025\/06\/Anglerhut_Schwarz.webp?fit=758%2C759&ssl=1&resize=525%2C300 1.5x, https:\/\/i0.wp.com\/cottbus-crayfish.de\/shop\/wp-content\/uploads\/sites\/4\/2025\/06\/Anglerhut_Schwarz.webp?fit=758%2C759&ssl=1&resize=700%2C400 2x"},"classes":[]},{"id":5163,"url":"https:\/\/cottbus-crayfish.de\/shop\/produkt\/t-shirt-mit-schwarzem-schriftzug\/","url_meta":{"origin":4938,"position":5},"title":"T-Shirt mit schwarzem Schriftzug","author":"Bj\u00f6rn W\u00f6hrle","date":"6. Juni 2025","format":false,"excerpt":"Schwarzes T-Shirt mit schwarzer Schrift \"Cottbus Crayfish - American Football\" die Schrift ist farblich leicht abgesetzt","rel":"","context":"\u00c4hnlicher Beitrag","block_context":{"text":"\u00c4hnlicher Beitrag","link":""},"img":{"alt_text":"","src":"https:\/\/i0.wp.com\/cottbus-crayfish.de\/shop\/wp-content\/uploads\/sites\/4\/2025\/06\/Bildschirmfoto-2025-04-25-um-22.56.59.webp?fit=1200%2C1102&ssl=1&resize=350%2C200","width":350,"height":200,"srcset":"https:\/\/i0.wp.com\/cottbus-crayfish.de\/shop\/wp-content\/uploads\/sites\/4\/2025\/06\/Bildschirmfoto-2025-04-25-um-22.56.59.webp?fit=1200%2C1102&ssl=1&resize=350%2C200 1x, https:\/\/i0.wp.com\/cottbus-crayfish.de\/shop\/wp-content\/uploads\/sites\/4\/2025\/06\/Bildschirmfoto-2025-04-25-um-22.56.59.webp?fit=1200%2C1102&ssl=1&resize=525%2C300 1.5x, https:\/\/i0.wp.com\/cottbus-crayfish.de\/shop\/wp-content\/uploads\/sites\/4\/2025\/06\/Bildschirmfoto-2025-04-25-um-22.56.59.webp?fit=1200%2C1102&ssl=1&resize=700%2C400 2x, https:\/\/i0.wp.com\/cottbus-crayfish.de\/shop\/wp-content\/uploads\/sites\/4\/2025\/06\/Bildschirmfoto-2025-04-25-um-22.56.59.webp?fit=1200%2C1102&ssl=1&resize=1050%2C600 3x"},"classes":[]}],"jetpack_sharing_enabled":false,"_links":{"self":[{"href":"https:\/\/cottbus-crayfish.de\/shop\/wp-json\/wp\/v2\/product\/4938","targetHints":{"allow":["GET"]}}],"collection":[{"href":"https:\/\/cottbus-crayfish.de\/shop\/wp-json\/wp\/v2\/product"}],"about":[{"href":"https:\/\/cottbus-crayfish.de\/shop\/wp-json\/wp\/v2\/types\/product"}],"author":[{"embeddable":true,"href":"https:\/\/cottbus-crayfish.de\/shop\/wp-json\/wp\/v2\/users\/2"}],"wp:featuredmedia":[{"embeddable":true,"href":"https:\/\/cottbus-crayfish.de\/shop\/wp-json\/wp\/v2\/media\/4939"}],"wp:attachment":[{"href":"https:\/\/cottbus-crayfish.de\/shop\/wp-json\/wp\/v2\/media?parent=4938"}],"wp:term":[{"taxonomy":"product_brand","embeddable":true,"href":"https:\/\/cottbus-crayfish.de\/shop\/wp-json\/wp\/v2\/product_brand?post=4938"},{"taxonomy":"product_cat","embeddable":true,"href":"https:\/\/cottbus-crayfish.de\/shop\/wp-json\/wp\/v2\/product_cat?post=4938"},{"taxonomy":"product_tag","embeddable":true,"href":"https:\/\/cottbus-crayfish.de\/shop\/wp-json\/wp\/v2\/product_tag?post=4938"}],"curies":[{"name":"wp","href":"https:\/\/api.w.org\/{rel}","templated":true}]}}