{"id":4977,"date":"2025-05-30T10:57:31","date_gmt":"2025-05-30T08:57:31","guid":{"rendered":"https:\/\/cottbus-crayfish.de\/shop\/?post_type=product&#038;p=4977"},"modified":"2026-04-25T18:49:22","modified_gmt":"2026-04-25T16:49:22","slug":"rote-krebs-umhaengetasche-mit-crayfish-aufdruck","status":"publish","type":"product","link":"https:\/\/cottbus-crayfish.de\/shop\/produkt\/rote-krebs-umhaengetasche-mit-crayfish-aufdruck\/","title":{"rendered":"Rote Krebs Umh\u00e4ngetasche mit Crayfish Aufdruck"},"content":{"rendered":"<div class=\"wpb-content-wrapper\"><p>[vc_row][vc_column][vc_column_text css=&#8220;&#8220;]<span class=\"_25g_jM0z\"><span style=\"color: #000000;\"> rote Krebs-Umh\u00e4ngetasche<br \/>\nmit verstellbarem Trageriemen, Cartoon-Tierdesign, Rei\u00dfverschluss, Polyester-Material<\/span> <\/span><\/p>\n<ul>\n<li><span style=\"color: #000000;\">Rucksack im Krebslook mit Augen<\/span><\/li>\n<li><span style=\"color: #000000;\">Band zum Umh\u00e4ngen<\/span><\/li>\n<li><span style=\"color: #000000;\">verstellbar<\/span><\/li>\n<li><span style=\"color: #000000;\">bedruckt mir Cottbus Crayfish Schriftzug<\/span><\/li>\n<\/ul>\n<p>&nbsp;<\/p>\n<p>&nbsp;<\/p>\n<p>[\/vc_column_text][\/vc_column][\/vc_row]<\/p>\n<\/div>","protected":false},"excerpt":{"rendered":"<p><span style=\"color: #000000;\">Rucksack Krebs-Look, zum umh\u00e4ngen mit verstellbaren Band in rot<\/span><\/p>\n","protected":false},"author":2,"featured_media":4978,"template":"","meta":{"_acf_changed":false},"product_brand":[],"product_cat":[577],"product_tag":[492,514,274,417,418,446,450,480,482,483],"class_list":{"0":"post-4977","1":"product","2":"type-product","3":"status-publish","4":"has-post-thumbnail","6":"product_cat-fanartikel","7":"product_tag-saison2025","8":"product_tag-schriftzug","9":"product_tag-crayfish","10":"product_tag-rot-weiss","11":"product_tag-fanwear","12":"product_tag-rot-und-weiss","13":"product_tag-krebs","14":"product_tag-tasche","15":"product_tag-rucksack","16":"product_tag-tragetasche","17":"product_shipping_class-paeckchen-200","18":"","20":"first","21":"instock","22":"taxable","23":"shipping-taxable","24":"purchasable","25":"product-type-simple"},"acf":[],"jetpack-related-posts":[{"id":4930,"url":"https:\/\/cottbus-crayfish.de\/shop\/produkt\/umhaengetasche-mit-branding-schwarz-o-rot\/","url_meta":{"origin":4977,"position":0},"title":"Umh\u00e4ngetasche mit Crayfish (schwarz o. rot)","author":"Bj\u00f6rn W\u00f6hrle","date":"23. Mai 2025","format":false,"excerpt":"Umh\u00e4ngetasche schwarz o. rot mit Logo & Branding","rel":"","context":"\u00c4hnlicher Beitrag","block_context":{"text":"\u00c4hnlicher Beitrag","link":""},"img":{"alt_text":"","src":"https:\/\/i0.wp.com\/cottbus-crayfish.de\/shop\/wp-content\/uploads\/sites\/4\/2025\/05\/Umhaengetasche-schwarz-Front-scaled.webp?fit=900%2C1200&ssl=1&resize=350%2C200","width":350,"height":200,"srcset":"https:\/\/i0.wp.com\/cottbus-crayfish.de\/shop\/wp-content\/uploads\/sites\/4\/2025\/05\/Umhaengetasche-schwarz-Front-scaled.webp?fit=900%2C1200&ssl=1&resize=350%2C200 1x, https:\/\/i0.wp.com\/cottbus-crayfish.de\/shop\/wp-content\/uploads\/sites\/4\/2025\/05\/Umhaengetasche-schwarz-Front-scaled.webp?fit=900%2C1200&ssl=1&resize=525%2C300 1.5x, https:\/\/i0.wp.com\/cottbus-crayfish.de\/shop\/wp-content\/uploads\/sites\/4\/2025\/05\/Umhaengetasche-schwarz-Front-scaled.webp?fit=900%2C1200&ssl=1&resize=700%2C400 2x"},"classes":[]},{"id":7150,"url":"https:\/\/cottbus-crayfish.de\/shop\/produkt\/umhaengetasche-mit-crayfish-beige\/","url_meta":{"origin":4977,"position":1},"title":"Umh\u00e4ngetasche mit Crayfish &#8211; beige","author":"Bj\u00f6rn W\u00f6hrle","date":"23. April 2026","format":false,"excerpt":"Umh\u00e4ngetasche beige mit Logo & Branding","rel":"","context":"\u00c4hnlicher Beitrag","block_context":{"text":"\u00c4hnlicher Beitrag","link":""},"img":{"alt_text":"","src":"https:\/\/i0.wp.com\/cottbus-crayfish.de\/shop\/wp-content\/uploads\/sites\/4\/2026\/04\/20260423_141539.webp?fit=1200%2C1200&ssl=1&resize=350%2C200","width":350,"height":200,"srcset":"https:\/\/i0.wp.com\/cottbus-crayfish.de\/shop\/wp-content\/uploads\/sites\/4\/2026\/04\/20260423_141539.webp?fit=1200%2C1200&ssl=1&resize=350%2C200 1x, https:\/\/i0.wp.com\/cottbus-crayfish.de\/shop\/wp-content\/uploads\/sites\/4\/2026\/04\/20260423_141539.webp?fit=1200%2C1200&ssl=1&resize=525%2C300 1.5x, https:\/\/i0.wp.com\/cottbus-crayfish.de\/shop\/wp-content\/uploads\/sites\/4\/2026\/04\/20260423_141539.webp?fit=1200%2C1200&ssl=1&resize=700%2C400 2x, https:\/\/i0.wp.com\/cottbus-crayfish.de\/shop\/wp-content\/uploads\/sites\/4\/2026\/04\/20260423_141539.webp?fit=1200%2C1200&ssl=1&resize=1050%2C600 3x"},"classes":[]},{"id":4942,"url":"https:\/\/cottbus-crayfish.de\/shop\/produkt\/baseball-cap-rot-mit-logo-krebs\/","url_meta":{"origin":4977,"position":2},"title":"Baseball Cap rot mit Logo Krebs","author":"Bj\u00f6rn W\u00f6hrle","date":"23. Mai 2025","format":false,"excerpt":"Baseball Cap rot mit rot\/wei\u00dfem Logo","rel":"","context":"\u00c4hnlicher Beitrag","block_context":{"text":"\u00c4hnlicher Beitrag","link":""},"img":{"alt_text":"","src":"https:\/\/i0.wp.com\/cottbus-crayfish.de\/shop\/wp-content\/uploads\/sites\/4\/2025\/05\/Base-Cap-rot-Krebs_Front-scaled.webp?fit=1200%2C1200&ssl=1&resize=350%2C200","width":350,"height":200,"srcset":"https:\/\/i0.wp.com\/cottbus-crayfish.de\/shop\/wp-content\/uploads\/sites\/4\/2025\/05\/Base-Cap-rot-Krebs_Front-scaled.webp?fit=1200%2C1200&ssl=1&resize=350%2C200 1x, https:\/\/i0.wp.com\/cottbus-crayfish.de\/shop\/wp-content\/uploads\/sites\/4\/2025\/05\/Base-Cap-rot-Krebs_Front-scaled.webp?fit=1200%2C1200&ssl=1&resize=525%2C300 1.5x, https:\/\/i0.wp.com\/cottbus-crayfish.de\/shop\/wp-content\/uploads\/sites\/4\/2025\/05\/Base-Cap-rot-Krebs_Front-scaled.webp?fit=1200%2C1200&ssl=1&resize=700%2C400 2x, https:\/\/i0.wp.com\/cottbus-crayfish.de\/shop\/wp-content\/uploads\/sites\/4\/2025\/05\/Base-Cap-rot-Krebs_Front-scaled.webp?fit=1200%2C1200&ssl=1&resize=1050%2C600 3x"},"classes":[]},{"id":7159,"url":"https:\/\/cottbus-crayfish.de\/shop\/produkt\/baseball-cap-beige-mit-logo-krebs\/","url_meta":{"origin":4977,"position":3},"title":"Baseball Cap beige mit Logo Krebs","author":"Bj\u00f6rn W\u00f6hrle","date":"23. April 2026","format":false,"excerpt":"Baseball Cap beige mit rot\/wei\u00dfem Logo","rel":"","context":"\u00c4hnlicher Beitrag","block_context":{"text":"\u00c4hnlicher Beitrag","link":""},"img":{"alt_text":"","src":"https:\/\/i0.wp.com\/cottbus-crayfish.de\/shop\/wp-content\/uploads\/sites\/4\/2026\/04\/20260423_155114.webp?fit=1200%2C1200&ssl=1&resize=350%2C200","width":350,"height":200,"srcset":"https:\/\/i0.wp.com\/cottbus-crayfish.de\/shop\/wp-content\/uploads\/sites\/4\/2026\/04\/20260423_155114.webp?fit=1200%2C1200&ssl=1&resize=350%2C200 1x, https:\/\/i0.wp.com\/cottbus-crayfish.de\/shop\/wp-content\/uploads\/sites\/4\/2026\/04\/20260423_155114.webp?fit=1200%2C1200&ssl=1&resize=525%2C300 1.5x, https:\/\/i0.wp.com\/cottbus-crayfish.de\/shop\/wp-content\/uploads\/sites\/4\/2026\/04\/20260423_155114.webp?fit=1200%2C1200&ssl=1&resize=700%2C400 2x, https:\/\/i0.wp.com\/cottbus-crayfish.de\/shop\/wp-content\/uploads\/sites\/4\/2026\/04\/20260423_155114.webp?fit=1200%2C1200&ssl=1&resize=1050%2C600 3x"},"classes":[]},{"id":4961,"url":"https:\/\/cottbus-crayfish.de\/shop\/produkt\/anglerhut-schwarz-mit-logo-schrift\/","url_meta":{"origin":4977,"position":4},"title":"Anglerhut Cottbus Crayfish","author":"Bj\u00f6rn W\u00f6hrle","date":"5. Juni 2025","format":false,"excerpt":"Angler- o. Campinghut, schwarz mit Logo & Schrift wei\u00df","rel":"","context":"\u00c4hnlicher Beitrag","block_context":{"text":"\u00c4hnlicher Beitrag","link":""},"img":{"alt_text":"","src":"https:\/\/i0.wp.com\/cottbus-crayfish.de\/shop\/wp-content\/uploads\/sites\/4\/2025\/06\/Anglerhut_Schwarz.webp?fit=758%2C759&ssl=1&resize=350%2C200","width":350,"height":200,"srcset":"https:\/\/i0.wp.com\/cottbus-crayfish.de\/shop\/wp-content\/uploads\/sites\/4\/2025\/06\/Anglerhut_Schwarz.webp?fit=758%2C759&ssl=1&resize=350%2C200 1x, https:\/\/i0.wp.com\/cottbus-crayfish.de\/shop\/wp-content\/uploads\/sites\/4\/2025\/06\/Anglerhut_Schwarz.webp?fit=758%2C759&ssl=1&resize=525%2C300 1.5x, https:\/\/i0.wp.com\/cottbus-crayfish.de\/shop\/wp-content\/uploads\/sites\/4\/2025\/06\/Anglerhut_Schwarz.webp?fit=758%2C759&ssl=1&resize=700%2C400 2x"},"classes":[]},{"id":4073,"url":"https:\/\/cottbus-crayfish.de\/shop\/produkt\/sportbeutel-rot-mit-cottbus-crayfish-logo-und-schrift\/","url_meta":{"origin":4977,"position":5},"title":"Sportbeutel mit Crayfish Logo und Schrift","author":"Bj\u00f6rn W\u00f6hrle","date":"7. November 2024","format":false,"excerpt":"Roter Sportbeutel mit wei\u00dfem Logo Krebs und Schrift Cottbus Crayfish und Zugb\u00e4ndern einseitig bedruckt","rel":"","context":"\u00c4hnlicher Beitrag","block_context":{"text":"\u00c4hnlicher Beitrag","link":""},"img":{"alt_text":"","src":"https:\/\/i0.wp.com\/cottbus-crayfish.de\/shop\/wp-content\/uploads\/sites\/4\/2024\/11\/Sportbeutel_Ansicht.webp?fit=1000%2C1000&ssl=1&resize=350%2C200","width":350,"height":200,"srcset":"https:\/\/i0.wp.com\/cottbus-crayfish.de\/shop\/wp-content\/uploads\/sites\/4\/2024\/11\/Sportbeutel_Ansicht.webp?fit=1000%2C1000&ssl=1&resize=350%2C200 1x, https:\/\/i0.wp.com\/cottbus-crayfish.de\/shop\/wp-content\/uploads\/sites\/4\/2024\/11\/Sportbeutel_Ansicht.webp?fit=1000%2C1000&ssl=1&resize=525%2C300 1.5x, https:\/\/i0.wp.com\/cottbus-crayfish.de\/shop\/wp-content\/uploads\/sites\/4\/2024\/11\/Sportbeutel_Ansicht.webp?fit=1000%2C1000&ssl=1&resize=700%2C400 2x"},"classes":[]}],"jetpack_sharing_enabled":false,"_links":{"self":[{"href":"https:\/\/cottbus-crayfish.de\/shop\/wp-json\/wp\/v2\/product\/4977","targetHints":{"allow":["GET"]}}],"collection":[{"href":"https:\/\/cottbus-crayfish.de\/shop\/wp-json\/wp\/v2\/product"}],"about":[{"href":"https:\/\/cottbus-crayfish.de\/shop\/wp-json\/wp\/v2\/types\/product"}],"author":[{"embeddable":true,"href":"https:\/\/cottbus-crayfish.de\/shop\/wp-json\/wp\/v2\/users\/2"}],"wp:featuredmedia":[{"embeddable":true,"href":"https:\/\/cottbus-crayfish.de\/shop\/wp-json\/wp\/v2\/media\/4978"}],"wp:attachment":[{"href":"https:\/\/cottbus-crayfish.de\/shop\/wp-json\/wp\/v2\/media?parent=4977"}],"wp:term":[{"taxonomy":"product_brand","embeddable":true,"href":"https:\/\/cottbus-crayfish.de\/shop\/wp-json\/wp\/v2\/product_brand?post=4977"},{"taxonomy":"product_cat","embeddable":true,"href":"https:\/\/cottbus-crayfish.de\/shop\/wp-json\/wp\/v2\/product_cat?post=4977"},{"taxonomy":"product_tag","embeddable":true,"href":"https:\/\/cottbus-crayfish.de\/shop\/wp-json\/wp\/v2\/product_tag?post=4977"}],"curies":[{"name":"wp","href":"https:\/\/api.w.org\/{rel}","templated":true}]}}