{"id":5130,"date":"2025-06-05T23:04:03","date_gmt":"2025-06-05T21:04:03","guid":{"rendered":"https:\/\/cottbus-crayfish.de\/shop\/?post_type=product&#038;p=5130"},"modified":"2026-04-25T18:49:23","modified_gmt":"2026-04-25T16:49:23","slug":"schwarzer-hoodie-mit-schwarzem-logo-krebs","status":"publish","type":"product","link":"https:\/\/cottbus-crayfish.de\/shop\/produkt\/schwarzer-hoodie-mit-schwarzem-logo-krebs\/","title":{"rendered":"Schwarzer Hoodie mit schwarzem Logo Krebs"},"content":{"rendered":"<p><span style=\"color: #000000;\"><strong>Schwarzer Hoodie mit schwarzem Logo Krebs<br \/>\n<\/strong>das Logo ist farblich leicht abgesetzt<br \/>\nmit Kapuze und Zugb\u00e4ndern<\/span><\/p>\n<p><span style=\"color: #000000;\">Der Heavy Hoody \u00fcberzeugt durch seine robuste und zugleich komfortable Verarbeitung. Ideal f\u00fcr k\u00fchle Tage, bietet er eine angenehme W\u00e4rme, die perfekt f\u00fcr entspannte<\/span><br \/>\n<span style=\"color: #000000;\">Freizeitaktivit\u00e4ten ist. Mit seiner klassischen Silhouette l\u00e4sst sich der Hoody m\u00fchelos in jeden Kleiderschrank integrieren und verleiht jedem Outfit einen l\u00e4ssigen Touch. Die hochwertigen<\/span><br \/>\n<span style=\"color: #000000;\">Materialien sorgen daf\u00fcr, dass dieser Hoody ein zuverl\u00e4ssiger Begleiter im Alltag ist. Ein Muss f\u00fcr alle, die Wert auf stilvolle Bequemlichkeit legen.<\/span><\/p>\n<p><span style=\"color: #808080;\">Lieferzeit 2-3 Tage<\/span><\/p>\n","protected":false},"excerpt":{"rendered":"<p><span style=\"color: #000000;\"><strong>Schwarzer Hoodie mit schwarzem Logo Krebs<br \/>\n<\/strong>das Logo ist farblich leicht abgesetzt<\/span><\/p>\n","protected":false},"author":2,"featured_media":5205,"template":"","meta":{"_acf_changed":false},"product_brand":[],"product_cat":[528],"product_tag":[274,533,534,305,418,450,457,470,492,531,271,532],"class_list":{"0":"post-5130","1":"product","2":"type-product","3":"status-publish","4":"has-post-thumbnail","6":"product_cat-kleidung","7":"product_tag-crayfish","8":"product_tag-schwarz-schwarz","9":"product_tag-klamotten","10":"product_tag-hoodie","11":"product_tag-fanwear","12":"product_tag-krebs","13":"product_tag-schwarz","14":"product_tag-logo","15":"product_tag-saison2025","16":"product_tag-kleidung","17":"product_tag-gameday","18":"product_tag-kapuzenshirt","19":"product_shipping_class-paeckchen-m","20":"","22":"first","23":"instock","24":"taxable","25":"shipping-taxable","26":"purchasable","27":"product-type-variable","28":"has-default-attributes"},"acf":[],"jetpack-related-posts":[{"id":5153,"url":"https:\/\/cottbus-crayfish.de\/shop\/produkt\/schwarzer-hoodie-mit-schrift-und-logo\/","url_meta":{"origin":5130,"position":0},"title":"Schwarzer Hoodie mit Schrift und Logo","author":"Bj\u00f6rn W\u00f6hrle","date":"6. Juni 2025","format":false,"excerpt":"Schwarzer Hoodie mit weisser Schrift \"Cottbus Crayfish\" und rot\/wei\u00dfem Crayfish-Logo mit Kapuze und Zugb\u00e4ndern","rel":"","context":"\u00c4hnlicher Beitrag","block_context":{"text":"\u00c4hnlicher Beitrag","link":""},"img":{"alt_text":"","src":"https:\/\/i0.wp.com\/cottbus-crayfish.de\/shop\/wp-content\/uploads\/sites\/4\/2025\/06\/Bildschirmfoto-2025-04-25-um-23.48.29.webp?fit=1200%2C1110&ssl=1&resize=350%2C200","width":350,"height":200,"srcset":"https:\/\/i0.wp.com\/cottbus-crayfish.de\/shop\/wp-content\/uploads\/sites\/4\/2025\/06\/Bildschirmfoto-2025-04-25-um-23.48.29.webp?fit=1200%2C1110&ssl=1&resize=350%2C200 1x, https:\/\/i0.wp.com\/cottbus-crayfish.de\/shop\/wp-content\/uploads\/sites\/4\/2025\/06\/Bildschirmfoto-2025-04-25-um-23.48.29.webp?fit=1200%2C1110&ssl=1&resize=525%2C300 1.5x, https:\/\/i0.wp.com\/cottbus-crayfish.de\/shop\/wp-content\/uploads\/sites\/4\/2025\/06\/Bildschirmfoto-2025-04-25-um-23.48.29.webp?fit=1200%2C1110&ssl=1&resize=700%2C400 2x, https:\/\/i0.wp.com\/cottbus-crayfish.de\/shop\/wp-content\/uploads\/sites\/4\/2025\/06\/Bildschirmfoto-2025-04-25-um-23.48.29.webp?fit=1200%2C1110&ssl=1&resize=1050%2C600 3x"},"classes":[]},{"id":7233,"url":"https:\/\/cottbus-crayfish.de\/shop\/produkt\/hoodie-schwarz-2026\/","url_meta":{"origin":5130,"position":1},"title":"Hoodie schwarz &#8211; invertierte Schrift &#038; Logo","author":"Bj\u00f6rn W\u00f6hrle","date":"24. April 2026","format":false,"excerpt":"Schwarzer Hoodie mit Logo & Schrift das Logo in Vereinsfarben, Schrift Crayfish in Wei\u00df","rel":"","context":"\u00c4hnlicher Beitrag","block_context":{"text":"\u00c4hnlicher Beitrag","link":""},"img":{"alt_text":"","src":"https:\/\/i0.wp.com\/cottbus-crayfish.de\/shop\/wp-content\/uploads\/sites\/4\/2026\/04\/Hoodie_HOD-26-02-BLK_1.webp?fit=831%2C1200&ssl=1&resize=350%2C200","width":350,"height":200,"srcset":"https:\/\/i0.wp.com\/cottbus-crayfish.de\/shop\/wp-content\/uploads\/sites\/4\/2026\/04\/Hoodie_HOD-26-02-BLK_1.webp?fit=831%2C1200&ssl=1&resize=350%2C200 1x, https:\/\/i0.wp.com\/cottbus-crayfish.de\/shop\/wp-content\/uploads\/sites\/4\/2026\/04\/Hoodie_HOD-26-02-BLK_1.webp?fit=831%2C1200&ssl=1&resize=525%2C300 1.5x, https:\/\/i0.wp.com\/cottbus-crayfish.de\/shop\/wp-content\/uploads\/sites\/4\/2026\/04\/Hoodie_HOD-26-02-BLK_1.webp?fit=831%2C1200&ssl=1&resize=700%2C400 2x"},"classes":[]},{"id":7220,"url":"https:\/\/cottbus-crayfish.de\/shop\/produkt\/hoodie-beige\/","url_meta":{"origin":5130,"position":2},"title":"Hoodie Vintage mit Logo &#038; Schrift","author":"Bj\u00f6rn W\u00f6hrle","date":"24. April 2026","format":false,"excerpt":"Beiger Hoodie mit Logo & Schrift das Logo in Vereinsfarben, Schrift in Schwarz","rel":"","context":"\u00c4hnlicher Beitrag","block_context":{"text":"\u00c4hnlicher Beitrag","link":""},"img":{"alt_text":"","src":"https:\/\/i0.wp.com\/cottbus-crayfish.de\/shop\/wp-content\/uploads\/sites\/4\/2026\/04\/Hoodie_HOD-26-01-BEI_1.webp?fit=831%2C1200&ssl=1&resize=350%2C200","width":350,"height":200,"srcset":"https:\/\/i0.wp.com\/cottbus-crayfish.de\/shop\/wp-content\/uploads\/sites\/4\/2026\/04\/Hoodie_HOD-26-01-BEI_1.webp?fit=831%2C1200&ssl=1&resize=350%2C200 1x, https:\/\/i0.wp.com\/cottbus-crayfish.de\/shop\/wp-content\/uploads\/sites\/4\/2026\/04\/Hoodie_HOD-26-01-BEI_1.webp?fit=831%2C1200&ssl=1&resize=525%2C300 1.5x, https:\/\/i0.wp.com\/cottbus-crayfish.de\/shop\/wp-content\/uploads\/sites\/4\/2026\/04\/Hoodie_HOD-26-01-BEI_1.webp?fit=831%2C1200&ssl=1&resize=700%2C400 2x"},"classes":[]},{"id":7206,"url":"https:\/\/cottbus-crayfish.de\/shop\/produkt\/t-shirt-beige\/","url_meta":{"origin":5130,"position":3},"title":"T-Shirt Vintage mit Logo &#038; Schrift","author":"Bj\u00f6rn W\u00f6hrle","date":"24. April 2026","format":false,"excerpt":"Beiges T-Shirt mit Logo & schwarzer Schrift die Schrift ist farblich leicht abgesetzt","rel":"","context":"\u00c4hnlicher Beitrag","block_context":{"text":"\u00c4hnlicher Beitrag","link":""},"img":{"alt_text":"","src":"https:\/\/i0.wp.com\/cottbus-crayfish.de\/shop\/wp-content\/uploads\/sites\/4\/2026\/04\/T-Shirt_TSH-26-01-BEI_1.webp?fit=831%2C1200&ssl=1&resize=350%2C200","width":350,"height":200,"srcset":"https:\/\/i0.wp.com\/cottbus-crayfish.de\/shop\/wp-content\/uploads\/sites\/4\/2026\/04\/T-Shirt_TSH-26-01-BEI_1.webp?fit=831%2C1200&ssl=1&resize=350%2C200 1x, https:\/\/i0.wp.com\/cottbus-crayfish.de\/shop\/wp-content\/uploads\/sites\/4\/2026\/04\/T-Shirt_TSH-26-01-BEI_1.webp?fit=831%2C1200&ssl=1&resize=525%2C300 1.5x, https:\/\/i0.wp.com\/cottbus-crayfish.de\/shop\/wp-content\/uploads\/sites\/4\/2026\/04\/T-Shirt_TSH-26-01-BEI_1.webp?fit=831%2C1200&ssl=1&resize=700%2C400 2x"},"classes":[]},{"id":5163,"url":"https:\/\/cottbus-crayfish.de\/shop\/produkt\/t-shirt-mit-schwarzem-schriftzug\/","url_meta":{"origin":5130,"position":4},"title":"T-Shirt mit schwarzem Schriftzug","author":"Bj\u00f6rn W\u00f6hrle","date":"6. Juni 2025","format":false,"excerpt":"Schwarzes T-Shirt mit schwarzer Schrift \"Cottbus Crayfish - American Football\" die Schrift ist farblich leicht abgesetzt","rel":"","context":"\u00c4hnlicher Beitrag","block_context":{"text":"\u00c4hnlicher Beitrag","link":""},"img":{"alt_text":"","src":"https:\/\/i0.wp.com\/cottbus-crayfish.de\/shop\/wp-content\/uploads\/sites\/4\/2025\/06\/Bildschirmfoto-2025-04-25-um-22.56.59.webp?fit=1200%2C1102&ssl=1&resize=350%2C200","width":350,"height":200,"srcset":"https:\/\/i0.wp.com\/cottbus-crayfish.de\/shop\/wp-content\/uploads\/sites\/4\/2025\/06\/Bildschirmfoto-2025-04-25-um-22.56.59.webp?fit=1200%2C1102&ssl=1&resize=350%2C200 1x, https:\/\/i0.wp.com\/cottbus-crayfish.de\/shop\/wp-content\/uploads\/sites\/4\/2025\/06\/Bildschirmfoto-2025-04-25-um-22.56.59.webp?fit=1200%2C1102&ssl=1&resize=525%2C300 1.5x, https:\/\/i0.wp.com\/cottbus-crayfish.de\/shop\/wp-content\/uploads\/sites\/4\/2025\/06\/Bildschirmfoto-2025-04-25-um-22.56.59.webp?fit=1200%2C1102&ssl=1&resize=700%2C400 2x, https:\/\/i0.wp.com\/cottbus-crayfish.de\/shop\/wp-content\/uploads\/sites\/4\/2025\/06\/Bildschirmfoto-2025-04-25-um-22.56.59.webp?fit=1200%2C1102&ssl=1&resize=1050%2C600 3x"},"classes":[]},{"id":5173,"url":"https:\/\/cottbus-crayfish.de\/shop\/produkt\/t-shirt-schwarz-mit-krebs-und-nr-12\/","url_meta":{"origin":5130,"position":5},"title":"T-Shirt schwarz mit Krebs und Nr. 12","author":"Bj\u00f6rn W\u00f6hrle","date":"6. Juni 2025","format":false,"excerpt":"Schwarzes T-Shirt mit Logo Krebs in weiss und Nr. 12 Krebs-Logo in weiss und der Nummer 12 f\u00fcr die Fans","rel":"","context":"\u00c4hnlicher Beitrag","block_context":{"text":"\u00c4hnlicher Beitrag","link":""},"img":{"alt_text":"","src":"https:\/\/i0.wp.com\/cottbus-crayfish.de\/shop\/wp-content\/uploads\/sites\/4\/2025\/06\/T-Shirt_Black_12er-Krebs.webp?fit=1200%2C1170&ssl=1&resize=350%2C200","width":350,"height":200,"srcset":"https:\/\/i0.wp.com\/cottbus-crayfish.de\/shop\/wp-content\/uploads\/sites\/4\/2025\/06\/T-Shirt_Black_12er-Krebs.webp?fit=1200%2C1170&ssl=1&resize=350%2C200 1x, https:\/\/i0.wp.com\/cottbus-crayfish.de\/shop\/wp-content\/uploads\/sites\/4\/2025\/06\/T-Shirt_Black_12er-Krebs.webp?fit=1200%2C1170&ssl=1&resize=525%2C300 1.5x, https:\/\/i0.wp.com\/cottbus-crayfish.de\/shop\/wp-content\/uploads\/sites\/4\/2025\/06\/T-Shirt_Black_12er-Krebs.webp?fit=1200%2C1170&ssl=1&resize=700%2C400 2x, https:\/\/i0.wp.com\/cottbus-crayfish.de\/shop\/wp-content\/uploads\/sites\/4\/2025\/06\/T-Shirt_Black_12er-Krebs.webp?fit=1200%2C1170&ssl=1&resize=1050%2C600 3x"},"classes":[]}],"jetpack_sharing_enabled":false,"_links":{"self":[{"href":"https:\/\/cottbus-crayfish.de\/shop\/wp-json\/wp\/v2\/product\/5130","targetHints":{"allow":["GET"]}}],"collection":[{"href":"https:\/\/cottbus-crayfish.de\/shop\/wp-json\/wp\/v2\/product"}],"about":[{"href":"https:\/\/cottbus-crayfish.de\/shop\/wp-json\/wp\/v2\/types\/product"}],"author":[{"embeddable":true,"href":"https:\/\/cottbus-crayfish.de\/shop\/wp-json\/wp\/v2\/users\/2"}],"wp:featuredmedia":[{"embeddable":true,"href":"https:\/\/cottbus-crayfish.de\/shop\/wp-json\/wp\/v2\/media\/5205"}],"wp:attachment":[{"href":"https:\/\/cottbus-crayfish.de\/shop\/wp-json\/wp\/v2\/media?parent=5130"}],"wp:term":[{"taxonomy":"product_brand","embeddable":true,"href":"https:\/\/cottbus-crayfish.de\/shop\/wp-json\/wp\/v2\/product_brand?post=5130"},{"taxonomy":"product_cat","embeddable":true,"href":"https:\/\/cottbus-crayfish.de\/shop\/wp-json\/wp\/v2\/product_cat?post=5130"},{"taxonomy":"product_tag","embeddable":true,"href":"https:\/\/cottbus-crayfish.de\/shop\/wp-json\/wp\/v2\/product_tag?post=5130"}],"curies":[{"name":"wp","href":"https:\/\/api.w.org\/{rel}","templated":true}]}}