{"id":5184,"date":"2025-06-06T09:04:56","date_gmt":"2025-06-06T07:04:56","guid":{"rendered":"https:\/\/cottbus-crayfish.de\/shop\/?post_type=product&#038;p=5184"},"modified":"2026-04-25T18:31:27","modified_gmt":"2026-04-25T16:31:27","slug":"t-shirt-rot-mit-schrift-schnipp-schnapp-und-liga-logo","status":"publish","type":"product","link":"https:\/\/cottbus-crayfish.de\/shop\/produkt\/t-shirt-rot-mit-schrift-schnipp-schnapp-und-liga-logo\/","title":{"rendered":"T-Shirt rot mit Schrift &#8222;Schnipp Schnapp&#8220;"},"content":{"rendered":"<p><span style=\"color: #000000;\"><strong>Rotes T-Shirt mit Aufschrift &#8222;Schnipp-Schnapp&#8220;, Logo der Regionalliga Ost und Krebs<br \/>\n<\/strong>aufgedruckter Schriftzug &#8222;Schnipp-Schnapp inkl. Krebs Logo&#8220; und dem Logo der Regionalliga Ost<br \/>\nrunder Nackenausschnitt<\/span><\/p>\n<p><span style=\"color: #000000;\">Entdecken Sie das T-Shirt mit Rundhalsausschnitt, das durch seinen zeitlosen Stil und schlichte Eleganz \u00fcberzeugt. Dieses kurz\u00e4rmelige T-Shirt ist die ideale Wahl f\u00fcr den Alltag und<\/span><br \/>\n<span style=\"color: #000000;\">l\u00e4sst sich m\u00fchelos mit verschiedenen Outfits kombinieren. Die angenehme Passform sorgt f\u00fcr ein\u00a0 entspanntes Tragegef\u00fchl, w\u00e4hrend das minimalistische Design vielseitig einsetzbar ist. Perfekt<\/span><br \/>\n<span style=\"color: #000000;\">f\u00fcr alle, die Wert auf Einfachheit und Funktionalit\u00e4t legen, ohne Kompromisse beim Stil einzugehen. Ein unverzichtbares Basic f\u00fcr jede Garderobe.<\/span><\/p>\n<p><span style=\"color: #808080;\">Lieferzeit 2-3 Tage<\/span><\/p>\n","protected":false},"excerpt":{"rendered":"<p><span style=\"color: #000000;\"><strong>T-Shirt rot mit Schrift &#8222;Schnipp Schnapp&#8220; und Liga Logo<br \/>\n<\/strong>Schrift Schnipp-Schnapp inkl. Logo und Logo Regionalliga Ost<\/span><\/p>\n","protected":false},"author":2,"featured_media":5202,"template":"","meta":{"_acf_changed":false},"product_brand":[],"product_cat":[528],"product_tag":[277,534,536,418,537,450,538,458,470,476,78,492,514,271,274,531],"class_list":{"0":"post-5184","1":"product","2":"type-product","3":"status-publish","4":"has-post-thumbnail","6":"product_cat-kleidung","7":"product_tag-t-shirt","8":"product_tag-klamotten","9":"product_tag-kurzarm","10":"product_tag-fanwear","11":"product_tag-regionalliga-ost","12":"product_tag-krebs","13":"product_tag-3-liga","14":"product_tag-rot","15":"product_tag-logo","16":"product_tag-schnipp-schnapp","17":"product_tag-shirt","18":"product_tag-saison2025","19":"product_tag-schriftzug","20":"product_tag-gameday","21":"product_tag-crayfish","22":"product_tag-kleidung","23":"product_shipping_class-versandtasche-1000","24":"","26":"first","27":"instock","28":"taxable","29":"shipping-taxable","30":"purchasable","31":"product-type-variable","32":"has-default-attributes"},"acf":[],"jetpack-related-posts":[{"id":5967,"url":"https:\/\/cottbus-crayfish.de\/shop\/produkt\/t-shirt-rot-mit-schrift-schnipp-schnapp-saison-2024\/","url_meta":{"origin":5184,"position":0},"title":"T-Shirt rot mit Schrift &#8222;Schnipp Schnapp&#8220; Saison 2024","author":"Bj\u00f6rn W\u00f6hrle","date":"20. November 2025","format":false,"excerpt":"T-Shirt rot mit Schrift \"Schnipp Schnapp\" und Logo GFL 2 \/ Saison 2024 Schrift Schnipp-Schnapp inkl. Logo und Logo GFL 2 \/ Saison 2024","rel":"","context":"\u00c4hnlicher Beitrag","block_context":{"text":"\u00c4hnlicher Beitrag","link":""},"img":{"alt_text":"","src":"https:\/\/i0.wp.com\/cottbus-crayfish.de\/shop\/wp-content\/uploads\/sites\/4\/2025\/11\/Schnipp-Schnapp-2024.webp?fit=1200%2C1109&ssl=1&resize=350%2C200","width":350,"height":200,"srcset":"https:\/\/i0.wp.com\/cottbus-crayfish.de\/shop\/wp-content\/uploads\/sites\/4\/2025\/11\/Schnipp-Schnapp-2024.webp?fit=1200%2C1109&ssl=1&resize=350%2C200 1x, https:\/\/i0.wp.com\/cottbus-crayfish.de\/shop\/wp-content\/uploads\/sites\/4\/2025\/11\/Schnipp-Schnapp-2024.webp?fit=1200%2C1109&ssl=1&resize=525%2C300 1.5x, https:\/\/i0.wp.com\/cottbus-crayfish.de\/shop\/wp-content\/uploads\/sites\/4\/2025\/11\/Schnipp-Schnapp-2024.webp?fit=1200%2C1109&ssl=1&resize=700%2C400 2x, https:\/\/i0.wp.com\/cottbus-crayfish.de\/shop\/wp-content\/uploads\/sites\/4\/2025\/11\/Schnipp-Schnapp-2024.webp?fit=1200%2C1109&ssl=1&resize=1050%2C600 3x"},"classes":[]},{"id":4063,"url":"https:\/\/cottbus-crayfish.de\/shop\/produkt\/silikonhandschuh-cottbus-crayfish-schnipp-schnapp\/","url_meta":{"origin":5184,"position":1},"title":"Silikonhandschuh Crayfish schnipp schnapp","author":"Bj\u00f6rn W\u00f6hrle","date":"7. November 2024","format":false,"excerpt":"Silikonhandschuh in Krebscherenform mit Logo und Schrift rot\/orange mit weisser Schrift","rel":"","context":"\u00c4hnlicher Beitrag","block_context":{"text":"\u00c4hnlicher Beitrag","link":""},"img":{"alt_text":"","src":"https:\/\/i0.wp.com\/cottbus-crayfish.de\/shop\/wp-content\/uploads\/sites\/4\/2024\/11\/Silikonhandschuh_Krebsscherenform.webp?fit=1000%2C1000&ssl=1&resize=350%2C200","width":350,"height":200,"srcset":"https:\/\/i0.wp.com\/cottbus-crayfish.de\/shop\/wp-content\/uploads\/sites\/4\/2024\/11\/Silikonhandschuh_Krebsscherenform.webp?fit=1000%2C1000&ssl=1&resize=350%2C200 1x, https:\/\/i0.wp.com\/cottbus-crayfish.de\/shop\/wp-content\/uploads\/sites\/4\/2024\/11\/Silikonhandschuh_Krebsscherenform.webp?fit=1000%2C1000&ssl=1&resize=525%2C300 1.5x, https:\/\/i0.wp.com\/cottbus-crayfish.de\/shop\/wp-content\/uploads\/sites\/4\/2024\/11\/Silikonhandschuh_Krebsscherenform.webp?fit=1000%2C1000&ssl=1&resize=700%2C400 2x"},"classes":[]},{"id":5173,"url":"https:\/\/cottbus-crayfish.de\/shop\/produkt\/t-shirt-schwarz-mit-krebs-und-nr-12\/","url_meta":{"origin":5184,"position":2},"title":"T-Shirt schwarz mit Krebs und Nr. 12","author":"Bj\u00f6rn W\u00f6hrle","date":"6. Juni 2025","format":false,"excerpt":"Schwarzes T-Shirt mit Logo Krebs in weiss und Nr. 12 Krebs-Logo in weiss und der Nummer 12 f\u00fcr die Fans","rel":"","context":"\u00c4hnlicher Beitrag","block_context":{"text":"\u00c4hnlicher Beitrag","link":""},"img":{"alt_text":"","src":"https:\/\/i0.wp.com\/cottbus-crayfish.de\/shop\/wp-content\/uploads\/sites\/4\/2025\/06\/T-Shirt_Black_12er-Krebs.webp?fit=1200%2C1170&ssl=1&resize=350%2C200","width":350,"height":200,"srcset":"https:\/\/i0.wp.com\/cottbus-crayfish.de\/shop\/wp-content\/uploads\/sites\/4\/2025\/06\/T-Shirt_Black_12er-Krebs.webp?fit=1200%2C1170&ssl=1&resize=350%2C200 1x, https:\/\/i0.wp.com\/cottbus-crayfish.de\/shop\/wp-content\/uploads\/sites\/4\/2025\/06\/T-Shirt_Black_12er-Krebs.webp?fit=1200%2C1170&ssl=1&resize=525%2C300 1.5x, https:\/\/i0.wp.com\/cottbus-crayfish.de\/shop\/wp-content\/uploads\/sites\/4\/2025\/06\/T-Shirt_Black_12er-Krebs.webp?fit=1200%2C1170&ssl=1&resize=700%2C400 2x, https:\/\/i0.wp.com\/cottbus-crayfish.de\/shop\/wp-content\/uploads\/sites\/4\/2025\/06\/T-Shirt_Black_12er-Krebs.webp?fit=1200%2C1170&ssl=1&resize=1050%2C600 3x"},"classes":[]},{"id":7247,"url":"https:\/\/cottbus-crayfish.de\/shop\/produkt\/t-shirt-schwarz-mit-logo-front-schrift-back\/","url_meta":{"origin":5184,"position":3},"title":"T-Shirt schwarz mit Logo Front + Schrift Back","author":"Bj\u00f6rn W\u00f6hrle","date":"24. April 2026","format":false,"excerpt":"Schwarzes T-Shirt mit Logo & wei\u00dfer Schrift die Schrift ist wei\u00df auf dem R\u00fccken, Logo auf der Brust","rel":"","context":"\u00c4hnlicher Beitrag","block_context":{"text":"\u00c4hnlicher Beitrag","link":""},"img":{"alt_text":"","src":"https:\/\/i0.wp.com\/cottbus-crayfish.de\/shop\/wp-content\/uploads\/sites\/4\/2026\/04\/T-Shirt_TSH-26-02-BLK_1.webp?fit=831%2C1200&ssl=1&resize=350%2C200","width":350,"height":200,"srcset":"https:\/\/i0.wp.com\/cottbus-crayfish.de\/shop\/wp-content\/uploads\/sites\/4\/2026\/04\/T-Shirt_TSH-26-02-BLK_1.webp?fit=831%2C1200&ssl=1&resize=350%2C200 1x, https:\/\/i0.wp.com\/cottbus-crayfish.de\/shop\/wp-content\/uploads\/sites\/4\/2026\/04\/T-Shirt_TSH-26-02-BLK_1.webp?fit=831%2C1200&ssl=1&resize=525%2C300 1.5x, https:\/\/i0.wp.com\/cottbus-crayfish.de\/shop\/wp-content\/uploads\/sites\/4\/2026\/04\/T-Shirt_TSH-26-02-BLK_1.webp?fit=831%2C1200&ssl=1&resize=700%2C400 2x"},"classes":[]},{"id":7206,"url":"https:\/\/cottbus-crayfish.de\/shop\/produkt\/t-shirt-beige\/","url_meta":{"origin":5184,"position":4},"title":"T-Shirt Vintage mit Logo &#038; Schrift","author":"Bj\u00f6rn W\u00f6hrle","date":"24. April 2026","format":false,"excerpt":"Beiges T-Shirt mit Logo & schwarzer Schrift die Schrift ist farblich leicht abgesetzt","rel":"","context":"\u00c4hnlicher Beitrag","block_context":{"text":"\u00c4hnlicher Beitrag","link":""},"img":{"alt_text":"","src":"https:\/\/i0.wp.com\/cottbus-crayfish.de\/shop\/wp-content\/uploads\/sites\/4\/2026\/04\/T-Shirt_TSH-26-01-BEI_1.webp?fit=831%2C1200&ssl=1&resize=350%2C200","width":350,"height":200,"srcset":"https:\/\/i0.wp.com\/cottbus-crayfish.de\/shop\/wp-content\/uploads\/sites\/4\/2026\/04\/T-Shirt_TSH-26-01-BEI_1.webp?fit=831%2C1200&ssl=1&resize=350%2C200 1x, https:\/\/i0.wp.com\/cottbus-crayfish.de\/shop\/wp-content\/uploads\/sites\/4\/2026\/04\/T-Shirt_TSH-26-01-BEI_1.webp?fit=831%2C1200&ssl=1&resize=525%2C300 1.5x, https:\/\/i0.wp.com\/cottbus-crayfish.de\/shop\/wp-content\/uploads\/sites\/4\/2026\/04\/T-Shirt_TSH-26-01-BEI_1.webp?fit=831%2C1200&ssl=1&resize=700%2C400 2x"},"classes":[]},{"id":5981,"url":"https:\/\/cottbus-crayfish.de\/shop\/produkt\/t-shirt-mit-weissem-schriftzug\/","url_meta":{"origin":5184,"position":5},"title":"T-Shirt mit wei\u00dfem Schriftzug","author":"Bj\u00f6rn W\u00f6hrle","date":"20. November 2025","format":false,"excerpt":"Schwarzes T-Shirt mit weisser Schrift \"Cottbus Crayfish - American Football\" Saison 2024 runder Nackenschnitt","rel":"","context":"\u00c4hnlicher Beitrag","block_context":{"text":"\u00c4hnlicher Beitrag","link":""},"img":{"alt_text":"","src":"https:\/\/i0.wp.com\/cottbus-crayfish.de\/shop\/wp-content\/uploads\/sites\/4\/2025\/11\/Crayfish-Amer_Football-weiss.webp?fit=1200%2C1102&ssl=1&resize=350%2C200","width":350,"height":200,"srcset":"https:\/\/i0.wp.com\/cottbus-crayfish.de\/shop\/wp-content\/uploads\/sites\/4\/2025\/11\/Crayfish-Amer_Football-weiss.webp?fit=1200%2C1102&ssl=1&resize=350%2C200 1x, https:\/\/i0.wp.com\/cottbus-crayfish.de\/shop\/wp-content\/uploads\/sites\/4\/2025\/11\/Crayfish-Amer_Football-weiss.webp?fit=1200%2C1102&ssl=1&resize=525%2C300 1.5x, https:\/\/i0.wp.com\/cottbus-crayfish.de\/shop\/wp-content\/uploads\/sites\/4\/2025\/11\/Crayfish-Amer_Football-weiss.webp?fit=1200%2C1102&ssl=1&resize=700%2C400 2x, https:\/\/i0.wp.com\/cottbus-crayfish.de\/shop\/wp-content\/uploads\/sites\/4\/2025\/11\/Crayfish-Amer_Football-weiss.webp?fit=1200%2C1102&ssl=1&resize=1050%2C600 3x"},"classes":[]}],"jetpack_sharing_enabled":false,"_links":{"self":[{"href":"https:\/\/cottbus-crayfish.de\/shop\/wp-json\/wp\/v2\/product\/5184","targetHints":{"allow":["GET"]}}],"collection":[{"href":"https:\/\/cottbus-crayfish.de\/shop\/wp-json\/wp\/v2\/product"}],"about":[{"href":"https:\/\/cottbus-crayfish.de\/shop\/wp-json\/wp\/v2\/types\/product"}],"author":[{"embeddable":true,"href":"https:\/\/cottbus-crayfish.de\/shop\/wp-json\/wp\/v2\/users\/2"}],"wp:featuredmedia":[{"embeddable":true,"href":"https:\/\/cottbus-crayfish.de\/shop\/wp-json\/wp\/v2\/media\/5202"}],"wp:attachment":[{"href":"https:\/\/cottbus-crayfish.de\/shop\/wp-json\/wp\/v2\/media?parent=5184"}],"wp:term":[{"taxonomy":"product_brand","embeddable":true,"href":"https:\/\/cottbus-crayfish.de\/shop\/wp-json\/wp\/v2\/product_brand?post=5184"},{"taxonomy":"product_cat","embeddable":true,"href":"https:\/\/cottbus-crayfish.de\/shop\/wp-json\/wp\/v2\/product_cat?post=5184"},{"taxonomy":"product_tag","embeddable":true,"href":"https:\/\/cottbus-crayfish.de\/shop\/wp-json\/wp\/v2\/product_tag?post=5184"}],"curies":[{"name":"wp","href":"https:\/\/api.w.org\/{rel}","templated":true}]}}