{"id":5828,"date":"2025-08-28T14:57:24","date_gmt":"2025-08-28T12:57:24","guid":{"rendered":"https:\/\/cottbus-crayfish.de\/shop\/?post_type=product&#038;p=5828"},"modified":"2026-04-25T18:49:22","modified_gmt":"2026-04-25T16:49:22","slug":"aufkleber-krebs-mit-schriftzug-crayfish","status":"publish","type":"product","link":"https:\/\/cottbus-crayfish.de\/shop\/produkt\/aufkleber-krebs-mit-schriftzug-crayfish\/","title":{"rendered":"Aufkleber Krebs mit Crayfish"},"content":{"rendered":"<div class=\"wpb-content-wrapper\"><p>[vc_row][vc_column][vc_column_text css=&#8220;&#8220;]<span style=\"color: #000000;\">Aufkleber Logo Krebs mit Schriftzug Crayfish<\/span><br \/>\n<span style=\"color: #000000;\">Motiv: Krebs und Schrift in rot, weiss, schwarz<\/span><\/p>\n<p>Lieferzeit: Bestellungen werden binnen 48 Stunden nach Eingang versendet[\/vc_column_text][\/vc_column][\/vc_row]<\/p>\n<\/div>","protected":false},"excerpt":{"rendered":"<p><span style=\"color: #000000;\">Aufkleber Krebs mit Schriftzug, rot, weiss. schwarz<br \/>\n<\/span><\/p>\n","protected":false},"author":2,"featured_media":5829,"template":"","meta":{"_acf_changed":false},"product_brand":[],"product_cat":[577],"product_tag":[450,502,274,417,418,425,429,434,446,449],"class_list":{"0":"post-5828","1":"product","2":"type-product","3":"status-publish","4":"has-post-thumbnail","6":"product_cat-fanartikel","7":"product_tag-krebs","8":"product_tag-saison-2025","9":"product_tag-crayfish","10":"product_tag-rot-weiss","11":"product_tag-fanwear","12":"product_tag-auto","13":"product_tag-scheibe","14":"product_tag-team","15":"product_tag-rot-und-weiss","16":"product_tag-aufkleber","17":"product_shipping_class-standardbrief","18":"","20":"first","21":"instock","22":"taxable","23":"shipping-taxable","24":"purchasable","25":"product-type-simple"},"acf":[],"jetpack-related-posts":[{"id":4021,"url":"https:\/\/cottbus-crayfish.de\/shop\/produkt\/aufkleber-krebs-mit-schriftzug\/","url_meta":{"origin":5828,"position":0},"title":"Aufkleber Cottbus Crayfish","author":"Bj\u00f6rn W\u00f6hrle","date":"5. November 2024","format":false,"excerpt":"Aufkleber Krebs mit Schriftzug, rot, weiss. schwarz","rel":"","context":"\u00c4hnlicher Beitrag","block_context":{"text":"\u00c4hnlicher Beitrag","link":""},"img":{"alt_text":"","src":"https:\/\/i0.wp.com\/cottbus-crayfish.de\/shop\/wp-content\/uploads\/sites\/4\/2024\/11\/Aufkleber_Krebs_mitSchrift.webp?fit=1000%2C1000&ssl=1&resize=350%2C200","width":350,"height":200,"srcset":"https:\/\/i0.wp.com\/cottbus-crayfish.de\/shop\/wp-content\/uploads\/sites\/4\/2024\/11\/Aufkleber_Krebs_mitSchrift.webp?fit=1000%2C1000&ssl=1&resize=350%2C200 1x, https:\/\/i0.wp.com\/cottbus-crayfish.de\/shop\/wp-content\/uploads\/sites\/4\/2024\/11\/Aufkleber_Krebs_mitSchrift.webp?fit=1000%2C1000&ssl=1&resize=525%2C300 1.5x, https:\/\/i0.wp.com\/cottbus-crayfish.de\/shop\/wp-content\/uploads\/sites\/4\/2024\/11\/Aufkleber_Krebs_mitSchrift.webp?fit=1000%2C1000&ssl=1&resize=700%2C400 2x"},"classes":[]},{"id":5839,"url":"https:\/\/cottbus-crayfish.de\/shop\/produkt\/aufkleber-rund-gross-halber-krebs-mit-schriftzug-crayfish\/","url_meta":{"origin":5828,"position":1},"title":"Aufkleber halber Krebs mit Crayfish (rund &#8211; gro\u00df)","author":"Bj\u00f6rn W\u00f6hrle","date":"7. September 2025","format":false,"excerpt":"Aufkleber gro\u00df, halber Krebs mit Schriftzug Crayfish Geeignet f\u00fcr Autos, UV-Best\u00e4ndig","rel":"","context":"\u00c4hnlicher Beitrag","block_context":{"text":"\u00c4hnlicher Beitrag","link":""},"img":{"alt_text":"","src":"https:\/\/i0.wp.com\/cottbus-crayfish.de\/shop\/wp-content\/uploads\/sites\/4\/2025\/09\/Aufkleber_rund_gross-Schrift-Logo.webp?fit=1000%2C863&ssl=1&resize=350%2C200","width":350,"height":200,"srcset":"https:\/\/i0.wp.com\/cottbus-crayfish.de\/shop\/wp-content\/uploads\/sites\/4\/2025\/09\/Aufkleber_rund_gross-Schrift-Logo.webp?fit=1000%2C863&ssl=1&resize=350%2C200 1x, https:\/\/i0.wp.com\/cottbus-crayfish.de\/shop\/wp-content\/uploads\/sites\/4\/2025\/09\/Aufkleber_rund_gross-Schrift-Logo.webp?fit=1000%2C863&ssl=1&resize=525%2C300 1.5x, https:\/\/i0.wp.com\/cottbus-crayfish.de\/shop\/wp-content\/uploads\/sites\/4\/2025\/09\/Aufkleber_rund_gross-Schrift-Logo.webp?fit=1000%2C863&ssl=1&resize=700%2C400 2x"},"classes":[]},{"id":3969,"url":"https:\/\/cottbus-crayfish.de\/shop\/produkt\/aufkleber-krebs\/","url_meta":{"origin":5828,"position":2},"title":"Aufkleber Krebs","author":"Bj\u00f6rn W\u00f6hrle","date":"30. Oktober 2024","format":false,"excerpt":"Aufkleber Krebs, rot und weiss","rel":"","context":"\u00c4hnlicher Beitrag","block_context":{"text":"\u00c4hnlicher Beitrag","link":""},"img":{"alt_text":"","src":"https:\/\/i0.wp.com\/cottbus-crayfish.de\/shop\/wp-content\/uploads\/sites\/4\/2024\/10\/Aufkleber_Krebs.webp?fit=1000%2C1000&ssl=1&resize=350%2C200","width":350,"height":200,"srcset":"https:\/\/i0.wp.com\/cottbus-crayfish.de\/shop\/wp-content\/uploads\/sites\/4\/2024\/10\/Aufkleber_Krebs.webp?fit=1000%2C1000&ssl=1&resize=350%2C200 1x, https:\/\/i0.wp.com\/cottbus-crayfish.de\/shop\/wp-content\/uploads\/sites\/4\/2024\/10\/Aufkleber_Krebs.webp?fit=1000%2C1000&ssl=1&resize=525%2C300 1.5x, https:\/\/i0.wp.com\/cottbus-crayfish.de\/shop\/wp-content\/uploads\/sites\/4\/2024\/10\/Aufkleber_Krebs.webp?fit=1000%2C1000&ssl=1&resize=700%2C400 2x"},"classes":[]},{"id":4017,"url":"https:\/\/cottbus-crayfish.de\/shop\/produkt\/haarreif-mit-pluesch-krebs-und-weissem-schriftzug\/","url_meta":{"origin":5828,"position":3},"title":"Haarreif mit Pl\u00fcsch-Krebs und Crayfish-Schriftzug","author":"Bj\u00f6rn W\u00f6hrle","date":"5. November 2024","format":false,"excerpt":"Schwarzer Haarreif mit Pl\u00fcsch-Krebs und Schriftzug Cottbus Crayfish Roter Krebs und weisser Schriftzug","rel":"","context":"\u00c4hnlicher Beitrag","block_context":{"text":"\u00c4hnlicher Beitrag","link":""},"img":{"alt_text":"","src":"https:\/\/i0.wp.com\/cottbus-crayfish.de\/shop\/wp-content\/uploads\/sites\/4\/2024\/11\/Haarreif_mit_Krebs_Front.webp?fit=1000%2C1000&ssl=1&resize=350%2C200","width":350,"height":200,"srcset":"https:\/\/i0.wp.com\/cottbus-crayfish.de\/shop\/wp-content\/uploads\/sites\/4\/2024\/11\/Haarreif_mit_Krebs_Front.webp?fit=1000%2C1000&ssl=1&resize=350%2C200 1x, https:\/\/i0.wp.com\/cottbus-crayfish.de\/shop\/wp-content\/uploads\/sites\/4\/2024\/11\/Haarreif_mit_Krebs_Front.webp?fit=1000%2C1000&ssl=1&resize=525%2C300 1.5x, https:\/\/i0.wp.com\/cottbus-crayfish.de\/shop\/wp-content\/uploads\/sites\/4\/2024\/11\/Haarreif_mit_Krebs_Front.webp?fit=1000%2C1000&ssl=1&resize=700%2C400 2x"},"classes":[]},{"id":7176,"url":"https:\/\/cottbus-crayfish.de\/shop\/produkt\/aufkleber-beige\/","url_meta":{"origin":5828,"position":4},"title":"Aufkleber beige &#8211; Logo &#038; Schrift","author":"Bj\u00f6rn W\u00f6hrle","date":"23. April 2026","format":false,"excerpt":"Aufkleber beige, Logo & Schrift","rel":"","context":"\u00c4hnlicher Beitrag","block_context":{"text":"\u00c4hnlicher Beitrag","link":""},"img":{"alt_text":"","src":"https:\/\/i0.wp.com\/cottbus-crayfish.de\/shop\/wp-content\/uploads\/sites\/4\/2026\/04\/20260423_172530.webp?fit=1200%2C1200&ssl=1&resize=350%2C200","width":350,"height":200,"srcset":"https:\/\/i0.wp.com\/cottbus-crayfish.de\/shop\/wp-content\/uploads\/sites\/4\/2026\/04\/20260423_172530.webp?fit=1200%2C1200&ssl=1&resize=350%2C200 1x, https:\/\/i0.wp.com\/cottbus-crayfish.de\/shop\/wp-content\/uploads\/sites\/4\/2026\/04\/20260423_172530.webp?fit=1200%2C1200&ssl=1&resize=525%2C300 1.5x, https:\/\/i0.wp.com\/cottbus-crayfish.de\/shop\/wp-content\/uploads\/sites\/4\/2026\/04\/20260423_172530.webp?fit=1200%2C1200&ssl=1&resize=700%2C400 2x, https:\/\/i0.wp.com\/cottbus-crayfish.de\/shop\/wp-content\/uploads\/sites\/4\/2026\/04\/20260423_172530.webp?fit=1200%2C1200&ssl=1&resize=1050%2C600 3x"},"classes":[]},{"id":4953,"url":"https:\/\/cottbus-crayfish.de\/shop\/produkt\/schirmmuetze-mit-krebs-schrift-schwarz-o-weiss\/","url_meta":{"origin":5828,"position":5},"title":"Schirmm\u00fctze mit Krebs &#038; Schrift &#8211; schwarz o. wei\u00df","author":"Bj\u00f6rn W\u00f6hrle","date":"23. Mai 2025","format":false,"excerpt":"Schirmm\u00fctze mit Krebs & Schriftzug - 2 Farben","rel":"","context":"\u00c4hnlicher Beitrag","block_context":{"text":"\u00c4hnlicher Beitrag","link":""},"img":{"alt_text":"","src":"https:\/\/i0.wp.com\/cottbus-crayfish.de\/shop\/wp-content\/uploads\/sites\/4\/2025\/05\/Schild-Cap-weiss_Front-scaled.webp?fit=1200%2C1200&ssl=1&resize=350%2C200","width":350,"height":200,"srcset":"https:\/\/i0.wp.com\/cottbus-crayfish.de\/shop\/wp-content\/uploads\/sites\/4\/2025\/05\/Schild-Cap-weiss_Front-scaled.webp?fit=1200%2C1200&ssl=1&resize=350%2C200 1x, https:\/\/i0.wp.com\/cottbus-crayfish.de\/shop\/wp-content\/uploads\/sites\/4\/2025\/05\/Schild-Cap-weiss_Front-scaled.webp?fit=1200%2C1200&ssl=1&resize=525%2C300 1.5x, https:\/\/i0.wp.com\/cottbus-crayfish.de\/shop\/wp-content\/uploads\/sites\/4\/2025\/05\/Schild-Cap-weiss_Front-scaled.webp?fit=1200%2C1200&ssl=1&resize=700%2C400 2x, https:\/\/i0.wp.com\/cottbus-crayfish.de\/shop\/wp-content\/uploads\/sites\/4\/2025\/05\/Schild-Cap-weiss_Front-scaled.webp?fit=1200%2C1200&ssl=1&resize=1050%2C600 3x"},"classes":[]}],"jetpack_sharing_enabled":false,"_links":{"self":[{"href":"https:\/\/cottbus-crayfish.de\/shop\/wp-json\/wp\/v2\/product\/5828","targetHints":{"allow":["GET"]}}],"collection":[{"href":"https:\/\/cottbus-crayfish.de\/shop\/wp-json\/wp\/v2\/product"}],"about":[{"href":"https:\/\/cottbus-crayfish.de\/shop\/wp-json\/wp\/v2\/types\/product"}],"author":[{"embeddable":true,"href":"https:\/\/cottbus-crayfish.de\/shop\/wp-json\/wp\/v2\/users\/2"}],"wp:featuredmedia":[{"embeddable":true,"href":"https:\/\/cottbus-crayfish.de\/shop\/wp-json\/wp\/v2\/media\/5829"}],"wp:attachment":[{"href":"https:\/\/cottbus-crayfish.de\/shop\/wp-json\/wp\/v2\/media?parent=5828"}],"wp:term":[{"taxonomy":"product_brand","embeddable":true,"href":"https:\/\/cottbus-crayfish.de\/shop\/wp-json\/wp\/v2\/product_brand?post=5828"},{"taxonomy":"product_cat","embeddable":true,"href":"https:\/\/cottbus-crayfish.de\/shop\/wp-json\/wp\/v2\/product_cat?post=5828"},{"taxonomy":"product_tag","embeddable":true,"href":"https:\/\/cottbus-crayfish.de\/shop\/wp-json\/wp\/v2\/product_tag?post=5828"}],"curies":[{"name":"wp","href":"https:\/\/api.w.org\/{rel}","templated":true}]}}