{"id":5847,"date":"2025-09-08T17:57:52","date_gmt":"2025-09-08T15:57:52","guid":{"rendered":"https:\/\/cottbus-crayfish.de\/shop\/?post_type=product&#038;p=5847"},"modified":"2026-03-21T23:18:11","modified_gmt":"2026-03-21T22:18:11","slug":"cottbus-crayfish-kalender-2026-din-a2","status":"publish","type":"product","link":"https:\/\/cottbus-crayfish.de\/shop\/produkt\/cottbus-crayfish-kalender-2026-din-a2\/","title":{"rendered":"Crayfish Monatskalender 2026 (A2)"},"content":{"rendered":"<div class=\"wpb-content-wrapper\"><p>[vc_row][vc_column][vc_column_text css=&#8220;&#8220;]<\/p>\n<h3><span style=\"color: #000000;\">Monatskalender f\u00fcr das Jahr 2026<\/span><\/h3>\n<ul>\n<li><span style=\"color: #000000;\">14 Blatt (12 Monate + 2 Deckbl\u00e4tter) mit Motiven der Saison 2025<\/span><\/li>\n<li><span style=\"color: #000000;\">einseitig bedruckt 4\/0 farbig<\/span><\/li>\n<li><span style=\"color: #000000;\">DIN A2 hoch (594 x 420 mm)<\/span><\/li>\n<li><span style=\"color: #000000;\">250g hochwertiger Qualit\u00e4tsdruck matt (Metallspirale als Wire-O-Bindung)<\/span><\/li>\n<li><span style=\"color: #000000;\">400g graue R\u00fcckpappe<\/span><\/li>\n<\/ul>\n<p>[\/vc_column_text][\/vc_column][\/vc_row]<\/p>\n<\/div>","protected":false},"excerpt":{"rendered":"<p><span style=\"color: #000000;\">Monatskalender f\u00fcr das Jahr 2026 &#8211; A2<br \/>\n14 Blatt (12 Monate + 2 Deckbl\u00e4tter) mit Motiven der Saison 2025<br \/>\nJede Monatsseite ist einem anderem Teil des Teams gewidmet.<\/span><\/p>\n","protected":false},"author":2,"featured_media":5845,"template":"","meta":{"_acf_changed":false},"product_brand":[],"product_cat":[568,578],"product_tag":[477,492,543,274,544,417,418,434,450,458,470],"class_list":{"0":"post-5847","1":"product","2":"type-product","3":"status-publish","4":"has-post-thumbnail","6":"product_cat-sale","7":"product_cat-home-lifestyle","8":"product_tag-sonstiges","9":"product_tag-saison2025","10":"product_tag-kalender","11":"product_tag-crayfish","12":"product_tag-saison-2026","13":"product_tag-rot-weiss","14":"product_tag-fanwear","15":"product_tag-team","16":"product_tag-krebs","17":"product_tag-rot","18":"product_tag-logo","19":"product_shipping_class-paeckchen-m","20":"","22":"first","23":"instock","24":"sale","25":"taxable","26":"shipping-taxable","27":"purchasable","28":"product-type-simple"},"acf":[],"jetpack-related-posts":[{"id":5844,"url":"https:\/\/cottbus-crayfish.de\/shop\/produkt\/cottbus-crayfish-kalender-2026-din-a3\/","url_meta":{"origin":5847,"position":0},"title":"Crayfish Monatskalender 2026 (A3)","author":"Bj\u00f6rn W\u00f6hrle","date":"8. September 2025","format":false,"excerpt":"Monatskalender f\u00fcr das Jahr 2026 - A3 14 Blatt (12 Monate + 2 Deckbl\u00e4tter) mit Motiven der Saison 2025 Jede Monatsseite ist einem anderem Teil des Teams gewidmet.","rel":"","context":"\u00c4hnlicher Beitrag","block_context":{"text":"\u00c4hnlicher Beitrag","link":""},"img":{"alt_text":"","src":"https:\/\/i0.wp.com\/cottbus-crayfish.de\/shop\/wp-content\/uploads\/sites\/4\/2025\/09\/Kalender-Titel.webp?fit=847%2C1200&ssl=1&resize=350%2C200","width":350,"height":200,"srcset":"https:\/\/i0.wp.com\/cottbus-crayfish.de\/shop\/wp-content\/uploads\/sites\/4\/2025\/09\/Kalender-Titel.webp?fit=847%2C1200&ssl=1&resize=350%2C200 1x, https:\/\/i0.wp.com\/cottbus-crayfish.de\/shop\/wp-content\/uploads\/sites\/4\/2025\/09\/Kalender-Titel.webp?fit=847%2C1200&ssl=1&resize=525%2C300 1.5x, https:\/\/i0.wp.com\/cottbus-crayfish.de\/shop\/wp-content\/uploads\/sites\/4\/2025\/09\/Kalender-Titel.webp?fit=847%2C1200&ssl=1&resize=700%2C400 2x"},"classes":[]},{"id":3924,"url":"https:\/\/cottbus-crayfish.de\/shop\/produkt\/crayfish-mannschaftsposter-2024-a2\/","url_meta":{"origin":5847,"position":1},"title":"Mannschaftsposter 2024 &#8211; A2","author":"Bj\u00f6rn W\u00f6hrle","date":"29. Oktober 2024","format":false,"excerpt":"Mannschaftsposter der Cottbus Crayfish mit Sponsoren der Saison 2024","rel":"","context":"\u00c4hnlicher Beitrag","block_context":{"text":"\u00c4hnlicher Beitrag","link":""},"img":{"alt_text":"","src":"https:\/\/i0.wp.com\/cottbus-crayfish.de\/shop\/wp-content\/uploads\/sites\/4\/2024\/10\/Mannschaftsposter-A2-2024_wasserzei.webp?fit=1000%2C863&ssl=1&resize=350%2C200","width":350,"height":200,"srcset":"https:\/\/i0.wp.com\/cottbus-crayfish.de\/shop\/wp-content\/uploads\/sites\/4\/2024\/10\/Mannschaftsposter-A2-2024_wasserzei.webp?fit=1000%2C863&ssl=1&resize=350%2C200 1x, https:\/\/i0.wp.com\/cottbus-crayfish.de\/shop\/wp-content\/uploads\/sites\/4\/2024\/10\/Mannschaftsposter-A2-2024_wasserzei.webp?fit=1000%2C863&ssl=1&resize=525%2C300 1.5x, https:\/\/i0.wp.com\/cottbus-crayfish.de\/shop\/wp-content\/uploads\/sites\/4\/2024\/10\/Mannschaftsposter-A2-2024_wasserzei.webp?fit=1000%2C863&ssl=1&resize=700%2C400 2x"},"classes":[]},{"id":6082,"url":"https:\/\/cottbus-crayfish.de\/shop\/produkt\/saisonkarte-2026-ermaessigt\/","url_meta":{"origin":5847,"position":2},"title":"Saisonkarte 2026 &#8211; erm\u00e4\u00dfigt","author":"Bj\u00f6rn W\u00f6hrle","date":"18. Februar 2026","format":false,"excerpt":"Cottbus Crayfish \u2013 Saisonkarte 2026 - erm\u00e4\u00dfigt\u00a0\ud83c\udfc8\ud83d\udd25 Erlebe American Football live! Mit der Saisonkarte 2026 sicherst du dir den Eintritt zu 4\u00a0Heimspielen der Cottbus Crayfish im Sportzentrum Cottbus \u2013 zum Preis von nur 3 Spielen!","rel":"","context":"\u00c4hnlicher Beitrag","block_context":{"text":"\u00c4hnlicher Beitrag","link":""},"img":{"alt_text":"","src":"https:\/\/i0.wp.com\/cottbus-crayfish.de\/shop\/wp-content\/uploads\/sites\/4\/2026\/02\/Saisontickets_2026-Ermaessigt.webp?fit=1000%2C1000&ssl=1&resize=350%2C200","width":350,"height":200,"srcset":"https:\/\/i0.wp.com\/cottbus-crayfish.de\/shop\/wp-content\/uploads\/sites\/4\/2026\/02\/Saisontickets_2026-Ermaessigt.webp?fit=1000%2C1000&ssl=1&resize=350%2C200 1x, https:\/\/i0.wp.com\/cottbus-crayfish.de\/shop\/wp-content\/uploads\/sites\/4\/2026\/02\/Saisontickets_2026-Ermaessigt.webp?fit=1000%2C1000&ssl=1&resize=525%2C300 1.5x, https:\/\/i0.wp.com\/cottbus-crayfish.de\/shop\/wp-content\/uploads\/sites\/4\/2026\/02\/Saisontickets_2026-Ermaessigt.webp?fit=1000%2C1000&ssl=1&resize=700%2C400 2x"},"classes":[]},{"id":6110,"url":"https:\/\/cottbus-crayfish.de\/shop\/produkt\/saisonkarte-2026-vollz\/","url_meta":{"origin":5847,"position":3},"title":"Saisonkarte 2026 &#8211; Vollzahler","author":"Bj\u00f6rn W\u00f6hrle","date":"24. Februar 2026","format":false,"excerpt":"Cottbus Crayfish \u2013 Saisonkarte 2026 \ud83c\udfc8\ud83d\udd25 Erlebe American Football live! Mit der Saisonkarte 2026 sicherst du dir den Eintritt zu 4\u00a0Heimspielen der Cottbus Crayfish im Sportzentrum Cottbus \u2013 zum Preis von nur 3 Spielen!","rel":"","context":"\u00c4hnlicher Beitrag","block_context":{"text":"\u00c4hnlicher Beitrag","link":""},"img":{"alt_text":"","src":"https:\/\/i0.wp.com\/cottbus-crayfish.de\/shop\/wp-content\/uploads\/sites\/4\/2026\/02\/Saisontickets_2026.webp?fit=1000%2C1000&ssl=1&resize=350%2C200","width":350,"height":200,"srcset":"https:\/\/i0.wp.com\/cottbus-crayfish.de\/shop\/wp-content\/uploads\/sites\/4\/2026\/02\/Saisontickets_2026.webp?fit=1000%2C1000&ssl=1&resize=350%2C200 1x, https:\/\/i0.wp.com\/cottbus-crayfish.de\/shop\/wp-content\/uploads\/sites\/4\/2026\/02\/Saisontickets_2026.webp?fit=1000%2C1000&ssl=1&resize=525%2C300 1.5x, https:\/\/i0.wp.com\/cottbus-crayfish.de\/shop\/wp-content\/uploads\/sites\/4\/2026\/02\/Saisontickets_2026.webp?fit=1000%2C1000&ssl=1&resize=700%2C400 2x"},"classes":[]},{"id":6083,"url":"https:\/\/cottbus-crayfish.de\/shop\/produkt\/vip-saisonkarte-2026\/","url_meta":{"origin":5847,"position":4},"title":"VIP-Saisonkarte 2026","author":"Bj\u00f6rn W\u00f6hrle","date":"18. Februar 2026","format":false,"excerpt":"Cottbus Crayfish \u2013 VIP-Saisonkarte 2026 \ud83c\udfc8\ud83d\udd25 Erlebe American Football live! Mit der VIP-Saisonkarte 2026 sicherst du dir den Eintritt zu 5\u00a0Heimspielen der Cottbus Crayfish im Sportzentrum Cottbus \u2013 inkl. Speisen & Getr\u00e4nke","rel":"","context":"\u00c4hnlicher Beitrag","block_context":{"text":"\u00c4hnlicher Beitrag","link":""},"img":{"alt_text":"","src":"https:\/\/i0.wp.com\/cottbus-crayfish.de\/shop\/wp-content\/uploads\/sites\/4\/2026\/02\/Saisontickets_2026-VIP.webp?fit=1000%2C1000&ssl=1&resize=350%2C200","width":350,"height":200,"srcset":"https:\/\/i0.wp.com\/cottbus-crayfish.de\/shop\/wp-content\/uploads\/sites\/4\/2026\/02\/Saisontickets_2026-VIP.webp?fit=1000%2C1000&ssl=1&resize=350%2C200 1x, https:\/\/i0.wp.com\/cottbus-crayfish.de\/shop\/wp-content\/uploads\/sites\/4\/2026\/02\/Saisontickets_2026-VIP.webp?fit=1000%2C1000&ssl=1&resize=525%2C300 1.5x, https:\/\/i0.wp.com\/cottbus-crayfish.de\/shop\/wp-content\/uploads\/sites\/4\/2026\/02\/Saisontickets_2026-VIP.webp?fit=1000%2C1000&ssl=1&resize=700%2C400 2x"},"classes":[]},{"id":5900,"url":"https:\/\/cottbus-crayfish.de\/shop\/produkt\/cottbus-crayfish-bommelmuetze-2025\/","url_meta":{"origin":5847,"position":5},"title":"Cottbus Crayfish Bommelm\u00fctze 2025","author":"Bj\u00f6rn W\u00f6hrle","date":"21. Oktober 2025","format":false,"excerpt":"Bommelm\u00fctze Cottbus Crayfish 2025 rot \/ weiss mit Schriftzug und Logo aus 100% Baumwolle","rel":"","context":"\u00c4hnlicher Beitrag","block_context":{"text":"\u00c4hnlicher Beitrag","link":""},"img":{"alt_text":"","src":"https:\/\/i0.wp.com\/cottbus-crayfish.de\/shop\/wp-content\/uploads\/sites\/4\/2025\/10\/Bommelmuetze-2026.webp?fit=1000%2C863&ssl=1&resize=350%2C200","width":350,"height":200,"srcset":"https:\/\/i0.wp.com\/cottbus-crayfish.de\/shop\/wp-content\/uploads\/sites\/4\/2025\/10\/Bommelmuetze-2026.webp?fit=1000%2C863&ssl=1&resize=350%2C200 1x, https:\/\/i0.wp.com\/cottbus-crayfish.de\/shop\/wp-content\/uploads\/sites\/4\/2025\/10\/Bommelmuetze-2026.webp?fit=1000%2C863&ssl=1&resize=525%2C300 1.5x, https:\/\/i0.wp.com\/cottbus-crayfish.de\/shop\/wp-content\/uploads\/sites\/4\/2025\/10\/Bommelmuetze-2026.webp?fit=1000%2C863&ssl=1&resize=700%2C400 2x"},"classes":[]}],"jetpack_sharing_enabled":false,"_links":{"self":[{"href":"https:\/\/cottbus-crayfish.de\/shop\/wp-json\/wp\/v2\/product\/5847","targetHints":{"allow":["GET"]}}],"collection":[{"href":"https:\/\/cottbus-crayfish.de\/shop\/wp-json\/wp\/v2\/product"}],"about":[{"href":"https:\/\/cottbus-crayfish.de\/shop\/wp-json\/wp\/v2\/types\/product"}],"author":[{"embeddable":true,"href":"https:\/\/cottbus-crayfish.de\/shop\/wp-json\/wp\/v2\/users\/2"}],"wp:featuredmedia":[{"embeddable":true,"href":"https:\/\/cottbus-crayfish.de\/shop\/wp-json\/wp\/v2\/media\/5845"}],"wp:attachment":[{"href":"https:\/\/cottbus-crayfish.de\/shop\/wp-json\/wp\/v2\/media?parent=5847"}],"wp:term":[{"taxonomy":"product_brand","embeddable":true,"href":"https:\/\/cottbus-crayfish.de\/shop\/wp-json\/wp\/v2\/product_brand?post=5847"},{"taxonomy":"product_cat","embeddable":true,"href":"https:\/\/cottbus-crayfish.de\/shop\/wp-json\/wp\/v2\/product_cat?post=5847"},{"taxonomy":"product_tag","embeddable":true,"href":"https:\/\/cottbus-crayfish.de\/shop\/wp-json\/wp\/v2\/product_tag?post=5847"}],"curies":[{"name":"wp","href":"https:\/\/api.w.org\/{rel}","templated":true}]}}