{"id":5900,"date":"2025-10-21T11:38:02","date_gmt":"2025-10-21T09:38:02","guid":{"rendered":"https:\/\/cottbus-crayfish.de\/shop\/?post_type=product&#038;p=5900"},"modified":"2026-03-21T16:26:19","modified_gmt":"2026-03-21T15:26:19","slug":"cottbus-crayfish-bommelmuetze-2025","status":"publish","type":"product","link":"https:\/\/cottbus-crayfish.de\/shop\/produkt\/cottbus-crayfish-bommelmuetze-2025\/","title":{"rendered":"Cottbus Crayfish Bommelm\u00fctze 2025"},"content":{"rendered":"<div class=\"wpb-content-wrapper\"><p>[vc_row][vc_column][vc_column_text css=&#8220;&#8220;]<\/p>\n<h3><span style=\"color: #000000;\">Bommelm\u00fctze Cottbus Crayfish 2025<\/span><\/h3>\n<ul>\n<li><span style=\"color: #000000;\">Rote Beanie mit rot\/wei\u00dfem Bommel<\/span><\/li>\n<li><span style=\"color: #000000;\">Schriftzug Cottbus Crayfish\u00a0<\/span><\/li>\n<li><span style=\"color: #000000;\">mit Logo Krebs<\/span><\/li>\n<li><span style=\"color: #000000;\">aus 100% Baumwolle<\/span><\/li>\n<\/ul>\n<p><span style=\"color: #999999;\"><strong>Hinweis:<\/strong> Die Bestellung wird binnen 2-3 Tagen versendet<\/span>[\/vc_column_text][\/vc_column][\/vc_row]<\/p>\n<\/div>","protected":false},"excerpt":{"rendered":"<p><span style=\"color: #000000;\">Bommelm\u00fctze Cottbus Crayfish 2025 rot \/ weiss<br \/>\nmit Schriftzug und Logo<br \/>\naus 100% Baumwolle<\/span><\/p>\n","protected":false},"author":2,"featured_media":5901,"template":"","meta":{"_acf_changed":false},"product_brand":[],"product_cat":[528],"product_tag":[458,470,477,492,274,417,531,418,544,419,546,420,434,450],"class_list":{"0":"post-5900","1":"product","2":"type-product","3":"status-publish","4":"has-post-thumbnail","6":"product_cat-kleidung","7":"product_tag-rot","8":"product_tag-logo","9":"product_tag-sonstiges","10":"product_tag-saison2025","11":"product_tag-crayfish","12":"product_tag-rot-weiss","13":"product_tag-kleidung","14":"product_tag-fanwear","15":"product_tag-saison-2026","16":"product_tag-muetzen","17":"product_tag-beanie","18":"product_tag-bommelmuetze","19":"product_tag-team","20":"product_tag-krebs","21":"product_shipping_class-versandtasche-1000","22":"","24":"first","25":"instock","26":"taxable","27":"shipping-taxable","28":"purchasable","29":"product-type-simple"},"acf":[],"jetpack-related-posts":[{"id":5828,"url":"https:\/\/cottbus-crayfish.de\/shop\/produkt\/aufkleber-krebs-mit-schriftzug-crayfish\/","url_meta":{"origin":5900,"position":0},"title":"Aufkleber Krebs mit Crayfish","author":"Bj\u00f6rn W\u00f6hrle","date":"28. August 2025","format":false,"excerpt":"Aufkleber Krebs mit Schriftzug, rot, weiss. schwarz","rel":"","context":"\u00c4hnlicher Beitrag","block_context":{"text":"\u00c4hnlicher Beitrag","link":""},"img":{"alt_text":"","src":"https:\/\/i0.wp.com\/cottbus-crayfish.de\/shop\/wp-content\/uploads\/sites\/4\/2025\/08\/Aufkleber_Krebs_mit-Schrift_Crayfish.webp?fit=1200%2C1200&ssl=1&resize=350%2C200","width":350,"height":200,"srcset":"https:\/\/i0.wp.com\/cottbus-crayfish.de\/shop\/wp-content\/uploads\/sites\/4\/2025\/08\/Aufkleber_Krebs_mit-Schrift_Crayfish.webp?fit=1200%2C1200&ssl=1&resize=350%2C200 1x, https:\/\/i0.wp.com\/cottbus-crayfish.de\/shop\/wp-content\/uploads\/sites\/4\/2025\/08\/Aufkleber_Krebs_mit-Schrift_Crayfish.webp?fit=1200%2C1200&ssl=1&resize=525%2C300 1.5x, https:\/\/i0.wp.com\/cottbus-crayfish.de\/shop\/wp-content\/uploads\/sites\/4\/2025\/08\/Aufkleber_Krebs_mit-Schrift_Crayfish.webp?fit=1200%2C1200&ssl=1&resize=700%2C400 2x, https:\/\/i0.wp.com\/cottbus-crayfish.de\/shop\/wp-content\/uploads\/sites\/4\/2025\/08\/Aufkleber_Krebs_mit-Schrift_Crayfish.webp?fit=1200%2C1200&ssl=1&resize=1050%2C600 3x"},"classes":[]},{"id":4953,"url":"https:\/\/cottbus-crayfish.de\/shop\/produkt\/schirmmuetze-mit-krebs-schrift-schwarz-o-weiss\/","url_meta":{"origin":5900,"position":1},"title":"Schirmm\u00fctze mit Krebs &#038; Schrift &#8211; schwarz o. wei\u00df","author":"Bj\u00f6rn W\u00f6hrle","date":"23. Mai 2025","format":false,"excerpt":"Schirmm\u00fctze mit Krebs & Schriftzug - 2 Farben","rel":"","context":"\u00c4hnlicher Beitrag","block_context":{"text":"\u00c4hnlicher Beitrag","link":""},"img":{"alt_text":"","src":"https:\/\/i0.wp.com\/cottbus-crayfish.de\/shop\/wp-content\/uploads\/sites\/4\/2025\/05\/Schild-Cap-weiss_Front-scaled.webp?fit=1200%2C1200&ssl=1&resize=350%2C200","width":350,"height":200,"srcset":"https:\/\/i0.wp.com\/cottbus-crayfish.de\/shop\/wp-content\/uploads\/sites\/4\/2025\/05\/Schild-Cap-weiss_Front-scaled.webp?fit=1200%2C1200&ssl=1&resize=350%2C200 1x, https:\/\/i0.wp.com\/cottbus-crayfish.de\/shop\/wp-content\/uploads\/sites\/4\/2025\/05\/Schild-Cap-weiss_Front-scaled.webp?fit=1200%2C1200&ssl=1&resize=525%2C300 1.5x, https:\/\/i0.wp.com\/cottbus-crayfish.de\/shop\/wp-content\/uploads\/sites\/4\/2025\/05\/Schild-Cap-weiss_Front-scaled.webp?fit=1200%2C1200&ssl=1&resize=700%2C400 2x, https:\/\/i0.wp.com\/cottbus-crayfish.de\/shop\/wp-content\/uploads\/sites\/4\/2025\/05\/Schild-Cap-weiss_Front-scaled.webp?fit=1200%2C1200&ssl=1&resize=1050%2C600 3x"},"classes":[]},{"id":5839,"url":"https:\/\/cottbus-crayfish.de\/shop\/produkt\/aufkleber-rund-gross-halber-krebs-mit-schriftzug-crayfish\/","url_meta":{"origin":5900,"position":2},"title":"Aufkleber halber Krebs mit Crayfish (rund &#8211; gro\u00df)","author":"Bj\u00f6rn W\u00f6hrle","date":"7. September 2025","format":false,"excerpt":"Aufkleber gro\u00df, halber Krebs mit Schriftzug Crayfish Geeignet f\u00fcr Autos, UV-Best\u00e4ndig","rel":"","context":"\u00c4hnlicher Beitrag","block_context":{"text":"\u00c4hnlicher Beitrag","link":""},"img":{"alt_text":"","src":"https:\/\/i0.wp.com\/cottbus-crayfish.de\/shop\/wp-content\/uploads\/sites\/4\/2025\/09\/Aufkleber_rund_gross-Schrift-Logo.webp?fit=1000%2C863&ssl=1&resize=350%2C200","width":350,"height":200,"srcset":"https:\/\/i0.wp.com\/cottbus-crayfish.de\/shop\/wp-content\/uploads\/sites\/4\/2025\/09\/Aufkleber_rund_gross-Schrift-Logo.webp?fit=1000%2C863&ssl=1&resize=350%2C200 1x, https:\/\/i0.wp.com\/cottbus-crayfish.de\/shop\/wp-content\/uploads\/sites\/4\/2025\/09\/Aufkleber_rund_gross-Schrift-Logo.webp?fit=1000%2C863&ssl=1&resize=525%2C300 1.5x, https:\/\/i0.wp.com\/cottbus-crayfish.de\/shop\/wp-content\/uploads\/sites\/4\/2025\/09\/Aufkleber_rund_gross-Schrift-Logo.webp?fit=1000%2C863&ssl=1&resize=700%2C400 2x"},"classes":[]},{"id":3964,"url":"https:\/\/cottbus-crayfish.de\/shop\/produkt\/kaffeetasse-skyline-cottbus-mit-cottbus-crayfish\/","url_meta":{"origin":5900,"position":3},"title":"Kaffeetasse Skyline Cottbus mit Cottbus Crayfish","author":"Bj\u00f6rn W\u00f6hrle","date":"30. Oktober 2024","format":false,"excerpt":"Cottbus Crayfish Kaffeetasse in rot und weiss","rel":"","context":"\u00c4hnlicher Beitrag","block_context":{"text":"\u00c4hnlicher Beitrag","link":""},"img":{"alt_text":"","src":"https:\/\/i0.wp.com\/cottbus-crayfish.de\/shop\/wp-content\/uploads\/sites\/4\/2024\/10\/Tasse-Front-2025-scaled.webp?fit=1200%2C1200&ssl=1&resize=350%2C200","width":350,"height":200,"srcset":"https:\/\/i0.wp.com\/cottbus-crayfish.de\/shop\/wp-content\/uploads\/sites\/4\/2024\/10\/Tasse-Front-2025-scaled.webp?fit=1200%2C1200&ssl=1&resize=350%2C200 1x, https:\/\/i0.wp.com\/cottbus-crayfish.de\/shop\/wp-content\/uploads\/sites\/4\/2024\/10\/Tasse-Front-2025-scaled.webp?fit=1200%2C1200&ssl=1&resize=525%2C300 1.5x, https:\/\/i0.wp.com\/cottbus-crayfish.de\/shop\/wp-content\/uploads\/sites\/4\/2024\/10\/Tasse-Front-2025-scaled.webp?fit=1200%2C1200&ssl=1&resize=700%2C400 2x, https:\/\/i0.wp.com\/cottbus-crayfish.de\/shop\/wp-content\/uploads\/sites\/4\/2024\/10\/Tasse-Front-2025-scaled.webp?fit=1200%2C1200&ssl=1&resize=1050%2C600 3x"},"classes":[]},{"id":4103,"url":"https:\/\/cottbus-crayfish.de\/shop\/produkt\/weihnachtsbaumkugeln-bundle\/","url_meta":{"origin":5900,"position":4},"title":"Weihnachtsbaumkugeln (Bundle)","author":"Bj\u00f6rn W\u00f6hrle","date":"17. November 2024","format":false,"excerpt":"Weihnachtsbaumkugeln Bundle im Cottbus Crayfish Design in rot und silber mit Cottbus Crayfish Logo und Schriftzug","rel":"","context":"\u00c4hnlicher Beitrag","block_context":{"text":"\u00c4hnlicher Beitrag","link":""},"img":{"alt_text":"","src":"https:\/\/i0.wp.com\/cottbus-crayfish.de\/shop\/wp-content\/uploads\/sites\/4\/2024\/11\/Weihnachtskugel_bundle_1.webp?fit=1000%2C863&ssl=1&resize=350%2C200","width":350,"height":200,"srcset":"https:\/\/i0.wp.com\/cottbus-crayfish.de\/shop\/wp-content\/uploads\/sites\/4\/2024\/11\/Weihnachtskugel_bundle_1.webp?fit=1000%2C863&ssl=1&resize=350%2C200 1x, https:\/\/i0.wp.com\/cottbus-crayfish.de\/shop\/wp-content\/uploads\/sites\/4\/2024\/11\/Weihnachtskugel_bundle_1.webp?fit=1000%2C863&ssl=1&resize=525%2C300 1.5x, https:\/\/i0.wp.com\/cottbus-crayfish.de\/shop\/wp-content\/uploads\/sites\/4\/2024\/11\/Weihnachtskugel_bundle_1.webp?fit=1000%2C863&ssl=1&resize=700%2C400 2x"},"classes":[]},{"id":5233,"url":"https:\/\/cottbus-crayfish.de\/shop\/produkt\/schluesselband-cottbus-crayfish-rot-weiss\/","url_meta":{"origin":5900,"position":5},"title":"Schl\u00fcsselband Cottbus Crayfish (rot-wei\u00df)","author":"Bj\u00f6rn W\u00f6hrle","date":"18. Juni 2025","format":false,"excerpt":"Schl\u00fcsselband mit Schriftzug Cottbus Crayfish & Logo Rotes-wei\u00dfes Band","rel":"","context":"\u00c4hnlicher Beitrag","block_context":{"text":"\u00c4hnlicher Beitrag","link":""},"img":{"alt_text":"","src":"https:\/\/i0.wp.com\/cottbus-crayfish.de\/shop\/wp-content\/uploads\/sites\/4\/2025\/06\/Schluesselband-rot-weiss.webp?fit=1000%2C1000&ssl=1&resize=350%2C200","width":350,"height":200,"srcset":"https:\/\/i0.wp.com\/cottbus-crayfish.de\/shop\/wp-content\/uploads\/sites\/4\/2025\/06\/Schluesselband-rot-weiss.webp?fit=1000%2C1000&ssl=1&resize=350%2C200 1x, https:\/\/i0.wp.com\/cottbus-crayfish.de\/shop\/wp-content\/uploads\/sites\/4\/2025\/06\/Schluesselband-rot-weiss.webp?fit=1000%2C1000&ssl=1&resize=525%2C300 1.5x, https:\/\/i0.wp.com\/cottbus-crayfish.de\/shop\/wp-content\/uploads\/sites\/4\/2025\/06\/Schluesselband-rot-weiss.webp?fit=1000%2C1000&ssl=1&resize=700%2C400 2x"},"classes":[]}],"jetpack_sharing_enabled":false,"_links":{"self":[{"href":"https:\/\/cottbus-crayfish.de\/shop\/wp-json\/wp\/v2\/product\/5900","targetHints":{"allow":["GET"]}}],"collection":[{"href":"https:\/\/cottbus-crayfish.de\/shop\/wp-json\/wp\/v2\/product"}],"about":[{"href":"https:\/\/cottbus-crayfish.de\/shop\/wp-json\/wp\/v2\/types\/product"}],"author":[{"embeddable":true,"href":"https:\/\/cottbus-crayfish.de\/shop\/wp-json\/wp\/v2\/users\/2"}],"wp:featuredmedia":[{"embeddable":true,"href":"https:\/\/cottbus-crayfish.de\/shop\/wp-json\/wp\/v2\/media\/5901"}],"wp:attachment":[{"href":"https:\/\/cottbus-crayfish.de\/shop\/wp-json\/wp\/v2\/media?parent=5900"}],"wp:term":[{"taxonomy":"product_brand","embeddable":true,"href":"https:\/\/cottbus-crayfish.de\/shop\/wp-json\/wp\/v2\/product_brand?post=5900"},{"taxonomy":"product_cat","embeddable":true,"href":"https:\/\/cottbus-crayfish.de\/shop\/wp-json\/wp\/v2\/product_cat?post=5900"},{"taxonomy":"product_tag","embeddable":true,"href":"https:\/\/cottbus-crayfish.de\/shop\/wp-json\/wp\/v2\/product_tag?post=5900"}],"curies":[{"name":"wp","href":"https:\/\/api.w.org\/{rel}","templated":true}]}}