{"id":5927,"date":"2025-11-05T14:32:25","date_gmt":"2025-11-05T13:32:25","guid":{"rendered":"https:\/\/cottbus-crayfish.de\/shop\/?post_type=product&#038;p=5927"},"modified":"2026-03-21T16:28:55","modified_gmt":"2026-03-21T15:28:55","slug":"schluesselanhaenger-cottbus-crayfish-3d-helm","status":"publish","type":"product","link":"https:\/\/cottbus-crayfish.de\/shop\/produkt\/schluesselanhaenger-cottbus-crayfish-3d-helm\/","title":{"rendered":"Schl\u00fcsselanh\u00e4nger Cottbus Crayfish &#8211; 3D-Helm"},"content":{"rendered":"<div class=\"wpb-content-wrapper\"><p>[vc_row][vc_column][vc_column_text css=&#8220;&#8220;]<span style=\"color: #000000;\">Schl\u00fcsselanh\u00e4nger Cottbus Crayfish<span class=\"BxUVEf ILfuVd\" lang=\"de\"><span class=\"hgKElc\"> &#8211; 3D-Helm<br \/>\n<\/span><\/span><span class=\"BxUVEf ILfuVd\" lang=\"de\"><span class=\"hgKElc\"><span tabindex=\"0\" role=\"tooltip\"><span class=\"c5aZPb\" tabindex=\"0\" role=\"button\" data-enable-toggle-animation=\"true\" data-extra-container-classes=\"ZLo7Eb\" data-hover-hide-delay=\"1000\" data-hover-open-delay=\"500\" data-send-open-event=\"true\" data-theme=\"0\" data-width=\"250\" data-ved=\"2ahUKEwiZ9KSpksWJAxWWxQIHHaoGOysQmpgGegQILRAD\"><span class=\"JPfdse\" data-bubble-link=\"\" data-segment-text=\"Sublimationsdruck\">mit Logo Krebs (\u00e4hnlich einem Spielerhelm)<\/span><\/span><\/span><\/span><\/span><br \/>\nKunststoffhelm mit Schl\u00fcsselring<\/span><span style=\"color: #000000;\"><br \/>\n<\/span><\/p>\n<p>Lieferzeit: Bestellungen werden binnen 48 Stunden nach Eingang versendet[\/vc_column_text][\/vc_column][\/vc_row]<\/p>\n<\/div>","protected":false},"excerpt":{"rendered":"<p><span style=\"color: #000000;\">Schl\u00fcsselanh\u00e4nger Cottbus Crayfish 3D<span class=\"BxUVEf ILfuVd\" lang=\"de\"><span class=\"hgKElc\">\u00a0&#8211; Helm<br \/>\n<\/span><\/span>Kunstoffhelm mit Schl\u00fcsselring<\/span><\/p>\n","protected":false},"author":2,"featured_media":5928,"template":"","meta":{"_acf_changed":false},"product_brand":[],"product_cat":[577],"product_tag":[274,418,434,439,440,460,547],"class_list":{"0":"post-5927","1":"product","2":"type-product","3":"status-publish","4":"has-post-thumbnail","6":"product_cat-fanartikel","7":"product_tag-crayfish","8":"product_tag-fanwear","9":"product_tag-team","10":"product_tag-schluesselanhaenger","11":"product_tag-anhaenger","12":"product_tag-helm","13":"product_tag-3d","14":"product_shipping_class-versandtasche-1000","15":"","17":"first","18":"instock","19":"taxable","20":"shipping-taxable","21":"purchasable","22":"product-type-simple"},"acf":[],"jetpack-related-posts":[{"id":4027,"url":"https:\/\/cottbus-crayfish.de\/shop\/produkt\/schluesselanhaenger-sub-cottbus-crayfish-helm\/","url_meta":{"origin":5927,"position":0},"title":"Schl\u00fcsselanh\u00e4nger 2D-Mini-Helm","author":"Bj\u00f6rn W\u00f6hrle","date":"5. November 2024","format":false,"excerpt":"Schl\u00fcsselanh\u00e4nger mit Sublimationsdruck - beidseitig - Helm Kunstoffhalterung mit Schl\u00fcsselring","rel":"","context":"\u00c4hnlicher Beitrag","block_context":{"text":"\u00c4hnlicher Beitrag","link":""},"img":{"alt_text":"","src":"https:\/\/i0.wp.com\/cottbus-crayfish.de\/shop\/wp-content\/uploads\/sites\/4\/2024\/11\/Schluesselanhaenger_MDF_SUB_Helm_front.webp?fit=1000%2C1000&ssl=1&resize=350%2C200","width":350,"height":200,"srcset":"https:\/\/i0.wp.com\/cottbus-crayfish.de\/shop\/wp-content\/uploads\/sites\/4\/2024\/11\/Schluesselanhaenger_MDF_SUB_Helm_front.webp?fit=1000%2C1000&ssl=1&resize=350%2C200 1x, https:\/\/i0.wp.com\/cottbus-crayfish.de\/shop\/wp-content\/uploads\/sites\/4\/2024\/11\/Schluesselanhaenger_MDF_SUB_Helm_front.webp?fit=1000%2C1000&ssl=1&resize=525%2C300 1.5x, https:\/\/i0.wp.com\/cottbus-crayfish.de\/shop\/wp-content\/uploads\/sites\/4\/2024\/11\/Schluesselanhaenger_MDF_SUB_Helm_front.webp?fit=1000%2C1000&ssl=1&resize=700%2C400 2x"},"classes":[]},{"id":4024,"url":"https:\/\/cottbus-crayfish.de\/shop\/produkt\/schluesselanhaenger-sub-cottbus-crayfish-rund\/","url_meta":{"origin":5927,"position":1},"title":"Schl\u00fcsselanh\u00e4nger Krebs (rund)","author":"Bj\u00f6rn W\u00f6hrle","date":"5. November 2024","format":false,"excerpt":"Schl\u00fcsselanh\u00e4nger mit Sublimationsdruck - beidseitig - rund Kunstoffhalterung mit Schl\u00fcsselring","rel":"","context":"\u00c4hnlicher Beitrag","block_context":{"text":"\u00c4hnlicher Beitrag","link":""},"img":{"alt_text":"","src":"https:\/\/i0.wp.com\/cottbus-crayfish.de\/shop\/wp-content\/uploads\/sites\/4\/2024\/11\/Schluesselanhaenger_MDF_SUB_rund_front.webp?fit=1000%2C1000&ssl=1&resize=350%2C200","width":350,"height":200,"srcset":"https:\/\/i0.wp.com\/cottbus-crayfish.de\/shop\/wp-content\/uploads\/sites\/4\/2024\/11\/Schluesselanhaenger_MDF_SUB_rund_front.webp?fit=1000%2C1000&ssl=1&resize=350%2C200 1x, https:\/\/i0.wp.com\/cottbus-crayfish.de\/shop\/wp-content\/uploads\/sites\/4\/2024\/11\/Schluesselanhaenger_MDF_SUB_rund_front.webp?fit=1000%2C1000&ssl=1&resize=525%2C300 1.5x, https:\/\/i0.wp.com\/cottbus-crayfish.de\/shop\/wp-content\/uploads\/sites\/4\/2024\/11\/Schluesselanhaenger_MDF_SUB_rund_front.webp?fit=1000%2C1000&ssl=1&resize=700%2C400 2x"},"classes":[]},{"id":3957,"url":"https:\/\/cottbus-crayfish.de\/shop\/produkt\/schluesselanhaenger-cottbus-crayfish-aus-kunststoff-rechteckig\/","url_meta":{"origin":5927,"position":2},"title":"Schl\u00fcsselanh\u00e4nger Cottbus Crayfish aus Acryl &#8211; rechteckig","author":"Bj\u00f6rn W\u00f6hrle","date":"30. Oktober 2024","format":false,"excerpt":"Schl\u00fcsselanh\u00e4nger aus Acryl mit Schriftzug Cottbus Crayfish durchsichtiger Acryl mit rotem Schriftzug bedruckt","rel":"","context":"\u00c4hnlicher Beitrag","block_context":{"text":"\u00c4hnlicher Beitrag","link":""},"img":{"alt_text":"","src":"https:\/\/i0.wp.com\/cottbus-crayfish.de\/shop\/wp-content\/uploads\/sites\/4\/2024\/10\/Schluesselanhaenger_Acyrl_eckig_full.webp?fit=1000%2C1000&ssl=1&resize=350%2C200","width":350,"height":200,"srcset":"https:\/\/i0.wp.com\/cottbus-crayfish.de\/shop\/wp-content\/uploads\/sites\/4\/2024\/10\/Schluesselanhaenger_Acyrl_eckig_full.webp?fit=1000%2C1000&ssl=1&resize=350%2C200 1x, https:\/\/i0.wp.com\/cottbus-crayfish.de\/shop\/wp-content\/uploads\/sites\/4\/2024\/10\/Schluesselanhaenger_Acyrl_eckig_full.webp?fit=1000%2C1000&ssl=1&resize=525%2C300 1.5x, https:\/\/i0.wp.com\/cottbus-crayfish.de\/shop\/wp-content\/uploads\/sites\/4\/2024\/10\/Schluesselanhaenger_Acyrl_eckig_full.webp?fit=1000%2C1000&ssl=1&resize=700%2C400 2x"},"classes":[]},{"id":3955,"url":"https:\/\/cottbus-crayfish.de\/shop\/produkt\/schluesselanhaenger-cottbus-crayfish-aus-kunststoff-rund\/","url_meta":{"origin":5927,"position":3},"title":"Schl\u00fcsselanh\u00e4nger Cottbus Crayfish aus Acryl &#8211; rund","author":"Bj\u00f6rn W\u00f6hrle","date":"30. Oktober 2024","format":false,"excerpt":"Schl\u00fcsselanh\u00e4nger aus Acryl mit Logo Cottbus Crayfish Krebs durchsichtiger Acryl mit rotem Krebse bedruckt","rel":"","context":"\u00c4hnlicher Beitrag","block_context":{"text":"\u00c4hnlicher Beitrag","link":""},"img":{"alt_text":"","src":"https:\/\/i0.wp.com\/cottbus-crayfish.de\/shop\/wp-content\/uploads\/sites\/4\/2024\/10\/Schluesselanhaenger_Acyrl_rund_full.webp?fit=1000%2C1000&ssl=1&resize=350%2C200","width":350,"height":200,"srcset":"https:\/\/i0.wp.com\/cottbus-crayfish.de\/shop\/wp-content\/uploads\/sites\/4\/2024\/10\/Schluesselanhaenger_Acyrl_rund_full.webp?fit=1000%2C1000&ssl=1&resize=350%2C200 1x, https:\/\/i0.wp.com\/cottbus-crayfish.de\/shop\/wp-content\/uploads\/sites\/4\/2024\/10\/Schluesselanhaenger_Acyrl_rund_full.webp?fit=1000%2C1000&ssl=1&resize=525%2C300 1.5x, https:\/\/i0.wp.com\/cottbus-crayfish.de\/shop\/wp-content\/uploads\/sites\/4\/2024\/10\/Schluesselanhaenger_Acyrl_rund_full.webp?fit=1000%2C1000&ssl=1&resize=700%2C400 2x"},"classes":[]},{"id":7178,"url":"https:\/\/cottbus-crayfish.de\/shop\/produkt\/schluesselanhaenger-beige\/","url_meta":{"origin":5927,"position":4},"title":"Schl\u00fcsselanh\u00e4nger beige (rund)","author":"Bj\u00f6rn W\u00f6hrle","date":"23. April 2026","format":false,"excerpt":"Schl\u00fcsselanh\u00e4nger mit Sublimationsdruck - beige - Schl\u00fcsselring aus Metall","rel":"","context":"\u00c4hnlicher Beitrag","block_context":{"text":"\u00c4hnlicher Beitrag","link":""},"img":{"alt_text":"","src":"https:\/\/i0.wp.com\/cottbus-crayfish.de\/shop\/wp-content\/uploads\/sites\/4\/2026\/04\/20260423_175702.webp?fit=1200%2C1200&ssl=1&resize=350%2C200","width":350,"height":200,"srcset":"https:\/\/i0.wp.com\/cottbus-crayfish.de\/shop\/wp-content\/uploads\/sites\/4\/2026\/04\/20260423_175702.webp?fit=1200%2C1200&ssl=1&resize=350%2C200 1x, https:\/\/i0.wp.com\/cottbus-crayfish.de\/shop\/wp-content\/uploads\/sites\/4\/2026\/04\/20260423_175702.webp?fit=1200%2C1200&ssl=1&resize=525%2C300 1.5x, https:\/\/i0.wp.com\/cottbus-crayfish.de\/shop\/wp-content\/uploads\/sites\/4\/2026\/04\/20260423_175702.webp?fit=1200%2C1200&ssl=1&resize=700%2C400 2x, https:\/\/i0.wp.com\/cottbus-crayfish.de\/shop\/wp-content\/uploads\/sites\/4\/2026\/04\/20260423_175702.webp?fit=1200%2C1200&ssl=1&resize=1050%2C600 3x"},"classes":[]},{"id":3953,"url":"https:\/\/cottbus-crayfish.de\/shop\/produkt\/schluesselanhaenger-cottbus-crayfish-aus-filz\/","url_meta":{"origin":5927,"position":5},"title":"Schl\u00fcsselanh\u00e4nger Cottbus Crayfish (Filz)","author":"Bj\u00f6rn W\u00f6hrle","date":"30. Oktober 2024","format":false,"excerpt":"Schl\u00fcsselanh\u00e4nger aus Filz mit Schriftzug Cottbus Crayfish Roter Filz mit weissem Schriftzug","rel":"","context":"\u00c4hnlicher Beitrag","block_context":{"text":"\u00c4hnlicher Beitrag","link":""},"img":{"alt_text":"","src":"https:\/\/i0.wp.com\/cottbus-crayfish.de\/shop\/wp-content\/uploads\/sites\/4\/2024\/10\/Schluesselanhaenger_Filz_full.webp?fit=1000%2C1000&ssl=1&resize=350%2C200","width":350,"height":200,"srcset":"https:\/\/i0.wp.com\/cottbus-crayfish.de\/shop\/wp-content\/uploads\/sites\/4\/2024\/10\/Schluesselanhaenger_Filz_full.webp?fit=1000%2C1000&ssl=1&resize=350%2C200 1x, https:\/\/i0.wp.com\/cottbus-crayfish.de\/shop\/wp-content\/uploads\/sites\/4\/2024\/10\/Schluesselanhaenger_Filz_full.webp?fit=1000%2C1000&ssl=1&resize=525%2C300 1.5x, https:\/\/i0.wp.com\/cottbus-crayfish.de\/shop\/wp-content\/uploads\/sites\/4\/2024\/10\/Schluesselanhaenger_Filz_full.webp?fit=1000%2C1000&ssl=1&resize=700%2C400 2x"},"classes":[]}],"jetpack_sharing_enabled":false,"_links":{"self":[{"href":"https:\/\/cottbus-crayfish.de\/shop\/wp-json\/wp\/v2\/product\/5927","targetHints":{"allow":["GET"]}}],"collection":[{"href":"https:\/\/cottbus-crayfish.de\/shop\/wp-json\/wp\/v2\/product"}],"about":[{"href":"https:\/\/cottbus-crayfish.de\/shop\/wp-json\/wp\/v2\/types\/product"}],"author":[{"embeddable":true,"href":"https:\/\/cottbus-crayfish.de\/shop\/wp-json\/wp\/v2\/users\/2"}],"wp:featuredmedia":[{"embeddable":true,"href":"https:\/\/cottbus-crayfish.de\/shop\/wp-json\/wp\/v2\/media\/5928"}],"wp:attachment":[{"href":"https:\/\/cottbus-crayfish.de\/shop\/wp-json\/wp\/v2\/media?parent=5927"}],"wp:term":[{"taxonomy":"product_brand","embeddable":true,"href":"https:\/\/cottbus-crayfish.de\/shop\/wp-json\/wp\/v2\/product_brand?post=5927"},{"taxonomy":"product_cat","embeddable":true,"href":"https:\/\/cottbus-crayfish.de\/shop\/wp-json\/wp\/v2\/product_cat?post=5927"},{"taxonomy":"product_tag","embeddable":true,"href":"https:\/\/cottbus-crayfish.de\/shop\/wp-json\/wp\/v2\/product_tag?post=5927"}],"curies":[{"name":"wp","href":"https:\/\/api.w.org\/{rel}","templated":true}]}}