{"id":5937,"date":"2025-11-06T09:42:25","date_gmt":"2025-11-06T08:42:25","guid":{"rendered":"https:\/\/cottbus-crayfish.de\/shop\/?post_type=product&#038;p=5937"},"modified":"2026-04-25T18:12:17","modified_gmt":"2026-04-25T16:12:17","slug":"cottbus-crayfish-mini-helm","status":"publish","type":"product","link":"https:\/\/cottbus-crayfish.de\/shop\/produkt\/cottbus-crayfish-mini-helm\/","title":{"rendered":"Mini-Helm Cottbus Crayfish"},"content":{"rendered":"<div class=\"wpb-content-wrapper\"><p>[vc_row][vc_column][vc_column_text css=&#8220;&#8220;]<span style=\"color: #000000;\">Mini-Helm Cottbus Crayfish<\/span><br \/>\n<em><span style=\"color: #000000;\">(Sammlerst\u00fcck &#8211; begrenzte St\u00fcckzahl)<\/span><\/em><\/p>\n<p><span style=\"color: #000000;\">Silbener Helm mit Branding der Cottbus Crayfish in Schutzverpackung durchsichtig<br \/>\nBranding:<\/span><\/p>\n<ul>\n<li><span style=\"color: #000000;\">Logo Krebs links &amp; rechts<\/span><\/li>\n<li><span style=\"color: #000000;\">rotes Facemask<\/span><\/li>\n<li><span style=\"color: #000000;\">Sponsor Aufkleber auf der Stirnseite<\/span><\/li>\n<li><span style=\"color: #000000;\">Kinnriemen wei\u00df<\/span><\/li>\n<li><span style=\"color: #000000;\">Polsterandeutungen Innenseite Helm<\/span><\/li>\n<\/ul>\n<p><span style=\"color: #000000;\">Helm-Marke: Riddell Speed<\/span><\/p>\n<p>Lieferzeit: Bestellungen werden binnen 48 Stunden nach Eingang versendet[\/vc_column_text][\/vc_column][\/vc_row]<\/p>\n<\/div>","protected":false},"excerpt":{"rendered":"<p><span style=\"color: #000000;\">Mini-Helm Cottbus Crayfish<\/span><br \/>\n<em><span style=\"color: #000000;\">(Sammlerst\u00fcck &#8211; begrenzte St\u00fcckzahl)<\/span><\/em><\/p>\n<p><span style=\"color: #000000;\">Silbener Helm mit Branding Cottbus Crayfish<\/span><\/p>\n","protected":false},"author":2,"featured_media":5938,"template":"","meta":{"_acf_changed":false},"product_brand":[],"product_cat":[577],"product_tag":[544,557,274,558,417,559,446,450,460,470,484,492],"class_list":{"0":"post-5937","1":"product","2":"type-product","3":"status-publish","4":"has-post-thumbnail","6":"product_cat-fanartikel","7":"product_tag-saison-2026","8":"product_tag-sammlerstuecke","9":"product_tag-crayfish","10":"product_tag-mini-helm","11":"product_tag-rot-weiss","12":"product_tag-special","13":"product_tag-rot-und-weiss","14":"product_tag-krebs","15":"product_tag-helm","16":"product_tag-logo","17":"product_tag-silber","18":"product_tag-saison2025","19":"product_shipping_class-paeckchen-m","20":"","22":"first","23":"instock","24":"taxable","25":"shipping-taxable","26":"purchasable","27":"product-type-simple"},"acf":[],"jetpack-related-posts":[{"id":4027,"url":"https:\/\/cottbus-crayfish.de\/shop\/produkt\/schluesselanhaenger-sub-cottbus-crayfish-helm\/","url_meta":{"origin":5937,"position":0},"title":"Schl\u00fcsselanh\u00e4nger 2D-Mini-Helm","author":"Bj\u00f6rn W\u00f6hrle","date":"5. November 2024","format":false,"excerpt":"Schl\u00fcsselanh\u00e4nger mit Sublimationsdruck - beidseitig - Helm Kunstoffhalterung mit Schl\u00fcsselring","rel":"","context":"\u00c4hnlicher Beitrag","block_context":{"text":"\u00c4hnlicher Beitrag","link":""},"img":{"alt_text":"","src":"https:\/\/i0.wp.com\/cottbus-crayfish.de\/shop\/wp-content\/uploads\/sites\/4\/2024\/11\/Schluesselanhaenger_MDF_SUB_Helm_front.webp?fit=1000%2C1000&ssl=1&resize=350%2C200","width":350,"height":200,"srcset":"https:\/\/i0.wp.com\/cottbus-crayfish.de\/shop\/wp-content\/uploads\/sites\/4\/2024\/11\/Schluesselanhaenger_MDF_SUB_Helm_front.webp?fit=1000%2C1000&ssl=1&resize=350%2C200 1x, https:\/\/i0.wp.com\/cottbus-crayfish.de\/shop\/wp-content\/uploads\/sites\/4\/2024\/11\/Schluesselanhaenger_MDF_SUB_Helm_front.webp?fit=1000%2C1000&ssl=1&resize=525%2C300 1.5x, https:\/\/i0.wp.com\/cottbus-crayfish.de\/shop\/wp-content\/uploads\/sites\/4\/2024\/11\/Schluesselanhaenger_MDF_SUB_Helm_front.webp?fit=1000%2C1000&ssl=1&resize=700%2C400 2x"},"classes":[]},{"id":5927,"url":"https:\/\/cottbus-crayfish.de\/shop\/produkt\/schluesselanhaenger-cottbus-crayfish-3d-helm\/","url_meta":{"origin":5937,"position":1},"title":"Schl\u00fcsselanh\u00e4nger Cottbus Crayfish &#8211; 3D-Helm","author":"Bj\u00f6rn W\u00f6hrle","date":"5. November 2025","format":false,"excerpt":"Schl\u00fcsselanh\u00e4nger Cottbus Crayfish 3D\u00a0- Helm Kunstoffhelm mit Schl\u00fcsselring","rel":"","context":"\u00c4hnlicher Beitrag","block_context":{"text":"\u00c4hnlicher Beitrag","link":""},"img":{"alt_text":"","src":"https:\/\/i0.wp.com\/cottbus-crayfish.de\/shop\/wp-content\/uploads\/sites\/4\/2025\/11\/Schluesselanhaenger_3D_Helm_front.webp?fit=1000%2C863&ssl=1&resize=350%2C200","width":350,"height":200,"srcset":"https:\/\/i0.wp.com\/cottbus-crayfish.de\/shop\/wp-content\/uploads\/sites\/4\/2025\/11\/Schluesselanhaenger_3D_Helm_front.webp?fit=1000%2C863&ssl=1&resize=350%2C200 1x, https:\/\/i0.wp.com\/cottbus-crayfish.de\/shop\/wp-content\/uploads\/sites\/4\/2025\/11\/Schluesselanhaenger_3D_Helm_front.webp?fit=1000%2C863&ssl=1&resize=525%2C300 1.5x, https:\/\/i0.wp.com\/cottbus-crayfish.de\/shop\/wp-content\/uploads\/sites\/4\/2025\/11\/Schluesselanhaenger_3D_Helm_front.webp?fit=1000%2C863&ssl=1&resize=700%2C400 2x"},"classes":[]},{"id":4930,"url":"https:\/\/cottbus-crayfish.de\/shop\/produkt\/umhaengetasche-mit-branding-schwarz-o-rot\/","url_meta":{"origin":5937,"position":2},"title":"Umh\u00e4ngetasche mit Crayfish (schwarz o. rot)","author":"Bj\u00f6rn W\u00f6hrle","date":"23. Mai 2025","format":false,"excerpt":"Umh\u00e4ngetasche schwarz o. rot mit Logo & Branding","rel":"","context":"\u00c4hnlicher Beitrag","block_context":{"text":"\u00c4hnlicher Beitrag","link":""},"img":{"alt_text":"","src":"https:\/\/i0.wp.com\/cottbus-crayfish.de\/shop\/wp-content\/uploads\/sites\/4\/2025\/05\/Umhaengetasche-schwarz-Front-scaled.webp?fit=900%2C1200&ssl=1&resize=350%2C200","width":350,"height":200,"srcset":"https:\/\/i0.wp.com\/cottbus-crayfish.de\/shop\/wp-content\/uploads\/sites\/4\/2025\/05\/Umhaengetasche-schwarz-Front-scaled.webp?fit=900%2C1200&ssl=1&resize=350%2C200 1x, https:\/\/i0.wp.com\/cottbus-crayfish.de\/shop\/wp-content\/uploads\/sites\/4\/2025\/05\/Umhaengetasche-schwarz-Front-scaled.webp?fit=900%2C1200&ssl=1&resize=525%2C300 1.5x, https:\/\/i0.wp.com\/cottbus-crayfish.de\/shop\/wp-content\/uploads\/sites\/4\/2025\/05\/Umhaengetasche-schwarz-Front-scaled.webp?fit=900%2C1200&ssl=1&resize=700%2C400 2x"},"classes":[]},{"id":7150,"url":"https:\/\/cottbus-crayfish.de\/shop\/produkt\/umhaengetasche-mit-crayfish-beige\/","url_meta":{"origin":5937,"position":3},"title":"Umh\u00e4ngetasche mit Crayfish &#8211; beige","author":"Bj\u00f6rn W\u00f6hrle","date":"23. April 2026","format":false,"excerpt":"Umh\u00e4ngetasche beige mit Logo & Branding","rel":"","context":"\u00c4hnlicher Beitrag","block_context":{"text":"\u00c4hnlicher Beitrag","link":""},"img":{"alt_text":"","src":"https:\/\/i0.wp.com\/cottbus-crayfish.de\/shop\/wp-content\/uploads\/sites\/4\/2026\/04\/20260423_141539.webp?fit=1200%2C1200&ssl=1&resize=350%2C200","width":350,"height":200,"srcset":"https:\/\/i0.wp.com\/cottbus-crayfish.de\/shop\/wp-content\/uploads\/sites\/4\/2026\/04\/20260423_141539.webp?fit=1200%2C1200&ssl=1&resize=350%2C200 1x, https:\/\/i0.wp.com\/cottbus-crayfish.de\/shop\/wp-content\/uploads\/sites\/4\/2026\/04\/20260423_141539.webp?fit=1200%2C1200&ssl=1&resize=525%2C300 1.5x, https:\/\/i0.wp.com\/cottbus-crayfish.de\/shop\/wp-content\/uploads\/sites\/4\/2026\/04\/20260423_141539.webp?fit=1200%2C1200&ssl=1&resize=700%2C400 2x, https:\/\/i0.wp.com\/cottbus-crayfish.de\/shop\/wp-content\/uploads\/sites\/4\/2026\/04\/20260423_141539.webp?fit=1200%2C1200&ssl=1&resize=1050%2C600 3x"},"classes":[]},{"id":4102,"url":"https:\/\/cottbus-crayfish.de\/shop\/produkt\/weihnachtsbaumkugel-silber\/","url_meta":{"origin":5937,"position":4},"title":"Weihnachtsbaumkugel (silber)","author":"Bj\u00f6rn W\u00f6hrle","date":"17. November 2024","format":false,"excerpt":"Weihnachtsbaumkugel im Cottbus Crayfish Design in silber mit Cottbus Crayfish Logo und Schriftzug Crayfish","rel":"","context":"\u00c4hnlicher Beitrag","block_context":{"text":"\u00c4hnlicher Beitrag","link":""},"img":{"alt_text":"","src":"https:\/\/i0.wp.com\/cottbus-crayfish.de\/shop\/wp-content\/uploads\/sites\/4\/2024\/11\/Weihnachtskugel_silber_1.webp?fit=1000%2C863&ssl=1&resize=350%2C200","width":350,"height":200,"srcset":"https:\/\/i0.wp.com\/cottbus-crayfish.de\/shop\/wp-content\/uploads\/sites\/4\/2024\/11\/Weihnachtskugel_silber_1.webp?fit=1000%2C863&ssl=1&resize=350%2C200 1x, https:\/\/i0.wp.com\/cottbus-crayfish.de\/shop\/wp-content\/uploads\/sites\/4\/2024\/11\/Weihnachtskugel_silber_1.webp?fit=1000%2C863&ssl=1&resize=525%2C300 1.5x, https:\/\/i0.wp.com\/cottbus-crayfish.de\/shop\/wp-content\/uploads\/sites\/4\/2024\/11\/Weihnachtskugel_silber_1.webp?fit=1000%2C863&ssl=1&resize=700%2C400 2x"},"classes":[]},{"id":4103,"url":"https:\/\/cottbus-crayfish.de\/shop\/produkt\/weihnachtsbaumkugeln-bundle\/","url_meta":{"origin":5937,"position":5},"title":"Weihnachtsbaumkugeln (Bundle)","author":"Bj\u00f6rn W\u00f6hrle","date":"17. November 2024","format":false,"excerpt":"Weihnachtsbaumkugeln Bundle im Cottbus Crayfish Design in rot und silber mit Cottbus Crayfish Logo und Schriftzug","rel":"","context":"\u00c4hnlicher Beitrag","block_context":{"text":"\u00c4hnlicher Beitrag","link":""},"img":{"alt_text":"","src":"https:\/\/i0.wp.com\/cottbus-crayfish.de\/shop\/wp-content\/uploads\/sites\/4\/2024\/11\/Weihnachtskugel_bundle_1.webp?fit=1000%2C863&ssl=1&resize=350%2C200","width":350,"height":200,"srcset":"https:\/\/i0.wp.com\/cottbus-crayfish.de\/shop\/wp-content\/uploads\/sites\/4\/2024\/11\/Weihnachtskugel_bundle_1.webp?fit=1000%2C863&ssl=1&resize=350%2C200 1x, https:\/\/i0.wp.com\/cottbus-crayfish.de\/shop\/wp-content\/uploads\/sites\/4\/2024\/11\/Weihnachtskugel_bundle_1.webp?fit=1000%2C863&ssl=1&resize=525%2C300 1.5x, https:\/\/i0.wp.com\/cottbus-crayfish.de\/shop\/wp-content\/uploads\/sites\/4\/2024\/11\/Weihnachtskugel_bundle_1.webp?fit=1000%2C863&ssl=1&resize=700%2C400 2x"},"classes":[]}],"jetpack_sharing_enabled":false,"_links":{"self":[{"href":"https:\/\/cottbus-crayfish.de\/shop\/wp-json\/wp\/v2\/product\/5937","targetHints":{"allow":["GET"]}}],"collection":[{"href":"https:\/\/cottbus-crayfish.de\/shop\/wp-json\/wp\/v2\/product"}],"about":[{"href":"https:\/\/cottbus-crayfish.de\/shop\/wp-json\/wp\/v2\/types\/product"}],"author":[{"embeddable":true,"href":"https:\/\/cottbus-crayfish.de\/shop\/wp-json\/wp\/v2\/users\/2"}],"wp:featuredmedia":[{"embeddable":true,"href":"https:\/\/cottbus-crayfish.de\/shop\/wp-json\/wp\/v2\/media\/5938"}],"wp:attachment":[{"href":"https:\/\/cottbus-crayfish.de\/shop\/wp-json\/wp\/v2\/media?parent=5937"}],"wp:term":[{"taxonomy":"product_brand","embeddable":true,"href":"https:\/\/cottbus-crayfish.de\/shop\/wp-json\/wp\/v2\/product_brand?post=5937"},{"taxonomy":"product_cat","embeddable":true,"href":"https:\/\/cottbus-crayfish.de\/shop\/wp-json\/wp\/v2\/product_cat?post=5937"},{"taxonomy":"product_tag","embeddable":true,"href":"https:\/\/cottbus-crayfish.de\/shop\/wp-json\/wp\/v2\/product_tag?post=5937"}],"curies":[{"name":"wp","href":"https:\/\/api.w.org\/{rel}","templated":true}]}}