{"id":7176,"date":"2026-04-23T17:29:41","date_gmt":"2026-04-23T15:29:41","guid":{"rendered":"https:\/\/cottbus-crayfish.de\/shop\/?post_type=product&#038;p=7176"},"modified":"2026-04-27T22:32:53","modified_gmt":"2026-04-27T20:32:53","slug":"aufkleber-beige","status":"publish","type":"product","link":"https:\/\/cottbus-crayfish.de\/shop\/produkt\/aufkleber-beige\/","title":{"rendered":"Aufkleber beige &#8211; Logo &#038; Schrift"},"content":{"rendered":"<div class=\"wpb-content-wrapper\"><p>[vc_row][vc_column][vc_column_text css=&#8220;&#8220;]<span style=\"color: #000000;\">Aufkleber beige<\/span><br \/>\n<span style=\"color: #000000;\">Motiv: Krebs &amp; Schrift<\/span><\/p>\n<p>Lieferzeit: Bestellungen werden binnen 48 Stunden nach Eingang versendet[\/vc_column_text][\/vc_column][\/vc_row]<\/p>\n<\/div>","protected":false},"excerpt":{"rendered":"<p><span style=\"color: #000000;\">Aufkleber beige, Logo &amp; Schrift<\/span><\/p>\n","protected":false},"author":2,"featured_media":7177,"template":"","meta":{"_acf_changed":false},"product_brand":[],"product_cat":[577],"product_tag":[449,450,274,417,418,425,429,430,434,446],"class_list":{"0":"post-7176","1":"product","2":"type-product","3":"status-publish","4":"has-post-thumbnail","6":"product_cat-fanartikel","7":"product_tag-aufkleber","8":"product_tag-krebs","9":"product_tag-crayfish","10":"product_tag-rot-weiss","11":"product_tag-fanwear","12":"product_tag-auto","13":"product_tag-scheibe","14":"product_tag-430","15":"product_tag-team","16":"product_tag-rot-und-weiss","17":"product_shipping_class-standardbrief","18":"","20":"first","21":"instock","22":"taxable","23":"shipping-taxable","24":"purchasable","25":"product-type-simple"},"acf":[],"jetpack-related-posts":[{"id":5828,"url":"https:\/\/cottbus-crayfish.de\/shop\/produkt\/aufkleber-krebs-mit-schriftzug-crayfish\/","url_meta":{"origin":7176,"position":0},"title":"Aufkleber Krebs mit Crayfish","author":"Bj\u00f6rn W\u00f6hrle","date":"28. August 2025","format":false,"excerpt":"Aufkleber Krebs mit Schriftzug, rot, weiss. schwarz","rel":"","context":"\u00c4hnlicher Beitrag","block_context":{"text":"\u00c4hnlicher Beitrag","link":""},"img":{"alt_text":"","src":"https:\/\/i0.wp.com\/cottbus-crayfish.de\/shop\/wp-content\/uploads\/sites\/4\/2025\/08\/Aufkleber_Krebs_mit-Schrift_Crayfish.webp?fit=1200%2C1200&ssl=1&resize=350%2C200","width":350,"height":200,"srcset":"https:\/\/i0.wp.com\/cottbus-crayfish.de\/shop\/wp-content\/uploads\/sites\/4\/2025\/08\/Aufkleber_Krebs_mit-Schrift_Crayfish.webp?fit=1200%2C1200&ssl=1&resize=350%2C200 1x, https:\/\/i0.wp.com\/cottbus-crayfish.de\/shop\/wp-content\/uploads\/sites\/4\/2025\/08\/Aufkleber_Krebs_mit-Schrift_Crayfish.webp?fit=1200%2C1200&ssl=1&resize=525%2C300 1.5x, https:\/\/i0.wp.com\/cottbus-crayfish.de\/shop\/wp-content\/uploads\/sites\/4\/2025\/08\/Aufkleber_Krebs_mit-Schrift_Crayfish.webp?fit=1200%2C1200&ssl=1&resize=700%2C400 2x, https:\/\/i0.wp.com\/cottbus-crayfish.de\/shop\/wp-content\/uploads\/sites\/4\/2025\/08\/Aufkleber_Krebs_mit-Schrift_Crayfish.webp?fit=1200%2C1200&ssl=1&resize=1050%2C600 3x"},"classes":[]},{"id":5839,"url":"https:\/\/cottbus-crayfish.de\/shop\/produkt\/aufkleber-rund-gross-halber-krebs-mit-schriftzug-crayfish\/","url_meta":{"origin":7176,"position":1},"title":"Aufkleber halber Krebs mit Crayfish (rund &#8211; gro\u00df)","author":"Bj\u00f6rn W\u00f6hrle","date":"7. September 2025","format":false,"excerpt":"Aufkleber gro\u00df, halber Krebs mit Schriftzug Crayfish Geeignet f\u00fcr Autos, UV-Best\u00e4ndig","rel":"","context":"\u00c4hnlicher Beitrag","block_context":{"text":"\u00c4hnlicher Beitrag","link":""},"img":{"alt_text":"","src":"https:\/\/i0.wp.com\/cottbus-crayfish.de\/shop\/wp-content\/uploads\/sites\/4\/2025\/09\/Aufkleber_rund_gross-Schrift-Logo.webp?fit=1000%2C863&ssl=1&resize=350%2C200","width":350,"height":200,"srcset":"https:\/\/i0.wp.com\/cottbus-crayfish.de\/shop\/wp-content\/uploads\/sites\/4\/2025\/09\/Aufkleber_rund_gross-Schrift-Logo.webp?fit=1000%2C863&ssl=1&resize=350%2C200 1x, https:\/\/i0.wp.com\/cottbus-crayfish.de\/shop\/wp-content\/uploads\/sites\/4\/2025\/09\/Aufkleber_rund_gross-Schrift-Logo.webp?fit=1000%2C863&ssl=1&resize=525%2C300 1.5x, https:\/\/i0.wp.com\/cottbus-crayfish.de\/shop\/wp-content\/uploads\/sites\/4\/2025\/09\/Aufkleber_rund_gross-Schrift-Logo.webp?fit=1000%2C863&ssl=1&resize=700%2C400 2x"},"classes":[]},{"id":4021,"url":"https:\/\/cottbus-crayfish.de\/shop\/produkt\/aufkleber-krebs-mit-schriftzug\/","url_meta":{"origin":7176,"position":2},"title":"Aufkleber Cottbus Crayfish","author":"Bj\u00f6rn W\u00f6hrle","date":"5. November 2024","format":false,"excerpt":"Aufkleber Krebs mit Schriftzug, rot, weiss. schwarz","rel":"","context":"\u00c4hnlicher Beitrag","block_context":{"text":"\u00c4hnlicher Beitrag","link":""},"img":{"alt_text":"","src":"https:\/\/i0.wp.com\/cottbus-crayfish.de\/shop\/wp-content\/uploads\/sites\/4\/2024\/11\/Aufkleber_Krebs_mitSchrift.webp?fit=1000%2C1000&ssl=1&resize=350%2C200","width":350,"height":200,"srcset":"https:\/\/i0.wp.com\/cottbus-crayfish.de\/shop\/wp-content\/uploads\/sites\/4\/2024\/11\/Aufkleber_Krebs_mitSchrift.webp?fit=1000%2C1000&ssl=1&resize=350%2C200 1x, https:\/\/i0.wp.com\/cottbus-crayfish.de\/shop\/wp-content\/uploads\/sites\/4\/2024\/11\/Aufkleber_Krebs_mitSchrift.webp?fit=1000%2C1000&ssl=1&resize=525%2C300 1.5x, https:\/\/i0.wp.com\/cottbus-crayfish.de\/shop\/wp-content\/uploads\/sites\/4\/2024\/11\/Aufkleber_Krebs_mitSchrift.webp?fit=1000%2C1000&ssl=1&resize=700%2C400 2x"},"classes":[]},{"id":7156,"url":"https:\/\/cottbus-crayfish.de\/shop\/produkt\/stoffbeutel-beige\/","url_meta":{"origin":7176,"position":3},"title":"Stoffbeutel beige &#8211; Logo &#038; Schrift","author":"Bj\u00f6rn W\u00f6hrle","date":"23. April 2026","format":false,"excerpt":"Beiger Stoffbeutel mit Logo & Schrift in Vereinsfarben einseitig bedruckt","rel":"","context":"\u00c4hnlicher Beitrag","block_context":{"text":"\u00c4hnlicher Beitrag","link":""},"img":{"alt_text":"","src":"https:\/\/i0.wp.com\/cottbus-crayfish.de\/shop\/wp-content\/uploads\/sites\/4\/2026\/04\/20260423_143232.webp?fit=1200%2C1200&ssl=1&resize=350%2C200","width":350,"height":200,"srcset":"https:\/\/i0.wp.com\/cottbus-crayfish.de\/shop\/wp-content\/uploads\/sites\/4\/2026\/04\/20260423_143232.webp?fit=1200%2C1200&ssl=1&resize=350%2C200 1x, https:\/\/i0.wp.com\/cottbus-crayfish.de\/shop\/wp-content\/uploads\/sites\/4\/2026\/04\/20260423_143232.webp?fit=1200%2C1200&ssl=1&resize=525%2C300 1.5x, https:\/\/i0.wp.com\/cottbus-crayfish.de\/shop\/wp-content\/uploads\/sites\/4\/2026\/04\/20260423_143232.webp?fit=1200%2C1200&ssl=1&resize=700%2C400 2x, https:\/\/i0.wp.com\/cottbus-crayfish.de\/shop\/wp-content\/uploads\/sites\/4\/2026\/04\/20260423_143232.webp?fit=1200%2C1200&ssl=1&resize=1050%2C600 3x"},"classes":[]},{"id":7220,"url":"https:\/\/cottbus-crayfish.de\/shop\/produkt\/hoodie-beige\/","url_meta":{"origin":7176,"position":4},"title":"Hoodie Vintage mit Logo &#038; Schrift","author":"Bj\u00f6rn W\u00f6hrle","date":"24. April 2026","format":false,"excerpt":"Beiger Hoodie mit Logo & Schrift das Logo in Vereinsfarben, Schrift in Schwarz","rel":"","context":"\u00c4hnlicher Beitrag","block_context":{"text":"\u00c4hnlicher Beitrag","link":""},"img":{"alt_text":"","src":"https:\/\/i0.wp.com\/cottbus-crayfish.de\/shop\/wp-content\/uploads\/sites\/4\/2026\/04\/Hoodie_HOD-26-01-BEI_1.webp?fit=831%2C1200&ssl=1&resize=350%2C200","width":350,"height":200,"srcset":"https:\/\/i0.wp.com\/cottbus-crayfish.de\/shop\/wp-content\/uploads\/sites\/4\/2026\/04\/Hoodie_HOD-26-01-BEI_1.webp?fit=831%2C1200&ssl=1&resize=350%2C200 1x, https:\/\/i0.wp.com\/cottbus-crayfish.de\/shop\/wp-content\/uploads\/sites\/4\/2026\/04\/Hoodie_HOD-26-01-BEI_1.webp?fit=831%2C1200&ssl=1&resize=525%2C300 1.5x, https:\/\/i0.wp.com\/cottbus-crayfish.de\/shop\/wp-content\/uploads\/sites\/4\/2026\/04\/Hoodie_HOD-26-01-BEI_1.webp?fit=831%2C1200&ssl=1&resize=700%2C400 2x"},"classes":[]},{"id":7164,"url":"https:\/\/cottbus-crayfish.de\/shop\/produkt\/crayfish-pin-beige\/","url_meta":{"origin":7176,"position":5},"title":"Crayfish Pin beige mit Glasaufsatz","author":"Bj\u00f6rn W\u00f6hrle","date":"23. April 2026","format":false,"excerpt":"Metall Pin, beiger Hintergrund mit Logo & Schrift in Vereinsfarben","rel":"","context":"\u00c4hnlicher Beitrag","block_context":{"text":"\u00c4hnlicher Beitrag","link":""},"img":{"alt_text":"","src":"https:\/\/i0.wp.com\/cottbus-crayfish.de\/shop\/wp-content\/uploads\/sites\/4\/2026\/04\/20260423_161138.webp?fit=1200%2C1200&ssl=1&resize=350%2C200","width":350,"height":200,"srcset":"https:\/\/i0.wp.com\/cottbus-crayfish.de\/shop\/wp-content\/uploads\/sites\/4\/2026\/04\/20260423_161138.webp?fit=1200%2C1200&ssl=1&resize=350%2C200 1x, https:\/\/i0.wp.com\/cottbus-crayfish.de\/shop\/wp-content\/uploads\/sites\/4\/2026\/04\/20260423_161138.webp?fit=1200%2C1200&ssl=1&resize=525%2C300 1.5x, https:\/\/i0.wp.com\/cottbus-crayfish.de\/shop\/wp-content\/uploads\/sites\/4\/2026\/04\/20260423_161138.webp?fit=1200%2C1200&ssl=1&resize=700%2C400 2x, https:\/\/i0.wp.com\/cottbus-crayfish.de\/shop\/wp-content\/uploads\/sites\/4\/2026\/04\/20260423_161138.webp?fit=1200%2C1200&ssl=1&resize=1050%2C600 3x"},"classes":[]}],"jetpack_sharing_enabled":false,"_links":{"self":[{"href":"https:\/\/cottbus-crayfish.de\/shop\/wp-json\/wp\/v2\/product\/7176","targetHints":{"allow":["GET"]}}],"collection":[{"href":"https:\/\/cottbus-crayfish.de\/shop\/wp-json\/wp\/v2\/product"}],"about":[{"href":"https:\/\/cottbus-crayfish.de\/shop\/wp-json\/wp\/v2\/types\/product"}],"author":[{"embeddable":true,"href":"https:\/\/cottbus-crayfish.de\/shop\/wp-json\/wp\/v2\/users\/2"}],"wp:featuredmedia":[{"embeddable":true,"href":"https:\/\/cottbus-crayfish.de\/shop\/wp-json\/wp\/v2\/media\/7177"}],"wp:attachment":[{"href":"https:\/\/cottbus-crayfish.de\/shop\/wp-json\/wp\/v2\/media?parent=7176"}],"wp:term":[{"taxonomy":"product_brand","embeddable":true,"href":"https:\/\/cottbus-crayfish.de\/shop\/wp-json\/wp\/v2\/product_brand?post=7176"},{"taxonomy":"product_cat","embeddable":true,"href":"https:\/\/cottbus-crayfish.de\/shop\/wp-json\/wp\/v2\/product_cat?post=7176"},{"taxonomy":"product_tag","embeddable":true,"href":"https:\/\/cottbus-crayfish.de\/shop\/wp-json\/wp\/v2\/product_tag?post=7176"}],"curies":[{"name":"wp","href":"https:\/\/api.w.org\/{rel}","templated":true}]}}