{"id":7198,"date":"2026-04-23T22:06:10","date_gmt":"2026-04-23T20:06:10","guid":{"rendered":"https:\/\/cottbus-crayfish.de\/shop\/?post_type=product&#038;p=7198"},"modified":"2026-04-27T22:31:55","modified_gmt":"2026-04-27T20:31:55","slug":"ohranhaenger-crayfish-football","status":"publish","type":"product","link":"https:\/\/cottbus-crayfish.de\/shop\/produkt\/ohranhaenger-crayfish-football\/","title":{"rendered":"Ohranh\u00e4nger Crayfish &#038; Football"},"content":{"rendered":"<div class=\"wpb-content-wrapper\"><p>[vc_row][vc_column][vc_column_text css=&#8220;&#8220;]<span style=\"color: #000000;\">Ohranh\u00e4nger mit Crayfish &amp; Football<span class=\"BxUVEf ILfuVd\" lang=\"de\"><span class=\"hgKElc\"><br \/>\n<\/span><\/span>Metalring und Metallhacken f\u00fcr Ohrloch<\/span><span style=\"color: #000000;\"><br \/>\n<\/span><\/p>\n<p>Lieferzeit: Bestellungen werden binnen 48 Stunden nach Eingang versendet[\/vc_column_text][\/vc_column][\/vc_row]<\/p>\n<\/div>","protected":false},"excerpt":{"rendered":"<p><span style=\"color: #000000;\">Ohranh\u00e4nger mit Crayfish &amp; Football<span class=\"BxUVEf ILfuVd\" lang=\"de\"><span class=\"hgKElc\"><br \/>\n<\/span><\/span>Metalring und Metallhacken f\u00fcr Ohrloch<br \/>\n<\/span><\/p>\n","protected":false},"author":2,"featured_media":7199,"template":"","meta":{"_acf_changed":false},"product_brand":[],"product_cat":[576],"product_tag":[274,418,434,440,452,463,464,465],"class_list":{"0":"post-7198","1":"product","2":"type-product","3":"status-publish","4":"has-post-thumbnail","6":"product_cat-accessoires","7":"product_tag-crayfish","8":"product_tag-fanwear","9":"product_tag-team","10":"product_tag-anhaenger","11":"product_tag-schmuck","12":"product_tag-ohranhaenger","13":"product_tag-ohrring","14":"product_tag-ohrschmuck","15":"product_shipping_class-standardbrief","16":"","18":"first","19":"instock","20":"taxable","21":"shipping-taxable","22":"purchasable","23":"product-type-simple"},"acf":[],"jetpack-related-posts":[{"id":7189,"url":"https:\/\/cottbus-crayfish.de\/shop\/produkt\/ohranhaenger-crayfish-rund-mit-logo-glasoptik\/","url_meta":{"origin":7198,"position":0},"title":"Ohranh\u00e4nger Crayfish rund mit Logo &#038; Glasoptik","author":"Bj\u00f6rn W\u00f6hrle","date":"23. April 2026","format":false,"excerpt":"Ohranh\u00e4nger mit Sublimationsdruck und Glasoptik - rund Metalring und Metallhacken f\u00fcr Ohrloch","rel":"","context":"\u00c4hnlicher Beitrag","block_context":{"text":"\u00c4hnlicher Beitrag","link":""},"img":{"alt_text":"","src":"https:\/\/i0.wp.com\/cottbus-crayfish.de\/shop\/wp-content\/uploads\/sites\/4\/2026\/04\/20260423_211857.webp?fit=1200%2C1200&ssl=1&resize=350%2C200","width":350,"height":200,"srcset":"https:\/\/i0.wp.com\/cottbus-crayfish.de\/shop\/wp-content\/uploads\/sites\/4\/2026\/04\/20260423_211857.webp?fit=1200%2C1200&ssl=1&resize=350%2C200 1x, https:\/\/i0.wp.com\/cottbus-crayfish.de\/shop\/wp-content\/uploads\/sites\/4\/2026\/04\/20260423_211857.webp?fit=1200%2C1200&ssl=1&resize=525%2C300 1.5x, https:\/\/i0.wp.com\/cottbus-crayfish.de\/shop\/wp-content\/uploads\/sites\/4\/2026\/04\/20260423_211857.webp?fit=1200%2C1200&ssl=1&resize=700%2C400 2x, https:\/\/i0.wp.com\/cottbus-crayfish.de\/shop\/wp-content\/uploads\/sites\/4\/2026\/04\/20260423_211857.webp?fit=1200%2C1200&ssl=1&resize=1050%2C600 3x"},"classes":[]},{"id":4042,"url":"https:\/\/cottbus-crayfish.de\/shop\/produkt\/ohranhaenger-sub-cottbus-crayfish-tropfen\/","url_meta":{"origin":7198,"position":1},"title":"Ohranh\u00e4nger Crayfish (Tropfen)","author":"Bj\u00f6rn W\u00f6hrle","date":"5. November 2024","format":false,"excerpt":"Ohranh\u00e4nger mit Sublimationsdruck - beidseitig - Tropfen Metalring und Metallhacken f\u00fcr Ohrloch","rel":"","context":"\u00c4hnlicher Beitrag","block_context":{"text":"\u00c4hnlicher Beitrag","link":""},"img":{"alt_text":"","src":"https:\/\/i0.wp.com\/cottbus-crayfish.de\/shop\/wp-content\/uploads\/sites\/4\/2024\/11\/Ohranhaenger_SUB-tropfen_uebersicht.webp?fit=1000%2C1000&ssl=1&resize=350%2C200","width":350,"height":200,"srcset":"https:\/\/i0.wp.com\/cottbus-crayfish.de\/shop\/wp-content\/uploads\/sites\/4\/2024\/11\/Ohranhaenger_SUB-tropfen_uebersicht.webp?fit=1000%2C1000&ssl=1&resize=350%2C200 1x, https:\/\/i0.wp.com\/cottbus-crayfish.de\/shop\/wp-content\/uploads\/sites\/4\/2024\/11\/Ohranhaenger_SUB-tropfen_uebersicht.webp?fit=1000%2C1000&ssl=1&resize=525%2C300 1.5x, https:\/\/i0.wp.com\/cottbus-crayfish.de\/shop\/wp-content\/uploads\/sites\/4\/2024\/11\/Ohranhaenger_SUB-tropfen_uebersicht.webp?fit=1000%2C1000&ssl=1&resize=700%2C400 2x"},"classes":[]},{"id":4038,"url":"https:\/\/cottbus-crayfish.de\/shop\/produkt\/ohranhaenger-sub-cottbus-crayfish-rund\/","url_meta":{"origin":7198,"position":2},"title":"Ohranh\u00e4nger Crayfish (rund)","author":"Bj\u00f6rn W\u00f6hrle","date":"5. November 2024","format":false,"excerpt":"Ohranh\u00e4nger mit Sublimationsdruck - beidseitig - rund Metalring und Metallhacken f\u00fcr Ohrloch","rel":"","context":"\u00c4hnlicher Beitrag","block_context":{"text":"\u00c4hnlicher Beitrag","link":""},"img":{"alt_text":"","src":"https:\/\/i0.wp.com\/cottbus-crayfish.de\/shop\/wp-content\/uploads\/sites\/4\/2024\/11\/Ohranhaenger_SUB-rund_uebersicht.webp?fit=1000%2C1000&ssl=1&resize=350%2C200","width":350,"height":200,"srcset":"https:\/\/i0.wp.com\/cottbus-crayfish.de\/shop\/wp-content\/uploads\/sites\/4\/2024\/11\/Ohranhaenger_SUB-rund_uebersicht.webp?fit=1000%2C1000&ssl=1&resize=350%2C200 1x, https:\/\/i0.wp.com\/cottbus-crayfish.de\/shop\/wp-content\/uploads\/sites\/4\/2024\/11\/Ohranhaenger_SUB-rund_uebersicht.webp?fit=1000%2C1000&ssl=1&resize=525%2C300 1.5x, https:\/\/i0.wp.com\/cottbus-crayfish.de\/shop\/wp-content\/uploads\/sites\/4\/2024\/11\/Ohranhaenger_SUB-rund_uebersicht.webp?fit=1000%2C1000&ssl=1&resize=700%2C400 2x"},"classes":[]},{"id":4058,"url":"https:\/\/cottbus-crayfish.de\/shop\/produkt\/ohrclips-cottbus-crayfish-rund\/","url_meta":{"origin":7198,"position":3},"title":"Ohrclips Crayfish (rund)","author":"Bj\u00f6rn W\u00f6hrle","date":"7. November 2024","format":false,"excerpt":"Ohrclips mit Logo Cottbus Crayfish - rund Metallclips (keine L\u00f6cher notwendig)","rel":"","context":"\u00c4hnlicher Beitrag","block_context":{"text":"\u00c4hnlicher Beitrag","link":""},"img":{"alt_text":"","src":"https:\/\/i0.wp.com\/cottbus-crayfish.de\/shop\/wp-content\/uploads\/sites\/4\/2024\/11\/Ohrclips_Draufsicht.webp?fit=1000%2C1000&ssl=1&resize=350%2C200","width":350,"height":200,"srcset":"https:\/\/i0.wp.com\/cottbus-crayfish.de\/shop\/wp-content\/uploads\/sites\/4\/2024\/11\/Ohrclips_Draufsicht.webp?fit=1000%2C1000&ssl=1&resize=350%2C200 1x, https:\/\/i0.wp.com\/cottbus-crayfish.de\/shop\/wp-content\/uploads\/sites\/4\/2024\/11\/Ohrclips_Draufsicht.webp?fit=1000%2C1000&ssl=1&resize=525%2C300 1.5x, https:\/\/i0.wp.com\/cottbus-crayfish.de\/shop\/wp-content\/uploads\/sites\/4\/2024\/11\/Ohrclips_Draufsicht.webp?fit=1000%2C1000&ssl=1&resize=700%2C400 2x"},"classes":[]},{"id":7178,"url":"https:\/\/cottbus-crayfish.de\/shop\/produkt\/schluesselanhaenger-beige\/","url_meta":{"origin":7198,"position":4},"title":"Schl\u00fcsselanh\u00e4nger beige (rund)","author":"Bj\u00f6rn W\u00f6hrle","date":"23. April 2026","format":false,"excerpt":"Schl\u00fcsselanh\u00e4nger mit Sublimationsdruck - beige - Schl\u00fcsselring aus Metall","rel":"","context":"\u00c4hnlicher Beitrag","block_context":{"text":"\u00c4hnlicher Beitrag","link":""},"img":{"alt_text":"","src":"https:\/\/i0.wp.com\/cottbus-crayfish.de\/shop\/wp-content\/uploads\/sites\/4\/2026\/04\/20260423_175702.webp?fit=1200%2C1200&ssl=1&resize=350%2C200","width":350,"height":200,"srcset":"https:\/\/i0.wp.com\/cottbus-crayfish.de\/shop\/wp-content\/uploads\/sites\/4\/2026\/04\/20260423_175702.webp?fit=1200%2C1200&ssl=1&resize=350%2C200 1x, https:\/\/i0.wp.com\/cottbus-crayfish.de\/shop\/wp-content\/uploads\/sites\/4\/2026\/04\/20260423_175702.webp?fit=1200%2C1200&ssl=1&resize=525%2C300 1.5x, https:\/\/i0.wp.com\/cottbus-crayfish.de\/shop\/wp-content\/uploads\/sites\/4\/2026\/04\/20260423_175702.webp?fit=1200%2C1200&ssl=1&resize=700%2C400 2x, https:\/\/i0.wp.com\/cottbus-crayfish.de\/shop\/wp-content\/uploads\/sites\/4\/2026\/04\/20260423_175702.webp?fit=1200%2C1200&ssl=1&resize=1050%2C600 3x"},"classes":[]},{"id":5163,"url":"https:\/\/cottbus-crayfish.de\/shop\/produkt\/t-shirt-mit-schwarzem-schriftzug\/","url_meta":{"origin":7198,"position":5},"title":"T-Shirt mit schwarzem Schriftzug","author":"Bj\u00f6rn W\u00f6hrle","date":"6. Juni 2025","format":false,"excerpt":"Schwarzes T-Shirt mit schwarzer Schrift \"Cottbus Crayfish - American Football\" die Schrift ist farblich leicht abgesetzt","rel":"","context":"\u00c4hnlicher Beitrag","block_context":{"text":"\u00c4hnlicher Beitrag","link":""},"img":{"alt_text":"","src":"https:\/\/i0.wp.com\/cottbus-crayfish.de\/shop\/wp-content\/uploads\/sites\/4\/2025\/06\/Bildschirmfoto-2025-04-25-um-22.56.59.webp?fit=1200%2C1102&ssl=1&resize=350%2C200","width":350,"height":200,"srcset":"https:\/\/i0.wp.com\/cottbus-crayfish.de\/shop\/wp-content\/uploads\/sites\/4\/2025\/06\/Bildschirmfoto-2025-04-25-um-22.56.59.webp?fit=1200%2C1102&ssl=1&resize=350%2C200 1x, https:\/\/i0.wp.com\/cottbus-crayfish.de\/shop\/wp-content\/uploads\/sites\/4\/2025\/06\/Bildschirmfoto-2025-04-25-um-22.56.59.webp?fit=1200%2C1102&ssl=1&resize=525%2C300 1.5x, https:\/\/i0.wp.com\/cottbus-crayfish.de\/shop\/wp-content\/uploads\/sites\/4\/2025\/06\/Bildschirmfoto-2025-04-25-um-22.56.59.webp?fit=1200%2C1102&ssl=1&resize=700%2C400 2x, https:\/\/i0.wp.com\/cottbus-crayfish.de\/shop\/wp-content\/uploads\/sites\/4\/2025\/06\/Bildschirmfoto-2025-04-25-um-22.56.59.webp?fit=1200%2C1102&ssl=1&resize=1050%2C600 3x"},"classes":[]}],"jetpack_sharing_enabled":false,"_links":{"self":[{"href":"https:\/\/cottbus-crayfish.de\/shop\/wp-json\/wp\/v2\/product\/7198","targetHints":{"allow":["GET"]}}],"collection":[{"href":"https:\/\/cottbus-crayfish.de\/shop\/wp-json\/wp\/v2\/product"}],"about":[{"href":"https:\/\/cottbus-crayfish.de\/shop\/wp-json\/wp\/v2\/types\/product"}],"author":[{"embeddable":true,"href":"https:\/\/cottbus-crayfish.de\/shop\/wp-json\/wp\/v2\/users\/2"}],"wp:featuredmedia":[{"embeddable":true,"href":"https:\/\/cottbus-crayfish.de\/shop\/wp-json\/wp\/v2\/media\/7199"}],"wp:attachment":[{"href":"https:\/\/cottbus-crayfish.de\/shop\/wp-json\/wp\/v2\/media?parent=7198"}],"wp:term":[{"taxonomy":"product_brand","embeddable":true,"href":"https:\/\/cottbus-crayfish.de\/shop\/wp-json\/wp\/v2\/product_brand?post=7198"},{"taxonomy":"product_cat","embeddable":true,"href":"https:\/\/cottbus-crayfish.de\/shop\/wp-json\/wp\/v2\/product_cat?post=7198"},{"taxonomy":"product_tag","embeddable":true,"href":"https:\/\/cottbus-crayfish.de\/shop\/wp-json\/wp\/v2\/product_tag?post=7198"}],"curies":[{"name":"wp","href":"https:\/\/api.w.org\/{rel}","templated":true}]}}