{"id":7200,"date":"2026-04-23T22:29:54","date_gmt":"2026-04-23T20:29:54","guid":{"rendered":"https:\/\/cottbus-crayfish.de\/shop\/?post_type=product&#038;p=7200"},"modified":"2026-04-27T22:31:37","modified_gmt":"2026-04-27T20:31:37","slug":"handtuch-weiss-mit-logo","status":"publish","type":"product","link":"https:\/\/cottbus-crayfish.de\/shop\/produkt\/handtuch-weiss-mit-logo\/","title":{"rendered":"Handtuch wei\u00df mit Logo"},"content":{"rendered":"<div class=\"wpb-content-wrapper\"><p>[vc_row][vc_column][vc_column_text css=&#8220;&#8220;]<span style=\"color: #000000;\">Produktbeschreibung folgt &#8230;<\/span>[\/vc_column_text][\/vc_column][\/vc_row]<\/p>\n<\/div>","protected":false},"excerpt":{"rendered":"<p>Handtuch wei\u00df mit Logo<\/p>\n","protected":false},"author":2,"featured_media":7201,"template":"","meta":{"_acf_changed":false},"product_brand":[],"product_cat":[577],"product_tag":[417,418,446,470,544,591],"class_list":{"0":"post-7200","1":"product","2":"type-product","3":"status-publish","4":"has-post-thumbnail","6":"product_cat-fanartikel","7":"product_tag-rot-weiss","8":"product_tag-fanwear","9":"product_tag-rot-und-weiss","10":"product_tag-logo","11":"product_tag-saison-2026","12":"product_tag-handtuch","13":"product_shipping_class-versandtasche-1000","14":"","16":"first","17":"instock","18":"taxable","19":"shipping-taxable","20":"purchasable","21":"product-type-simple"},"acf":[],"jetpack-related-posts":[{"id":4063,"url":"https:\/\/cottbus-crayfish.de\/shop\/produkt\/silikonhandschuh-cottbus-crayfish-schnipp-schnapp\/","url_meta":{"origin":7200,"position":0},"title":"Silikonhandschuh Crayfish schnipp schnapp","author":"Bj\u00f6rn W\u00f6hrle","date":"7. November 2024","format":false,"excerpt":"Silikonhandschuh in Krebscherenform mit Logo und Schrift rot\/orange mit weisser Schrift","rel":"","context":"\u00c4hnlicher Beitrag","block_context":{"text":"\u00c4hnlicher Beitrag","link":""},"img":{"alt_text":"","src":"https:\/\/i0.wp.com\/cottbus-crayfish.de\/shop\/wp-content\/uploads\/sites\/4\/2024\/11\/Silikonhandschuh_Krebsscherenform.webp?fit=1000%2C1000&ssl=1&resize=350%2C200","width":350,"height":200,"srcset":"https:\/\/i0.wp.com\/cottbus-crayfish.de\/shop\/wp-content\/uploads\/sites\/4\/2024\/11\/Silikonhandschuh_Krebsscherenform.webp?fit=1000%2C1000&ssl=1&resize=350%2C200 1x, https:\/\/i0.wp.com\/cottbus-crayfish.de\/shop\/wp-content\/uploads\/sites\/4\/2024\/11\/Silikonhandschuh_Krebsscherenform.webp?fit=1000%2C1000&ssl=1&resize=525%2C300 1.5x, https:\/\/i0.wp.com\/cottbus-crayfish.de\/shop\/wp-content\/uploads\/sites\/4\/2024\/11\/Silikonhandschuh_Krebsscherenform.webp?fit=1000%2C1000&ssl=1&resize=700%2C400 2x"},"classes":[]},{"id":4915,"url":"https:\/\/cottbus-crayfish.de\/shop\/produkt\/hand-glocke-mit-griff-rot\/","url_meta":{"origin":7200,"position":1},"title":"Hand Glocke mit Griff &#8211; rot","author":"Bj\u00f6rn W\u00f6hrle","date":"22. Mai 2025","format":false,"excerpt":"Handglocke rot, mit Griff und Logo","rel":"","context":"\u00c4hnlicher Beitrag","block_context":{"text":"\u00c4hnlicher Beitrag","link":""},"img":{"alt_text":"","src":"https:\/\/i0.wp.com\/cottbus-crayfish.de\/shop\/wp-content\/uploads\/sites\/4\/2025\/05\/Handglocke_rot_Seite-scaled.webp?fit=900%2C1200&ssl=1&resize=350%2C200","width":350,"height":200,"srcset":"https:\/\/i0.wp.com\/cottbus-crayfish.de\/shop\/wp-content\/uploads\/sites\/4\/2025\/05\/Handglocke_rot_Seite-scaled.webp?fit=900%2C1200&ssl=1&resize=350%2C200 1x, https:\/\/i0.wp.com\/cottbus-crayfish.de\/shop\/wp-content\/uploads\/sites\/4\/2025\/05\/Handglocke_rot_Seite-scaled.webp?fit=900%2C1200&ssl=1&resize=525%2C300 1.5x, https:\/\/i0.wp.com\/cottbus-crayfish.de\/shop\/wp-content\/uploads\/sites\/4\/2025\/05\/Handglocke_rot_Seite-scaled.webp?fit=900%2C1200&ssl=1&resize=700%2C400 2x"},"classes":[]},{"id":5122,"url":"https:\/\/cottbus-crayfish.de\/shop\/produkt\/luftdruck-fanfare-air-horn\/","url_meta":{"origin":7200,"position":2},"title":"Luftdruck-Fanfare Air Horn (klein)","author":"Bj\u00f6rn W\u00f6hrle","date":"5. Juni 2025","format":false,"excerpt":"Luftdruck-Fanfare Air Horn Extrem Laut bedruckt mit Logo und schwarzem Schriftzug","rel":"","context":"\u00c4hnlicher Beitrag","block_context":{"text":"\u00c4hnlicher Beitrag","link":""},"img":{"alt_text":"","src":"https:\/\/i0.wp.com\/cottbus-crayfish.de\/shop\/wp-content\/uploads\/sites\/4\/2025\/06\/Luftdruck-Fanfare-Air-Horn.webp?fit=1200%2C1200&ssl=1&resize=350%2C200","width":350,"height":200,"srcset":"https:\/\/i0.wp.com\/cottbus-crayfish.de\/shop\/wp-content\/uploads\/sites\/4\/2025\/06\/Luftdruck-Fanfare-Air-Horn.webp?fit=1200%2C1200&ssl=1&resize=350%2C200 1x, https:\/\/i0.wp.com\/cottbus-crayfish.de\/shop\/wp-content\/uploads\/sites\/4\/2025\/06\/Luftdruck-Fanfare-Air-Horn.webp?fit=1200%2C1200&ssl=1&resize=525%2C300 1.5x, https:\/\/i0.wp.com\/cottbus-crayfish.de\/shop\/wp-content\/uploads\/sites\/4\/2025\/06\/Luftdruck-Fanfare-Air-Horn.webp?fit=1200%2C1200&ssl=1&resize=700%2C400 2x, https:\/\/i0.wp.com\/cottbus-crayfish.de\/shop\/wp-content\/uploads\/sites\/4\/2025\/06\/Luftdruck-Fanfare-Air-Horn.webp?fit=1200%2C1200&ssl=1&resize=1050%2C600 3x"},"classes":[]},{"id":5994,"url":"https:\/\/cottbus-crayfish.de\/shop\/produkt\/schwarzes-polo-shirt-mit-weisser-logo-krebs-partner-logo-saison-2024\/","url_meta":{"origin":7200,"position":3},"title":"Schwarzes Polo-Shirt mit weisser Logo Krebs &#038; Partner Logo &#8211; Saison 2024","author":"Bj\u00f6rn W\u00f6hrle","date":"20. November 2025","format":false,"excerpt":"Schwarzes Polo-Shirt mit weisser Logo Krebs & Partner Logo - Saison 2024 Ausschnitt mit Kn\u00f6pfen","rel":"","context":"\u00c4hnlicher Beitrag","block_context":{"text":"\u00c4hnlicher Beitrag","link":""},"img":{"alt_text":"","src":"https:\/\/i0.wp.com\/cottbus-crayfish.de\/shop\/wp-content\/uploads\/sites\/4\/2025\/11\/rechte-Brustseite-polo-schwarz.webp?fit=1181%2C1200&ssl=1&resize=350%2C200","width":350,"height":200,"srcset":"https:\/\/i0.wp.com\/cottbus-crayfish.de\/shop\/wp-content\/uploads\/sites\/4\/2025\/11\/rechte-Brustseite-polo-schwarz.webp?fit=1181%2C1200&ssl=1&resize=350%2C200 1x, https:\/\/i0.wp.com\/cottbus-crayfish.de\/shop\/wp-content\/uploads\/sites\/4\/2025\/11\/rechte-Brustseite-polo-schwarz.webp?fit=1181%2C1200&ssl=1&resize=525%2C300 1.5x, https:\/\/i0.wp.com\/cottbus-crayfish.de\/shop\/wp-content\/uploads\/sites\/4\/2025\/11\/rechte-Brustseite-polo-schwarz.webp?fit=1181%2C1200&ssl=1&resize=700%2C400 2x, https:\/\/i0.wp.com\/cottbus-crayfish.de\/shop\/wp-content\/uploads\/sites\/4\/2025\/11\/rechte-Brustseite-polo-schwarz.webp?fit=1181%2C1200&ssl=1&resize=1050%2C600 3x"},"classes":[]},{"id":5153,"url":"https:\/\/cottbus-crayfish.de\/shop\/produkt\/schwarzer-hoodie-mit-schrift-und-logo\/","url_meta":{"origin":7200,"position":4},"title":"Schwarzer Hoodie mit Schrift und Logo","author":"Bj\u00f6rn W\u00f6hrle","date":"6. Juni 2025","format":false,"excerpt":"Schwarzer Hoodie mit weisser Schrift \"Cottbus Crayfish\" und rot\/wei\u00dfem Crayfish-Logo mit Kapuze und Zugb\u00e4ndern","rel":"","context":"\u00c4hnlicher Beitrag","block_context":{"text":"\u00c4hnlicher Beitrag","link":""},"img":{"alt_text":"","src":"https:\/\/i0.wp.com\/cottbus-crayfish.de\/shop\/wp-content\/uploads\/sites\/4\/2025\/06\/Bildschirmfoto-2025-04-25-um-23.48.29.webp?fit=1200%2C1110&ssl=1&resize=350%2C200","width":350,"height":200,"srcset":"https:\/\/i0.wp.com\/cottbus-crayfish.de\/shop\/wp-content\/uploads\/sites\/4\/2025\/06\/Bildschirmfoto-2025-04-25-um-23.48.29.webp?fit=1200%2C1110&ssl=1&resize=350%2C200 1x, https:\/\/i0.wp.com\/cottbus-crayfish.de\/shop\/wp-content\/uploads\/sites\/4\/2025\/06\/Bildschirmfoto-2025-04-25-um-23.48.29.webp?fit=1200%2C1110&ssl=1&resize=525%2C300 1.5x, https:\/\/i0.wp.com\/cottbus-crayfish.de\/shop\/wp-content\/uploads\/sites\/4\/2025\/06\/Bildschirmfoto-2025-04-25-um-23.48.29.webp?fit=1200%2C1110&ssl=1&resize=700%2C400 2x, https:\/\/i0.wp.com\/cottbus-crayfish.de\/shop\/wp-content\/uploads\/sites\/4\/2025\/06\/Bildschirmfoto-2025-04-25-um-23.48.29.webp?fit=1200%2C1110&ssl=1&resize=1050%2C600 3x"},"classes":[]},{"id":5935,"url":"https:\/\/cottbus-crayfish.de\/shop\/produkt\/magnete-mit-logo-cottbus-crayfish\/","url_meta":{"origin":7200,"position":5},"title":"Magnet mit Crayfish (rund)","author":"Bj\u00f6rn W\u00f6hrle","date":"6. November 2025","format":false,"excerpt":"Magnet rund mit Logo Cottbus Crayfish rot & weiss mit Durchmesser 5cm","rel":"","context":"\u00c4hnlicher Beitrag","block_context":{"text":"\u00c4hnlicher Beitrag","link":""},"img":{"alt_text":"","src":"https:\/\/i0.wp.com\/cottbus-crayfish.de\/shop\/wp-content\/uploads\/sites\/4\/2025\/11\/Magnete-rund-5cm.webp?fit=1000%2C863&ssl=1&resize=350%2C200","width":350,"height":200,"srcset":"https:\/\/i0.wp.com\/cottbus-crayfish.de\/shop\/wp-content\/uploads\/sites\/4\/2025\/11\/Magnete-rund-5cm.webp?fit=1000%2C863&ssl=1&resize=350%2C200 1x, https:\/\/i0.wp.com\/cottbus-crayfish.de\/shop\/wp-content\/uploads\/sites\/4\/2025\/11\/Magnete-rund-5cm.webp?fit=1000%2C863&ssl=1&resize=525%2C300 1.5x, https:\/\/i0.wp.com\/cottbus-crayfish.de\/shop\/wp-content\/uploads\/sites\/4\/2025\/11\/Magnete-rund-5cm.webp?fit=1000%2C863&ssl=1&resize=700%2C400 2x"},"classes":[]}],"jetpack_sharing_enabled":false,"_links":{"self":[{"href":"https:\/\/cottbus-crayfish.de\/shop\/wp-json\/wp\/v2\/product\/7200","targetHints":{"allow":["GET"]}}],"collection":[{"href":"https:\/\/cottbus-crayfish.de\/shop\/wp-json\/wp\/v2\/product"}],"about":[{"href":"https:\/\/cottbus-crayfish.de\/shop\/wp-json\/wp\/v2\/types\/product"}],"author":[{"embeddable":true,"href":"https:\/\/cottbus-crayfish.de\/shop\/wp-json\/wp\/v2\/users\/2"}],"wp:featuredmedia":[{"embeddable":true,"href":"https:\/\/cottbus-crayfish.de\/shop\/wp-json\/wp\/v2\/media\/7201"}],"wp:attachment":[{"href":"https:\/\/cottbus-crayfish.de\/shop\/wp-json\/wp\/v2\/media?parent=7200"}],"wp:term":[{"taxonomy":"product_brand","embeddable":true,"href":"https:\/\/cottbus-crayfish.de\/shop\/wp-json\/wp\/v2\/product_brand?post=7200"},{"taxonomy":"product_cat","embeddable":true,"href":"https:\/\/cottbus-crayfish.de\/shop\/wp-json\/wp\/v2\/product_cat?post=7200"},{"taxonomy":"product_tag","embeddable":true,"href":"https:\/\/cottbus-crayfish.de\/shop\/wp-json\/wp\/v2\/product_tag?post=7200"}],"curies":[{"name":"wp","href":"https:\/\/api.w.org\/{rel}","templated":true}]}}