{"id":7202,"date":"2026-04-23T22:45:46","date_gmt":"2026-04-23T20:45:46","guid":{"rendered":"https:\/\/cottbus-crayfish.de\/shop\/?post_type=product&#038;p=7202"},"modified":"2026-04-27T22:31:24","modified_gmt":"2026-04-27T20:31:24","slug":"crayfish-wandbanner-rot-weiss","status":"publish","type":"product","link":"https:\/\/cottbus-crayfish.de\/shop\/produkt\/crayfish-wandbanner-rot-weiss\/","title":{"rendered":"Crayfish Wandbanner rot &#038; wei\u00df"},"content":{"rendered":"<div class=\"wpb-content-wrapper\"><p>[vc_row][vc_column][vc_column_text css=&#8220;&#8220;]<span style=\"color: #000000;\">Produktbeschreibung folgt &#8230;<\/span>[\/vc_column_text][\/vc_column][\/vc_row]<\/p>\n<\/div>","protected":false},"excerpt":{"rendered":"<p>Crayfish Wandbanner<\/p>\n","protected":false},"author":2,"featured_media":7203,"template":"","meta":{"_acf_changed":false},"product_brand":[],"product_cat":[577],"product_tag":[417,470,479,544,592,593,594],"class_list":{"0":"post-7202","1":"product","2":"type-product","3":"status-publish","4":"has-post-thumbnail","6":"product_cat-fanartikel","7":"product_tag-rot-weiss","8":"product_tag-logo","9":"product_tag-fahne","10":"product_tag-saison-2026","11":"product_tag-cottbus-crayfish","12":"product_tag-wandbanner","13":"product_tag-dekoration","14":"product_shipping_class-versandtasche-1000","15":"","17":"first","18":"instock","19":"taxable","20":"shipping-taxable","21":"purchasable","22":"product-type-simple"},"acf":[],"jetpack-related-posts":[{"id":7204,"url":"https:\/\/cottbus-crayfish.de\/shop\/produkt\/crayfish-wanduhr-mit-logo\/","url_meta":{"origin":7202,"position":0},"title":"Crayfish Wanduhr mit Logo","author":"Bj\u00f6rn W\u00f6hrle","date":"23. April 2026","format":false,"excerpt":"Crayfish Wanduhr mit Logo","rel":"","context":"\u00c4hnlicher Beitrag","block_context":{"text":"\u00c4hnlicher Beitrag","link":""},"img":{"alt_text":"","src":"https:\/\/i0.wp.com\/cottbus-crayfish.de\/shop\/wp-content\/uploads\/sites\/4\/2026\/04\/20260423_224745.webp?fit=1200%2C1200&ssl=1&resize=350%2C200","width":350,"height":200,"srcset":"https:\/\/i0.wp.com\/cottbus-crayfish.de\/shop\/wp-content\/uploads\/sites\/4\/2026\/04\/20260423_224745.webp?fit=1200%2C1200&ssl=1&resize=350%2C200 1x, https:\/\/i0.wp.com\/cottbus-crayfish.de\/shop\/wp-content\/uploads\/sites\/4\/2026\/04\/20260423_224745.webp?fit=1200%2C1200&ssl=1&resize=525%2C300 1.5x, https:\/\/i0.wp.com\/cottbus-crayfish.de\/shop\/wp-content\/uploads\/sites\/4\/2026\/04\/20260423_224745.webp?fit=1200%2C1200&ssl=1&resize=700%2C400 2x, https:\/\/i0.wp.com\/cottbus-crayfish.de\/shop\/wp-content\/uploads\/sites\/4\/2026\/04\/20260423_224745.webp?fit=1200%2C1200&ssl=1&resize=1050%2C600 3x"},"classes":[]},{"id":6086,"url":"https:\/\/cottbus-crayfish.de\/shop\/produkt\/1-spiel-tagesticket-freikarte-cottbus-crayfish-vs-chemnitz-crusaders\/","url_meta":{"origin":7202,"position":1},"title":"Freikarte &#8211; Cottbus Crayfish vs. Chemnitz Crusaders","author":"Bj\u00f6rn W\u00f6hrle","date":"18. Februar 2026","format":false,"excerpt":"Tagesticket Freikarte \u2013 Cottbus Crayfish vs.Chemnitz Crusaders \ud83c\udfc8\ud83d\udd25 Saisonauftakt 2026 | Regionalliga Ost Erlebe mit uns den gro\u00dfen Saisonauftakt der Cottbus Crayfish! Am 25. April 2026 geht es im Sportzentrum Cottbus hei\u00df her, wenn die Crayfish auf die Chemnitz Crusaders\u00a0treffen.","rel":"","context":"\u00c4hnlicher Beitrag","block_context":{"text":"\u00c4hnlicher Beitrag","link":""},"img":{"alt_text":"","src":"https:\/\/i0.wp.com\/cottbus-crayfish.de\/shop\/wp-content\/uploads\/sites\/4\/2026\/02\/1-Spiel-FK-Chemnitz.webp?fit=1080%2C1080&ssl=1&resize=350%2C200","width":350,"height":200,"srcset":"https:\/\/i0.wp.com\/cottbus-crayfish.de\/shop\/wp-content\/uploads\/sites\/4\/2026\/02\/1-Spiel-FK-Chemnitz.webp?fit=1080%2C1080&ssl=1&resize=350%2C200 1x, https:\/\/i0.wp.com\/cottbus-crayfish.de\/shop\/wp-content\/uploads\/sites\/4\/2026\/02\/1-Spiel-FK-Chemnitz.webp?fit=1080%2C1080&ssl=1&resize=525%2C300 1.5x, https:\/\/i0.wp.com\/cottbus-crayfish.de\/shop\/wp-content\/uploads\/sites\/4\/2026\/02\/1-Spiel-FK-Chemnitz.webp?fit=1080%2C1080&ssl=1&resize=700%2C400 2x, https:\/\/i0.wp.com\/cottbus-crayfish.de\/shop\/wp-content\/uploads\/sites\/4\/2026\/02\/1-Spiel-FK-Chemnitz.webp?fit=1080%2C1080&ssl=1&resize=1050%2C600 3x"},"classes":[]},{"id":6087,"url":"https:\/\/cottbus-crayfish.de\/shop\/produkt\/1-spiel-tagesticket-vip-freikarte-cottbus-crayfish-vs-chemnitz-crusaders\/","url_meta":{"origin":7202,"position":2},"title":"VIP-Freikarte &#8211; Cottbus Crayfish vs. Chemnitz Crusaders","author":"Bj\u00f6rn W\u00f6hrle","date":"18. Februar 2026","format":false,"excerpt":"Tagesticket VIP-Freikarte \u2013 Cottbus Crayfish vs.Chemnitz Crusaders \ud83c\udfc8\ud83d\udd25 Saisonauftakt 2026 | Regionalliga Ost Erlebe mit uns den gro\u00dfen Saisonauftakt der Cottbus Crayfish! Am 25. April 2026 geht es im Sportzentrum Cottbus hei\u00df her, wenn die Crayfish auf die Chemnitz Crusaders\u00a0treffen.","rel":"","context":"\u00c4hnlicher Beitrag","block_context":{"text":"\u00c4hnlicher Beitrag","link":""},"img":{"alt_text":"","src":"https:\/\/i0.wp.com\/cottbus-crayfish.de\/shop\/wp-content\/uploads\/sites\/4\/2026\/02\/1-Spiel-VIP_FK-Chemnitz.webp?fit=1080%2C1080&ssl=1&resize=350%2C200","width":350,"height":200,"srcset":"https:\/\/i0.wp.com\/cottbus-crayfish.de\/shop\/wp-content\/uploads\/sites\/4\/2026\/02\/1-Spiel-VIP_FK-Chemnitz.webp?fit=1080%2C1080&ssl=1&resize=350%2C200 1x, https:\/\/i0.wp.com\/cottbus-crayfish.de\/shop\/wp-content\/uploads\/sites\/4\/2026\/02\/1-Spiel-VIP_FK-Chemnitz.webp?fit=1080%2C1080&ssl=1&resize=525%2C300 1.5x, https:\/\/i0.wp.com\/cottbus-crayfish.de\/shop\/wp-content\/uploads\/sites\/4\/2026\/02\/1-Spiel-VIP_FK-Chemnitz.webp?fit=1080%2C1080&ssl=1&resize=700%2C400 2x, https:\/\/i0.wp.com\/cottbus-crayfish.de\/shop\/wp-content\/uploads\/sites\/4\/2026\/02\/1-Spiel-VIP_FK-Chemnitz.webp?fit=1080%2C1080&ssl=1&resize=1050%2C600 3x"},"classes":[]},{"id":6099,"url":"https:\/\/cottbus-crayfish.de\/shop\/produkt\/4-spiel-tagesticket-freikarte-cottbus-crayfish-vs-erfurt-indigos-2026\/","url_meta":{"origin":7202,"position":3},"title":"Freikarte &#8211; Cottbus Crayfish vs. Erfurt Indigos","author":"Bj\u00f6rn W\u00f6hrle","date":"19. Februar 2026","format":false,"excerpt":"Tagesticket Freikarte \u2013 Cottbus Crayfish vs. Erfurt Indigos \ud83c\udfc8\ud83d\udd25 4. Spieltag 2026 | Regionalliga Ost Erlebe mit uns den 4. Spieltag der Cottbus Crayfish! Am 27. Juni 2026 geht es im Sportzentrum Cottbus hei\u00df her, wenn die Crayfish auf die Erfurt Indigos treffen.","rel":"","context":"\u00c4hnlicher Beitrag","block_context":{"text":"\u00c4hnlicher Beitrag","link":""},"img":{"alt_text":"","src":"https:\/\/i0.wp.com\/cottbus-crayfish.de\/shop\/wp-content\/uploads\/sites\/4\/2026\/02\/4-Spiel-FK-Indigos.webp?fit=1080%2C1080&ssl=1&resize=350%2C200","width":350,"height":200,"srcset":"https:\/\/i0.wp.com\/cottbus-crayfish.de\/shop\/wp-content\/uploads\/sites\/4\/2026\/02\/4-Spiel-FK-Indigos.webp?fit=1080%2C1080&ssl=1&resize=350%2C200 1x, https:\/\/i0.wp.com\/cottbus-crayfish.de\/shop\/wp-content\/uploads\/sites\/4\/2026\/02\/4-Spiel-FK-Indigos.webp?fit=1080%2C1080&ssl=1&resize=525%2C300 1.5x, https:\/\/i0.wp.com\/cottbus-crayfish.de\/shop\/wp-content\/uploads\/sites\/4\/2026\/02\/4-Spiel-FK-Indigos.webp?fit=1080%2C1080&ssl=1&resize=700%2C400 2x, https:\/\/i0.wp.com\/cottbus-crayfish.de\/shop\/wp-content\/uploads\/sites\/4\/2026\/02\/4-Spiel-FK-Indigos.webp?fit=1080%2C1080&ssl=1&resize=1050%2C600 3x"},"classes":[]},{"id":6090,"url":"https:\/\/cottbus-crayfish.de\/shop\/produkt\/2-spiel-tagesticket-freikarte-cottbus-crayfish-vs-halle-falken-2026\/","url_meta":{"origin":7202,"position":4},"title":"Freikarte &#8211; Cottbus Crayfish vs. Halle Falken","author":"Bj\u00f6rn W\u00f6hrle","date":"18. Februar 2026","format":false,"excerpt":"Tagesticket Freikarte \u2013 Cottbus Crayfish vs. Halle Falken \ud83c\udfc8\ud83d\udd25 2. Spieltag 2026 | Regionalliga Ost Erlebe mit uns den 2. Spieltag der Cottbus Crayfish! Am 02. Mai 2026 geht es im Sportzentrum Cottbus hei\u00df her, wenn die Crayfish auf die Halle Falken\u00a0treffen.","rel":"","context":"\u00c4hnlicher Beitrag","block_context":{"text":"\u00c4hnlicher Beitrag","link":""},"img":{"alt_text":"","src":"https:\/\/i0.wp.com\/cottbus-crayfish.de\/shop\/wp-content\/uploads\/sites\/4\/2026\/02\/2-Spiel-FK-Falken.webp?fit=1080%2C1080&ssl=1&resize=350%2C200","width":350,"height":200,"srcset":"https:\/\/i0.wp.com\/cottbus-crayfish.de\/shop\/wp-content\/uploads\/sites\/4\/2026\/02\/2-Spiel-FK-Falken.webp?fit=1080%2C1080&ssl=1&resize=350%2C200 1x, https:\/\/i0.wp.com\/cottbus-crayfish.de\/shop\/wp-content\/uploads\/sites\/4\/2026\/02\/2-Spiel-FK-Falken.webp?fit=1080%2C1080&ssl=1&resize=525%2C300 1.5x, https:\/\/i0.wp.com\/cottbus-crayfish.de\/shop\/wp-content\/uploads\/sites\/4\/2026\/02\/2-Spiel-FK-Falken.webp?fit=1080%2C1080&ssl=1&resize=700%2C400 2x, https:\/\/i0.wp.com\/cottbus-crayfish.de\/shop\/wp-content\/uploads\/sites\/4\/2026\/02\/2-Spiel-FK-Falken.webp?fit=1080%2C1080&ssl=1&resize=1050%2C600 3x"},"classes":[]},{"id":6095,"url":"https:\/\/cottbus-crayfish.de\/shop\/produkt\/3-spiel-tagesticket-vip-freikarte-cottbus-crayfish-vs-magdeburg-virgin-guards\/","url_meta":{"origin":7202,"position":5},"title":"VIP-Freikarte &#8211; Cottbus Crayfish vs. Magdeburg Virgin Guards","author":"Bj\u00f6rn W\u00f6hrle","date":"19. Februar 2026","format":false,"excerpt":"Tagesticket VIP-Freikarte \u2013 Cottbus Crayfish vs.Magdeburg Virgin Guards \ud83c\udfc8\ud83d\udd25 3. Spieltag 2026 | Regionalliga Ost Erlebe mit uns den 3. Spieltag der Cottbus Crayfish! Am 14. Juni 2026 geht es im Sportzentrum Cottbus hei\u00df her, wenn die Crayfish auf die Magdeburg Virgin Guards treffen.","rel":"","context":"\u00c4hnlicher Beitrag","block_context":{"text":"\u00c4hnlicher Beitrag","link":""},"img":{"alt_text":"","src":"https:\/\/i0.wp.com\/cottbus-crayfish.de\/shop\/wp-content\/uploads\/sites\/4\/2026\/02\/3-Spiel-VIP_FK-Virgin-Guards.webp?fit=1080%2C1080&ssl=1&resize=350%2C200","width":350,"height":200,"srcset":"https:\/\/i0.wp.com\/cottbus-crayfish.de\/shop\/wp-content\/uploads\/sites\/4\/2026\/02\/3-Spiel-VIP_FK-Virgin-Guards.webp?fit=1080%2C1080&ssl=1&resize=350%2C200 1x, https:\/\/i0.wp.com\/cottbus-crayfish.de\/shop\/wp-content\/uploads\/sites\/4\/2026\/02\/3-Spiel-VIP_FK-Virgin-Guards.webp?fit=1080%2C1080&ssl=1&resize=525%2C300 1.5x, https:\/\/i0.wp.com\/cottbus-crayfish.de\/shop\/wp-content\/uploads\/sites\/4\/2026\/02\/3-Spiel-VIP_FK-Virgin-Guards.webp?fit=1080%2C1080&ssl=1&resize=700%2C400 2x, https:\/\/i0.wp.com\/cottbus-crayfish.de\/shop\/wp-content\/uploads\/sites\/4\/2026\/02\/3-Spiel-VIP_FK-Virgin-Guards.webp?fit=1080%2C1080&ssl=1&resize=1050%2C600 3x"},"classes":[]}],"jetpack_sharing_enabled":false,"_links":{"self":[{"href":"https:\/\/cottbus-crayfish.de\/shop\/wp-json\/wp\/v2\/product\/7202","targetHints":{"allow":["GET"]}}],"collection":[{"href":"https:\/\/cottbus-crayfish.de\/shop\/wp-json\/wp\/v2\/product"}],"about":[{"href":"https:\/\/cottbus-crayfish.de\/shop\/wp-json\/wp\/v2\/types\/product"}],"author":[{"embeddable":true,"href":"https:\/\/cottbus-crayfish.de\/shop\/wp-json\/wp\/v2\/users\/2"}],"wp:featuredmedia":[{"embeddable":true,"href":"https:\/\/cottbus-crayfish.de\/shop\/wp-json\/wp\/v2\/media\/7203"}],"wp:attachment":[{"href":"https:\/\/cottbus-crayfish.de\/shop\/wp-json\/wp\/v2\/media?parent=7202"}],"wp:term":[{"taxonomy":"product_brand","embeddable":true,"href":"https:\/\/cottbus-crayfish.de\/shop\/wp-json\/wp\/v2\/product_brand?post=7202"},{"taxonomy":"product_cat","embeddable":true,"href":"https:\/\/cottbus-crayfish.de\/shop\/wp-json\/wp\/v2\/product_cat?post=7202"},{"taxonomy":"product_tag","embeddable":true,"href":"https:\/\/cottbus-crayfish.de\/shop\/wp-json\/wp\/v2\/product_tag?post=7202"}],"curies":[{"name":"wp","href":"https:\/\/api.w.org\/{rel}","templated":true}]}}