{"id":7220,"date":"2026-04-24T00:40:06","date_gmt":"2026-04-23T22:40:06","guid":{"rendered":"https:\/\/cottbus-crayfish.de\/shop\/?post_type=product&#038;p=7220"},"modified":"2026-04-27T22:29:16","modified_gmt":"2026-04-27T20:29:16","slug":"hoodie-beige","status":"publish","type":"product","link":"https:\/\/cottbus-crayfish.de\/shop\/produkt\/hoodie-beige\/","title":{"rendered":"Hoodie Vintage mit Logo &#038; Schrift"},"content":{"rendered":"<div class=\"wpb-content-wrapper\"><p>[vc_row][vc_column][vc_column_text css=&#8220;&#8220;]<span style=\"color: #000000;\"><strong>Beiger Hoodie mit Logo &amp; Schrift<br \/>\n<\/strong>das Logo in Vereinsfarben, Schrift in Schwarz<br \/>\nmit Kapuze und Zugb\u00e4ndern<\/span><\/p>\n<p><span style=\"color: #000000;\">Der Heavy Hoody \u00fcberzeugt durch seine robuste und zugleich komfortable Verarbeitung. Ideal f\u00fcr k\u00fchle Tage, bietet er eine angenehme W\u00e4rme, die perfekt f\u00fcr entspannte<\/span><br \/>\n<span style=\"color: #000000;\">Freizeitaktivit\u00e4ten ist. Mit seiner klassischen Silhouette l\u00e4sst sich der Hoody m\u00fchelos in jeden Kleiderschrank integrieren und verleiht jedem Outfit einen l\u00e4ssigen Touch. Die hochwertigen<\/span><br \/>\n<span style=\"color: #000000;\">Materialien sorgen daf\u00fcr, dass dieser Hoody ein zuverl\u00e4ssiger Begleiter im Alltag ist. Ein Muss f\u00fcr alle, die Wert auf stilvolle Bequemlichkeit legen.<\/span><\/p>\n<p><span style=\"color: #808080;\">Lieferzeit 2-3 Tage<\/span>[\/vc_column_text][\/vc_column][\/vc_row]<\/p>\n<\/div>","protected":false},"excerpt":{"rendered":"<p><span style=\"color: #000000;\"><strong>Beiger Hoodie mit Logo &amp; Schrift<br \/>\n<\/strong>das Logo in Vereinsfarben, Schrift in Schwarz<strong><br \/>\n<\/strong><\/span><\/p>\n","protected":false},"author":2,"featured_media":7230,"template":"","meta":{"_acf_changed":false},"product_brand":[],"product_cat":[528],"product_tag":[274,544,585,305,418,450,470,531,532,534,271],"class_list":{"0":"post-7220","1":"product","2":"type-product","3":"status-publish","4":"has-post-thumbnail","6":"product_cat-kleidung","7":"product_tag-crayfish","8":"product_tag-saison-2026","9":"product_tag-beige","10":"product_tag-hoodie","11":"product_tag-fanwear","12":"product_tag-krebs","13":"product_tag-logo","14":"product_tag-kleidung","15":"product_tag-kapuzenshirt","16":"product_tag-klamotten","17":"product_tag-gameday","18":"product_shipping_class-paeckchen-m","19":"","21":"first","22":"instock","23":"taxable","24":"shipping-taxable","25":"purchasable","26":"product-type-variable","27":"has-default-attributes"},"acf":[],"jetpack-related-posts":[{"id":7233,"url":"https:\/\/cottbus-crayfish.de\/shop\/produkt\/hoodie-schwarz-2026\/","url_meta":{"origin":7220,"position":0},"title":"Hoodie schwarz &#8211; invertierte Schrift &#038; Logo","author":"Bj\u00f6rn W\u00f6hrle","date":"24. April 2026","format":false,"excerpt":"Schwarzer Hoodie mit Logo & Schrift das Logo in Vereinsfarben, Schrift Crayfish in Wei\u00df","rel":"","context":"\u00c4hnlicher Beitrag","block_context":{"text":"\u00c4hnlicher Beitrag","link":""},"img":{"alt_text":"","src":"https:\/\/i0.wp.com\/cottbus-crayfish.de\/shop\/wp-content\/uploads\/sites\/4\/2026\/04\/Hoodie_HOD-26-02-BLK_1.webp?fit=831%2C1200&ssl=1&resize=350%2C200","width":350,"height":200,"srcset":"https:\/\/i0.wp.com\/cottbus-crayfish.de\/shop\/wp-content\/uploads\/sites\/4\/2026\/04\/Hoodie_HOD-26-02-BLK_1.webp?fit=831%2C1200&ssl=1&resize=350%2C200 1x, https:\/\/i0.wp.com\/cottbus-crayfish.de\/shop\/wp-content\/uploads\/sites\/4\/2026\/04\/Hoodie_HOD-26-02-BLK_1.webp?fit=831%2C1200&ssl=1&resize=525%2C300 1.5x, https:\/\/i0.wp.com\/cottbus-crayfish.de\/shop\/wp-content\/uploads\/sites\/4\/2026\/04\/Hoodie_HOD-26-02-BLK_1.webp?fit=831%2C1200&ssl=1&resize=700%2C400 2x"},"classes":[]},{"id":5153,"url":"https:\/\/cottbus-crayfish.de\/shop\/produkt\/schwarzer-hoodie-mit-schrift-und-logo\/","url_meta":{"origin":7220,"position":1},"title":"Schwarzer Hoodie mit Schrift und Logo","author":"Bj\u00f6rn W\u00f6hrle","date":"6. Juni 2025","format":false,"excerpt":"Schwarzer Hoodie mit weisser Schrift \"Cottbus Crayfish\" und rot\/wei\u00dfem Crayfish-Logo mit Kapuze und Zugb\u00e4ndern","rel":"","context":"\u00c4hnlicher Beitrag","block_context":{"text":"\u00c4hnlicher Beitrag","link":""},"img":{"alt_text":"","src":"https:\/\/i0.wp.com\/cottbus-crayfish.de\/shop\/wp-content\/uploads\/sites\/4\/2025\/06\/Bildschirmfoto-2025-04-25-um-23.48.29.webp?fit=1200%2C1110&ssl=1&resize=350%2C200","width":350,"height":200,"srcset":"https:\/\/i0.wp.com\/cottbus-crayfish.de\/shop\/wp-content\/uploads\/sites\/4\/2025\/06\/Bildschirmfoto-2025-04-25-um-23.48.29.webp?fit=1200%2C1110&ssl=1&resize=350%2C200 1x, https:\/\/i0.wp.com\/cottbus-crayfish.de\/shop\/wp-content\/uploads\/sites\/4\/2025\/06\/Bildschirmfoto-2025-04-25-um-23.48.29.webp?fit=1200%2C1110&ssl=1&resize=525%2C300 1.5x, https:\/\/i0.wp.com\/cottbus-crayfish.de\/shop\/wp-content\/uploads\/sites\/4\/2025\/06\/Bildschirmfoto-2025-04-25-um-23.48.29.webp?fit=1200%2C1110&ssl=1&resize=700%2C400 2x, https:\/\/i0.wp.com\/cottbus-crayfish.de\/shop\/wp-content\/uploads\/sites\/4\/2025\/06\/Bildschirmfoto-2025-04-25-um-23.48.29.webp?fit=1200%2C1110&ssl=1&resize=1050%2C600 3x"},"classes":[]},{"id":5130,"url":"https:\/\/cottbus-crayfish.de\/shop\/produkt\/schwarzer-hoodie-mit-schwarzem-logo-krebs\/","url_meta":{"origin":7220,"position":2},"title":"Schwarzer Hoodie mit schwarzem Logo Krebs","author":"Bj\u00f6rn W\u00f6hrle","date":"5. Juni 2025","format":false,"excerpt":"Schwarzer Hoodie mit schwarzem Logo Krebs das Logo ist farblich leicht abgesetzt","rel":"","context":"\u00c4hnlicher Beitrag","block_context":{"text":"\u00c4hnlicher Beitrag","link":""},"img":{"alt_text":"","src":"https:\/\/i0.wp.com\/cottbus-crayfish.de\/shop\/wp-content\/uploads\/sites\/4\/2025\/06\/Bildschirmfoto-2025-04-25-um-23.58.03.webp?fit=1181%2C1200&ssl=1&resize=350%2C200","width":350,"height":200,"srcset":"https:\/\/i0.wp.com\/cottbus-crayfish.de\/shop\/wp-content\/uploads\/sites\/4\/2025\/06\/Bildschirmfoto-2025-04-25-um-23.58.03.webp?fit=1181%2C1200&ssl=1&resize=350%2C200 1x, https:\/\/i0.wp.com\/cottbus-crayfish.de\/shop\/wp-content\/uploads\/sites\/4\/2025\/06\/Bildschirmfoto-2025-04-25-um-23.58.03.webp?fit=1181%2C1200&ssl=1&resize=525%2C300 1.5x, https:\/\/i0.wp.com\/cottbus-crayfish.de\/shop\/wp-content\/uploads\/sites\/4\/2025\/06\/Bildschirmfoto-2025-04-25-um-23.58.03.webp?fit=1181%2C1200&ssl=1&resize=700%2C400 2x, https:\/\/i0.wp.com\/cottbus-crayfish.de\/shop\/wp-content\/uploads\/sites\/4\/2025\/06\/Bildschirmfoto-2025-04-25-um-23.58.03.webp?fit=1181%2C1200&ssl=1&resize=1050%2C600 3x"},"classes":[]},{"id":7156,"url":"https:\/\/cottbus-crayfish.de\/shop\/produkt\/stoffbeutel-beige\/","url_meta":{"origin":7220,"position":3},"title":"Stoffbeutel beige &#8211; Logo &#038; Schrift","author":"Bj\u00f6rn W\u00f6hrle","date":"23. April 2026","format":false,"excerpt":"Beiger Stoffbeutel mit Logo & Schrift in Vereinsfarben einseitig bedruckt","rel":"","context":"\u00c4hnlicher Beitrag","block_context":{"text":"\u00c4hnlicher Beitrag","link":""},"img":{"alt_text":"","src":"https:\/\/i0.wp.com\/cottbus-crayfish.de\/shop\/wp-content\/uploads\/sites\/4\/2026\/04\/20260423_143232.webp?fit=1200%2C1200&ssl=1&resize=350%2C200","width":350,"height":200,"srcset":"https:\/\/i0.wp.com\/cottbus-crayfish.de\/shop\/wp-content\/uploads\/sites\/4\/2026\/04\/20260423_143232.webp?fit=1200%2C1200&ssl=1&resize=350%2C200 1x, https:\/\/i0.wp.com\/cottbus-crayfish.de\/shop\/wp-content\/uploads\/sites\/4\/2026\/04\/20260423_143232.webp?fit=1200%2C1200&ssl=1&resize=525%2C300 1.5x, https:\/\/i0.wp.com\/cottbus-crayfish.de\/shop\/wp-content\/uploads\/sites\/4\/2026\/04\/20260423_143232.webp?fit=1200%2C1200&ssl=1&resize=700%2C400 2x, https:\/\/i0.wp.com\/cottbus-crayfish.de\/shop\/wp-content\/uploads\/sites\/4\/2026\/04\/20260423_143232.webp?fit=1200%2C1200&ssl=1&resize=1050%2C600 3x"},"classes":[]},{"id":7164,"url":"https:\/\/cottbus-crayfish.de\/shop\/produkt\/crayfish-pin-beige\/","url_meta":{"origin":7220,"position":4},"title":"Crayfish Pin beige mit Glasaufsatz","author":"Bj\u00f6rn W\u00f6hrle","date":"23. April 2026","format":false,"excerpt":"Metall Pin, beiger Hintergrund mit Logo & Schrift in Vereinsfarben","rel":"","context":"\u00c4hnlicher Beitrag","block_context":{"text":"\u00c4hnlicher Beitrag","link":""},"img":{"alt_text":"","src":"https:\/\/i0.wp.com\/cottbus-crayfish.de\/shop\/wp-content\/uploads\/sites\/4\/2026\/04\/20260423_161138.webp?fit=1200%2C1200&ssl=1&resize=350%2C200","width":350,"height":200,"srcset":"https:\/\/i0.wp.com\/cottbus-crayfish.de\/shop\/wp-content\/uploads\/sites\/4\/2026\/04\/20260423_161138.webp?fit=1200%2C1200&ssl=1&resize=350%2C200 1x, https:\/\/i0.wp.com\/cottbus-crayfish.de\/shop\/wp-content\/uploads\/sites\/4\/2026\/04\/20260423_161138.webp?fit=1200%2C1200&ssl=1&resize=525%2C300 1.5x, https:\/\/i0.wp.com\/cottbus-crayfish.de\/shop\/wp-content\/uploads\/sites\/4\/2026\/04\/20260423_161138.webp?fit=1200%2C1200&ssl=1&resize=700%2C400 2x, https:\/\/i0.wp.com\/cottbus-crayfish.de\/shop\/wp-content\/uploads\/sites\/4\/2026\/04\/20260423_161138.webp?fit=1200%2C1200&ssl=1&resize=1050%2C600 3x"},"classes":[]},{"id":7206,"url":"https:\/\/cottbus-crayfish.de\/shop\/produkt\/t-shirt-beige\/","url_meta":{"origin":7220,"position":5},"title":"T-Shirt Vintage mit Logo &#038; Schrift","author":"Bj\u00f6rn W\u00f6hrle","date":"24. April 2026","format":false,"excerpt":"Beiges T-Shirt mit Logo & schwarzer Schrift die Schrift ist farblich leicht abgesetzt","rel":"","context":"\u00c4hnlicher Beitrag","block_context":{"text":"\u00c4hnlicher Beitrag","link":""},"img":{"alt_text":"","src":"https:\/\/i0.wp.com\/cottbus-crayfish.de\/shop\/wp-content\/uploads\/sites\/4\/2026\/04\/T-Shirt_TSH-26-01-BEI_1.webp?fit=831%2C1200&ssl=1&resize=350%2C200","width":350,"height":200,"srcset":"https:\/\/i0.wp.com\/cottbus-crayfish.de\/shop\/wp-content\/uploads\/sites\/4\/2026\/04\/T-Shirt_TSH-26-01-BEI_1.webp?fit=831%2C1200&ssl=1&resize=350%2C200 1x, https:\/\/i0.wp.com\/cottbus-crayfish.de\/shop\/wp-content\/uploads\/sites\/4\/2026\/04\/T-Shirt_TSH-26-01-BEI_1.webp?fit=831%2C1200&ssl=1&resize=525%2C300 1.5x, https:\/\/i0.wp.com\/cottbus-crayfish.de\/shop\/wp-content\/uploads\/sites\/4\/2026\/04\/T-Shirt_TSH-26-01-BEI_1.webp?fit=831%2C1200&ssl=1&resize=700%2C400 2x"},"classes":[]}],"jetpack_sharing_enabled":false,"_links":{"self":[{"href":"https:\/\/cottbus-crayfish.de\/shop\/wp-json\/wp\/v2\/product\/7220","targetHints":{"allow":["GET"]}}],"collection":[{"href":"https:\/\/cottbus-crayfish.de\/shop\/wp-json\/wp\/v2\/product"}],"about":[{"href":"https:\/\/cottbus-crayfish.de\/shop\/wp-json\/wp\/v2\/types\/product"}],"author":[{"embeddable":true,"href":"https:\/\/cottbus-crayfish.de\/shop\/wp-json\/wp\/v2\/users\/2"}],"wp:featuredmedia":[{"embeddable":true,"href":"https:\/\/cottbus-crayfish.de\/shop\/wp-json\/wp\/v2\/media\/7230"}],"wp:attachment":[{"href":"https:\/\/cottbus-crayfish.de\/shop\/wp-json\/wp\/v2\/media?parent=7220"}],"wp:term":[{"taxonomy":"product_brand","embeddable":true,"href":"https:\/\/cottbus-crayfish.de\/shop\/wp-json\/wp\/v2\/product_brand?post=7220"},{"taxonomy":"product_cat","embeddable":true,"href":"https:\/\/cottbus-crayfish.de\/shop\/wp-json\/wp\/v2\/product_cat?post=7220"},{"taxonomy":"product_tag","embeddable":true,"href":"https:\/\/cottbus-crayfish.de\/shop\/wp-json\/wp\/v2\/product_tag?post=7220"}],"curies":[{"name":"wp","href":"https:\/\/api.w.org\/{rel}","templated":true}]}}